{"id":2506,"date":"2020-05-06T10:21:07","date_gmt":"2020-05-06T10:21:07","guid":{"rendered":"https:\/\/www.levapack.com\/?page_id=2506"},"modified":"2022-10-11T14:01:36","modified_gmt":"2022-10-11T14:01:36","slug":"maquina-de-embalagem-de-champo","status":"publish","type":"page","link":"https:\/\/www.levapack.com\/pt\/maquina-de-embalagem-de-champo\/","title":{"rendered":"M\u00e1quina de embalagem de champ\u00f4"},"content":{"rendered":"<div data-elementor-type=\"wp-page\" data-elementor-id=\"2506\" class=\"elementor elementor-2506\" data-elementor-post-type=\"page\">\n\t\t\t\t\t\t<section class=\"elementor-section elementor-top-section elementor-element elementor-element-1c25cd64 elementor-section-stretched elementor-section-full_width elementor-section-height-min-height elementor-section-height-default elementor-section-items-middle\" data-id=\"1c25cd64\" data-element_type=\"section\" data-settings=\"{&quot;stretch_section&quot;:&quot;section-stretched&quot;,&quot;background_background&quot;:&quot;slideshow&quot;,&quot;background_slideshow_gallery&quot;:[{&quot;id&quot;:888,&quot;url&quot;:&quot;https:\\\/\\\/www.levapack.com\\\/wp-content\\\/uploads\\\/2020\\\/01\\\/359099cbad1234a8dcee2c681d24807.jpg&quot;}],&quot;background_slideshow_loop&quot;:&quot;yes&quot;,&quot;background_slideshow_slide_duration&quot;:5000,&quot;background_slideshow_slide_transition&quot;:&quot;fade&quot;,&quot;background_slideshow_transition_duration&quot;:500}\">\n\t\t\t\t\t\t<div class=\"elementor-container elementor-column-gap-default\">\n\t\t\t\t\t<div class=\"elementor-column elementor-col-100 elementor-top-column elementor-element elementor-element-330cac2f\" data-id=\"330cac2f\" data-element_type=\"column\">\n\t\t\t<div class=\"elementor-widget-wrap elementor-element-populated\">\n\t\t\t\t\t\t<section class=\"elementor-section elementor-inner-section elementor-element elementor-element-65225700 elementor-section-full_width elementor-section-height-default elementor-section-height-default\" data-id=\"65225700\" data-element_type=\"section\">\n\t\t\t\t\t\t<div class=\"elementor-container elementor-column-gap-default\">\n\t\t\t\t\t<div class=\"elementor-column elementor-col-50 elementor-inner-column elementor-element elementor-element-4e4c3b19\" data-id=\"4e4c3b19\" data-element_type=\"column\">\n\t\t\t<div class=\"elementor-widget-wrap elementor-element-populated\">\n\t\t\t\t\t\t<div class=\"elementor-element elementor-element-52a931ad elementor-widget elementor-widget-heading\" data-id=\"52a931ad\" data-element_type=\"widget\" data-widget_type=\"heading.default\">\n\t\t\t\t<div class=\"elementor-widget-container\">\n\t\t\t<h1 class=\"elementor-heading-title elementor-size-default\">M\u00e1quina de embalagem de champ\u00f4<\/h1>\t\t<\/div>\n\t\t\t\t<\/div>\n\t\t\t\t\t<\/div>\n\t\t<\/div>\n\t\t\t\t<div class=\"elementor-column elementor-col-50 elementor-inner-column elementor-element elementor-element-6117648\" data-id=\"6117648\" data-element_type=\"column\">\n\t\t\t<div class=\"elementor-widget-wrap elementor-element-populated\">\n\t\t\t\t\t\t<div class=\"elementor-element elementor-element-591e3877 elementor-align-justify elementor-widget__width-initial quote-btn elementor-widget elementor-widget-button\" data-id=\"591e3877\" data-element_type=\"widget\" data-widget_type=\"button.default\">\n\t\t\t\t<div class=\"elementor-widget-container\">\n\t\t\t\t\t<div class=\"elementor-button-wrapper\">\n\t\t\t<a class=\"elementor-button elementor-button-link elementor-size-md\" href=\"#elementor-action%3Aaction%3Dpopup%3Aopen%26settings%3DeyJpZCI6IjExMjQiLCJ0b2dnbGUiOmZhbHNlfQ%3D%3D\" rel=\"nofollow\">\n\t\t\t\t\t\t<span class=\"elementor-button-content-wrapper\">\n\t\t\t\t\t\t\t\t\t<span class=\"elementor-button-text\"><b> Pedir um or\u00e7amento &gt; <\/b><\/span>\n\t\t\t\t\t<\/span>\n\t\t\t\t\t<\/a>\n\t\t<\/div>\n\t\t\t\t<\/div>\n\t\t\t\t<\/div>\n\t\t\t\t\t<\/div>\n\t\t<\/div>\n\t\t\t\t\t<\/div>\n\t\t<\/section>\n\t\t\t\t\t<\/div>\n\t\t<\/div>\n\t\t\t\t\t<\/div>\n\t\t<\/section>\n\t\t\t\t<section class=\"elementor-section elementor-top-section elementor-element elementor-element-464a4a6b elementor-section-boxed elementor-section-height-default elementor-section-height-default\" data-id=\"464a4a6b\" data-element_type=\"section\">\n\t\t\t\t\t\t<div class=\"elementor-container elementor-column-gap-default\">\n\t\t\t\t\t<div class=\"elementor-column elementor-col-100 elementor-top-column elementor-element elementor-element-bacff63\" data-id=\"bacff63\" data-element_type=\"column\">\n\t\t\t<div class=\"elementor-widget-wrap elementor-element-populated\">\n\t\t\t\t\t\t<div class=\"elementor-element elementor-element-13df30df elementor-widget elementor-widget-heading\" data-id=\"13df30df\" data-element_type=\"widget\" data-widget_type=\"heading.default\">\n\t\t\t\t<div class=\"elementor-widget-container\">\n\t\t\t<h2 class=\"elementor-heading-title elementor-size-default\">M\u00e1quina de embalagem de champ\u00f4 em Levapack<\/h2>\t\t<\/div>\n\t\t\t\t<\/div>\n\t\t\t\t<div class=\"elementor-element elementor-element-477be37c elementor-widget-divider--view-line elementor-widget elementor-widget-divider\" data-id=\"477be37c\" data-element_type=\"widget\" data-widget_type=\"divider.default\">\n\t\t\t\t<div class=\"elementor-widget-container\">\n\t\t\t\t\t<div class=\"elementor-divider\">\n\t\t\t<span class=\"elementor-divider-separator\">\n\t\t\t\t\t\t<\/span>\n\t\t<\/div>\n\t\t\t\t<\/div>\n\t\t\t\t<\/div>\n\t\t\t\t<div class=\"elementor-element elementor-element-662d3203 elementor-widget elementor-widget-text-editor\" data-id=\"662d3203\" data-element_type=\"widget\" data-widget_type=\"text-editor.default\">\n\t\t\t\t<div class=\"elementor-widget-container\">\n\t\t\t\t\t\t\t<p style=\"text-align: center;\"><style type=\"text\/css\"><!--td {border: 1px solid #ccc;}br {mso-data-placement:same-cell;}--><\/style><\/p><p><span data-sheets-value=\"{\" data-sheets-userformat=\"{\"><a href=\"https:\/\/www.levapack.com\/pt\/\">Levapack<\/a> utiliza a mais recente tecnologia de automatiza\u00e7\u00e3o para as suas <a href=\"https:\/\/www.levapack.com\/pt\/categoria-do-produto\/maquinas-de-selagem-de-latas\/\">m\u00e1quina de embalagem<\/a> e oferecemo-las a um pre\u00e7o acess\u00edvel. A nossa m\u00e1quina de embalagem pode lidar com produtos altamente viscosos. Pode tapar eficazmente recipientes com diferentes tampas. Contacte a Levapack para adquirir uma m\u00e1quina de embalagem de champ\u00f4 duradoura. Contacte-nos hoje para <a href=\"https:\/\/www.levapack.com\/pt\/categoria-do-produto\/maquinas-de-tapar-latas\/\">solu\u00e7\u00f5es de embalagem personalizadas<\/a>!\u00a0<br \/><\/span><\/p>\t\t\t\t\t\t<\/div>\n\t\t\t\t<\/div>\n\t\t\t\t\t<\/div>\n\t\t<\/div>\n\t\t\t\t\t<\/div>\n\t\t<\/section>\n\t\t\t\t<section class=\"elementor-section elementor-top-section elementor-element elementor-element-e16b922 elementor-section-stretched elementor-section-full_width elementor-section-height-default elementor-section-height-default\" data-id=\"e16b922\" data-element_type=\"section\" data-settings=\"{&quot;stretch_section&quot;:&quot;section-stretched&quot;,&quot;background_background&quot;:&quot;classic&quot;}\">\n\t\t\t\t\t\t<div class=\"elementor-container elementor-column-gap-default\">\n\t\t\t\t\t<div class=\"elementor-column elementor-col-100 elementor-top-column elementor-element elementor-element-75cb8138\" data-id=\"75cb8138\" data-element_type=\"column\">\n\t\t\t<div class=\"elementor-widget-wrap elementor-element-populated\">\n\t\t\t\t\t\t<section class=\"elementor-section elementor-inner-section elementor-element elementor-element-79edebdf elementor-section-boxed elementor-section-height-default elementor-section-height-default\" data-id=\"79edebdf\" data-element_type=\"section\">\n\t\t\t\t\t\t<div class=\"elementor-container elementor-column-gap-default\">\n\t\t\t\t\t<div class=\"elementor-column elementor-col-50 elementor-inner-column elementor-element elementor-element-6e65ce46\" data-id=\"6e65ce46\" data-element_type=\"column\">\n\t\t\t<div class=\"elementor-widget-wrap elementor-element-populated\">\n\t\t\t\t\t\t<div class=\"elementor-element elementor-element-7eb9865e elementor-widget elementor-widget-heading\" data-id=\"7eb9865e\" data-element_type=\"widget\" data-widget_type=\"heading.default\">\n\t\t\t\t<div class=\"elementor-widget-container\">\n\t\t\t<h2 class=\"elementor-heading-title elementor-size-default\"><a href=\"https:\/\/www.levapack.com\/pt\/item-do-produto\/maquina-de-enchimento-de-liquidos\/\">M\u00e1quina de enchimento de l\u00edquidos<\/a><\/h2>\t\t<\/div>\n\t\t\t\t<\/div>\n\t\t\t\t<div class=\"elementor-element elementor-element-2b315cca elementor-widget-divider--view-line elementor-widget elementor-widget-divider\" data-id=\"2b315cca\" data-element_type=\"widget\" data-widget_type=\"divider.default\">\n\t\t\t\t<div class=\"elementor-widget-container\">\n\t\t\t\t\t<div class=\"elementor-divider\">\n\t\t\t<span class=\"elementor-divider-separator\">\n\t\t\t\t\t\t<\/span>\n\t\t<\/div>\n\t\t\t\t<\/div>\n\t\t\t\t<\/div>\n\t\t\t\t<div class=\"elementor-element elementor-element-fcad3a elementor-widget elementor-widget-text-editor\" data-id=\"fcad3a\" data-element_type=\"widget\" data-widget_type=\"text-editor.default\">\n\t\t\t\t<div class=\"elementor-widget-container\">\n\t\t\t\t\t\t\t<p class=\"ql-long-22683834\"><span class=\"ql-author-22683834\">Como uma empresa profissional de fabrico de m\u00e1quinas de enchimento de l\u00edquidos, tamb\u00e9m oferecemos esta m\u00e1quina de enchimento autom\u00e1tica feita de a\u00e7o inoxid\u00e1vel resistente \u00e0 corros\u00e3o. As m\u00e1quinas de enchimento de latas e garrafas perfeitas para a ind\u00fastria de bebidas.<\/span><\/p><ul class=\"circle-list\"><li>Modelo: LPE-LFM006<\/li><li>Esta m\u00e1quina de enchimento de l\u00edquidos possui 6 bicos volum\u00e9tricos para uma embalagem eficiente e precisa.<\/li><li>Adequado para encher bebidas e outros l\u00edquidos n\u00e3o carbonatados de fluxo livre em latas redondas de estanho, alum\u00ednio e PET.<\/li><li>Adoptando a tecnologia de automa\u00e7\u00e3o, importando PLC, sensor, componentes pneum\u00e1ticos, a m\u00e1quina \u00e9 eficiente, inteligente, com ampla adaptabilidade e boa estabilidade.<\/li><\/ul><p>\u00a0<\/p>\t\t\t\t\t\t<\/div>\n\t\t\t\t<\/div>\n\t\t\t\t<div class=\"elementor-element elementor-element-7cd48609 elementor-widget__width-initial quote-btn elementor-widget elementor-widget-button\" data-id=\"7cd48609\" data-element_type=\"widget\" data-widget_type=\"button.default\">\n\t\t\t\t<div class=\"elementor-widget-container\">\n\t\t\t\t\t<div class=\"elementor-button-wrapper\">\n\t\t\t<a class=\"elementor-button elementor-button-link elementor-size-sm\" href=\"#elementor-action%3Aaction%3Dpopup%3Aopen%26settings%3DeyJpZCI6IjExMjMiLCJ0b2dnbGUiOmZhbHNlfQ%3D%3D\" rel=\"nofollow\">\n\t\t\t\t\t\t<span class=\"elementor-button-content-wrapper\">\n\t\t\t\t\t\t\t\t\t<span class=\"elementor-button-text\">Inqu\u00e9rito<\/span>\n\t\t\t\t\t<\/span>\n\t\t\t\t\t<\/a>\n\t\t<\/div>\n\t\t\t\t<\/div>\n\t\t\t\t<\/div>\n\t\t\t\t<div class=\"elementor-element elementor-element-7d6ca711 elementor-widget__width-auto elementor-widget elementor-widget-button\" data-id=\"7d6ca711\" data-element_type=\"widget\" data-widget_type=\"button.default\">\n\t\t\t\t<div class=\"elementor-widget-container\">\n\t\t\t\t\t<div class=\"elementor-button-wrapper\">\n\t\t\t<a class=\"elementor-button elementor-button-link elementor-size-sm\" href=\"https:\/\/www.levapack.com\/pt\/item-do-produto\/maquina-de-enchimento-de-liquidos\/\">\n\t\t\t\t\t\t<span class=\"elementor-button-content-wrapper\">\n\t\t\t\t\t\t\t\t\t<span class=\"elementor-button-text\">Ver mais<\/span>\n\t\t\t\t\t<\/span>\n\t\t\t\t\t<\/a>\n\t\t<\/div>\n\t\t\t\t<\/div>\n\t\t\t\t<\/div>\n\t\t\t\t\t<\/div>\n\t\t<\/div>\n\t\t\t\t<div class=\"elementor-column elementor-col-50 elementor-inner-column elementor-element elementor-element-5c68f81\" data-id=\"5c68f81\" data-element_type=\"column\">\n\t\t\t<div class=\"elementor-widget-wrap elementor-element-populated\">\n\t\t\t\t\t\t<div class=\"elementor-element elementor-element-3fe43a67 elementor-widget elementor-widget-image\" data-id=\"3fe43a67\" data-element_type=\"widget\" data-widget_type=\"image.default\">\n\t\t\t\t<div class=\"elementor-widget-container\">\n\t\t\t\t\t\t\t\t\t\t\t\t\t\t<a href=\"https:\/\/www.levapack.com\/pt\/item-do-produto\/maquina-de-enchimento-de-liquidos\/\">\n\t\t\t\t\t\t\t<img fetchpriority=\"high\" decoding=\"async\" width=\"579\" height=\"465\" src=\"https:\/\/www.levapack.com\/wp-content\/uploads\/2020\/02\/Liquid-filling-machine.jpg\" class=\"attachment-large size-large wp-image-1114\" alt=\"M\u00e1quina de enchimento de l\u00edquidos\" srcset=\"https:\/\/www.levapack.com\/wp-content\/uploads\/2020\/02\/Liquid-filling-machine.jpg 579w, https:\/\/www.levapack.com\/wp-content\/uploads\/2020\/02\/Liquid-filling-machine-300x241.jpg 300w, https:\/\/www.levapack.com\/wp-content\/uploads\/2020\/02\/Liquid-filling-machine-182x146.jpg 182w, https:\/\/www.levapack.com\/wp-content\/uploads\/2020\/02\/Liquid-filling-machine-50x40.jpg 50w, https:\/\/www.levapack.com\/wp-content\/uploads\/2020\/02\/Liquid-filling-machine-93x75.jpg 93w\" sizes=\"(max-width: 579px) 100vw, 579px\" \/>\t\t\t\t\t\t\t\t<\/a>\n\t\t\t\t\t\t\t\t\t\t\t\t\t<\/div>\n\t\t\t\t<\/div>\n\t\t\t\t\t<\/div>\n\t\t<\/div>\n\t\t\t\t\t<\/div>\n\t\t<\/section>\n\t\t\t\t\t<\/div>\n\t\t<\/div>\n\t\t\t\t\t<\/div>\n\t\t<\/section>\n\t\t\t\t<section class=\"elementor-section elementor-top-section elementor-element elementor-element-45900d40 elementor-section-stretched elementor-section-full_width elementor-section-height-default elementor-section-height-default\" data-id=\"45900d40\" data-element_type=\"section\" data-settings=\"{&quot;stretch_section&quot;:&quot;section-stretched&quot;,&quot;background_background&quot;:&quot;classic&quot;}\">\n\t\t\t\t\t\t<div class=\"elementor-container elementor-column-gap-default\">\n\t\t\t\t\t<div class=\"elementor-column elementor-col-100 elementor-top-column elementor-element elementor-element-cc96fbd\" data-id=\"cc96fbd\" data-element_type=\"column\">\n\t\t\t<div class=\"elementor-widget-wrap elementor-element-populated\">\n\t\t\t\t\t\t<section class=\"elementor-section elementor-inner-section elementor-element elementor-element-a0d36a7 elementor-section-boxed elementor-section-height-default elementor-section-height-default\" data-id=\"a0d36a7\" data-element_type=\"section\">\n\t\t\t\t\t\t<div class=\"elementor-container elementor-column-gap-default\">\n\t\t\t\t\t<div class=\"elementor-column elementor-col-50 elementor-inner-column elementor-element elementor-element-77069bca\" data-id=\"77069bca\" data-element_type=\"column\">\n\t\t\t<div class=\"elementor-widget-wrap elementor-element-populated\">\n\t\t\t\t\t\t<div class=\"elementor-element elementor-element-6695ee57 elementor-widget elementor-widget-image\" data-id=\"6695ee57\" data-element_type=\"widget\" data-widget_type=\"image.default\">\n\t\t\t\t<div class=\"elementor-widget-container\">\n\t\t\t\t\t\t\t\t\t\t\t\t\t\t<a href=\"https:\/\/www.levapack.com\/pt\/item-do-produto\/maquina-de-enchimento-de-liquidos-viscosos\/\">\n\t\t\t\t\t\t\t<img decoding=\"async\" width=\"579\" height=\"465\" src=\"https:\/\/www.levapack.com\/wp-content\/uploads\/2020\/02\/Viscous-liquid-filling-machine.jpg\" class=\"attachment-large size-large wp-image-1115\" alt=\"M\u00e1quina de enchimento de l\u00edquidos viscosos\" srcset=\"https:\/\/www.levapack.com\/wp-content\/uploads\/2020\/02\/Viscous-liquid-filling-machine.jpg 579w, https:\/\/www.levapack.com\/wp-content\/uploads\/2020\/02\/Viscous-liquid-filling-machine-300x241.jpg 300w, https:\/\/www.levapack.com\/wp-content\/uploads\/2020\/02\/Viscous-liquid-filling-machine-182x146.jpg 182w, https:\/\/www.levapack.com\/wp-content\/uploads\/2020\/02\/Viscous-liquid-filling-machine-50x40.jpg 50w, https:\/\/www.levapack.com\/wp-content\/uploads\/2020\/02\/Viscous-liquid-filling-machine-93x75.jpg 93w\" sizes=\"(max-width: 579px) 100vw, 579px\" \/>\t\t\t\t\t\t\t\t<\/a>\n\t\t\t\t\t\t\t\t\t\t\t\t\t<\/div>\n\t\t\t\t<\/div>\n\t\t\t\t\t<\/div>\n\t\t<\/div>\n\t\t\t\t<div class=\"elementor-column elementor-col-50 elementor-inner-column elementor-element elementor-element-3a6932ae\" data-id=\"3a6932ae\" data-element_type=\"column\">\n\t\t\t<div class=\"elementor-widget-wrap elementor-element-populated\">\n\t\t\t\t\t\t<div class=\"elementor-element elementor-element-5813b3f elementor-widget elementor-widget-heading\" data-id=\"5813b3f\" data-element_type=\"widget\" data-widget_type=\"heading.default\">\n\t\t\t\t<div class=\"elementor-widget-container\">\n\t\t\t<h2 class=\"elementor-heading-title elementor-size-default\"><a href=\"https:\/\/www.levapack.com\/pt\/item-do-produto\/maquina-de-enchimento-de-liquidos-viscosos\/\">M\u00e1quina de enchimento de l\u00edquidos viscosos<\/a><\/h2>\t\t<\/div>\n\t\t\t\t<\/div>\n\t\t\t\t<div class=\"elementor-element elementor-element-47c3105b elementor-widget-divider--view-line elementor-widget elementor-widget-divider\" data-id=\"47c3105b\" data-element_type=\"widget\" data-widget_type=\"divider.default\">\n\t\t\t\t<div class=\"elementor-widget-container\">\n\t\t\t\t\t<div class=\"elementor-divider\">\n\t\t\t<span class=\"elementor-divider-separator\">\n\t\t\t\t\t\t<\/span>\n\t\t<\/div>\n\t\t\t\t<\/div>\n\t\t\t\t<\/div>\n\t\t\t\t<div class=\"elementor-element elementor-element-45847e6a elementor-widget elementor-widget-text-editor\" data-id=\"45847e6a\" data-element_type=\"widget\" data-widget_type=\"text-editor.default\">\n\t\t\t\t<div class=\"elementor-widget-container\">\n\t\t\t\t\t\t\t<p class=\"ql-long-22683834\"><span class=\"ql-author-22683834\">O <a href=\"https:\/\/www.levapack.com\/pt\/categoria-do-produto\/maquinas-de-enchimento-de-latas\/\">m\u00e1quina de enchimento de l\u00edquidos<\/a> que tem o melhor desempenho para l\u00edquidos especiais. Amplamente utilizado em alimentos, \u00f3leo comest\u00edvel, medicamentos, produtos qu\u00edmicos di\u00e1rios, pesticidas e outras ind\u00fastrias.<\/span><\/p><ul class=\"circle-list\"><li>Modelo: LPE-VFM006<\/li><li>Tipo de enchimento de pist\u00e3o, cilindro de pist\u00e3o com cilindro de medi\u00e7\u00e3o de baixo desgaste, veda\u00e7\u00e3o de pist\u00e3o auto-compensadora de longa dura\u00e7\u00e3o, sem manuten\u00e7\u00e3o ao longo da vida.<\/li><li>PLC importado com interface homem-m\u00e1quina, adequado para encher v\u00e1rios produtos de viscosidade, desde \u00e1gua a natas, amplamente utilizado em pasta de tomate, molho de chili, molho de carne, mel e outros materiais em pasta e materiais com pouca fluidez.<\/li><\/ul><p class=\"ql-long-22683834\">\u00a0<\/p>\t\t\t\t\t\t<\/div>\n\t\t\t\t<\/div>\n\t\t\t\t<div class=\"elementor-element elementor-element-22a7dd2a elementor-widget__width-initial quote-btn elementor-widget elementor-widget-button\" data-id=\"22a7dd2a\" data-element_type=\"widget\" data-widget_type=\"button.default\">\n\t\t\t\t<div class=\"elementor-widget-container\">\n\t\t\t\t\t<div class=\"elementor-button-wrapper\">\n\t\t\t<a class=\"elementor-button elementor-button-link elementor-size-sm\" href=\"#elementor-action%3Aaction%3Dpopup%3Aopen%26settings%3DeyJpZCI6IjExMjMiLCJ0b2dnbGUiOmZhbHNlfQ%3D%3D\" rel=\"nofollow\">\n\t\t\t\t\t\t<span class=\"elementor-button-content-wrapper\">\n\t\t\t\t\t\t\t\t\t<span class=\"elementor-button-text\">Inqu\u00e9rito<\/span>\n\t\t\t\t\t<\/span>\n\t\t\t\t\t<\/a>\n\t\t<\/div>\n\t\t\t\t<\/div>\n\t\t\t\t<\/div>\n\t\t\t\t<div class=\"elementor-element elementor-element-681f9534 elementor-widget__width-auto elementor-widget elementor-widget-button\" data-id=\"681f9534\" data-element_type=\"widget\" data-widget_type=\"button.default\">\n\t\t\t\t<div class=\"elementor-widget-container\">\n\t\t\t\t\t<div class=\"elementor-button-wrapper\">\n\t\t\t<a class=\"elementor-button elementor-button-link elementor-size-sm\" href=\"https:\/\/www.levapack.com\/pt\/item-do-produto\/maquina-de-enchimento-de-liquidos-viscosos\/\">\n\t\t\t\t\t\t<span class=\"elementor-button-content-wrapper\">\n\t\t\t\t\t\t\t\t\t<span class=\"elementor-button-text\">Ver mais<\/span>\n\t\t\t\t\t<\/span>\n\t\t\t\t\t<\/a>\n\t\t<\/div>\n\t\t\t\t<\/div>\n\t\t\t\t<\/div>\n\t\t\t\t\t<\/div>\n\t\t<\/div>\n\t\t\t\t\t<\/div>\n\t\t<\/section>\n\t\t\t\t\t<\/div>\n\t\t<\/div>\n\t\t\t\t\t<\/div>\n\t\t<\/section>\n\t\t\t\t<\/div>","protected":false},"excerpt":{"rendered":"<p>M\u00e1quina de embalagem de champ\u00f4 Pedir or\u00e7amento &gt; Home M\u00e1quina de embalagem de champ\u00f4 em Levapack Levapack utiliza a mais recente tecnologia de automatiza\u00e7\u00e3o para a sua m\u00e1quina de embalagem e oferecemos<span class=\"excerpt-hellip\"> [...]<\/span><\/p>","protected":false},"author":3,"featured_media":0,"parent":0,"menu_order":0,"comment_status":"closed","ping_status":"closed","template":"","meta":{"_seopress_robots_primary_cat":"","_seopress_titles_title":"Shampoo packaging machine, shampoo filling machine - Levapack","_seopress_titles_desc":"Find high-quality Shampoo packaging machinefrom a trustworthy manufacturer. Customize the whole packaging line for your application.","_seopress_robots_index":"","footnotes":""},"class_list":["post-2506","page","type-page","status-publish","hentry"],"acf":[],"_links":{"self":[{"href":"https:\/\/www.levapack.com\/pt\/wp-json\/wp\/v2\/pages\/2506","targetHints":{"allow":["GET"]}}],"collection":[{"href":"https:\/\/www.levapack.com\/pt\/wp-json\/wp\/v2\/pages"}],"about":[{"href":"https:\/\/www.levapack.com\/pt\/wp-json\/wp\/v2\/types\/page"}],"author":[{"embeddable":true,"href":"https:\/\/www.levapack.com\/pt\/wp-json\/wp\/v2\/users\/3"}],"replies":[{"embeddable":true,"href":"https:\/\/www.levapack.com\/pt\/wp-json\/wp\/v2\/comments?post=2506"}],"version-history":[{"count":7,"href":"https:\/\/www.levapack.com\/pt\/wp-json\/wp\/v2\/pages\/2506\/revisions"}],"predecessor-version":[{"id":11860,"href":"https:\/\/www.levapack.com\/pt\/wp-json\/wp\/v2\/pages\/2506\/revisions\/11860"}],"wp:attachment":[{"href":"https:\/\/www.levapack.com\/pt\/wp-json\/wp\/v2\/media?parent=2506"}],"curies":[{"name":"wp","href":"https:\/\/api.w.org\/{rel}","templated":true}]}}