{"id":1459,"date":"2020-02-24T06:17:13","date_gmt":"2020-02-24T06:17:13","guid":{"rendered":"https:\/\/www.levapack.com\/?page_id=1459"},"modified":"2022-10-11T14:12:28","modified_gmt":"2022-10-11T14:12:28","slug":"maquina-de-selar-natas","status":"publish","type":"page","link":"https:\/\/www.levapack.com\/pt\/maquina-de-selar-natas\/","title":{"rendered":"M\u00e1quina de selagem de creme"},"content":{"rendered":"<div data-elementor-type=\"wp-page\" data-elementor-id=\"1459\" class=\"elementor elementor-1459\" data-elementor-post-type=\"page\">\n\t\t\t\t\t\t<section class=\"elementor-section elementor-top-section elementor-element elementor-element-45b399ed elementor-section-stretched elementor-section-full_width elementor-section-height-min-height elementor-section-height-default elementor-section-items-middle\" data-id=\"45b399ed\" data-element_type=\"section\" data-settings=\"{&quot;stretch_section&quot;:&quot;section-stretched&quot;,&quot;background_background&quot;:&quot;slideshow&quot;,&quot;background_slideshow_gallery&quot;:[{&quot;id&quot;:888,&quot;url&quot;:&quot;https:\\\/\\\/www.levapack.com\\\/wp-content\\\/uploads\\\/2020\\\/01\\\/359099cbad1234a8dcee2c681d24807.jpg&quot;}],&quot;background_slideshow_loop&quot;:&quot;yes&quot;,&quot;background_slideshow_slide_duration&quot;:5000,&quot;background_slideshow_slide_transition&quot;:&quot;fade&quot;,&quot;background_slideshow_transition_duration&quot;:500}\">\n\t\t\t\t\t\t<div class=\"elementor-container elementor-column-gap-default\">\n\t\t\t\t\t<div class=\"elementor-column elementor-col-100 elementor-top-column elementor-element elementor-element-643e214e\" data-id=\"643e214e\" data-element_type=\"column\">\n\t\t\t<div class=\"elementor-widget-wrap elementor-element-populated\">\n\t\t\t\t\t\t<section class=\"elementor-section elementor-inner-section elementor-element elementor-element-292593ab elementor-section-full_width elementor-section-height-default elementor-section-height-default\" data-id=\"292593ab\" data-element_type=\"section\">\n\t\t\t\t\t\t<div class=\"elementor-container elementor-column-gap-default\">\n\t\t\t\t\t<div class=\"elementor-column elementor-col-50 elementor-inner-column elementor-element elementor-element-5ca78127\" data-id=\"5ca78127\" data-element_type=\"column\">\n\t\t\t<div class=\"elementor-widget-wrap elementor-element-populated\">\n\t\t\t\t\t\t<div class=\"elementor-element elementor-element-672933d4 elementor-widget elementor-widget-heading\" data-id=\"672933d4\" data-element_type=\"widget\" data-widget_type=\"heading.default\">\n\t\t\t\t<div class=\"elementor-widget-container\">\n\t\t\t<h1 class=\"elementor-heading-title elementor-size-default\">M\u00e1quina de selagem de creme<\/h1>\t\t<\/div>\n\t\t\t\t<\/div>\n\t\t\t\t\t<\/div>\n\t\t<\/div>\n\t\t\t\t<div class=\"elementor-column elementor-col-50 elementor-inner-column elementor-element elementor-element-25de18c0\" data-id=\"25de18c0\" data-element_type=\"column\">\n\t\t\t<div class=\"elementor-widget-wrap elementor-element-populated\">\n\t\t\t\t\t\t<div class=\"elementor-element elementor-element-382c33b1 elementor-align-justify elementor-widget__width-initial quote-btn elementor-widget elementor-widget-button\" data-id=\"382c33b1\" data-element_type=\"widget\" data-widget_type=\"button.default\">\n\t\t\t\t<div class=\"elementor-widget-container\">\n\t\t\t\t\t<div class=\"elementor-button-wrapper\">\n\t\t\t<a class=\"elementor-button elementor-button-link elementor-size-md\" href=\"#elementor-action%3Aaction%3Dpopup%3Aopen%26settings%3DeyJpZCI6IjExMjMiLCJ0b2dnbGUiOmZhbHNlfQ%3D%3D\" rel=\"nofollow\">\n\t\t\t\t\t\t<span class=\"elementor-button-content-wrapper\">\n\t\t\t\t\t\t\t\t\t<span class=\"elementor-button-text\"><b> Pedir um or\u00e7amento &gt; <\/b><\/span>\n\t\t\t\t\t<\/span>\n\t\t\t\t\t<\/a>\n\t\t<\/div>\n\t\t\t\t<\/div>\n\t\t\t\t<\/div>\n\t\t\t\t\t<\/div>\n\t\t<\/div>\n\t\t\t\t\t<\/div>\n\t\t<\/section>\n\t\t\t\t\t<\/div>\n\t\t<\/div>\n\t\t\t\t\t<\/div>\n\t\t<\/section>\n\t\t\t\t<section class=\"elementor-section elementor-top-section elementor-element elementor-element-1131d930 elementor-section-boxed elementor-section-height-default elementor-section-height-default\" data-id=\"1131d930\" data-element_type=\"section\">\n\t\t\t\t\t\t<div class=\"elementor-container elementor-column-gap-default\">\n\t\t\t\t\t<div class=\"elementor-column elementor-col-100 elementor-top-column elementor-element elementor-element-6c979380\" data-id=\"6c979380\" data-element_type=\"column\">\n\t\t\t<div class=\"elementor-widget-wrap elementor-element-populated\">\n\t\t\t\t\t\t<div class=\"elementor-element elementor-element-4d52ae44 elementor-widget elementor-widget-heading\" data-id=\"4d52ae44\" data-element_type=\"widget\" data-widget_type=\"heading.default\">\n\t\t\t\t<div class=\"elementor-widget-container\">\n\t\t\t<h2 class=\"elementor-heading-title elementor-size-default\">M\u00e1quina de selagem de creme em Levapack<\/h2>\t\t<\/div>\n\t\t\t\t<\/div>\n\t\t\t\t<div class=\"elementor-element elementor-element-1d6f7ad7 elementor-widget-divider--view-line elementor-widget elementor-widget-divider\" data-id=\"1d6f7ad7\" data-element_type=\"widget\" data-widget_type=\"divider.default\">\n\t\t\t\t<div class=\"elementor-widget-container\">\n\t\t\t\t\t<div class=\"elementor-divider\">\n\t\t\t<span class=\"elementor-divider-separator\">\n\t\t\t\t\t\t<\/span>\n\t\t<\/div>\n\t\t\t\t<\/div>\n\t\t\t\t<\/div>\n\t\t\t\t<div class=\"elementor-element elementor-element-7ebc7a63 elementor-widget elementor-widget-text-editor\" data-id=\"7ebc7a63\" data-element_type=\"widget\" data-widget_type=\"text-editor.default\">\n\t\t\t\t<div class=\"elementor-widget-container\">\n\t\t\t\t\t\t\t<p><span data-sheets-value=\"{\" data-sheets-userformat=\"{\">Muitos consumidores est\u00e3o a utilizar produtos cosm\u00e9ticos \u00e0 base de creme, especialmente nos pa\u00edses asi\u00e1ticos, o que levou ao r\u00e1pido crescimento da ind\u00fastria. Uma vez que h\u00e1 muitas marcas a competir por um lugar nas prateleiras, a \u00fanica forma de a sua marca se destacar \u00e9 criando uma embalagem de produto apelativa e herm\u00e9tica. As m\u00e1quinas seladoras de latas de creme podem ajud\u00e1-lo a realizar esta tarefa facilmente.<br \/><\/span><\/p><p><span data-sheets-value=\"{\" data-sheets-userformat=\"{\">Como um creme bem conhecido <a href=\"https:\/\/www.levapack.com\/pt\/categoria-do-produto\/maquinas-de-enchimento-de-latas\/\">m\u00e1quina de embalagem de latas<\/a>\u00a0fabricante na China, <a href=\"https:\/\/www.levapack.com\/pt\/\">Levapack<\/a> pode fornecer-lhe solu\u00e7\u00f5es de embalagem de latas a pre\u00e7os razo\u00e1veis para venda para a sua aplica\u00e7\u00e3o espec\u00edfica. As m\u00e1quinas de selagem de latas de creme da nossa empresa est\u00e3o equipadas com a mais recente tecnologia de automatiza\u00e7\u00e3o para otimizar eficazmente as suas linhas de produ\u00e7\u00e3o. Podem selar as suas latas de forma consistente e eficiente para produzir costuras \u00e0 prova de fugas. Assim, garantem a qualidade dos seus produtos.<br \/><\/span><\/p><p><span data-sheets-value=\"{\" data-sheets-userformat=\"{\">Deixe-nos ajud\u00e1-lo a obter uma linha de produ\u00e7\u00e3o mais inteligente e econ\u00f3mica, escolhendo os nossos produtos duradouros<a href=\"https:\/\/www.levapack.com\/pt\/categoria-do-produto\/maquinas-de-selagem-de-latas\/\" target=\"_blank\" rel=\"noopener\"> m\u00e1quinas de selagem de latas<\/a> para creme. Test\u00e1mos as nossas m\u00e1quinas de embalagem em v\u00e1rios par\u00e2metros de qualidade para garantir a sua efici\u00eancia. Entre em contacto connosco agora e deixe-nos ajud\u00e1-lo a desenvolver uma solu\u00e7\u00e3o ideal <a href=\"https:\/\/www.levapack.com\/pt\/categoria-do-produto\/maquinas-de-tapar-latas\/\">solu\u00e7\u00e3o de embalagem<\/a> para as necessidades espec\u00edficas da sua empresa!<br \/><\/span><\/p>\t\t\t\t\t\t<\/div>\n\t\t\t\t<\/div>\n\t\t\t\t\t<\/div>\n\t\t<\/div>\n\t\t\t\t\t<\/div>\n\t\t<\/section>\n\t\t\t\t<section class=\"elementor-section elementor-top-section elementor-element elementor-element-a70d036 elementor-section-stretched elementor-section-full_width elementor-section-height-default elementor-section-height-default\" data-id=\"a70d036\" data-element_type=\"section\" data-settings=\"{&quot;stretch_section&quot;:&quot;section-stretched&quot;,&quot;background_background&quot;:&quot;classic&quot;}\">\n\t\t\t\t\t\t<div class=\"elementor-container elementor-column-gap-default\">\n\t\t\t\t\t<div class=\"elementor-column elementor-col-100 elementor-top-column elementor-element elementor-element-71d86ad5\" data-id=\"71d86ad5\" data-element_type=\"column\">\n\t\t\t<div class=\"elementor-widget-wrap elementor-element-populated\">\n\t\t\t\t\t\t<section class=\"elementor-section elementor-inner-section elementor-element elementor-element-5841f010 elementor-section-boxed elementor-section-height-default elementor-section-height-default\" data-id=\"5841f010\" data-element_type=\"section\">\n\t\t\t\t\t\t<div class=\"elementor-container elementor-column-gap-default\">\n\t\t\t\t\t<div class=\"elementor-column elementor-col-50 elementor-inner-column elementor-element elementor-element-5ced8bf5\" data-id=\"5ced8bf5\" data-element_type=\"column\">\n\t\t\t<div class=\"elementor-widget-wrap elementor-element-populated\">\n\t\t\t\t\t\t<div class=\"elementor-element elementor-element-3a3f0035 elementor-widget elementor-widget-image\" data-id=\"3a3f0035\" data-element_type=\"widget\" data-widget_type=\"image.default\">\n\t\t\t\t<div class=\"elementor-widget-container\">\n\t\t\t\t\t\t\t\t\t\t\t\t\t\t<a href=\"https:\/\/www.levapack.com\/pt\/item-do-produto\/maquina-de-selagem-por-inducao-de-folha-de-aluminio-para-tampa-de-rosca\/\">\n\t\t\t\t\t\t\t<img fetchpriority=\"high\" decoding=\"async\" width=\"400\" height=\"316\" src=\"https:\/\/www.levapack.com\/wp-content\/uploads\/2018\/09\/s03-img-03.png\" class=\"attachment-large size-large wp-image-349\" alt=\"M\u00e1quina de selagem por indu\u00e7\u00e3o de folha de alum\u00ednio para tampa de rosca\" srcset=\"https:\/\/www.levapack.com\/wp-content\/uploads\/2018\/09\/s03-img-03.png 400w, https:\/\/www.levapack.com\/wp-content\/uploads\/2018\/09\/s03-img-03-300x237.png 300w, https:\/\/www.levapack.com\/wp-content\/uploads\/2018\/09\/s03-img-03-185x146.png 185w, https:\/\/www.levapack.com\/wp-content\/uploads\/2018\/09\/s03-img-03-50x40.png 50w, https:\/\/www.levapack.com\/wp-content\/uploads\/2018\/09\/s03-img-03-95x75.png 95w\" sizes=\"(max-width: 400px) 100vw, 400px\" \/>\t\t\t\t\t\t\t\t<\/a>\n\t\t\t\t\t\t\t\t\t\t\t\t\t<\/div>\n\t\t\t\t<\/div>\n\t\t\t\t\t<\/div>\n\t\t<\/div>\n\t\t\t\t<div class=\"elementor-column elementor-col-50 elementor-inner-column elementor-element elementor-element-1f0e2610\" data-id=\"1f0e2610\" data-element_type=\"column\">\n\t\t\t<div class=\"elementor-widget-wrap elementor-element-populated\">\n\t\t\t\t\t\t<div class=\"elementor-element elementor-element-2bc63674 elementor-widget elementor-widget-heading\" data-id=\"2bc63674\" data-element_type=\"widget\" data-widget_type=\"heading.default\">\n\t\t\t\t<div class=\"elementor-widget-container\">\n\t\t\t<h2 class=\"elementor-heading-title elementor-size-default\"><a href=\"https:\/\/www.levapack.com\/pt\/item-do-produto\/maquina-de-selagem-por-inducao-de-folha-de-aluminio-para-tampa-de-rosca\/\">M\u00e1quina de selagem por indu\u00e7\u00e3o de folha de alum\u00ednio para tampa de rosca<\/a><\/h2>\t\t<\/div>\n\t\t\t\t<\/div>\n\t\t\t\t<div class=\"elementor-element elementor-element-722bf914 elementor-widget-divider--view-line elementor-widget elementor-widget-divider\" data-id=\"722bf914\" data-element_type=\"widget\" data-widget_type=\"divider.default\">\n\t\t\t\t<div class=\"elementor-widget-container\">\n\t\t\t\t\t<div class=\"elementor-divider\">\n\t\t\t<span class=\"elementor-divider-separator\">\n\t\t\t\t\t\t<\/span>\n\t\t<\/div>\n\t\t\t\t<\/div>\n\t\t\t\t<\/div>\n\t\t\t\t<div class=\"elementor-element elementor-element-331bb124 elementor-widget elementor-widget-text-editor\" data-id=\"331bb124\" data-element_type=\"widget\" data-widget_type=\"text-editor.default\">\n\t\t\t\t<div class=\"elementor-widget-container\">\n\t\t\t\t\t\t\t<p>A nossa f\u00e1brica tamb\u00e9m fabrica a m\u00e1quina de selagem de tampas de rosca mais eficiente. Velocidade de selagem r\u00e1pida, adequada para produ\u00e7\u00e3o de grande volume para diferentes ind\u00fastrias. O estilo da cabe\u00e7a de veda\u00e7\u00e3o pode ser personalizado de acordo com a garrafa de amostra do cliente.<\/p><ul class=\"circle-list\"><li>Modelo: LPE-FIS100<\/li><li>Ecr\u00e3 digital da tens\u00e3o e da corrente de funcionamento, intuitivo e claro.<\/li><li>Ajuste por bot\u00e3o, interrutor de bot\u00e3o, f\u00e1cil de utilizar.<\/li><li>Sobrecorrente e sobretens\u00e3o, prote\u00e7\u00e3o autom\u00e1tica, segura e fi\u00e1vel.<\/li><li>A cabe\u00e7a de veda\u00e7\u00e3o adopta um ajuste de eleva\u00e7\u00e3o do tipo volante, que \u00e9 f\u00e1cil de utilizar.<\/li><\/ul><p>\u00a0<\/p>\t\t\t\t\t\t<\/div>\n\t\t\t\t<\/div>\n\t\t\t\t<div class=\"elementor-element elementor-element-419457a9 elementor-widget__width-initial quote-btn elementor-widget elementor-widget-button\" data-id=\"419457a9\" data-element_type=\"widget\" data-widget_type=\"button.default\">\n\t\t\t\t<div class=\"elementor-widget-container\">\n\t\t\t\t\t<div class=\"elementor-button-wrapper\">\n\t\t\t<a class=\"elementor-button elementor-button-link elementor-size-sm\" href=\"#elementor-action%3Aaction%3Dpopup%3Aopen%26settings%3DeyJpZCI6IjExMjQiLCJ0b2dnbGUiOmZhbHNlfQ%3D%3D\" rel=\"nofollow\">\n\t\t\t\t\t\t<span class=\"elementor-button-content-wrapper\">\n\t\t\t\t\t\t\t\t\t<span class=\"elementor-button-text\">Inqu\u00e9rito<\/span>\n\t\t\t\t\t<\/span>\n\t\t\t\t\t<\/a>\n\t\t<\/div>\n\t\t\t\t<\/div>\n\t\t\t\t<\/div>\n\t\t\t\t<div class=\"elementor-element elementor-element-51beeeba elementor-widget__width-auto elementor-widget elementor-widget-button\" data-id=\"51beeeba\" data-element_type=\"widget\" data-widget_type=\"button.default\">\n\t\t\t\t<div class=\"elementor-widget-container\">\n\t\t\t\t\t<div class=\"elementor-button-wrapper\">\n\t\t\t<a class=\"elementor-button elementor-button-link elementor-size-sm\" href=\"https:\/\/www.levapack.com\/pt\/item-do-produto\/maquina-de-selagem-por-inducao-de-folha-de-aluminio-para-tampa-de-rosca\/\">\n\t\t\t\t\t\t<span class=\"elementor-button-content-wrapper\">\n\t\t\t\t\t\t\t\t\t<span class=\"elementor-button-text\">Ver mais<\/span>\n\t\t\t\t\t<\/span>\n\t\t\t\t\t<\/a>\n\t\t<\/div>\n\t\t\t\t<\/div>\n\t\t\t\t<\/div>\n\t\t\t\t\t<\/div>\n\t\t<\/div>\n\t\t\t\t\t<\/div>\n\t\t<\/section>\n\t\t\t\t\t<\/div>\n\t\t<\/div>\n\t\t\t\t\t<\/div>\n\t\t<\/section>\n\t\t\t\t<\/div>","protected":false},"excerpt":{"rendered":"<p>M\u00e1quina Seladora de Creme Pedir Or\u00e7amento &gt; Home M\u00e1quina Seladora de Creme em Levapack Muitos consumidores est\u00e3o a usar produtos cosm\u00e9ticos \u00e0 base de creme, especialmente nos pa\u00edses asi\u00e1ticos.<span class=\"excerpt-hellip\"> [...]<\/span><\/p>","protected":false},"author":1,"featured_media":0,"parent":0,"menu_order":0,"comment_status":"closed","ping_status":"closed","template":"","meta":{"_seopress_robots_primary_cat":"","_seopress_titles_title":"Cream Sealing Machine, Cosmetic Seaming Machine - Levapack","_seopress_titles_desc":"Looking for Cream sealing machine for your applications? Levapack supplies the best can seamer machines for sale. Choose the right one for you!","_seopress_robots_index":"","footnotes":""},"class_list":["post-1459","page","type-page","status-publish","hentry"],"acf":[],"_links":{"self":[{"href":"https:\/\/www.levapack.com\/pt\/wp-json\/wp\/v2\/pages\/1459","targetHints":{"allow":["GET"]}}],"collection":[{"href":"https:\/\/www.levapack.com\/pt\/wp-json\/wp\/v2\/pages"}],"about":[{"href":"https:\/\/www.levapack.com\/pt\/wp-json\/wp\/v2\/types\/page"}],"author":[{"embeddable":true,"href":"https:\/\/www.levapack.com\/pt\/wp-json\/wp\/v2\/users\/1"}],"replies":[{"embeddable":true,"href":"https:\/\/www.levapack.com\/pt\/wp-json\/wp\/v2\/comments?post=1459"}],"version-history":[{"count":12,"href":"https:\/\/www.levapack.com\/pt\/wp-json\/wp\/v2\/pages\/1459\/revisions"}],"predecessor-version":[{"id":11913,"href":"https:\/\/www.levapack.com\/pt\/wp-json\/wp\/v2\/pages\/1459\/revisions\/11913"}],"wp:attachment":[{"href":"https:\/\/www.levapack.com\/pt\/wp-json\/wp\/v2\/media?parent=1459"}],"curies":[{"name":"wp","href":"https:\/\/api.w.org\/{rel}","templated":true}]}}