{"id":1423,"date":"2020-02-20T08:33:33","date_gmt":"2020-02-20T08:33:33","guid":{"rendered":"https:\/\/www.levapack.com\/?page_id=1423"},"modified":"2022-10-11T14:12:50","modified_gmt":"2022-10-11T14:12:50","slug":"maquina-de-enchimento-de-cafe","status":"publish","type":"page","link":"https:\/\/www.levapack.com\/pt\/maquina-de-enchimento-de-cafe\/","title":{"rendered":"M\u00e1quina de enchimento de caf\u00e9"},"content":{"rendered":"<div data-elementor-type=\"wp-page\" data-elementor-id=\"1423\" class=\"elementor elementor-1423\" data-elementor-post-type=\"page\">\n\t\t\t\t\t\t<section class=\"elementor-section elementor-top-section elementor-element elementor-element-6d74f55b elementor-section-stretched elementor-section-full_width elementor-section-height-min-height elementor-section-height-default elementor-section-items-middle\" data-id=\"6d74f55b\" data-element_type=\"section\" data-settings=\"{&quot;stretch_section&quot;:&quot;section-stretched&quot;,&quot;background_background&quot;:&quot;slideshow&quot;,&quot;background_slideshow_gallery&quot;:[{&quot;id&quot;:888,&quot;url&quot;:&quot;https:\\\/\\\/www.levapack.com\\\/wp-content\\\/uploads\\\/2020\\\/01\\\/359099cbad1234a8dcee2c681d24807.jpg&quot;}],&quot;background_slideshow_loop&quot;:&quot;yes&quot;,&quot;background_slideshow_slide_duration&quot;:5000,&quot;background_slideshow_slide_transition&quot;:&quot;fade&quot;,&quot;background_slideshow_transition_duration&quot;:500}\">\n\t\t\t\t\t\t<div class=\"elementor-container elementor-column-gap-default\">\n\t\t\t\t\t<div class=\"elementor-column elementor-col-100 elementor-top-column elementor-element elementor-element-6f17d1eb\" data-id=\"6f17d1eb\" data-element_type=\"column\">\n\t\t\t<div class=\"elementor-widget-wrap elementor-element-populated\">\n\t\t\t\t\t\t<section class=\"elementor-section elementor-inner-section elementor-element elementor-element-1a781786 elementor-section-full_width elementor-section-height-default elementor-section-height-default\" data-id=\"1a781786\" data-element_type=\"section\">\n\t\t\t\t\t\t<div class=\"elementor-container elementor-column-gap-default\">\n\t\t\t\t\t<div class=\"elementor-column elementor-col-50 elementor-inner-column elementor-element elementor-element-13bfdfb1\" data-id=\"13bfdfb1\" data-element_type=\"column\">\n\t\t\t<div class=\"elementor-widget-wrap elementor-element-populated\">\n\t\t\t\t\t\t<div class=\"elementor-element elementor-element-8f738f5 elementor-widget elementor-widget-heading\" data-id=\"8f738f5\" data-element_type=\"widget\" data-widget_type=\"heading.default\">\n\t\t\t\t<div class=\"elementor-widget-container\">\n\t\t\t<h1 class=\"elementor-heading-title elementor-size-default\">M\u00e1quina de enchimento de caf\u00e9<\/h1>\t\t<\/div>\n\t\t\t\t<\/div>\n\t\t\t\t\t<\/div>\n\t\t<\/div>\n\t\t\t\t<div class=\"elementor-column elementor-col-50 elementor-inner-column elementor-element elementor-element-102d85df\" data-id=\"102d85df\" data-element_type=\"column\">\n\t\t\t<div class=\"elementor-widget-wrap elementor-element-populated\">\n\t\t\t\t\t\t<div class=\"elementor-element elementor-element-263d42e0 elementor-align-justify elementor-widget__width-initial quote-btn elementor-widget elementor-widget-button\" data-id=\"263d42e0\" data-element_type=\"widget\" data-widget_type=\"button.default\">\n\t\t\t\t<div class=\"elementor-widget-container\">\n\t\t\t\t\t<div class=\"elementor-button-wrapper\">\n\t\t\t<a class=\"elementor-button elementor-button-link elementor-size-md\" href=\"#elementor-action%3Aaction%3Dpopup%3Aopen%26settings%3DeyJpZCI6IjExMjMiLCJ0b2dnbGUiOmZhbHNlfQ%3D%3D\" rel=\"nofollow\">\n\t\t\t\t\t\t<span class=\"elementor-button-content-wrapper\">\n\t\t\t\t\t\t\t\t\t<span class=\"elementor-button-text\"><b> Pedir um or\u00e7amento &gt; <\/b><\/span>\n\t\t\t\t\t<\/span>\n\t\t\t\t\t<\/a>\n\t\t<\/div>\n\t\t\t\t<\/div>\n\t\t\t\t<\/div>\n\t\t\t\t\t<\/div>\n\t\t<\/div>\n\t\t\t\t\t<\/div>\n\t\t<\/section>\n\t\t\t\t\t<\/div>\n\t\t<\/div>\n\t\t\t\t\t<\/div>\n\t\t<\/section>\n\t\t\t\t<section class=\"elementor-section elementor-top-section elementor-element elementor-element-195d4d65 elementor-section-boxed elementor-section-height-default elementor-section-height-default\" data-id=\"195d4d65\" data-element_type=\"section\">\n\t\t\t\t\t\t<div class=\"elementor-container elementor-column-gap-default\">\n\t\t\t\t\t<div class=\"elementor-column elementor-col-100 elementor-top-column elementor-element elementor-element-3f861a37\" data-id=\"3f861a37\" data-element_type=\"column\">\n\t\t\t<div class=\"elementor-widget-wrap elementor-element-populated\">\n\t\t\t\t\t\t<div class=\"elementor-element elementor-element-2cc066c5 elementor-widget elementor-widget-heading\" data-id=\"2cc066c5\" data-element_type=\"widget\" data-widget_type=\"heading.default\">\n\t\t\t\t<div class=\"elementor-widget-container\">\n\t\t\t<h2 class=\"elementor-heading-title elementor-size-default\">M\u00e1quina de enchimento de caf\u00e9 em Levapack<\/h2>\t\t<\/div>\n\t\t\t\t<\/div>\n\t\t\t\t<div class=\"elementor-element elementor-element-780263e4 elementor-widget-divider--view-line elementor-widget elementor-widget-divider\" data-id=\"780263e4\" data-element_type=\"widget\" data-widget_type=\"divider.default\">\n\t\t\t\t<div class=\"elementor-widget-container\">\n\t\t\t\t\t<div class=\"elementor-divider\">\n\t\t\t<span class=\"elementor-divider-separator\">\n\t\t\t\t\t\t<\/span>\n\t\t<\/div>\n\t\t\t\t<\/div>\n\t\t\t\t<\/div>\n\t\t\t\t<div class=\"elementor-element elementor-element-31769f33 elementor-widget elementor-widget-text-editor\" data-id=\"31769f33\" data-element_type=\"widget\" data-widget_type=\"text-editor.default\">\n\t\t\t\t<div class=\"elementor-widget-container\">\n\t\t\t\t\t\t\t<p><span data-sheets-value=\"{\" data-sheets-userformat=\"{\">Est\u00e1 \u00e0 procura de caf\u00e9 em gr\u00e3o <a href=\"https:\/\/www.levapack.com\/pt\/categoria-do-produto\/maquinas-de-selagem-de-latas\/\">m\u00e1quinas de embalagem para venda<\/a> a pre\u00e7os razo\u00e1veis? A Levapack \u00e9 uma empresa que fornece produtos inovadores\u00a0<a href=\"https:\/\/www.levapack.com\/pt\/categoria-do-produto\/maquinas-de-enchimento-de-latas\/\" target=\"_blank\" rel=\"noopener\">m\u00e1quinas de enchimento de latas<\/a>\u00a0para caf\u00e9 para o ajudar a otimizar as suas linhas de embalagem e a atingir os seus objectivos de produ\u00e7\u00e3o di\u00e1ria. Fornecemos v\u00e1rias solu\u00e7\u00f5es de embalagem que podem satisfazer as diferentes exig\u00eancias dos nossos clientes, independentemente dos produtos que est\u00e3o a ser embalados.<br \/><\/span><\/p><p><span data-sheets-value=\"{\" data-sheets-userformat=\"{\">Como um caf\u00e9 bem conhecido <a href=\"https:\/\/www.levapack.com\/pt\/\">fabricante de embalagens na China<\/a>A nossa empresa oferece tamb\u00e9m m\u00e1quinas de enchimento de latas personalizadas para caf\u00e9. Quer esteja a embalar caf\u00e9 em gr\u00e3o inteiro ou mo\u00eddo, pode confiar nas nossas solu\u00e7\u00f5es de embalagem para um enchimento eficiente e preciso dos seus produtos de caf\u00e9. Utilizamos as mais avan\u00e7adas tecnologias de automa\u00e7\u00e3o e componentes de alto padr\u00e3o para garantir que obter\u00e1 m\u00e1quinas duradouras que cumprem as normas da ind\u00fastria.<br \/><\/span><\/p><p><span data-sheets-value=\"{\" data-sheets-userformat=\"{\">Quer j\u00e1 tenha uma empresa em crescimento ou esteja a iniciar o seu pr\u00f3prio neg\u00f3cio de caf\u00e9, podemos personalizar as m\u00e1quinas desejadas com base nas necessidades espec\u00edficas da sua linha de produ\u00e7\u00e3o. Obtenha um processo de embalagem mais eficaz com as m\u00e1quinas de embalagem da Levapack. Entre em contacto connosco agora e obtenha as suas <a href=\"https:\/\/www.levapack.com\/pt\/categoria-do-produto\/maquinas-de-tapar-latas\/\">solu\u00e7\u00f5es de embalagem ideais<\/a>!<br \/><\/span><\/p>\t\t\t\t\t\t<\/div>\n\t\t\t\t<\/div>\n\t\t\t\t\t<\/div>\n\t\t<\/div>\n\t\t\t\t\t<\/div>\n\t\t<\/section>\n\t\t\t\t<section class=\"elementor-section elementor-top-section elementor-element elementor-element-2dc818c6 elementor-section-stretched elementor-section-full_width elementor-section-height-default elementor-section-height-default\" data-id=\"2dc818c6\" data-element_type=\"section\" data-settings=\"{&quot;stretch_section&quot;:&quot;section-stretched&quot;,&quot;background_background&quot;:&quot;classic&quot;}\">\n\t\t\t\t\t\t<div class=\"elementor-container elementor-column-gap-default\">\n\t\t\t\t\t<div class=\"elementor-column elementor-col-100 elementor-top-column elementor-element elementor-element-2c08844\" data-id=\"2c08844\" data-element_type=\"column\">\n\t\t\t<div class=\"elementor-widget-wrap elementor-element-populated\">\n\t\t\t\t\t\t<section class=\"elementor-section elementor-inner-section elementor-element elementor-element-391244b0 elementor-section-boxed elementor-section-height-default elementor-section-height-default\" data-id=\"391244b0\" data-element_type=\"section\">\n\t\t\t\t\t\t<div class=\"elementor-container elementor-column-gap-default\">\n\t\t\t\t\t<div class=\"elementor-column elementor-col-50 elementor-inner-column elementor-element elementor-element-5eaf24fd\" data-id=\"5eaf24fd\" data-element_type=\"column\">\n\t\t\t<div class=\"elementor-widget-wrap elementor-element-populated\">\n\t\t\t\t\t\t<div class=\"elementor-element elementor-element-23cf28e1 elementor-widget elementor-widget-image\" data-id=\"23cf28e1\" data-element_type=\"widget\" data-widget_type=\"image.default\">\n\t\t\t\t<div class=\"elementor-widget-container\">\n\t\t\t\t\t\t\t\t\t\t\t\t\t\t<a href=\"https:\/\/www.levapack.com\/pt\/item-do-produto\/maquina-de-enchimento-de-po-de-duas-cabecas\/\">\n\t\t\t\t\t\t\t<img fetchpriority=\"high\" decoding=\"async\" width=\"532\" height=\"411\" src=\"https:\/\/www.levapack.com\/wp-content\/uploads\/2020\/02\/\u53cc\u5934\u7c89\u5242\u704c\u88c5\u673a.jpg\" class=\"attachment-large size-large wp-image-1113\" alt=\"M\u00e1quina de enchimento de p\u00f3 Levapack\" srcset=\"https:\/\/www.levapack.com\/wp-content\/uploads\/2020\/02\/\u53cc\u5934\u7c89\u5242\u704c\u88c5\u673a.jpg 532w, https:\/\/www.levapack.com\/wp-content\/uploads\/2020\/02\/\u53cc\u5934\u7c89\u5242\u704c\u88c5\u673a-300x232.jpg 300w, https:\/\/www.levapack.com\/wp-content\/uploads\/2020\/02\/\u53cc\u5934\u7c89\u5242\u704c\u88c5\u673a-189x146.jpg 189w, https:\/\/www.levapack.com\/wp-content\/uploads\/2020\/02\/\u53cc\u5934\u7c89\u5242\u704c\u88c5\u673a-50x39.jpg 50w, https:\/\/www.levapack.com\/wp-content\/uploads\/2020\/02\/\u53cc\u5934\u7c89\u5242\u704c\u88c5\u673a-97x75.jpg 97w\" sizes=\"(max-width: 532px) 100vw, 532px\" \/>\t\t\t\t\t\t\t\t<\/a>\n\t\t\t\t\t\t\t\t\t\t\t\t\t<\/div>\n\t\t\t\t<\/div>\n\t\t\t\t\t<\/div>\n\t\t<\/div>\n\t\t\t\t<div class=\"elementor-column elementor-col-50 elementor-inner-column elementor-element elementor-element-5a89cd74\" data-id=\"5a89cd74\" data-element_type=\"column\">\n\t\t\t<div class=\"elementor-widget-wrap elementor-element-populated\">\n\t\t\t\t\t\t<div class=\"elementor-element elementor-element-21d6766b elementor-widget elementor-widget-heading\" data-id=\"21d6766b\" data-element_type=\"widget\" data-widget_type=\"heading.default\">\n\t\t\t\t<div class=\"elementor-widget-container\">\n\t\t\t<h2 class=\"elementor-heading-title elementor-size-default\"><a href=\"https:\/\/www.levapack.com\/pt\/item-do-produto\/maquina-de-enchimento-de-po-de-duas-cabecas\/\">M\u00e1quina de enchimento de p\u00f3 de cabe\u00e7a dupla<\/a><\/h2>\t\t<\/div>\n\t\t\t\t<\/div>\n\t\t\t\t<div class=\"elementor-element elementor-element-4f9fa261 elementor-widget-divider--view-line elementor-widget elementor-widget-divider\" data-id=\"4f9fa261\" data-element_type=\"widget\" data-widget_type=\"divider.default\">\n\t\t\t\t<div class=\"elementor-widget-container\">\n\t\t\t\t\t<div class=\"elementor-divider\">\n\t\t\t<span class=\"elementor-divider-separator\">\n\t\t\t\t\t\t<\/span>\n\t\t<\/div>\n\t\t\t\t<\/div>\n\t\t\t\t<\/div>\n\t\t\t\t<div class=\"elementor-element elementor-element-5fdca2f4 elementor-widget elementor-widget-text-editor\" data-id=\"5fdca2f4\" data-element_type=\"widget\" data-widget_type=\"text-editor.default\">\n\t\t\t\t<div class=\"elementor-widget-container\">\n\t\t\t\t\t\t\t<p class=\"ql-long-22683834\"><span class=\"ql-author-22683834\">LevaPack fabrica uma m\u00e1quina de enchimento de p\u00f3 com cabe\u00e7as duplas. A cabe\u00e7a de enchimento da m\u00e1quina de enchimento de p\u00f3 est\u00e1 equipada com uma roda manual para ajustar a altura, \u00e9 f\u00e1cil de realizar o enchimento de latas de diferentes tipos.<\/span><\/p><ul><li>Modelo:LPE-PFM002<\/li><li>Enchimento reto de cabe\u00e7a dupla, enchimento principal e reenchimento para garantir um enchimento de alta precis\u00e3o.<\/li><li>O sistema servo e pneum\u00e1tico controla a fixa\u00e7\u00e3o da lata e o funcionamento horizontal da lata, o posicionamento \u00e9 preciso e a velocidade \u00e9 r\u00e1pida.<\/li><li>Parafuso de controlo do servomotor e do servomotor, desempenho est\u00e1vel e elevada precis\u00e3o.<\/li><\/ul>\t\t\t\t\t\t<\/div>\n\t\t\t\t<\/div>\n\t\t\t\t<div class=\"elementor-element elementor-element-6044f684 elementor-widget__width-initial quote-btn elementor-widget elementor-widget-button\" data-id=\"6044f684\" data-element_type=\"widget\" data-widget_type=\"button.default\">\n\t\t\t\t<div class=\"elementor-widget-container\">\n\t\t\t\t\t<div class=\"elementor-button-wrapper\">\n\t\t\t<a class=\"elementor-button elementor-button-link elementor-size-sm\" href=\"#elementor-action%3Aaction%3Dpopup%3Aopen%26settings%3DeyJpZCI6IjExMjQiLCJ0b2dnbGUiOmZhbHNlfQ%3D%3D\" rel=\"nofollow\">\n\t\t\t\t\t\t<span class=\"elementor-button-content-wrapper\">\n\t\t\t\t\t\t\t\t\t<span class=\"elementor-button-text\">Inqu\u00e9rito<\/span>\n\t\t\t\t\t<\/span>\n\t\t\t\t\t<\/a>\n\t\t<\/div>\n\t\t\t\t<\/div>\n\t\t\t\t<\/div>\n\t\t\t\t<div class=\"elementor-element elementor-element-cc8e6df elementor-widget__width-auto elementor-widget elementor-widget-button\" data-id=\"cc8e6df\" data-element_type=\"widget\" data-widget_type=\"button.default\">\n\t\t\t\t<div class=\"elementor-widget-container\">\n\t\t\t\t\t<div class=\"elementor-button-wrapper\">\n\t\t\t<a class=\"elementor-button elementor-button-link elementor-size-sm\" href=\"https:\/\/www.levapack.com\/pt\/item-do-produto\/maquina-de-enchimento-de-po-de-duas-cabecas\/\">\n\t\t\t\t\t\t<span class=\"elementor-button-content-wrapper\">\n\t\t\t\t\t\t\t\t\t<span class=\"elementor-button-text\">Ver mais<\/span>\n\t\t\t\t\t<\/span>\n\t\t\t\t\t<\/a>\n\t\t<\/div>\n\t\t\t\t<\/div>\n\t\t\t\t<\/div>\n\t\t\t\t\t<\/div>\n\t\t<\/div>\n\t\t\t\t\t<\/div>\n\t\t<\/section>\n\t\t\t\t\t<\/div>\n\t\t<\/div>\n\t\t\t\t\t<\/div>\n\t\t<\/section>\n\t\t\t\t<section class=\"elementor-section elementor-top-section elementor-element elementor-element-2e05f1b4 elementor-section-stretched elementor-section-full_width elementor-section-height-default elementor-section-height-default\" data-id=\"2e05f1b4\" data-element_type=\"section\" data-settings=\"{&quot;stretch_section&quot;:&quot;section-stretched&quot;,&quot;background_background&quot;:&quot;classic&quot;}\">\n\t\t\t\t\t\t<div class=\"elementor-container elementor-column-gap-default\">\n\t\t\t\t\t<div class=\"elementor-column elementor-col-100 elementor-top-column elementor-element elementor-element-33cf7792\" data-id=\"33cf7792\" data-element_type=\"column\">\n\t\t\t<div class=\"elementor-widget-wrap elementor-element-populated\">\n\t\t\t\t\t\t<section class=\"elementor-section elementor-inner-section elementor-element elementor-element-580718e2 elementor-section-boxed elementor-section-height-default elementor-section-height-default\" data-id=\"580718e2\" data-element_type=\"section\">\n\t\t\t\t\t\t<div class=\"elementor-container elementor-column-gap-default\">\n\t\t\t\t\t<div class=\"elementor-column elementor-col-50 elementor-inner-column elementor-element elementor-element-584b9305\" data-id=\"584b9305\" data-element_type=\"column\">\n\t\t\t<div class=\"elementor-widget-wrap elementor-element-populated\">\n\t\t\t\t\t\t<div class=\"elementor-element elementor-element-3d108963 elementor-widget elementor-widget-heading\" data-id=\"3d108963\" data-element_type=\"widget\" data-widget_type=\"heading.default\">\n\t\t\t\t<div class=\"elementor-widget-container\">\n\t\t\t<h2 class=\"elementor-heading-title elementor-size-default\"><a href=\"https:\/\/www.levapack.com\/pt\/item-do-produto\/maquina-de-enchimento-de-po\/\">M\u00e1quina de enchimento de p\u00f3<\/a><\/h2>\t\t<\/div>\n\t\t\t\t<\/div>\n\t\t\t\t<div class=\"elementor-element elementor-element-258b42bf elementor-widget-divider--view-line elementor-widget elementor-widget-divider\" data-id=\"258b42bf\" data-element_type=\"widget\" data-widget_type=\"divider.default\">\n\t\t\t\t<div class=\"elementor-widget-container\">\n\t\t\t\t\t<div class=\"elementor-divider\">\n\t\t\t<span class=\"elementor-divider-separator\">\n\t\t\t\t\t\t<\/span>\n\t\t<\/div>\n\t\t\t\t<\/div>\n\t\t\t\t<\/div>\n\t\t\t\t<div class=\"elementor-element elementor-element-72231029 elementor-widget elementor-widget-text-editor\" data-id=\"72231029\" data-element_type=\"widget\" data-widget_type=\"text-editor.default\">\n\t\t\t\t<div class=\"elementor-widget-container\">\n\t\t\t\t\t\t\t<p class=\"ql-long-22683834\"><span class=\"ql-author-22683834\">M\u00e1quina autom\u00e1tica de enchimento de p\u00f3 de alta efici\u00eancia fabricada pela LevaPack. Adequada para diferentes tipos de latas redondas, como latas de estanho, latas PET e tubos de papel.<\/span><\/p><ul class=\"circle-list\"><li>Modelo: LPE-PFM001<\/li><li>Alimenta\u00e7\u00e3o de p\u00f3 completa automaticamente, distribui\u00e7\u00e3o quantitativa.<\/li><li>O silo pode ser facilmente aberto e limpo sem ferramentas.<\/li><li>O servo-motor, os parafusos e os materiais exteriores s\u00e3o todos feitos de a\u00e7o inoxid\u00e1vel.<\/li><li>A broca \u00e9 amov\u00edvel para uma distribui\u00e7\u00e3o precisa de uma variedade de materiais em p\u00f3.<\/li><\/ul>\t\t\t\t\t\t<\/div>\n\t\t\t\t<\/div>\n\t\t\t\t<div class=\"elementor-element elementor-element-77945876 elementor-widget__width-initial quote-btn elementor-widget elementor-widget-button\" data-id=\"77945876\" data-element_type=\"widget\" data-widget_type=\"button.default\">\n\t\t\t\t<div class=\"elementor-widget-container\">\n\t\t\t\t\t<div class=\"elementor-button-wrapper\">\n\t\t\t<a class=\"elementor-button elementor-button-link elementor-size-sm\" href=\"#elementor-action%3Aaction%3Dpopup%3Aopen%26settings%3DeyJpZCI6IjExMjMiLCJ0b2dnbGUiOmZhbHNlfQ%3D%3D\" rel=\"nofollow\">\n\t\t\t\t\t\t<span class=\"elementor-button-content-wrapper\">\n\t\t\t\t\t\t\t\t\t<span class=\"elementor-button-text\">Inqu\u00e9rito<\/span>\n\t\t\t\t\t<\/span>\n\t\t\t\t\t<\/a>\n\t\t<\/div>\n\t\t\t\t<\/div>\n\t\t\t\t<\/div>\n\t\t\t\t<div class=\"elementor-element elementor-element-7199383f elementor-widget__width-auto elementor-widget elementor-widget-button\" data-id=\"7199383f\" data-element_type=\"widget\" data-widget_type=\"button.default\">\n\t\t\t\t<div class=\"elementor-widget-container\">\n\t\t\t\t\t<div class=\"elementor-button-wrapper\">\n\t\t\t<a class=\"elementor-button elementor-button-link elementor-size-sm\" href=\"https:\/\/www.levapack.com\/pt\/item-do-produto\/maquina-de-enchimento-de-po\/\">\n\t\t\t\t\t\t<span class=\"elementor-button-content-wrapper\">\n\t\t\t\t\t\t\t\t\t<span class=\"elementor-button-text\">Ver mais<\/span>\n\t\t\t\t\t<\/span>\n\t\t\t\t\t<\/a>\n\t\t<\/div>\n\t\t\t\t<\/div>\n\t\t\t\t<\/div>\n\t\t\t\t\t<\/div>\n\t\t<\/div>\n\t\t\t\t<div class=\"elementor-column elementor-col-50 elementor-inner-column elementor-element elementor-element-44254676\" data-id=\"44254676\" data-element_type=\"column\">\n\t\t\t<div class=\"elementor-widget-wrap elementor-element-populated\">\n\t\t\t\t\t\t<div class=\"elementor-element elementor-element-63813dbd elementor-widget elementor-widget-image\" data-id=\"63813dbd\" data-element_type=\"widget\" data-widget_type=\"image.default\">\n\t\t\t\t<div class=\"elementor-widget-container\">\n\t\t\t\t\t\t\t\t\t\t\t\t\t\t<a href=\"https:\/\/www.levapack.com\/pt\/item-do-produto\/maquina-de-enchimento-de-po\/\">\n\t\t\t\t\t\t\t<img decoding=\"async\" width=\"579\" height=\"465\" src=\"https:\/\/www.levapack.com\/wp-content\/uploads\/2020\/02\/1-Powder-filling-machine-1.jpg\" class=\"attachment-large size-large wp-image-1119\" alt=\"Imagem completa de uma m\u00e1quina de enchimento de p\u00f3\" srcset=\"https:\/\/www.levapack.com\/wp-content\/uploads\/2020\/02\/1-Powder-filling-machine-1.jpg 579w, https:\/\/www.levapack.com\/wp-content\/uploads\/2020\/02\/1-Powder-filling-machine-1-300x241.jpg 300w, https:\/\/www.levapack.com\/wp-content\/uploads\/2020\/02\/1-Powder-filling-machine-1-182x146.jpg 182w, https:\/\/www.levapack.com\/wp-content\/uploads\/2020\/02\/1-Powder-filling-machine-1-50x40.jpg 50w, https:\/\/www.levapack.com\/wp-content\/uploads\/2020\/02\/1-Powder-filling-machine-1-93x75.jpg 93w\" sizes=\"(max-width: 579px) 100vw, 579px\" \/>\t\t\t\t\t\t\t\t<\/a>\n\t\t\t\t\t\t\t\t\t\t\t\t\t<\/div>\n\t\t\t\t<\/div>\n\t\t\t\t\t<\/div>\n\t\t<\/div>\n\t\t\t\t\t<\/div>\n\t\t<\/section>\n\t\t\t\t\t<\/div>\n\t\t<\/div>\n\t\t\t\t\t<\/div>\n\t\t<\/section>\n\t\t\t\t<\/div>","protected":false},"excerpt":{"rendered":"<p>M\u00e1quina de enchimento de caf\u00e9 Pedir or\u00e7amento &gt; Home M\u00e1quina de enchimento de caf\u00e9 em Levapack Procura m\u00e1quinas de embalagem de caf\u00e9 em gr\u00e3o para venda a pre\u00e7os razo\u00e1veis?<span class=\"excerpt-hellip\"> [...]<\/span><\/p>","protected":false},"author":1,"featured_media":0,"parent":0,"menu_order":0,"comment_status":"closed","ping_status":"closed","template":"","meta":{"_seopress_robots_primary_cat":"","_seopress_titles_title":"Coffee Filling Machine, Coffee Packaging Machine - Levapack","_seopress_titles_desc":"Looking for Coffee filling machine for your applications? Levapack supplies the best can filling machines for sale. Choose the right one for you!","_seopress_robots_index":"","footnotes":""},"class_list":["post-1423","page","type-page","status-publish","hentry"],"acf":[],"_links":{"self":[{"href":"https:\/\/www.levapack.com\/pt\/wp-json\/wp\/v2\/pages\/1423","targetHints":{"allow":["GET"]}}],"collection":[{"href":"https:\/\/www.levapack.com\/pt\/wp-json\/wp\/v2\/pages"}],"about":[{"href":"https:\/\/www.levapack.com\/pt\/wp-json\/wp\/v2\/types\/page"}],"author":[{"embeddable":true,"href":"https:\/\/www.levapack.com\/pt\/wp-json\/wp\/v2\/users\/1"}],"replies":[{"embeddable":true,"href":"https:\/\/www.levapack.com\/pt\/wp-json\/wp\/v2\/comments?post=1423"}],"version-history":[{"count":11,"href":"https:\/\/www.levapack.com\/pt\/wp-json\/wp\/v2\/pages\/1423\/revisions"}],"predecessor-version":[{"id":11907,"href":"https:\/\/www.levapack.com\/pt\/wp-json\/wp\/v2\/pages\/1423\/revisions\/11907"}],"wp:attachment":[{"href":"https:\/\/www.levapack.com\/pt\/wp-json\/wp\/v2\/media?parent=1423"}],"curies":[{"name":"wp","href":"https:\/\/api.w.org\/{rel}","templated":true}]}}