{"id":1411,"date":"2020-02-20T03:30:56","date_gmt":"2020-02-20T03:30:56","guid":{"rendered":"https:\/\/www.levapack.com\/?page_id=1411"},"modified":"2025-06-26T14:14:32","modified_gmt":"2025-06-26T06:14:32","slug":"maquina-de-enchimento-de-compota","status":"publish","type":"page","link":"https:\/\/www.levapack.com\/pt\/maquina-de-enchimento-de-compota\/","title":{"rendered":"M\u00e1quina de enchimento de compota"},"content":{"rendered":"<div data-elementor-type=\"wp-page\" data-elementor-id=\"1411\" class=\"elementor elementor-1411\" data-elementor-post-type=\"page\">\n\t\t\t\t\t\t<section class=\"elementor-section elementor-top-section elementor-element elementor-element-7c98725e elementor-section-stretched elementor-section-full_width elementor-section-height-min-height elementor-section-height-default elementor-section-items-middle\" data-id=\"7c98725e\" data-element_type=\"section\" data-settings=\"{&quot;stretch_section&quot;:&quot;section-stretched&quot;,&quot;background_background&quot;:&quot;slideshow&quot;,&quot;background_slideshow_gallery&quot;:[{&quot;id&quot;:888,&quot;url&quot;:&quot;https:\\\/\\\/www.levapack.com\\\/wp-content\\\/uploads\\\/2020\\\/01\\\/359099cbad1234a8dcee2c681d24807.jpg&quot;}],&quot;background_slideshow_loop&quot;:&quot;yes&quot;,&quot;background_slideshow_slide_duration&quot;:5000,&quot;background_slideshow_slide_transition&quot;:&quot;fade&quot;,&quot;background_slideshow_transition_duration&quot;:500}\">\n\t\t\t\t\t\t<div class=\"elementor-container elementor-column-gap-default\">\n\t\t\t\t\t<div class=\"elementor-column elementor-col-100 elementor-top-column elementor-element elementor-element-4d74ab53\" data-id=\"4d74ab53\" data-element_type=\"column\">\n\t\t\t<div class=\"elementor-widget-wrap elementor-element-populated\">\n\t\t\t\t\t\t<section class=\"elementor-section elementor-inner-section elementor-element elementor-element-4ad4ec55 elementor-section-full_width elementor-section-height-default elementor-section-height-default\" data-id=\"4ad4ec55\" data-element_type=\"section\">\n\t\t\t\t\t\t<div class=\"elementor-container elementor-column-gap-default\">\n\t\t\t\t\t<div class=\"elementor-column elementor-col-50 elementor-inner-column elementor-element elementor-element-593cb0d9\" data-id=\"593cb0d9\" data-element_type=\"column\">\n\t\t\t<div class=\"elementor-widget-wrap elementor-element-populated\">\n\t\t\t\t\t\t<div class=\"elementor-element elementor-element-7f0be027 elementor-widget elementor-widget-heading\" data-id=\"7f0be027\" data-element_type=\"widget\" data-widget_type=\"heading.default\">\n\t\t\t\t<div class=\"elementor-widget-container\">\n\t\t\t<h1 class=\"elementor-heading-title elementor-size-default\">M\u00e1quina de enchimento de compota<\/h1>\t\t<\/div>\n\t\t\t\t<\/div>\n\t\t\t\t\t<\/div>\n\t\t<\/div>\n\t\t\t\t<div class=\"elementor-column elementor-col-50 elementor-inner-column elementor-element elementor-element-65804ed9\" data-id=\"65804ed9\" data-element_type=\"column\">\n\t\t\t<div class=\"elementor-widget-wrap elementor-element-populated\">\n\t\t\t\t\t\t<div class=\"elementor-element elementor-element-a03f4fa elementor-align-justify elementor-widget__width-initial quote-btn elementor-widget elementor-widget-button\" data-id=\"a03f4fa\" data-element_type=\"widget\" data-widget_type=\"button.default\">\n\t\t\t\t<div class=\"elementor-widget-container\">\n\t\t\t\t\t<div class=\"elementor-button-wrapper\">\n\t\t\t<a class=\"elementor-button elementor-button-link elementor-size-md\" href=\"#elementor-action%3Aaction%3Dpopup%3Aopen%26settings%3DeyJpZCI6IjExMjQiLCJ0b2dnbGUiOmZhbHNlfQ%3D%3D\" rel=\"nofollow\">\n\t\t\t\t\t\t<span class=\"elementor-button-content-wrapper\">\n\t\t\t\t\t\t\t\t\t<span class=\"elementor-button-text\"><b> Pedir um or\u00e7amento &gt; <\/b><\/span>\n\t\t\t\t\t<\/span>\n\t\t\t\t\t<\/a>\n\t\t<\/div>\n\t\t\t\t<\/div>\n\t\t\t\t<\/div>\n\t\t\t\t\t<\/div>\n\t\t<\/div>\n\t\t\t\t\t<\/div>\n\t\t<\/section>\n\t\t\t\t\t<\/div>\n\t\t<\/div>\n\t\t\t\t\t<\/div>\n\t\t<\/section>\n\t\t\t\t<section class=\"elementor-section elementor-top-section elementor-element elementor-element-21f0078f elementor-section-boxed elementor-section-height-default elementor-section-height-default\" data-id=\"21f0078f\" data-element_type=\"section\">\n\t\t\t\t\t\t<div class=\"elementor-container elementor-column-gap-default\">\n\t\t\t\t\t<div class=\"elementor-column elementor-col-100 elementor-top-column elementor-element elementor-element-5ef6c0c0\" data-id=\"5ef6c0c0\" data-element_type=\"column\">\n\t\t\t<div class=\"elementor-widget-wrap elementor-element-populated\">\n\t\t\t\t\t\t<div class=\"elementor-element elementor-element-1a0b2ae8 elementor-widget elementor-widget-heading\" data-id=\"1a0b2ae8\" data-element_type=\"widget\" data-widget_type=\"heading.default\">\n\t\t\t\t<div class=\"elementor-widget-container\">\n\t\t\t<h2 class=\"elementor-heading-title elementor-size-default\">M\u00e1quina de enchimento de compota em Levapack<\/h2>\t\t<\/div>\n\t\t\t\t<\/div>\n\t\t\t\t<div class=\"elementor-element elementor-element-638ff29f elementor-widget-divider--view-line elementor-widget elementor-widget-divider\" data-id=\"638ff29f\" data-element_type=\"widget\" data-widget_type=\"divider.default\">\n\t\t\t\t<div class=\"elementor-widget-container\">\n\t\t\t\t\t<div class=\"elementor-divider\">\n\t\t\t<span class=\"elementor-divider-separator\">\n\t\t\t\t\t\t<\/span>\n\t\t<\/div>\n\t\t\t\t<\/div>\n\t\t\t\t<\/div>\n\t\t\t\t<section class=\"elementor-section elementor-inner-section elementor-element elementor-element-052ccd5 elementor-section-boxed elementor-section-height-default elementor-section-height-default\" data-id=\"052ccd5\" data-element_type=\"section\">\n\t\t\t\t\t\t<div class=\"elementor-container elementor-column-gap-default\">\n\t\t\t\t\t<div class=\"elementor-column elementor-col-50 elementor-inner-column elementor-element elementor-element-2905633\" data-id=\"2905633\" data-element_type=\"column\">\n\t\t\t<div class=\"elementor-widget-wrap elementor-element-populated\">\n\t\t\t\t\t\t<div class=\"elementor-element elementor-element-4beca7fe elementor-widget elementor-widget-text-editor\" data-id=\"4beca7fe\" data-element_type=\"widget\" data-widget_type=\"text-editor.default\">\n\t\t\t\t<div class=\"elementor-widget-container\">\n\t\t\t\t\t\t\t<p><span data-sheets-value=\"{\" data-sheets-userformat=\"{\">Prev\u00ea-se que o mercado das compotas e geleias cres\u00e7a nos pr\u00f3ximos anos devido \u00e0 evolu\u00e7\u00e3o das prefer\u00eancias dos consumidores, especialmente nas zonas urbanas em desenvolvimento. Agora, est\u00e3o interessados em op\u00e7\u00f5es alimentares mais convenientes que podem consumir em viagem. Al\u00e9m disso, preferem produtos naturais saud\u00e1veis que contenham os mesmos nutrientes que se encontram nos frutos. Este facto pode transformar consideravelmente o mercado das compotas e geleias no futuro.<br \/><\/span><\/p><p><span data-sheets-value=\"{\" data-sheets-userformat=\"{\">Se estiver a trabalhar com embalagens de compota e geleia, precisar\u00e1 de um fabricante de m\u00e1quinas de enchimento de compota que possa cumprir os seus exigentes requisitos de embalagem. <a href=\"https:\/\/www.levapack.com\/pt\/\">Levapack<\/a> \u00e9 uma empresa na China que fornece produtos a pre\u00e7os acess\u00edveis\u00a0<a href=\"https:\/\/www.levapack.com\/pt\/categoria-do-produto\/maquinas-de-enchimento-de-latas\/\" target=\"_blank\" rel=\"noopener\">m\u00e1quinas de enchimento de latas para compota<\/a>. Temos m\u00e1quinas de enchimento de l\u00edquidos viscosos que adoptam a m\u00e1quina de enchimento do tipo pist\u00e3o para encher eficazmente produtos de compota e geleia espessos em v\u00e1rios tamanhos de recipientes. Utilizam a mais avan\u00e7ada tecnologia de automa\u00e7\u00e3o para lhe fornecer m\u00e1quinas mais inteligentes e uma linha de produ\u00e7\u00e3o altamente fi\u00e1vel.<br \/><\/span><\/p><p><span data-sheets-value=\"{\" data-sheets-userformat=\"{\">Escolha a compota personaliz\u00e1vel Levapack <a href=\"https:\/\/www.levapack.com\/pt\/categoria-do-produto\/maquinas-de-tapar-latas\/\">m\u00e1quinas de embalagem para venda<\/a> e garantimos que obter\u00e1 m\u00e1quinas de enchimento de compota e m\u00e1quinas de enchimento de geleia de longa dura\u00e7\u00e3o, sem servi\u00e7os de manuten\u00e7\u00e3o. Entre em contacto connosco agora e obtenha a sua <a href=\"https:\/\/www.levapack.com\/pt\/categoria-do-produto\/maquinas-de-selagem-de-latas\/\">solu\u00e7\u00f5es de embalagem ideais<\/a>!<\/span><\/p>\t\t\t\t\t\t<\/div>\n\t\t\t\t<\/div>\n\t\t\t\t\t<\/div>\n\t\t<\/div>\n\t\t\t\t<div class=\"elementor-column elementor-col-50 elementor-inner-column elementor-element elementor-element-400a7cd\" data-id=\"400a7cd\" data-element_type=\"column\">\n\t\t\t<div class=\"elementor-widget-wrap elementor-element-populated\">\n\t\t\t\t\t\t<div class=\"elementor-element elementor-element-eaf40a3 elementor-widget elementor-widget-image\" data-id=\"eaf40a3\" data-element_type=\"widget\" data-widget_type=\"image.default\">\n\t\t\t\t<div class=\"elementor-widget-container\">\n\t\t\t\t\t\t\t\t\t\t\t\t\t<img fetchpriority=\"high\" decoding=\"async\" width=\"640\" height=\"426\" src=\"https:\/\/www.levapack.com\/wp-content\/uploads\/2021\/05\/jam-1024447_640.jpg\" class=\"attachment-large size-large wp-image-5541\" alt=\"latas de compota\" srcset=\"https:\/\/www.levapack.com\/wp-content\/uploads\/2021\/05\/jam-1024447_640.jpg 640w, https:\/\/www.levapack.com\/wp-content\/uploads\/2021\/05\/jam-1024447_640-300x200.jpg 300w, https:\/\/www.levapack.com\/wp-content\/uploads\/2021\/05\/jam-1024447_640-219x146.jpg 219w, https:\/\/www.levapack.com\/wp-content\/uploads\/2021\/05\/jam-1024447_640-50x33.jpg 50w, https:\/\/www.levapack.com\/wp-content\/uploads\/2021\/05\/jam-1024447_640-113x75.jpg 113w\" sizes=\"(max-width: 640px) 100vw, 640px\" \/>\t\t\t\t\t\t\t\t\t\t\t\t\t<\/div>\n\t\t\t\t<\/div>\n\t\t\t\t\t<\/div>\n\t\t<\/div>\n\t\t\t\t\t<\/div>\n\t\t<\/section>\n\t\t\t\t\t<\/div>\n\t\t<\/div>\n\t\t\t\t\t<\/div>\n\t\t<\/section>\n\t\t\t\t<section class=\"elementor-section elementor-top-section elementor-element elementor-element-5596827f elementor-section-stretched elementor-section-full_width elementor-section-height-default elementor-section-height-default\" data-id=\"5596827f\" data-element_type=\"section\" data-settings=\"{&quot;stretch_section&quot;:&quot;section-stretched&quot;,&quot;background_background&quot;:&quot;classic&quot;}\">\n\t\t\t\t\t\t<div class=\"elementor-container elementor-column-gap-default\">\n\t\t\t\t\t<div class=\"elementor-column elementor-col-100 elementor-top-column elementor-element elementor-element-6cf39527\" data-id=\"6cf39527\" data-element_type=\"column\">\n\t\t\t<div class=\"elementor-widget-wrap elementor-element-populated\">\n\t\t\t\t\t\t<section class=\"elementor-section elementor-inner-section elementor-element elementor-element-6183788 elementor-section-boxed elementor-section-height-default elementor-section-height-default\" data-id=\"6183788\" data-element_type=\"section\">\n\t\t\t\t\t\t<div class=\"elementor-container elementor-column-gap-default\">\n\t\t\t\t\t<div class=\"elementor-column elementor-col-50 elementor-inner-column elementor-element elementor-element-35a1cc1d\" data-id=\"35a1cc1d\" data-element_type=\"column\">\n\t\t\t<div class=\"elementor-widget-wrap elementor-element-populated\">\n\t\t\t\t\t\t<div class=\"elementor-element elementor-element-29efd715 elementor-widget elementor-widget-heading\" data-id=\"29efd715\" data-element_type=\"widget\" data-widget_type=\"heading.default\">\n\t\t\t\t<div class=\"elementor-widget-container\">\n\t\t\t<h2 class=\"elementor-heading-title elementor-size-default\"><a href=\"https:\/\/www.levapack.com\/pt\/item-do-produto\/maquina-de-enchimento-de-liquidos\/\">M\u00e1quina de enchimento de l\u00edquidos<\/a><\/h2>\t\t<\/div>\n\t\t\t\t<\/div>\n\t\t\t\t<div class=\"elementor-element elementor-element-3d7861dd elementor-widget-divider--view-line elementor-widget elementor-widget-divider\" data-id=\"3d7861dd\" data-element_type=\"widget\" data-widget_type=\"divider.default\">\n\t\t\t\t<div class=\"elementor-widget-container\">\n\t\t\t\t\t<div class=\"elementor-divider\">\n\t\t\t<span class=\"elementor-divider-separator\">\n\t\t\t\t\t\t<\/span>\n\t\t<\/div>\n\t\t\t\t<\/div>\n\t\t\t\t<\/div>\n\t\t\t\t<div class=\"elementor-element elementor-element-68af7269 elementor-widget elementor-widget-text-editor\" data-id=\"68af7269\" data-element_type=\"widget\" data-widget_type=\"text-editor.default\">\n\t\t\t\t<div class=\"elementor-widget-container\">\n\t\t\t\t\t\t\t<p class=\"ql-long-22683834\"><span class=\"ql-author-22683834\">Como uma empresa profissional de fabrico de m\u00e1quinas de enchimento de l\u00edquidos, tamb\u00e9m oferecemos esta m\u00e1quina de enchimento autom\u00e1tica feita de a\u00e7o inoxid\u00e1vel resistente \u00e0 corros\u00e3o. As m\u00e1quinas de enchimento de latas e garrafas perfeitas para a ind\u00fastria de bebidas.<\/span><\/p><ul class=\"circle-list\"><li>Modelo: LPE-LFM006<\/li><li>Esta m\u00e1quina de enchimento de l\u00edquidos possui 6 bicos volum\u00e9tricos para uma embalagem eficiente e precisa.<\/li><li>Adequado para encher bebidas e outros l\u00edquidos n\u00e3o carbonatados de fluxo livre em latas redondas de estanho, alum\u00ednio e PET.<\/li><li>Adoptando a tecnologia de automa\u00e7\u00e3o, importando PLC, sensor, componentes pneum\u00e1ticos, a m\u00e1quina \u00e9 eficiente, inteligente, com ampla adaptabilidade e boa estabilidade.<\/li><\/ul><p>\u00a0<\/p>\t\t\t\t\t\t<\/div>\n\t\t\t\t<\/div>\n\t\t\t\t<div class=\"elementor-element elementor-element-689914a elementor-widget__width-initial quote-btn elementor-widget elementor-widget-button\" data-id=\"689914a\" data-element_type=\"widget\" data-widget_type=\"button.default\">\n\t\t\t\t<div class=\"elementor-widget-container\">\n\t\t\t\t\t<div class=\"elementor-button-wrapper\">\n\t\t\t<a class=\"elementor-button elementor-button-link elementor-size-sm\" href=\"#elementor-action%3Aaction%3Dpopup%3Aopen%26settings%3DeyJpZCI6IjExMjMiLCJ0b2dnbGUiOmZhbHNlfQ%3D%3D\" rel=\"nofollow\">\n\t\t\t\t\t\t<span class=\"elementor-button-content-wrapper\">\n\t\t\t\t\t\t\t\t\t<span class=\"elementor-button-text\">Inqu\u00e9rito<\/span>\n\t\t\t\t\t<\/span>\n\t\t\t\t\t<\/a>\n\t\t<\/div>\n\t\t\t\t<\/div>\n\t\t\t\t<\/div>\n\t\t\t\t<div class=\"elementor-element elementor-element-2fcc49ca elementor-widget__width-auto elementor-widget elementor-widget-button\" data-id=\"2fcc49ca\" data-element_type=\"widget\" data-widget_type=\"button.default\">\n\t\t\t\t<div class=\"elementor-widget-container\">\n\t\t\t\t\t<div class=\"elementor-button-wrapper\">\n\t\t\t<a class=\"elementor-button elementor-button-link elementor-size-sm\" href=\"https:\/\/www.levapack.com\/pt\/item-do-produto\/maquina-de-enchimento-de-liquidos\/\">\n\t\t\t\t\t\t<span class=\"elementor-button-content-wrapper\">\n\t\t\t\t\t\t\t\t\t<span class=\"elementor-button-text\">Ver mais<\/span>\n\t\t\t\t\t<\/span>\n\t\t\t\t\t<\/a>\n\t\t<\/div>\n\t\t\t\t<\/div>\n\t\t\t\t<\/div>\n\t\t\t\t\t<\/div>\n\t\t<\/div>\n\t\t\t\t<div class=\"elementor-column elementor-col-50 elementor-inner-column elementor-element elementor-element-47ea7764\" data-id=\"47ea7764\" data-element_type=\"column\">\n\t\t\t<div class=\"elementor-widget-wrap elementor-element-populated\">\n\t\t\t\t\t\t<div class=\"elementor-element elementor-element-f6a52e7 elementor-widget elementor-widget-image\" data-id=\"f6a52e7\" data-element_type=\"widget\" data-widget_type=\"image.default\">\n\t\t\t\t<div class=\"elementor-widget-container\">\n\t\t\t\t\t\t\t\t\t\t\t\t\t\t<a href=\"https:\/\/www.levapack.com\/pt\/item-do-produto\/maquina-de-enchimento-de-liquidos\/\">\n\t\t\t\t\t\t\t<img decoding=\"async\" width=\"579\" height=\"465\" src=\"https:\/\/www.levapack.com\/wp-content\/uploads\/2020\/02\/Liquid-filling-machine.jpg\" class=\"attachment-large size-large wp-image-1114\" alt=\"M\u00e1quina de enchimento de l\u00edquidos\" srcset=\"https:\/\/www.levapack.com\/wp-content\/uploads\/2020\/02\/Liquid-filling-machine.jpg 579w, https:\/\/www.levapack.com\/wp-content\/uploads\/2020\/02\/Liquid-filling-machine-300x241.jpg 300w, https:\/\/www.levapack.com\/wp-content\/uploads\/2020\/02\/Liquid-filling-machine-182x146.jpg 182w, https:\/\/www.levapack.com\/wp-content\/uploads\/2020\/02\/Liquid-filling-machine-50x40.jpg 50w, https:\/\/www.levapack.com\/wp-content\/uploads\/2020\/02\/Liquid-filling-machine-93x75.jpg 93w\" sizes=\"(max-width: 579px) 100vw, 579px\" \/>\t\t\t\t\t\t\t\t<\/a>\n\t\t\t\t\t\t\t\t\t\t\t\t\t<\/div>\n\t\t\t\t<\/div>\n\t\t\t\t\t<\/div>\n\t\t<\/div>\n\t\t\t\t\t<\/div>\n\t\t<\/section>\n\t\t\t\t\t<\/div>\n\t\t<\/div>\n\t\t\t\t\t<\/div>\n\t\t<\/section>\n\t\t\t\t<section class=\"elementor-section elementor-top-section elementor-element elementor-element-9001ae2 elementor-section-stretched elementor-section-full_width elementor-section-height-default elementor-section-height-default\" data-id=\"9001ae2\" data-element_type=\"section\" data-settings=\"{&quot;stretch_section&quot;:&quot;section-stretched&quot;,&quot;background_background&quot;:&quot;classic&quot;}\">\n\t\t\t\t\t\t<div class=\"elementor-container elementor-column-gap-default\">\n\t\t\t\t\t<div class=\"elementor-column elementor-col-100 elementor-top-column elementor-element elementor-element-63d02caa\" data-id=\"63d02caa\" data-element_type=\"column\">\n\t\t\t<div class=\"elementor-widget-wrap elementor-element-populated\">\n\t\t\t\t\t\t<section class=\"elementor-section elementor-inner-section elementor-element elementor-element-624d1cdc elementor-section-boxed elementor-section-height-default elementor-section-height-default\" data-id=\"624d1cdc\" data-element_type=\"section\">\n\t\t\t\t\t\t<div class=\"elementor-container elementor-column-gap-default\">\n\t\t\t\t\t<div class=\"elementor-column elementor-col-50 elementor-inner-column elementor-element elementor-element-454e3801\" data-id=\"454e3801\" data-element_type=\"column\">\n\t\t\t<div class=\"elementor-widget-wrap elementor-element-populated\">\n\t\t\t\t\t\t<div class=\"elementor-element elementor-element-6b7e0ae1 elementor-widget elementor-widget-image\" data-id=\"6b7e0ae1\" data-element_type=\"widget\" data-widget_type=\"image.default\">\n\t\t\t\t<div class=\"elementor-widget-container\">\n\t\t\t\t\t\t\t\t\t\t\t\t\t\t<a href=\"https:\/\/www.levapack.com\/pt\/item-do-produto\/maquina-de-enchimento-de-liquidos-viscosos\/\">\n\t\t\t\t\t\t\t<img decoding=\"async\" width=\"579\" height=\"465\" src=\"https:\/\/www.levapack.com\/wp-content\/uploads\/2020\/02\/Viscous-liquid-filling-machine.jpg\" class=\"attachment-large size-large wp-image-1115\" alt=\"M\u00e1quina de enchimento de l\u00edquidos viscosos\" srcset=\"https:\/\/www.levapack.com\/wp-content\/uploads\/2020\/02\/Viscous-liquid-filling-machine.jpg 579w, https:\/\/www.levapack.com\/wp-content\/uploads\/2020\/02\/Viscous-liquid-filling-machine-300x241.jpg 300w, https:\/\/www.levapack.com\/wp-content\/uploads\/2020\/02\/Viscous-liquid-filling-machine-182x146.jpg 182w, https:\/\/www.levapack.com\/wp-content\/uploads\/2020\/02\/Viscous-liquid-filling-machine-50x40.jpg 50w, https:\/\/www.levapack.com\/wp-content\/uploads\/2020\/02\/Viscous-liquid-filling-machine-93x75.jpg 93w\" sizes=\"(max-width: 579px) 100vw, 579px\" \/>\t\t\t\t\t\t\t\t<\/a>\n\t\t\t\t\t\t\t\t\t\t\t\t\t<\/div>\n\t\t\t\t<\/div>\n\t\t\t\t\t<\/div>\n\t\t<\/div>\n\t\t\t\t<div class=\"elementor-column elementor-col-50 elementor-inner-column elementor-element elementor-element-3870c590\" data-id=\"3870c590\" data-element_type=\"column\">\n\t\t\t<div class=\"elementor-widget-wrap elementor-element-populated\">\n\t\t\t\t\t\t<div class=\"elementor-element elementor-element-68f26268 elementor-widget elementor-widget-heading\" data-id=\"68f26268\" data-element_type=\"widget\" data-widget_type=\"heading.default\">\n\t\t\t\t<div class=\"elementor-widget-container\">\n\t\t\t<h2 class=\"elementor-heading-title elementor-size-default\"><a href=\"https:\/\/www.levapack.com\/pt\/item-do-produto\/maquina-de-enchimento-de-liquidos-viscosos\/\">M\u00e1quina de enchimento de l\u00edquidos viscosos<\/a><\/h2>\t\t<\/div>\n\t\t\t\t<\/div>\n\t\t\t\t<div class=\"elementor-element elementor-element-51f47672 elementor-widget-divider--view-line elementor-widget elementor-widget-divider\" data-id=\"51f47672\" data-element_type=\"widget\" data-widget_type=\"divider.default\">\n\t\t\t\t<div class=\"elementor-widget-container\">\n\t\t\t\t\t<div class=\"elementor-divider\">\n\t\t\t<span class=\"elementor-divider-separator\">\n\t\t\t\t\t\t<\/span>\n\t\t<\/div>\n\t\t\t\t<\/div>\n\t\t\t\t<\/div>\n\t\t\t\t<div class=\"elementor-element elementor-element-618eb32b elementor-widget elementor-widget-text-editor\" data-id=\"618eb32b\" data-element_type=\"widget\" data-widget_type=\"text-editor.default\">\n\t\t\t\t<div class=\"elementor-widget-container\">\n\t\t\t\t\t\t\t<p class=\"ql-long-22683834\"><span class=\"ql-author-22683834\">A m\u00e1quina de enchimento de l\u00edquidos que tem o melhor desempenho para l\u00edquidos especiais. Amplamente utilizado em alimentos, \u00f3leo comest\u00edvel, medicamentos, produtos qu\u00edmicos di\u00e1rios, pesticidas e outras ind\u00fastrias.<\/span><\/p><ul class=\"circle-list\"><li>Modelo: LPE-VFM006<\/li><li>Tipo de enchimento de pist\u00e3o, cilindro de pist\u00e3o com cilindro de medi\u00e7\u00e3o de baixo desgaste, veda\u00e7\u00e3o de pist\u00e3o auto-compensadora de longa dura\u00e7\u00e3o, sem manuten\u00e7\u00e3o ao longo da vida.<\/li><li>PLC importado com interface homem-m\u00e1quina, adequado para encher v\u00e1rios produtos de viscosidade, desde \u00e1gua a natas, amplamente utilizado em pasta de tomate, molho de chili, molho de carne, mel e outros materiais em pasta e materiais com pouca fluidez.<\/li><\/ul><p class=\"ql-long-22683834\">\u00a0<\/p>\t\t\t\t\t\t<\/div>\n\t\t\t\t<\/div>\n\t\t\t\t<div class=\"elementor-element elementor-element-32e5de49 elementor-widget__width-initial quote-btn elementor-widget elementor-widget-button\" data-id=\"32e5de49\" data-element_type=\"widget\" data-widget_type=\"button.default\">\n\t\t\t\t<div class=\"elementor-widget-container\">\n\t\t\t\t\t<div class=\"elementor-button-wrapper\">\n\t\t\t<a class=\"elementor-button elementor-button-link elementor-size-sm\" href=\"#elementor-action%3Aaction%3Dpopup%3Aopen%26settings%3DeyJpZCI6IjExMjMiLCJ0b2dnbGUiOmZhbHNlfQ%3D%3D\" rel=\"nofollow\">\n\t\t\t\t\t\t<span class=\"elementor-button-content-wrapper\">\n\t\t\t\t\t\t\t\t\t<span class=\"elementor-button-text\">Inqu\u00e9rito<\/span>\n\t\t\t\t\t<\/span>\n\t\t\t\t\t<\/a>\n\t\t<\/div>\n\t\t\t\t<\/div>\n\t\t\t\t<\/div>\n\t\t\t\t<div class=\"elementor-element elementor-element-33ccdac8 elementor-widget__width-auto elementor-widget elementor-widget-button\" data-id=\"33ccdac8\" data-element_type=\"widget\" data-widget_type=\"button.default\">\n\t\t\t\t<div class=\"elementor-widget-container\">\n\t\t\t\t\t<div class=\"elementor-button-wrapper\">\n\t\t\t<a class=\"elementor-button elementor-button-link elementor-size-sm\" href=\"https:\/\/www.levapack.com\/pt\/item-do-produto\/maquina-de-enchimento-de-liquidos-viscosos\/\">\n\t\t\t\t\t\t<span class=\"elementor-button-content-wrapper\">\n\t\t\t\t\t\t\t\t\t<span class=\"elementor-button-text\">Ver mais<\/span>\n\t\t\t\t\t<\/span>\n\t\t\t\t\t<\/a>\n\t\t<\/div>\n\t\t\t\t<\/div>\n\t\t\t\t<\/div>\n\t\t\t\t\t<\/div>\n\t\t<\/div>\n\t\t\t\t\t<\/div>\n\t\t<\/section>\n\t\t\t\t\t<\/div>\n\t\t<\/div>\n\t\t\t\t\t<\/div>\n\t\t<\/section>\n\t\t\t\t<\/div>","protected":false},"excerpt":{"rendered":"<p>M\u00e1quina de enchimento de compota Pedir or\u00e7amento &gt; M\u00e1quina de enchimento de compota em Levapack Prev\u00ea-se que o mercado de compota e geleia cres\u00e7a nos pr\u00f3ximos anos<span class=\"excerpt-hellip\"> [...]<\/span><\/p>","protected":false},"author":1,"featured_media":0,"parent":0,"menu_order":0,"comment_status":"closed","ping_status":"closed","template":"","meta":{"_seopress_robots_primary_cat":"","_seopress_titles_title":"Jam Filling Machine, Jam Packaging Machine - Levapack","_seopress_titles_desc":"Looking for Jam filling machine for your applications? Levapack supplies the best canning machines for sale. Choose the right one for you!","_seopress_robots_index":"","footnotes":""},"class_list":["post-1411","page","type-page","status-publish","hentry"],"acf":[],"_links":{"self":[{"href":"https:\/\/www.levapack.com\/pt\/wp-json\/wp\/v2\/pages\/1411","targetHints":{"allow":["GET"]}}],"collection":[{"href":"https:\/\/www.levapack.com\/pt\/wp-json\/wp\/v2\/pages"}],"about":[{"href":"https:\/\/www.levapack.com\/pt\/wp-json\/wp\/v2\/types\/page"}],"author":[{"embeddable":true,"href":"https:\/\/www.levapack.com\/pt\/wp-json\/wp\/v2\/users\/1"}],"replies":[{"embeddable":true,"href":"https:\/\/www.levapack.com\/pt\/wp-json\/wp\/v2\/comments?post=1411"}],"version-history":[{"count":15,"href":"https:\/\/www.levapack.com\/pt\/wp-json\/wp\/v2\/pages\/1411\/revisions"}],"predecessor-version":[{"id":53091,"href":"https:\/\/www.levapack.com\/pt\/wp-json\/wp\/v2\/pages\/1411\/revisions\/53091"}],"wp:attachment":[{"href":"https:\/\/www.levapack.com\/pt\/wp-json\/wp\/v2\/media?parent=1411"}],"curies":[{"name":"wp","href":"https:\/\/api.w.org\/{rel}","templated":true}]}}