{"id":1459,"date":"2020-02-24T06:17:13","date_gmt":"2020-02-24T06:17:13","guid":{"rendered":"https:\/\/www.levapack.com\/?page_id=1459"},"modified":"2022-10-11T14:12:28","modified_gmt":"2022-10-11T14:12:28","slug":"macchina-per-sigillare-la-panna","status":"publish","type":"page","link":"https:\/\/www.levapack.com\/it\/macchina-per-sigillare-la-panna\/","title":{"rendered":"Macchina per sigillare la panna"},"content":{"rendered":"<div data-elementor-type=\"wp-page\" data-elementor-id=\"1459\" class=\"elementor elementor-1459\" data-elementor-post-type=\"page\">\n\t\t\t\t\t\t<section class=\"elementor-section elementor-top-section elementor-element elementor-element-45b399ed elementor-section-stretched elementor-section-full_width elementor-section-height-min-height elementor-section-height-default elementor-section-items-middle\" data-id=\"45b399ed\" data-element_type=\"section\" data-settings=\"{&quot;stretch_section&quot;:&quot;section-stretched&quot;,&quot;background_background&quot;:&quot;slideshow&quot;,&quot;background_slideshow_gallery&quot;:[{&quot;id&quot;:888,&quot;url&quot;:&quot;https:\\\/\\\/www.levapack.com\\\/wp-content\\\/uploads\\\/2020\\\/01\\\/359099cbad1234a8dcee2c681d24807.jpg&quot;}],&quot;background_slideshow_loop&quot;:&quot;yes&quot;,&quot;background_slideshow_slide_duration&quot;:5000,&quot;background_slideshow_slide_transition&quot;:&quot;fade&quot;,&quot;background_slideshow_transition_duration&quot;:500}\">\n\t\t\t\t\t\t<div class=\"elementor-container elementor-column-gap-default\">\n\t\t\t\t\t<div class=\"elementor-column elementor-col-100 elementor-top-column elementor-element elementor-element-643e214e\" data-id=\"643e214e\" data-element_type=\"column\">\n\t\t\t<div class=\"elementor-widget-wrap elementor-element-populated\">\n\t\t\t\t\t\t<section class=\"elementor-section elementor-inner-section elementor-element elementor-element-292593ab elementor-section-full_width elementor-section-height-default elementor-section-height-default\" data-id=\"292593ab\" data-element_type=\"section\">\n\t\t\t\t\t\t<div class=\"elementor-container elementor-column-gap-default\">\n\t\t\t\t\t<div class=\"elementor-column elementor-col-50 elementor-inner-column elementor-element elementor-element-5ca78127\" data-id=\"5ca78127\" data-element_type=\"column\">\n\t\t\t<div class=\"elementor-widget-wrap elementor-element-populated\">\n\t\t\t\t\t\t<div class=\"elementor-element elementor-element-672933d4 elementor-widget elementor-widget-heading\" data-id=\"672933d4\" data-element_type=\"widget\" data-widget_type=\"heading.default\">\n\t\t\t\t<div class=\"elementor-widget-container\">\n\t\t\t<h1 class=\"elementor-heading-title elementor-size-default\">Macchina per sigillare la panna<\/h1>\t\t<\/div>\n\t\t\t\t<\/div>\n\t\t\t\t\t<\/div>\n\t\t<\/div>\n\t\t\t\t<div class=\"elementor-column elementor-col-50 elementor-inner-column elementor-element elementor-element-25de18c0\" data-id=\"25de18c0\" data-element_type=\"column\">\n\t\t\t<div class=\"elementor-widget-wrap elementor-element-populated\">\n\t\t\t\t\t\t<div class=\"elementor-element elementor-element-382c33b1 elementor-align-justify elementor-widget__width-initial quote-btn elementor-widget elementor-widget-button\" data-id=\"382c33b1\" data-element_type=\"widget\" data-widget_type=\"button.default\">\n\t\t\t\t<div class=\"elementor-widget-container\">\n\t\t\t\t\t<div class=\"elementor-button-wrapper\">\n\t\t\t<a class=\"elementor-button elementor-button-link elementor-size-md\" href=\"#elementor-action%3Aaction%3Dpopup%3Aopen%26settings%3DeyJpZCI6IjExMjMiLCJ0b2dnbGUiOmZhbHNlfQ%3D%3D\" rel=\"nofollow\">\n\t\t\t\t\t\t<span class=\"elementor-button-content-wrapper\">\n\t\t\t\t\t\t\t\t\t<span class=\"elementor-button-text\"><b> Richiedi un preventivo &gt; <\/b><\/span>\n\t\t\t\t\t<\/span>\n\t\t\t\t\t<\/a>\n\t\t<\/div>\n\t\t\t\t<\/div>\n\t\t\t\t<\/div>\n\t\t\t\t\t<\/div>\n\t\t<\/div>\n\t\t\t\t\t<\/div>\n\t\t<\/section>\n\t\t\t\t\t<\/div>\n\t\t<\/div>\n\t\t\t\t\t<\/div>\n\t\t<\/section>\n\t\t\t\t<section class=\"elementor-section elementor-top-section elementor-element elementor-element-1131d930 elementor-section-boxed elementor-section-height-default elementor-section-height-default\" data-id=\"1131d930\" data-element_type=\"section\">\n\t\t\t\t\t\t<div class=\"elementor-container elementor-column-gap-default\">\n\t\t\t\t\t<div class=\"elementor-column elementor-col-100 elementor-top-column elementor-element elementor-element-6c979380\" data-id=\"6c979380\" data-element_type=\"column\">\n\t\t\t<div class=\"elementor-widget-wrap elementor-element-populated\">\n\t\t\t\t\t\t<div class=\"elementor-element elementor-element-4d52ae44 elementor-widget elementor-widget-heading\" data-id=\"4d52ae44\" data-element_type=\"widget\" data-widget_type=\"heading.default\">\n\t\t\t\t<div class=\"elementor-widget-container\">\n\t\t\t<h2 class=\"elementor-heading-title elementor-size-default\">Macchina per sigillare la panna in Levapack<\/h2>\t\t<\/div>\n\t\t\t\t<\/div>\n\t\t\t\t<div class=\"elementor-element elementor-element-1d6f7ad7 elementor-widget-divider--view-line elementor-widget elementor-widget-divider\" data-id=\"1d6f7ad7\" data-element_type=\"widget\" data-widget_type=\"divider.default\">\n\t\t\t\t<div class=\"elementor-widget-container\">\n\t\t\t\t\t<div class=\"elementor-divider\">\n\t\t\t<span class=\"elementor-divider-separator\">\n\t\t\t\t\t\t<\/span>\n\t\t<\/div>\n\t\t\t\t<\/div>\n\t\t\t\t<\/div>\n\t\t\t\t<div class=\"elementor-element elementor-element-7ebc7a63 elementor-widget elementor-widget-text-editor\" data-id=\"7ebc7a63\" data-element_type=\"widget\" data-widget_type=\"text-editor.default\">\n\t\t\t\t<div class=\"elementor-widget-container\">\n\t\t\t\t\t\t\t<p><span data-sheets-value=\"{\" data-sheets-userformat=\"{\">Molti consumatori utilizzano prodotti cosmetici in crema, soprattutto nei paesi asiatici, il che ha portato a una rapida crescita del settore. Poich\u00e9 ci sono molti marchi che competono per un posto sugli scaffali, l'unico modo in cui il vostro marchio pu\u00f2 superarli \u00e8 creare una confezione attraente ed ermetica. Le macchine sigillatrici per barattoli di crema possono aiutarvi a svolgere facilmente questo compito.<br \/><\/span><\/p><p><span data-sheets-value=\"{\" data-sheets-userformat=\"{\">Come una nota crema <a href=\"https:\/\/www.levapack.com\/it\/categoria-di-prodotto\/macchine-per-il-riempimento-di-lattine\/\">macchina per l'imballaggio delle lattine<\/a>\u00a0produttore in Cina, <a href=\"https:\/\/www.levapack.com\/it\/\">Levapack<\/a> \u00e8 in grado di fornirvi soluzioni di confezionamento di lattine a prezzi ragionevoli per le vostre applicazioni specifiche. Le macchine per l'aggraffatura delle lattine di crema della nostra azienda sono dotate della pi\u00f9 recente tecnologia di automazione per ottimizzare efficacemente le vostre linee di produzione. Sono in grado di sigillare in modo coerente ed efficiente i vostri barattoli per produrre cuciture a prova di perdite. Garantendo cos\u00ec la qualit\u00e0 dei vostri prodotti.<br \/><\/span><\/p><p><span data-sheets-value=\"{\" data-sheets-userformat=\"{\">Lasciate che vi aiutiamo a realizzare una linea di produzione pi\u00f9 intelligente ed economica scegliendo i nostri prodotti durevoli.<a href=\"https:\/\/www.levapack.com\/it\/categoria-di-prodotto\/macchine-per-la-sigillatura-delle-lattine\/\" target=\"_blank\" rel=\"noopener\"> macchine per la sigillatura delle lattine<\/a> per la crema. Abbiamo testato le nostre confezionatrici su vari parametri di qualit\u00e0 per garantirne l'efficienza. Contattateci subito e lasciate che vi aiutiamo a sviluppare un sistema ideale di confezionamento. <a href=\"https:\/\/www.levapack.com\/it\/categoria-di-prodotto\/macchine-tappatrici-per-lattine\/\">soluzione di imballaggio<\/a> per le esigenze specifiche della vostra azienda!<br \/><\/span><\/p>\t\t\t\t\t\t<\/div>\n\t\t\t\t<\/div>\n\t\t\t\t\t<\/div>\n\t\t<\/div>\n\t\t\t\t\t<\/div>\n\t\t<\/section>\n\t\t\t\t<section class=\"elementor-section elementor-top-section elementor-element elementor-element-a70d036 elementor-section-stretched elementor-section-full_width elementor-section-height-default elementor-section-height-default\" data-id=\"a70d036\" data-element_type=\"section\" data-settings=\"{&quot;stretch_section&quot;:&quot;section-stretched&quot;,&quot;background_background&quot;:&quot;classic&quot;}\">\n\t\t\t\t\t\t<div class=\"elementor-container elementor-column-gap-default\">\n\t\t\t\t\t<div class=\"elementor-column elementor-col-100 elementor-top-column elementor-element elementor-element-71d86ad5\" data-id=\"71d86ad5\" data-element_type=\"column\">\n\t\t\t<div class=\"elementor-widget-wrap elementor-element-populated\">\n\t\t\t\t\t\t<section class=\"elementor-section elementor-inner-section elementor-element elementor-element-5841f010 elementor-section-boxed elementor-section-height-default elementor-section-height-default\" data-id=\"5841f010\" data-element_type=\"section\">\n\t\t\t\t\t\t<div class=\"elementor-container elementor-column-gap-default\">\n\t\t\t\t\t<div class=\"elementor-column elementor-col-50 elementor-inner-column elementor-element elementor-element-5ced8bf5\" data-id=\"5ced8bf5\" data-element_type=\"column\">\n\t\t\t<div class=\"elementor-widget-wrap elementor-element-populated\">\n\t\t\t\t\t\t<div class=\"elementor-element elementor-element-3a3f0035 elementor-widget elementor-widget-image\" data-id=\"3a3f0035\" data-element_type=\"widget\" data-widget_type=\"image.default\">\n\t\t\t\t<div class=\"elementor-widget-container\">\n\t\t\t\t\t\t\t\t\t\t\t\t\t\t<a href=\"https:\/\/www.levapack.com\/it\/prodotto-articolo\/macchina-per-la-sigillatura-ad-induzione-del-foglio-di-alluminio-per-il-tappo-a-vite\/\">\n\t\t\t\t\t\t\t<img fetchpriority=\"high\" decoding=\"async\" width=\"400\" height=\"316\" src=\"https:\/\/www.levapack.com\/wp-content\/uploads\/2018\/09\/s03-img-03.png\" class=\"attachment-large size-large wp-image-349\" alt=\"Macchina sigillante ad induzione del foglio di alluminio per il tappo a vite\" srcset=\"https:\/\/www.levapack.com\/wp-content\/uploads\/2018\/09\/s03-img-03.png 400w, https:\/\/www.levapack.com\/wp-content\/uploads\/2018\/09\/s03-img-03-300x237.png 300w, https:\/\/www.levapack.com\/wp-content\/uploads\/2018\/09\/s03-img-03-185x146.png 185w, https:\/\/www.levapack.com\/wp-content\/uploads\/2018\/09\/s03-img-03-50x40.png 50w, https:\/\/www.levapack.com\/wp-content\/uploads\/2018\/09\/s03-img-03-95x75.png 95w\" sizes=\"(max-width: 400px) 100vw, 400px\" \/>\t\t\t\t\t\t\t\t<\/a>\n\t\t\t\t\t\t\t\t\t\t\t\t\t<\/div>\n\t\t\t\t<\/div>\n\t\t\t\t\t<\/div>\n\t\t<\/div>\n\t\t\t\t<div class=\"elementor-column elementor-col-50 elementor-inner-column elementor-element elementor-element-1f0e2610\" data-id=\"1f0e2610\" data-element_type=\"column\">\n\t\t\t<div class=\"elementor-widget-wrap elementor-element-populated\">\n\t\t\t\t\t\t<div class=\"elementor-element elementor-element-2bc63674 elementor-widget elementor-widget-heading\" data-id=\"2bc63674\" data-element_type=\"widget\" data-widget_type=\"heading.default\">\n\t\t\t\t<div class=\"elementor-widget-container\">\n\t\t\t<h2 class=\"elementor-heading-title elementor-size-default\"><a href=\"https:\/\/www.levapack.com\/it\/prodotto-articolo\/macchina-per-la-sigillatura-ad-induzione-del-foglio-di-alluminio-per-il-tappo-a-vite\/\">Macchina sigillante ad induzione del foglio di alluminio per il tappo a vite<\/a><\/h2>\t\t<\/div>\n\t\t\t\t<\/div>\n\t\t\t\t<div class=\"elementor-element elementor-element-722bf914 elementor-widget-divider--view-line elementor-widget elementor-widget-divider\" data-id=\"722bf914\" data-element_type=\"widget\" data-widget_type=\"divider.default\">\n\t\t\t\t<div class=\"elementor-widget-container\">\n\t\t\t\t\t<div class=\"elementor-divider\">\n\t\t\t<span class=\"elementor-divider-separator\">\n\t\t\t\t\t\t<\/span>\n\t\t<\/div>\n\t\t\t\t<\/div>\n\t\t\t\t<\/div>\n\t\t\t\t<div class=\"elementor-element elementor-element-331bb124 elementor-widget elementor-widget-text-editor\" data-id=\"331bb124\" data-element_type=\"widget\" data-widget_type=\"text-editor.default\">\n\t\t\t\t<div class=\"elementor-widget-container\">\n\t\t\t\t\t\t\t<p>La nostra fabbrica produce anche la pi\u00f9 efficiente macchina sigillatrice per tappi a vite. Velocit\u00e0 di saldatura elevata, adatta alla produzione di grandi volumi per diversi settori industriali. Lo stile della testa di saldatura pu\u00f2 essere personalizzato in base al campione di bottiglia del cliente.<\/p><ul class=\"circle-list\"><li>Modello: LPE-FIS100<\/li><li>Display digitale della tensione e della corrente di lavoro, intuitivo e chiaro.<\/li><li>Regolazione a manopola, interruttore a pulsante, facile da usare.<\/li><li>Protezione automatica da sovracorrente e sovratensione, sicura e affidabile.<\/li><li>La testa di tenuta adotta una regolazione di sollevamento a volantino, facile da usare.<\/li><\/ul><p>\u00a0<\/p>\t\t\t\t\t\t<\/div>\n\t\t\t\t<\/div>\n\t\t\t\t<div class=\"elementor-element elementor-element-419457a9 elementor-widget__width-initial quote-btn elementor-widget elementor-widget-button\" data-id=\"419457a9\" data-element_type=\"widget\" data-widget_type=\"button.default\">\n\t\t\t\t<div class=\"elementor-widget-container\">\n\t\t\t\t\t<div class=\"elementor-button-wrapper\">\n\t\t\t<a class=\"elementor-button elementor-button-link elementor-size-sm\" href=\"#elementor-action%3Aaction%3Dpopup%3Aopen%26settings%3DeyJpZCI6IjExMjQiLCJ0b2dnbGUiOmZhbHNlfQ%3D%3D\" rel=\"nofollow\">\n\t\t\t\t\t\t<span class=\"elementor-button-content-wrapper\">\n\t\t\t\t\t\t\t\t\t<span class=\"elementor-button-text\">Richiesta di informazioni<\/span>\n\t\t\t\t\t<\/span>\n\t\t\t\t\t<\/a>\n\t\t<\/div>\n\t\t\t\t<\/div>\n\t\t\t\t<\/div>\n\t\t\t\t<div class=\"elementor-element elementor-element-51beeeba elementor-widget__width-auto elementor-widget elementor-widget-button\" data-id=\"51beeeba\" data-element_type=\"widget\" data-widget_type=\"button.default\">\n\t\t\t\t<div class=\"elementor-widget-container\">\n\t\t\t\t\t<div class=\"elementor-button-wrapper\">\n\t\t\t<a class=\"elementor-button elementor-button-link elementor-size-sm\" href=\"https:\/\/www.levapack.com\/it\/prodotto-articolo\/macchina-per-la-sigillatura-ad-induzione-del-foglio-di-alluminio-per-il-tappo-a-vite\/\">\n\t\t\t\t\t\t<span class=\"elementor-button-content-wrapper\">\n\t\t\t\t\t\t\t\t\t<span class=\"elementor-button-text\">Per saperne di pi\u00f9<\/span>\n\t\t\t\t\t<\/span>\n\t\t\t\t\t<\/a>\n\t\t<\/div>\n\t\t\t\t<\/div>\n\t\t\t\t<\/div>\n\t\t\t\t\t<\/div>\n\t\t<\/div>\n\t\t\t\t\t<\/div>\n\t\t<\/section>\n\t\t\t\t\t<\/div>\n\t\t<\/div>\n\t\t\t\t\t<\/div>\n\t\t<\/section>\n\t\t\t\t<\/div>","protected":false},"excerpt":{"rendered":"<p>Macchina per sigillare la crema Richiedi un preventivo &gt; Home Macchina per sigillare la crema in Levapack Molti consumatori utilizzano prodotti cosmetici a base di crema, soprattutto nei paesi asiatici.<span class=\"excerpt-hellip\"> [...]<\/span><\/p>","protected":false},"author":1,"featured_media":0,"parent":0,"menu_order":0,"comment_status":"closed","ping_status":"closed","template":"","meta":{"_seopress_robots_primary_cat":"","_seopress_titles_title":"Cream Sealing Machine, Cosmetic Seaming Machine - Levapack","_seopress_titles_desc":"Looking for Cream sealing machine for your applications? Levapack supplies the best can seamer machines for sale. Choose the right one for you!","_seopress_robots_index":"","footnotes":""},"class_list":["post-1459","page","type-page","status-publish","hentry"],"acf":[],"_links":{"self":[{"href":"https:\/\/www.levapack.com\/it\/wp-json\/wp\/v2\/pages\/1459","targetHints":{"allow":["GET"]}}],"collection":[{"href":"https:\/\/www.levapack.com\/it\/wp-json\/wp\/v2\/pages"}],"about":[{"href":"https:\/\/www.levapack.com\/it\/wp-json\/wp\/v2\/types\/page"}],"author":[{"embeddable":true,"href":"https:\/\/www.levapack.com\/it\/wp-json\/wp\/v2\/users\/1"}],"replies":[{"embeddable":true,"href":"https:\/\/www.levapack.com\/it\/wp-json\/wp\/v2\/comments?post=1459"}],"version-history":[{"count":12,"href":"https:\/\/www.levapack.com\/it\/wp-json\/wp\/v2\/pages\/1459\/revisions"}],"predecessor-version":[{"id":11913,"href":"https:\/\/www.levapack.com\/it\/wp-json\/wp\/v2\/pages\/1459\/revisions\/11913"}],"wp:attachment":[{"href":"https:\/\/www.levapack.com\/it\/wp-json\/wp\/v2\/media?parent=1459"}],"curies":[{"name":"wp","href":"https:\/\/api.w.org\/{rel}","templated":true}]}}