{"id":1455,"date":"2020-02-24T06:14:49","date_gmt":"2020-02-24T06:14:49","guid":{"rendered":"https:\/\/www.levapack.com\/?page_id=1455"},"modified":"2022-10-11T14:07:11","modified_gmt":"2022-10-11T14:07:11","slug":"macchina-per-sigillare-il-latte-in-polvere","status":"publish","type":"page","link":"https:\/\/www.levapack.com\/it\/macchina-per-sigillare-il-latte-in-polvere\/","title":{"rendered":"Macchina sigillatrice del latte in polvere"},"content":{"rendered":"<div data-elementor-type=\"wp-page\" data-elementor-id=\"1455\" class=\"elementor elementor-1455\" data-elementor-post-type=\"page\">\n\t\t\t\t\t\t<section class=\"elementor-section elementor-top-section elementor-element elementor-element-28a0f9b8 elementor-section-stretched elementor-section-full_width elementor-section-height-min-height elementor-section-height-default elementor-section-items-middle\" data-id=\"28a0f9b8\" data-element_type=\"section\" data-settings=\"{&quot;stretch_section&quot;:&quot;section-stretched&quot;,&quot;background_background&quot;:&quot;slideshow&quot;,&quot;background_slideshow_gallery&quot;:[{&quot;id&quot;:888,&quot;url&quot;:&quot;https:\\\/\\\/www.levapack.com\\\/wp-content\\\/uploads\\\/2020\\\/01\\\/359099cbad1234a8dcee2c681d24807.jpg&quot;}],&quot;background_slideshow_loop&quot;:&quot;yes&quot;,&quot;background_slideshow_slide_duration&quot;:5000,&quot;background_slideshow_slide_transition&quot;:&quot;fade&quot;,&quot;background_slideshow_transition_duration&quot;:500}\">\n\t\t\t\t\t\t<div class=\"elementor-container elementor-column-gap-default\">\n\t\t\t\t\t<div class=\"elementor-column elementor-col-100 elementor-top-column elementor-element elementor-element-2f46b655\" data-id=\"2f46b655\" data-element_type=\"column\">\n\t\t\t<div class=\"elementor-widget-wrap elementor-element-populated\">\n\t\t\t\t\t\t<section class=\"elementor-section elementor-inner-section elementor-element elementor-element-4c411853 elementor-section-full_width elementor-section-height-default elementor-section-height-default\" data-id=\"4c411853\" data-element_type=\"section\">\n\t\t\t\t\t\t<div class=\"elementor-container elementor-column-gap-default\">\n\t\t\t\t\t<div class=\"elementor-column elementor-col-50 elementor-inner-column elementor-element elementor-element-4b8d2a0b\" data-id=\"4b8d2a0b\" data-element_type=\"column\">\n\t\t\t<div class=\"elementor-widget-wrap elementor-element-populated\">\n\t\t\t\t\t\t<div class=\"elementor-element elementor-element-110c117d elementor-widget elementor-widget-heading\" data-id=\"110c117d\" data-element_type=\"widget\" data-widget_type=\"heading.default\">\n\t\t\t\t<div class=\"elementor-widget-container\">\n\t\t\t<h1 class=\"elementor-heading-title elementor-size-default\">Macchina sigillatrice del latte in polvere<\/h1>\t\t<\/div>\n\t\t\t\t<\/div>\n\t\t\t\t\t<\/div>\n\t\t<\/div>\n\t\t\t\t<div class=\"elementor-column elementor-col-50 elementor-inner-column elementor-element elementor-element-6034bf25\" data-id=\"6034bf25\" data-element_type=\"column\">\n\t\t\t<div class=\"elementor-widget-wrap elementor-element-populated\">\n\t\t\t\t\t\t<div class=\"elementor-element elementor-element-53687740 elementor-align-justify elementor-widget__width-initial quote-btn elementor-widget elementor-widget-button\" data-id=\"53687740\" data-element_type=\"widget\" data-widget_type=\"button.default\">\n\t\t\t\t<div class=\"elementor-widget-container\">\n\t\t\t\t\t<div class=\"elementor-button-wrapper\">\n\t\t\t<a class=\"elementor-button elementor-button-link elementor-size-md\" href=\"#elementor-action%3Aaction%3Dpopup%3Aopen%26settings%3DeyJpZCI6IjExMjMiLCJ0b2dnbGUiOmZhbHNlfQ%3D%3D\" rel=\"nofollow\">\n\t\t\t\t\t\t<span class=\"elementor-button-content-wrapper\">\n\t\t\t\t\t\t\t\t\t<span class=\"elementor-button-text\"><b> Richiedi un preventivo &gt; <\/b><\/span>\n\t\t\t\t\t<\/span>\n\t\t\t\t\t<\/a>\n\t\t<\/div>\n\t\t\t\t<\/div>\n\t\t\t\t<\/div>\n\t\t\t\t\t<\/div>\n\t\t<\/div>\n\t\t\t\t\t<\/div>\n\t\t<\/section>\n\t\t\t\t\t<\/div>\n\t\t<\/div>\n\t\t\t\t\t<\/div>\n\t\t<\/section>\n\t\t\t\t<section class=\"elementor-section elementor-top-section elementor-element elementor-element-6dceee8c elementor-section-boxed elementor-section-height-default elementor-section-height-default\" data-id=\"6dceee8c\" data-element_type=\"section\">\n\t\t\t\t\t\t<div class=\"elementor-container elementor-column-gap-default\">\n\t\t\t\t\t<div class=\"elementor-column elementor-col-100 elementor-top-column elementor-element elementor-element-6be55f7e\" data-id=\"6be55f7e\" data-element_type=\"column\">\n\t\t\t<div class=\"elementor-widget-wrap elementor-element-populated\">\n\t\t\t\t\t\t<div class=\"elementor-element elementor-element-5b0b1d0 elementor-widget elementor-widget-heading\" data-id=\"5b0b1d0\" data-element_type=\"widget\" data-widget_type=\"heading.default\">\n\t\t\t\t<div class=\"elementor-widget-container\">\n\t\t\t<h2 class=\"elementor-heading-title elementor-size-default\">Macchina per sigillare il latte in polvere in Levapack<\/h2>\t\t<\/div>\n\t\t\t\t<\/div>\n\t\t\t\t<div class=\"elementor-element elementor-element-63dd1183 elementor-widget-divider--view-line elementor-widget elementor-widget-divider\" data-id=\"63dd1183\" data-element_type=\"widget\" data-widget_type=\"divider.default\">\n\t\t\t\t<div class=\"elementor-widget-container\">\n\t\t\t\t\t<div class=\"elementor-divider\">\n\t\t\t<span class=\"elementor-divider-separator\">\n\t\t\t\t\t\t<\/span>\n\t\t<\/div>\n\t\t\t\t<\/div>\n\t\t\t\t<\/div>\n\t\t\t\t<section class=\"elementor-section elementor-inner-section elementor-element elementor-element-ca58029 elementor-section-boxed elementor-section-height-default elementor-section-height-default\" data-id=\"ca58029\" data-element_type=\"section\">\n\t\t\t\t\t\t<div class=\"elementor-container elementor-column-gap-default\">\n\t\t\t\t\t<div class=\"elementor-column elementor-col-50 elementor-inner-column elementor-element elementor-element-29aaed3\" data-id=\"29aaed3\" data-element_type=\"column\">\n\t\t\t<div class=\"elementor-widget-wrap elementor-element-populated\">\n\t\t\t\t\t\t<div class=\"elementor-element elementor-element-92a2e8a elementor-widget elementor-widget-text-editor\" data-id=\"92a2e8a\" data-element_type=\"widget\" data-widget_type=\"text-editor.default\">\n\t\t\t\t<div class=\"elementor-widget-container\">\n\t\t\t\t\t\t\t<p><span data-sheets-value=\"{\" data-sheets-userformat=\"{\">La domanda di latte \u00e8 aumentata progressivamente a causa del numero di regioni in tutto il mondo che non riescono a soddisfare la crescente domanda di latte nei propri Paesi. Il latte in polvere \u00e8 molto popolare anche perch\u00e9 serve a diversi scopi sia nell'industria alimentare che in quella delle bevande. Questa domanda ha portato a una forte concorrenza nel mercato del latte in polvere. Se volete che il vostro marchio superi i vostri concorrenti, dovete dotarvi di una macchina sigillatrice per latte in polvere affidabile per migliorare la vostra produttivit\u00e0.<br \/><\/span><\/p><p><span data-sheets-value=\"{\" data-sheets-userformat=\"{\"><a href=\"https:\/\/www.levapack.com\/it\/\">Levapack<\/a> pu\u00f2 fornirvi <a href=\"https:\/\/www.levapack.com\/it\/categoria-di-prodotto\/macchine-per-il-riempimento-di-lattine\/\">soluzioni di imballaggio personalizzabili<\/a> comprese le macchine per l'aggraffatura delle lattine di latte in polvere in vendita a prezzi convenienti. In qualit\u00e0 di produttore leader di soluzioni di imballaggio in Cina, la nostra azienda \u00e8 in grado di fornirvi cucitrici intelligenti per lattine che vi aiuteranno a creare cuciture uniformi e a prova di perdite. In questo modo, garantiamo la qualit\u00e0 del vostro prodotto e ne prolunghiamo la durata di conservazione. Con il nostro latte in polvere <a href=\"https:\/\/www.levapack.com\/it\/categoria-di-prodotto\/macchine-per-la-sigillatura-delle-lattine\/\">macchine per l'aggraffatura delle lattine<\/a> progettata con la pi\u00f9 recente tecnologia di automazione, possiamo garantirvi una linea di produzione altamente efficace.<\/span><\/p><p><span data-sheets-value=\"{\" data-sheets-userformat=\"{\">Scegliete le resistenti saldatrici per latte in polvere di Levapack per ottimizzare le vostre linee di confezionamento e vi aiuteremo a costruire un marchio forte. Contattateci subito e lasciateci personalizzare il vostro <a href=\"https:\/\/www.levapack.com\/it\/categoria-di-prodotto\/macchine-tappatrici-per-lattine\/\">macchine in base alle esigenze specifiche della vostra azienda<\/a>!<br \/><\/span><\/p>\t\t\t\t\t\t<\/div>\n\t\t\t\t<\/div>\n\t\t\t\t\t<\/div>\n\t\t<\/div>\n\t\t\t\t<div class=\"elementor-column elementor-col-50 elementor-inner-column elementor-element elementor-element-add48a9\" data-id=\"add48a9\" data-element_type=\"column\">\n\t\t\t<div class=\"elementor-widget-wrap elementor-element-populated\">\n\t\t\t\t\t\t<div class=\"elementor-element elementor-element-2b58e24 elementor-widget elementor-widget-image\" data-id=\"2b58e24\" data-element_type=\"widget\" data-widget_type=\"image.default\">\n\t\t\t\t<div class=\"elementor-widget-container\">\n\t\t\t\t\t\t\t\t\t\t\t\t\t<img fetchpriority=\"high\" decoding=\"async\" width=\"950\" height=\"595\" src=\"https:\/\/www.levapack.com\/wp-content\/uploads\/2021\/05\/Can-seamer-machine.jpg\" class=\"attachment-large size-large wp-image-5167\" alt=\"Macchina aggraffatrice per latte in polvere\" srcset=\"https:\/\/www.levapack.com\/wp-content\/uploads\/2021\/05\/Can-seamer-machine.jpg 950w, https:\/\/www.levapack.com\/wp-content\/uploads\/2021\/05\/Can-seamer-machine-300x188.jpg 300w, https:\/\/www.levapack.com\/wp-content\/uploads\/2021\/05\/Can-seamer-machine-768x481.jpg 768w, https:\/\/www.levapack.com\/wp-content\/uploads\/2021\/05\/Can-seamer-machine-233x146.jpg 233w, https:\/\/www.levapack.com\/wp-content\/uploads\/2021\/05\/Can-seamer-machine-50x31.jpg 50w, https:\/\/www.levapack.com\/wp-content\/uploads\/2021\/05\/Can-seamer-machine-120x75.jpg 120w\" sizes=\"(max-width: 950px) 100vw, 950px\" \/>\t\t\t\t\t\t\t\t\t\t\t\t\t<\/div>\n\t\t\t\t<\/div>\n\t\t\t\t\t<\/div>\n\t\t<\/div>\n\t\t\t\t\t<\/div>\n\t\t<\/section>\n\t\t\t\t\t<\/div>\n\t\t<\/div>\n\t\t\t\t\t<\/div>\n\t\t<\/section>\n\t\t\t\t<section class=\"elementor-section elementor-top-section elementor-element elementor-element-3483dcfd elementor-section-stretched elementor-section-full_width elementor-section-height-default elementor-section-height-default\" data-id=\"3483dcfd\" data-element_type=\"section\" data-settings=\"{&quot;stretch_section&quot;:&quot;section-stretched&quot;,&quot;background_background&quot;:&quot;classic&quot;}\">\n\t\t\t\t\t\t<div class=\"elementor-container elementor-column-gap-default\">\n\t\t\t\t\t<div class=\"elementor-column elementor-col-100 elementor-top-column elementor-element elementor-element-276bd387\" data-id=\"276bd387\" data-element_type=\"column\">\n\t\t\t<div class=\"elementor-widget-wrap elementor-element-populated\">\n\t\t\t\t\t\t<section class=\"elementor-section elementor-inner-section elementor-element elementor-element-6f25424b elementor-section-boxed elementor-section-height-default elementor-section-height-default\" data-id=\"6f25424b\" data-element_type=\"section\">\n\t\t\t\t\t\t<div class=\"elementor-container elementor-column-gap-default\">\n\t\t\t\t\t<div class=\"elementor-column elementor-col-50 elementor-inner-column elementor-element elementor-element-4cdd6730\" data-id=\"4cdd6730\" data-element_type=\"column\">\n\t\t\t<div class=\"elementor-widget-wrap elementor-element-populated\">\n\t\t\t\t\t\t<div class=\"elementor-element elementor-element-5d6eae16 elementor-widget elementor-widget-image\" data-id=\"5d6eae16\" data-element_type=\"widget\" data-widget_type=\"image.default\">\n\t\t\t\t<div class=\"elementor-widget-container\">\n\t\t\t\t\t\t\t\t\t\t\t\t\t\t<a href=\"https:\/\/www.levapack.com\/it\/prodotto-articolo\/macchina-sigillatrice-semi-automatica-per-il-lavaggio-con-azoto-del-gas-e-del-vuoto-della-lattina-rotonda\/\">\n\t\t\t\t\t\t\t<img decoding=\"async\" width=\"500\" height=\"380\" src=\"https:\/\/www.levapack.com\/wp-content\/uploads\/2018\/10\/Semi-Auto-Vacuum-and-Gas-Nitrogen-Flushing-Round-Can-Sealing-Machine.jpg\" class=\"attachment-large size-large wp-image-4981\" alt=\"Semi Auto vuoto e gas azoto lavaggio rotondo pu\u00f2 sigillare macchina di sigillamento\" srcset=\"https:\/\/www.levapack.com\/wp-content\/uploads\/2018\/10\/Semi-Auto-Vacuum-and-Gas-Nitrogen-Flushing-Round-Can-Sealing-Machine.jpg 500w, https:\/\/www.levapack.com\/wp-content\/uploads\/2018\/10\/Semi-Auto-Vacuum-and-Gas-Nitrogen-Flushing-Round-Can-Sealing-Machine-300x228.jpg 300w, https:\/\/www.levapack.com\/wp-content\/uploads\/2018\/10\/Semi-Auto-Vacuum-and-Gas-Nitrogen-Flushing-Round-Can-Sealing-Machine-192x146.jpg 192w, https:\/\/www.levapack.com\/wp-content\/uploads\/2018\/10\/Semi-Auto-Vacuum-and-Gas-Nitrogen-Flushing-Round-Can-Sealing-Machine-50x38.jpg 50w, https:\/\/www.levapack.com\/wp-content\/uploads\/2018\/10\/Semi-Auto-Vacuum-and-Gas-Nitrogen-Flushing-Round-Can-Sealing-Machine-99x75.jpg 99w\" sizes=\"(max-width: 500px) 100vw, 500px\" \/>\t\t\t\t\t\t\t\t<\/a>\n\t\t\t\t\t\t\t\t\t\t\t\t\t<\/div>\n\t\t\t\t<\/div>\n\t\t\t\t\t<\/div>\n\t\t<\/div>\n\t\t\t\t<div class=\"elementor-column elementor-col-50 elementor-inner-column elementor-element elementor-element-2173dafc\" data-id=\"2173dafc\" data-element_type=\"column\">\n\t\t\t<div class=\"elementor-widget-wrap elementor-element-populated\">\n\t\t\t\t\t\t<div class=\"elementor-element elementor-element-5ca0e1f4 elementor-widget elementor-widget-heading\" data-id=\"5ca0e1f4\" data-element_type=\"widget\" data-widget_type=\"heading.default\">\n\t\t\t\t<div class=\"elementor-widget-container\">\n\t\t\t<h2 class=\"elementor-heading-title elementor-size-default\"><a href=\"https:\/\/www.levapack.com\/it\/prodotto-articolo\/macchina-sigillatrice-semi-automatica-per-il-lavaggio-con-azoto-del-gas-e-del-vuoto-della-lattina-rotonda\/\">Semi Auto vuoto e gas azoto lavaggio rotondo pu\u00f2 sigillare macchina di sigillamento<\/a><\/h2>\t\t<\/div>\n\t\t\t\t<\/div>\n\t\t\t\t<div class=\"elementor-element elementor-element-1992cc44 elementor-widget-divider--view-line elementor-widget elementor-widget-divider\" data-id=\"1992cc44\" data-element_type=\"widget\" data-widget_type=\"divider.default\">\n\t\t\t\t<div class=\"elementor-widget-container\">\n\t\t\t\t\t<div class=\"elementor-divider\">\n\t\t\t<span class=\"elementor-divider-separator\">\n\t\t\t\t\t\t<\/span>\n\t\t<\/div>\n\t\t\t\t<\/div>\n\t\t\t\t<\/div>\n\t\t\t\t<div class=\"elementor-element elementor-element-6efd517 elementor-widget elementor-widget-text-editor\" data-id=\"6efd517\" data-element_type=\"widget\" data-widget_type=\"text-editor.default\">\n\t\t\t\t<div class=\"elementor-widget-container\">\n\t\t\t\t\t\t\t<p>\u00c8 una perfetta sigillatrice semi-automatica applicabile a tutti i tipi di lattine, che adotta la modalit\u00e0 di lavoro a testa singola e a doppia camera. Rende il processo di confezionamento delle lattine pi\u00f9 sicuro ed efficiente.<\/p><ul class=\"circle-list\"><li>Modello: LPE-SVC10<\/li><li>I rulli di aggraffatura e il mandrino sono lavorati in acciaio Cr12, resistente e con buone prestazioni di tenuta.<\/li><li>La copertura esterna e le parti principali della macchina sono realizzate in acciaio inox SUS304.<\/li><li>Il materiale di tenuta del sistema di vuoto \u00e8 costituito da gel di silice.<\/li><\/ul><p>\u00a0<\/p>\t\t\t\t\t\t<\/div>\n\t\t\t\t<\/div>\n\t\t\t\t<div class=\"elementor-element elementor-element-300bc0d3 elementor-widget__width-initial quote-btn elementor-widget elementor-widget-button\" data-id=\"300bc0d3\" data-element_type=\"widget\" data-widget_type=\"button.default\">\n\t\t\t\t<div class=\"elementor-widget-container\">\n\t\t\t\t\t<div class=\"elementor-button-wrapper\">\n\t\t\t<a class=\"elementor-button elementor-button-link elementor-size-sm\" href=\"#elementor-action%3Aaction%3Dpopup%3Aopen%26settings%3DeyJpZCI6IjExMjQiLCJ0b2dnbGUiOmZhbHNlfQ%3D%3D\" rel=\"nofollow\">\n\t\t\t\t\t\t<span class=\"elementor-button-content-wrapper\">\n\t\t\t\t\t\t\t\t\t<span class=\"elementor-button-text\">Richiesta di informazioni<\/span>\n\t\t\t\t\t<\/span>\n\t\t\t\t\t<\/a>\n\t\t<\/div>\n\t\t\t\t<\/div>\n\t\t\t\t<\/div>\n\t\t\t\t<div class=\"elementor-element elementor-element-59d1b140 elementor-widget__width-auto elementor-widget elementor-widget-button\" data-id=\"59d1b140\" data-element_type=\"widget\" data-widget_type=\"button.default\">\n\t\t\t\t<div class=\"elementor-widget-container\">\n\t\t\t\t\t<div class=\"elementor-button-wrapper\">\n\t\t\t<a class=\"elementor-button elementor-button-link elementor-size-sm\" href=\"https:\/\/www.levapack.com\/it\/prodotto-articolo\/macchina-sigillatrice-semi-automatica-per-il-lavaggio-con-azoto-del-gas-e-del-vuoto-della-lattina-rotonda\/\">\n\t\t\t\t\t\t<span class=\"elementor-button-content-wrapper\">\n\t\t\t\t\t\t\t\t\t<span class=\"elementor-button-text\">Per saperne di pi\u00f9<\/span>\n\t\t\t\t\t<\/span>\n\t\t\t\t\t<\/a>\n\t\t<\/div>\n\t\t\t\t<\/div>\n\t\t\t\t<\/div>\n\t\t\t\t\t<\/div>\n\t\t<\/div>\n\t\t\t\t\t<\/div>\n\t\t<\/section>\n\t\t\t\t\t<\/div>\n\t\t<\/div>\n\t\t\t\t\t<\/div>\n\t\t<\/section>\n\t\t\t\t<section class=\"elementor-section elementor-top-section elementor-element elementor-element-1c0b43ea elementor-section-stretched elementor-section-full_width elementor-section-height-default elementor-section-height-default\" data-id=\"1c0b43ea\" data-element_type=\"section\" data-settings=\"{&quot;stretch_section&quot;:&quot;section-stretched&quot;,&quot;background_background&quot;:&quot;classic&quot;}\">\n\t\t\t\t\t\t<div class=\"elementor-container elementor-column-gap-default\">\n\t\t\t\t\t<div class=\"elementor-column elementor-col-100 elementor-top-column elementor-element elementor-element-4f8d5d27\" data-id=\"4f8d5d27\" data-element_type=\"column\">\n\t\t\t<div class=\"elementor-widget-wrap elementor-element-populated\">\n\t\t\t\t\t\t<section class=\"elementor-section elementor-inner-section elementor-element elementor-element-17767ca4 elementor-section-boxed elementor-section-height-default elementor-section-height-default\" data-id=\"17767ca4\" data-element_type=\"section\">\n\t\t\t\t\t\t<div class=\"elementor-container elementor-column-gap-default\">\n\t\t\t\t\t<div class=\"elementor-column elementor-col-50 elementor-inner-column elementor-element elementor-element-61b82e87\" data-id=\"61b82e87\" data-element_type=\"column\">\n\t\t\t<div class=\"elementor-widget-wrap elementor-element-populated\">\n\t\t\t\t\t\t<div class=\"elementor-element elementor-element-6973092f elementor-widget elementor-widget-heading\" data-id=\"6973092f\" data-element_type=\"widget\" data-widget_type=\"heading.default\">\n\t\t\t\t<div class=\"elementor-widget-container\">\n\t\t\t<h2 class=\"elementor-heading-title elementor-size-default\"><a href=\"https:\/\/www.levapack.com\/it\/prodotto-articolo\/macchina-sigillatrice-sottovuoto-a-riempimento-di-azoto-completamente-automatica\/\">Macchina di riempimento dell'azoto completamente automatica per la sigillatura sotto vuoto<\/a><\/h2>\t\t<\/div>\n\t\t\t\t<\/div>\n\t\t\t\t<div class=\"elementor-element elementor-element-5ddd230f elementor-widget-divider--view-line elementor-widget elementor-widget-divider\" data-id=\"5ddd230f\" data-element_type=\"widget\" data-widget_type=\"divider.default\">\n\t\t\t\t<div class=\"elementor-widget-container\">\n\t\t\t\t\t<div class=\"elementor-divider\">\n\t\t\t<span class=\"elementor-divider-separator\">\n\t\t\t\t\t\t<\/span>\n\t\t<\/div>\n\t\t\t\t<\/div>\n\t\t\t\t<\/div>\n\t\t\t\t<div class=\"elementor-element elementor-element-2e6f641 elementor-widget elementor-widget-text-editor\" data-id=\"2e6f641\" data-element_type=\"widget\" data-widget_type=\"text-editor.default\">\n\t\t\t\t<div class=\"elementor-widget-container\">\n\t\t\t\t\t\t\t<p>Si tratta di una macchina sigillatrice di lattine sottovuoto ideale per l'industria alimentare, delle bevande, farmaceutica, chimica e cos\u00ec via. L'intero processo viene eseguito in una camera sigillata, rendendo molto pi\u00f9 semplice il confezionamento delle lattine.<\/p><ul class=\"circle-list\"><li>Modello: LPE-FVC06<\/li><li>Adatto a tutti i tipi di lattine, lattine di alluminio, lattine di plastica, lattine di carta e altre lattine rotonde.<\/li><li>Le lattine vengono prima messe sotto vuoto e poi riempite con azoto gassoso, infine sigillate. L'ossigeno residuo all'interno della lattina \u00e8 inferiore a 3%.<\/li><\/ul>\t\t\t\t\t\t<\/div>\n\t\t\t\t<\/div>\n\t\t\t\t<div class=\"elementor-element elementor-element-73f145c9 elementor-widget__width-initial quote-btn elementor-widget elementor-widget-button\" data-id=\"73f145c9\" data-element_type=\"widget\" data-widget_type=\"button.default\">\n\t\t\t\t<div class=\"elementor-widget-container\">\n\t\t\t\t\t<div class=\"elementor-button-wrapper\">\n\t\t\t<a class=\"elementor-button elementor-button-link elementor-size-sm\" href=\"#elementor-action%3Aaction%3Dpopup%3Aopen%26settings%3DeyJpZCI6IjExMjQiLCJ0b2dnbGUiOmZhbHNlfQ%3D%3D\" rel=\"nofollow\">\n\t\t\t\t\t\t<span class=\"elementor-button-content-wrapper\">\n\t\t\t\t\t\t\t\t\t<span class=\"elementor-button-text\">Richiesta di informazioni<\/span>\n\t\t\t\t\t<\/span>\n\t\t\t\t\t<\/a>\n\t\t<\/div>\n\t\t\t\t<\/div>\n\t\t\t\t<\/div>\n\t\t\t\t<div class=\"elementor-element elementor-element-6fa88740 elementor-widget__width-auto elementor-widget elementor-widget-button\" data-id=\"6fa88740\" data-element_type=\"widget\" data-widget_type=\"button.default\">\n\t\t\t\t<div class=\"elementor-widget-container\">\n\t\t\t\t\t<div class=\"elementor-button-wrapper\">\n\t\t\t<a class=\"elementor-button elementor-button-link elementor-size-sm\" href=\"https:\/\/www.levapack.com\/it\/prodotto-articolo\/macchina-sigillatrice-sottovuoto-a-riempimento-di-azoto-completamente-automatica\/\">\n\t\t\t\t\t\t<span class=\"elementor-button-content-wrapper\">\n\t\t\t\t\t\t\t\t\t<span class=\"elementor-button-text\">Per saperne di pi\u00f9<\/span>\n\t\t\t\t\t<\/span>\n\t\t\t\t\t<\/a>\n\t\t<\/div>\n\t\t\t\t<\/div>\n\t\t\t\t<\/div>\n\t\t\t\t\t<\/div>\n\t\t<\/div>\n\t\t\t\t<div class=\"elementor-column elementor-col-50 elementor-inner-column elementor-element elementor-element-4d956bc8\" data-id=\"4d956bc8\" data-element_type=\"column\">\n\t\t\t<div class=\"elementor-widget-wrap elementor-element-populated\">\n\t\t\t\t\t\t<div class=\"elementor-element elementor-element-32b67e32 elementor-widget elementor-widget-image\" data-id=\"32b67e32\" data-element_type=\"widget\" data-widget_type=\"image.default\">\n\t\t\t\t<div class=\"elementor-widget-container\">\n\t\t\t\t\t\t\t\t\t\t\t\t\t\t<a href=\"https:\/\/www.levapack.com\/it\/prodotto-articolo\/macchina-sigillatrice-sottovuoto-a-riempimento-di-azoto-completamente-automatica\/\">\n\t\t\t\t\t\t\t<img decoding=\"async\" width=\"500\" height=\"380\" src=\"https:\/\/www.levapack.com\/wp-content\/uploads\/2018\/12\/Fully-Auto-Nitrogen-Filling-Vacuum-Sealing-Machine-1.jpg\" class=\"attachment-large size-large wp-image-4976\" alt=\"Macchina di riempimento dell&#039;azoto completamente automatica per la sigillatura sotto vuoto\" srcset=\"https:\/\/www.levapack.com\/wp-content\/uploads\/2018\/12\/Fully-Auto-Nitrogen-Filling-Vacuum-Sealing-Machine-1.jpg 500w, https:\/\/www.levapack.com\/wp-content\/uploads\/2018\/12\/Fully-Auto-Nitrogen-Filling-Vacuum-Sealing-Machine-1-300x228.jpg 300w, https:\/\/www.levapack.com\/wp-content\/uploads\/2018\/12\/Fully-Auto-Nitrogen-Filling-Vacuum-Sealing-Machine-1-192x146.jpg 192w, https:\/\/www.levapack.com\/wp-content\/uploads\/2018\/12\/Fully-Auto-Nitrogen-Filling-Vacuum-Sealing-Machine-1-50x38.jpg 50w, https:\/\/www.levapack.com\/wp-content\/uploads\/2018\/12\/Fully-Auto-Nitrogen-Filling-Vacuum-Sealing-Machine-1-99x75.jpg 99w\" sizes=\"(max-width: 500px) 100vw, 500px\" \/>\t\t\t\t\t\t\t\t<\/a>\n\t\t\t\t\t\t\t\t\t\t\t\t\t<\/div>\n\t\t\t\t<\/div>\n\t\t\t\t\t<\/div>\n\t\t<\/div>\n\t\t\t\t\t<\/div>\n\t\t<\/section>\n\t\t\t\t\t<\/div>\n\t\t<\/div>\n\t\t\t\t\t<\/div>\n\t\t<\/section>\n\t\t\t\t<\/div>","protected":false},"excerpt":{"rendered":"<p>Macchina per la sigillatura del latte in polvere Richiedi un preventivo &gt; Home Macchina per la sigillatura del latte in polvere in Levapack La domanda di latte \u00e8 aumentata progressivamente a causa della<span class=\"excerpt-hellip\"> [...]<\/span><\/p>","protected":false},"author":1,"featured_media":0,"parent":0,"menu_order":0,"comment_status":"closed","ping_status":"closed","template":"","meta":{"_seopress_robots_primary_cat":"","_seopress_titles_title":"Milk Powder Sealing Machine, Milk Powder Sealer - Levapack","_seopress_titles_desc":"Looking for Milk powder can sealer for your applications? Levapack supplies the best can seaming machines for sale. Choose the right one for you!","_seopress_robots_index":"","footnotes":""},"class_list":["post-1455","page","type-page","status-publish","hentry"],"acf":[],"_links":{"self":[{"href":"https:\/\/www.levapack.com\/it\/wp-json\/wp\/v2\/pages\/1455","targetHints":{"allow":["GET"]}}],"collection":[{"href":"https:\/\/www.levapack.com\/it\/wp-json\/wp\/v2\/pages"}],"about":[{"href":"https:\/\/www.levapack.com\/it\/wp-json\/wp\/v2\/types\/page"}],"author":[{"embeddable":true,"href":"https:\/\/www.levapack.com\/it\/wp-json\/wp\/v2\/users\/1"}],"replies":[{"embeddable":true,"href":"https:\/\/www.levapack.com\/it\/wp-json\/wp\/v2\/comments?post=1455"}],"version-history":[{"count":13,"href":"https:\/\/www.levapack.com\/it\/wp-json\/wp\/v2\/pages\/1455\/revisions"}],"predecessor-version":[{"id":33589,"href":"https:\/\/www.levapack.com\/it\/wp-json\/wp\/v2\/pages\/1455\/revisions\/33589"}],"wp:attachment":[{"href":"https:\/\/www.levapack.com\/it\/wp-json\/wp\/v2\/media?parent=1455"}],"curies":[{"name":"wp","href":"https:\/\/api.w.org\/{rel}","templated":true}]}}