{"id":1426,"date":"2020-02-20T08:37:34","date_gmt":"2020-02-20T08:37:34","guid":{"rendered":"https:\/\/www.levapack.com\/?page_id=1426"},"modified":"2022-10-11T13:59:25","modified_gmt":"2022-10-11T13:59:25","slug":"macchina-per-il-confezionamento-del-te","status":"publish","type":"page","link":"https:\/\/www.levapack.com\/it\/macchina-per-il-confezionamento-del-te\/","title":{"rendered":"Macchina per l'imballaggio del t\u00e8"},"content":{"rendered":"<div data-elementor-type=\"wp-page\" data-elementor-id=\"1426\" class=\"elementor elementor-1426\" data-elementor-post-type=\"page\">\n\t\t\t\t\t\t<section class=\"elementor-section elementor-top-section elementor-element elementor-element-57d0241d elementor-section-stretched elementor-section-full_width elementor-section-height-min-height elementor-section-height-default elementor-section-items-middle\" data-id=\"57d0241d\" data-element_type=\"section\" data-settings=\"{&quot;stretch_section&quot;:&quot;section-stretched&quot;,&quot;background_background&quot;:&quot;slideshow&quot;,&quot;background_slideshow_gallery&quot;:[{&quot;id&quot;:888,&quot;url&quot;:&quot;https:\\\/\\\/www.levapack.com\\\/wp-content\\\/uploads\\\/2020\\\/01\\\/359099cbad1234a8dcee2c681d24807.jpg&quot;}],&quot;background_slideshow_loop&quot;:&quot;yes&quot;,&quot;background_slideshow_slide_duration&quot;:5000,&quot;background_slideshow_slide_transition&quot;:&quot;fade&quot;,&quot;background_slideshow_transition_duration&quot;:500}\">\n\t\t\t\t\t\t<div class=\"elementor-container elementor-column-gap-default\">\n\t\t\t\t\t<div class=\"elementor-column elementor-col-100 elementor-top-column elementor-element elementor-element-ac3c8b\" data-id=\"ac3c8b\" data-element_type=\"column\">\n\t\t\t<div class=\"elementor-widget-wrap elementor-element-populated\">\n\t\t\t\t\t\t<section class=\"elementor-section elementor-inner-section elementor-element elementor-element-4f75f3d5 elementor-section-full_width elementor-section-height-default elementor-section-height-default\" data-id=\"4f75f3d5\" data-element_type=\"section\">\n\t\t\t\t\t\t<div class=\"elementor-container elementor-column-gap-default\">\n\t\t\t\t\t<div class=\"elementor-column elementor-col-50 elementor-inner-column elementor-element elementor-element-1e0df85c\" data-id=\"1e0df85c\" data-element_type=\"column\">\n\t\t\t<div class=\"elementor-widget-wrap elementor-element-populated\">\n\t\t\t\t\t\t<div class=\"elementor-element elementor-element-4003e161 elementor-widget elementor-widget-heading\" data-id=\"4003e161\" data-element_type=\"widget\" data-widget_type=\"heading.default\">\n\t\t\t\t<div class=\"elementor-widget-container\">\n\t\t\t<h1 class=\"elementor-heading-title elementor-size-default\">Macchina per l'imballaggio del t\u00e8<\/h1>\t\t<\/div>\n\t\t\t\t<\/div>\n\t\t\t\t\t<\/div>\n\t\t<\/div>\n\t\t\t\t<div class=\"elementor-column elementor-col-50 elementor-inner-column elementor-element elementor-element-35365584\" data-id=\"35365584\" data-element_type=\"column\">\n\t\t\t<div class=\"elementor-widget-wrap elementor-element-populated\">\n\t\t\t\t\t\t<div class=\"elementor-element elementor-element-6b0a5865 elementor-align-justify elementor-widget__width-initial quote-btn elementor-widget elementor-widget-button\" data-id=\"6b0a5865\" data-element_type=\"widget\" data-widget_type=\"button.default\">\n\t\t\t\t<div class=\"elementor-widget-container\">\n\t\t\t\t\t<div class=\"elementor-button-wrapper\">\n\t\t\t<a class=\"elementor-button elementor-button-link elementor-size-md\" href=\"#elementor-action%3Aaction%3Dpopup%3Aopen%26settings%3DeyJpZCI6IjExMjMiLCJ0b2dnbGUiOmZhbHNlfQ%3D%3D\" rel=\"nofollow\">\n\t\t\t\t\t\t<span class=\"elementor-button-content-wrapper\">\n\t\t\t\t\t\t\t\t\t<span class=\"elementor-button-text\"><b> Richiedi un preventivo &gt; <\/b><\/span>\n\t\t\t\t\t<\/span>\n\t\t\t\t\t<\/a>\n\t\t<\/div>\n\t\t\t\t<\/div>\n\t\t\t\t<\/div>\n\t\t\t\t\t<\/div>\n\t\t<\/div>\n\t\t\t\t\t<\/div>\n\t\t<\/section>\n\t\t\t\t\t<\/div>\n\t\t<\/div>\n\t\t\t\t\t<\/div>\n\t\t<\/section>\n\t\t\t\t<section class=\"elementor-section elementor-top-section elementor-element elementor-element-5c88e148 elementor-section-boxed elementor-section-height-default elementor-section-height-default\" data-id=\"5c88e148\" data-element_type=\"section\">\n\t\t\t\t\t\t<div class=\"elementor-container elementor-column-gap-default\">\n\t\t\t\t\t<div class=\"elementor-column elementor-col-100 elementor-top-column elementor-element elementor-element-c5fe19b\" data-id=\"c5fe19b\" data-element_type=\"column\">\n\t\t\t<div class=\"elementor-widget-wrap elementor-element-populated\">\n\t\t\t\t\t\t<div class=\"elementor-element elementor-element-354e2f8c elementor-widget elementor-widget-heading\" data-id=\"354e2f8c\" data-element_type=\"widget\" data-widget_type=\"heading.default\">\n\t\t\t\t<div class=\"elementor-widget-container\">\n\t\t\t<h2 class=\"elementor-heading-title elementor-size-default\">Macchina per l'imballaggio del t\u00e8 in Levapack<\/h2>\t\t<\/div>\n\t\t\t\t<\/div>\n\t\t\t\t<div class=\"elementor-element elementor-element-135fd773 elementor-widget-divider--view-line elementor-widget elementor-widget-divider\" data-id=\"135fd773\" data-element_type=\"widget\" data-widget_type=\"divider.default\">\n\t\t\t\t<div class=\"elementor-widget-container\">\n\t\t\t\t\t<div class=\"elementor-divider\">\n\t\t\t<span class=\"elementor-divider-separator\">\n\t\t\t\t\t\t<\/span>\n\t\t<\/div>\n\t\t\t\t<\/div>\n\t\t\t\t<\/div>\n\t\t\t\t<div class=\"elementor-element elementor-element-7567dd82 elementor-widget elementor-widget-text-editor\" data-id=\"7567dd82\" data-element_type=\"widget\" data-widget_type=\"text-editor.default\">\n\t\t\t\t<div class=\"elementor-widget-container\">\n\t\t\t\t\t\t\t<p><span class=\"\" data-sheets-value=\"{\" data-sheets-userformat=\"{\">Nelle economie emergenti si \u00e8 registrata una crescente domanda di t\u00e8 pronti da bere (RTD). Ci\u00f2 \u00e8 dovuto alla crescente consapevolezza della salute degli individui, che ha aumentato il consumo di prodotti RTD nutrienti. Inoltre, l'industria del confezionamento delle bevande sta optando per confezioni di t\u00e8 sostenibili e leggere per ridurre i costi di trasporto, il che ha reso popolari le lattine di cartone.<br \/><\/span><\/p><p><span class=\"\" data-sheets-value=\"{\" data-sheets-userformat=\"{\">Se volete stare al passo con le tendenze attuali in fatto di confezioni di t\u00e8 di alta classe, avrete bisogno di un <a href=\"https:\/\/www.levapack.com\/it\/categoria-di-prodotto\/macchine-per-la-sigillatura-delle-lattine\/\">macchina per l'imballaggio del t\u00e8 affidabile<\/a> in lattina\/barattolo che possono aiutarvi a confezionare i vostri prodotti in modo efficiente. <a href=\"https:\/\/www.levapack.com\/it\/\">Levapack<\/a> \u00e8 un'azienda cinese che fornisce macchine per il riempimento del t\u00e8 in vendita a prezzi accessibili e personalizzabili, per aiutarvi a soddisfare i vostri requisiti di produzione in modo economico. In qualit\u00e0 di produttore di soluzioni per il confezionamento di lattine su misura, possiamo fornirvi macchine durevoli realizzate con componenti di alto livello per una linea di produzione pi\u00f9 intelligente e duratura.<br \/><\/span><\/p><p><span class=\"\" data-sheets-value=\"{\" data-sheets-userformat=\"{\">Scegliete Levapack\u00a0<a href=\"https:\/\/www.levapack.com\/it\/categoria-di-prodotto\/macchine-tappatrici-per-lattine\/\">macchine per l'imballaggio innovative<\/a>\u00a0per il t\u00e8 e lasciate che vi aiutiamo a far crescere la vostra attivit\u00e0 e ad espandere la portata del vostro marchio. Contattateci subito e lasciateci personalizzare le vostre macchine in base alle esigenze specifiche della vostra azienda!<br \/><\/span><\/p>\t\t\t\t\t\t<\/div>\n\t\t\t\t<\/div>\n\t\t\t\t\t<\/div>\n\t\t<\/div>\n\t\t\t\t\t<\/div>\n\t\t<\/section>\n\t\t\t\t<section class=\"elementor-section elementor-top-section elementor-element elementor-element-42aaffd6 elementor-section-stretched elementor-section-full_width elementor-section-height-default elementor-section-height-default\" data-id=\"42aaffd6\" data-element_type=\"section\" data-settings=\"{&quot;stretch_section&quot;:&quot;section-stretched&quot;,&quot;background_background&quot;:&quot;classic&quot;}\">\n\t\t\t\t\t\t<div class=\"elementor-container elementor-column-gap-default\">\n\t\t\t\t\t<div class=\"elementor-column elementor-col-100 elementor-top-column elementor-element elementor-element-52af7ec0\" data-id=\"52af7ec0\" data-element_type=\"column\">\n\t\t\t<div class=\"elementor-widget-wrap elementor-element-populated\">\n\t\t\t\t\t\t<section class=\"elementor-section elementor-inner-section elementor-element elementor-element-3667153d elementor-section-boxed elementor-section-height-default elementor-section-height-default\" data-id=\"3667153d\" data-element_type=\"section\">\n\t\t\t\t\t\t<div class=\"elementor-container elementor-column-gap-default\">\n\t\t\t\t\t<div class=\"elementor-column elementor-col-50 elementor-inner-column elementor-element elementor-element-39744040\" data-id=\"39744040\" data-element_type=\"column\">\n\t\t\t<div class=\"elementor-widget-wrap elementor-element-populated\">\n\t\t\t\t\t\t<div class=\"elementor-element elementor-element-6fbec388 elementor-widget elementor-widget-image\" data-id=\"6fbec388\" data-element_type=\"widget\" data-widget_type=\"image.default\">\n\t\t\t\t<div class=\"elementor-widget-container\">\n\t\t\t\t\t\t\t\t\t\t\t\t\t\t<a href=\"https:\/\/www.levapack.com\/it\/prodotto-articolo\/macchina-di-riempimento-polveri-a-doppia-testa\/\">\n\t\t\t\t\t\t\t<img fetchpriority=\"high\" decoding=\"async\" width=\"532\" height=\"411\" src=\"https:\/\/www.levapack.com\/wp-content\/uploads\/2020\/02\/\u53cc\u5934\u7c89\u5242\u704c\u88c5\u673a.jpg\" class=\"attachment-large size-large wp-image-1113\" alt=\"Riempitrice di polvere Levapack\" srcset=\"https:\/\/www.levapack.com\/wp-content\/uploads\/2020\/02\/\u53cc\u5934\u7c89\u5242\u704c\u88c5\u673a.jpg 532w, https:\/\/www.levapack.com\/wp-content\/uploads\/2020\/02\/\u53cc\u5934\u7c89\u5242\u704c\u88c5\u673a-300x232.jpg 300w, https:\/\/www.levapack.com\/wp-content\/uploads\/2020\/02\/\u53cc\u5934\u7c89\u5242\u704c\u88c5\u673a-189x146.jpg 189w, https:\/\/www.levapack.com\/wp-content\/uploads\/2020\/02\/\u53cc\u5934\u7c89\u5242\u704c\u88c5\u673a-50x39.jpg 50w, https:\/\/www.levapack.com\/wp-content\/uploads\/2020\/02\/\u53cc\u5934\u7c89\u5242\u704c\u88c5\u673a-97x75.jpg 97w\" sizes=\"(max-width: 532px) 100vw, 532px\" \/>\t\t\t\t\t\t\t\t<\/a>\n\t\t\t\t\t\t\t\t\t\t\t\t\t<\/div>\n\t\t\t\t<\/div>\n\t\t\t\t\t<\/div>\n\t\t<\/div>\n\t\t\t\t<div class=\"elementor-column elementor-col-50 elementor-inner-column elementor-element elementor-element-56847bd7\" data-id=\"56847bd7\" data-element_type=\"column\">\n\t\t\t<div class=\"elementor-widget-wrap elementor-element-populated\">\n\t\t\t\t\t\t<div class=\"elementor-element elementor-element-23d5678e elementor-widget elementor-widget-heading\" data-id=\"23d5678e\" data-element_type=\"widget\" data-widget_type=\"heading.default\">\n\t\t\t\t<div class=\"elementor-widget-container\">\n\t\t\t<h2 class=\"elementor-heading-title elementor-size-default\"><a href=\"https:\/\/www.levapack.com\/it\/prodotto-articolo\/macchina-di-riempimento-polveri-a-doppia-testa\/\">Macchina per il riempimento di polveri a doppia testa<\/a><\/h2>\t\t<\/div>\n\t\t\t\t<\/div>\n\t\t\t\t<div class=\"elementor-element elementor-element-41c8c6a4 elementor-widget-divider--view-line elementor-widget elementor-widget-divider\" data-id=\"41c8c6a4\" data-element_type=\"widget\" data-widget_type=\"divider.default\">\n\t\t\t\t<div class=\"elementor-widget-container\">\n\t\t\t\t\t<div class=\"elementor-divider\">\n\t\t\t<span class=\"elementor-divider-separator\">\n\t\t\t\t\t\t<\/span>\n\t\t<\/div>\n\t\t\t\t<\/div>\n\t\t\t\t<\/div>\n\t\t\t\t<div class=\"elementor-element elementor-element-28c1e857 elementor-widget elementor-widget-text-editor\" data-id=\"28c1e857\" data-element_type=\"widget\" data-widget_type=\"text-editor.default\">\n\t\t\t\t<div class=\"elementor-widget-container\">\n\t\t\t\t\t\t\t<p class=\"ql-long-22683834\"><span class=\"ql-author-22683834\">LevaPack produce un <a href=\"https:\/\/www.levapack.com\/it\/categoria-di-prodotto\/macchine-per-il-riempimento-di-lattine\/\">macchina per il riempimento di polveri<\/a> con doppia testa. La testa di riempimento della macchina riempitrice di polvere \u00e8 dotata di un volantino per regolare l'altezza; \u00e8 facile realizzare il riempimento di lattine di tipo diverso.<\/span><\/p><ul><li>Modello: LPE-PFM002<\/li><li>Riempimento rettilineo a doppia testa, riempimento e riempimento principale per garantire un'elevata precisione di riempimento.<\/li><li>Il sistema servo e pneumatico controlla la tenuta della lattina e le corse orizzontali della lattina, il posizionamento \u00e8 preciso e la velocit\u00e0 \u00e8 elevata.<\/li><li>Servomotore e vite di controllo del servoazionamento, prestazioni stabili e alta precisione.<\/li><\/ul>\t\t\t\t\t\t<\/div>\n\t\t\t\t<\/div>\n\t\t\t\t<div class=\"elementor-element elementor-element-5a312a07 elementor-widget__width-initial quote-btn elementor-widget elementor-widget-button\" data-id=\"5a312a07\" data-element_type=\"widget\" data-widget_type=\"button.default\">\n\t\t\t\t<div class=\"elementor-widget-container\">\n\t\t\t\t\t<div class=\"elementor-button-wrapper\">\n\t\t\t<a class=\"elementor-button elementor-button-link elementor-size-sm\" href=\"#elementor-action%3Aaction%3Dpopup%3Aopen%26settings%3DeyJpZCI6IjExMjQiLCJ0b2dnbGUiOmZhbHNlfQ%3D%3D\" rel=\"nofollow\">\n\t\t\t\t\t\t<span class=\"elementor-button-content-wrapper\">\n\t\t\t\t\t\t\t\t\t<span class=\"elementor-button-text\">Richiesta di informazioni<\/span>\n\t\t\t\t\t<\/span>\n\t\t\t\t\t<\/a>\n\t\t<\/div>\n\t\t\t\t<\/div>\n\t\t\t\t<\/div>\n\t\t\t\t<div class=\"elementor-element elementor-element-65d9dc78 elementor-widget__width-auto elementor-widget elementor-widget-button\" data-id=\"65d9dc78\" data-element_type=\"widget\" data-widget_type=\"button.default\">\n\t\t\t\t<div class=\"elementor-widget-container\">\n\t\t\t\t\t<div class=\"elementor-button-wrapper\">\n\t\t\t<a class=\"elementor-button elementor-button-link elementor-size-sm\" href=\"https:\/\/www.levapack.com\/it\/prodotto-articolo\/macchina-di-riempimento-polveri-a-doppia-testa\/\">\n\t\t\t\t\t\t<span class=\"elementor-button-content-wrapper\">\n\t\t\t\t\t\t\t\t\t<span class=\"elementor-button-text\">Per saperne di pi\u00f9<\/span>\n\t\t\t\t\t<\/span>\n\t\t\t\t\t<\/a>\n\t\t<\/div>\n\t\t\t\t<\/div>\n\t\t\t\t<\/div>\n\t\t\t\t\t<\/div>\n\t\t<\/div>\n\t\t\t\t\t<\/div>\n\t\t<\/section>\n\t\t\t\t\t<\/div>\n\t\t<\/div>\n\t\t\t\t\t<\/div>\n\t\t<\/section>\n\t\t\t\t<section class=\"elementor-section elementor-top-section elementor-element elementor-element-64d4e3e7 elementor-section-stretched elementor-section-full_width elementor-section-height-default elementor-section-height-default\" data-id=\"64d4e3e7\" data-element_type=\"section\" data-settings=\"{&quot;stretch_section&quot;:&quot;section-stretched&quot;,&quot;background_background&quot;:&quot;classic&quot;}\">\n\t\t\t\t\t\t<div class=\"elementor-container elementor-column-gap-default\">\n\t\t\t\t\t<div class=\"elementor-column elementor-col-100 elementor-top-column elementor-element elementor-element-56bb31bf\" data-id=\"56bb31bf\" data-element_type=\"column\">\n\t\t\t<div class=\"elementor-widget-wrap elementor-element-populated\">\n\t\t\t\t\t\t<section class=\"elementor-section elementor-inner-section elementor-element elementor-element-6479ac9c elementor-section-boxed elementor-section-height-default elementor-section-height-default\" data-id=\"6479ac9c\" data-element_type=\"section\">\n\t\t\t\t\t\t<div class=\"elementor-container elementor-column-gap-default\">\n\t\t\t\t\t<div class=\"elementor-column elementor-col-50 elementor-inner-column elementor-element elementor-element-764d73e7\" data-id=\"764d73e7\" data-element_type=\"column\">\n\t\t\t<div class=\"elementor-widget-wrap elementor-element-populated\">\n\t\t\t\t\t\t<div class=\"elementor-element elementor-element-44e7bc00 elementor-widget elementor-widget-heading\" data-id=\"44e7bc00\" data-element_type=\"widget\" data-widget_type=\"heading.default\">\n\t\t\t\t<div class=\"elementor-widget-container\">\n\t\t\t<h2 class=\"elementor-heading-title elementor-size-default\"><a href=\"https:\/\/www.levapack.com\/it\/prodotto-articolo\/macchina-per-il-riempimento-di-polveri\/\">Macchina di riempimento della polvere<\/a><\/h2>\t\t<\/div>\n\t\t\t\t<\/div>\n\t\t\t\t<div class=\"elementor-element elementor-element-69eca590 elementor-widget-divider--view-line elementor-widget elementor-widget-divider\" data-id=\"69eca590\" data-element_type=\"widget\" data-widget_type=\"divider.default\">\n\t\t\t\t<div class=\"elementor-widget-container\">\n\t\t\t\t\t<div class=\"elementor-divider\">\n\t\t\t<span class=\"elementor-divider-separator\">\n\t\t\t\t\t\t<\/span>\n\t\t<\/div>\n\t\t\t\t<\/div>\n\t\t\t\t<\/div>\n\t\t\t\t<div class=\"elementor-element elementor-element-273296b2 elementor-widget elementor-widget-text-editor\" data-id=\"273296b2\" data-element_type=\"widget\" data-widget_type=\"text-editor.default\">\n\t\t\t\t<div class=\"elementor-widget-container\">\n\t\t\t\t\t\t\t<p class=\"ql-long-22683834\"><span class=\"ql-author-22683834\">Riempitrice automatica di polveri ad alta efficienza prodotta da LevaPack. Adatta a diversi tipi di barattoli rotondi, come quelli in latta, in PET e in tubo di carta.<\/span><\/p><ul class=\"circle-list\"><li>Modello: LPE-PFM001<\/li><li>Alimentazione completa automatica della polvere, erogazione quantitativa.<\/li><li>Il silo pu\u00f2 essere facilmente aperto e pulito senza attrezzi.<\/li><li>Il servomotore, le viti e i materiali esterni sono tutti in acciaio inox.<\/li><li>La coclea \u00e8 intercambiabile per dosare con precisione una variet\u00e0 di materiali in polvere.<\/li><\/ul>\t\t\t\t\t\t<\/div>\n\t\t\t\t<\/div>\n\t\t\t\t<div class=\"elementor-element elementor-element-38c1855d elementor-widget__width-initial quote-btn elementor-widget elementor-widget-button\" data-id=\"38c1855d\" data-element_type=\"widget\" data-widget_type=\"button.default\">\n\t\t\t\t<div class=\"elementor-widget-container\">\n\t\t\t\t\t<div class=\"elementor-button-wrapper\">\n\t\t\t<a class=\"elementor-button elementor-button-link elementor-size-sm\" href=\"#elementor-action%3Aaction%3Dpopup%3Aopen%26settings%3DeyJpZCI6IjExMjMiLCJ0b2dnbGUiOmZhbHNlfQ%3D%3D\" rel=\"nofollow\">\n\t\t\t\t\t\t<span class=\"elementor-button-content-wrapper\">\n\t\t\t\t\t\t\t\t\t<span class=\"elementor-button-text\">Richiesta di informazioni<\/span>\n\t\t\t\t\t<\/span>\n\t\t\t\t\t<\/a>\n\t\t<\/div>\n\t\t\t\t<\/div>\n\t\t\t\t<\/div>\n\t\t\t\t<div class=\"elementor-element elementor-element-492a4df6 elementor-widget__width-auto elementor-widget elementor-widget-button\" data-id=\"492a4df6\" data-element_type=\"widget\" data-widget_type=\"button.default\">\n\t\t\t\t<div class=\"elementor-widget-container\">\n\t\t\t\t\t<div class=\"elementor-button-wrapper\">\n\t\t\t<a class=\"elementor-button elementor-button-link elementor-size-sm\" href=\"https:\/\/www.levapack.com\/it\/prodotto-articolo\/macchina-per-il-riempimento-di-polveri\/\">\n\t\t\t\t\t\t<span class=\"elementor-button-content-wrapper\">\n\t\t\t\t\t\t\t\t\t<span class=\"elementor-button-text\">Per saperne di pi\u00f9<\/span>\n\t\t\t\t\t<\/span>\n\t\t\t\t\t<\/a>\n\t\t<\/div>\n\t\t\t\t<\/div>\n\t\t\t\t<\/div>\n\t\t\t\t\t<\/div>\n\t\t<\/div>\n\t\t\t\t<div class=\"elementor-column elementor-col-50 elementor-inner-column elementor-element elementor-element-68ed5323\" data-id=\"68ed5323\" data-element_type=\"column\">\n\t\t\t<div class=\"elementor-widget-wrap elementor-element-populated\">\n\t\t\t\t\t\t<div class=\"elementor-element elementor-element-20c90878 elementor-widget elementor-widget-image\" data-id=\"20c90878\" data-element_type=\"widget\" data-widget_type=\"image.default\">\n\t\t\t\t<div class=\"elementor-widget-container\">\n\t\t\t\t\t\t\t\t\t\t\t\t\t\t<a href=\"https:\/\/www.levapack.com\/it\/prodotto-articolo\/macchina-per-il-riempimento-di-polveri\/\">\n\t\t\t\t\t\t\t<img decoding=\"async\" width=\"579\" height=\"465\" src=\"https:\/\/www.levapack.com\/wp-content\/uploads\/2020\/02\/1-Powder-filling-machine-1.jpg\" class=\"attachment-large size-large wp-image-1119\" alt=\"Immagine completa di una macchina per il riempimento di polveri\" srcset=\"https:\/\/www.levapack.com\/wp-content\/uploads\/2020\/02\/1-Powder-filling-machine-1.jpg 579w, https:\/\/www.levapack.com\/wp-content\/uploads\/2020\/02\/1-Powder-filling-machine-1-300x241.jpg 300w, https:\/\/www.levapack.com\/wp-content\/uploads\/2020\/02\/1-Powder-filling-machine-1-182x146.jpg 182w, https:\/\/www.levapack.com\/wp-content\/uploads\/2020\/02\/1-Powder-filling-machine-1-50x40.jpg 50w, https:\/\/www.levapack.com\/wp-content\/uploads\/2020\/02\/1-Powder-filling-machine-1-93x75.jpg 93w\" sizes=\"(max-width: 579px) 100vw, 579px\" \/>\t\t\t\t\t\t\t\t<\/a>\n\t\t\t\t\t\t\t\t\t\t\t\t\t<\/div>\n\t\t\t\t<\/div>\n\t\t\t\t\t<\/div>\n\t\t<\/div>\n\t\t\t\t\t<\/div>\n\t\t<\/section>\n\t\t\t\t\t<\/div>\n\t\t<\/div>\n\t\t\t\t\t<\/div>\n\t\t<\/section>\n\t\t\t\t<\/div>","protected":false},"excerpt":{"rendered":"<p>Macchina per il confezionamento del t\u00e8 Richiedi un preventivo &gt; Home Macchina per il confezionamento del t\u00e8 in Levapack Nelle economie emergenti si \u00e8 registrata una crescente domanda di t\u00e8 pronto da bere (RTD).<span class=\"excerpt-hellip\"> [...]<\/span><\/p>","protected":false},"author":1,"featured_media":0,"parent":0,"menu_order":0,"comment_status":"closed","ping_status":"closed","template":"","meta":{"_seopress_robots_primary_cat":"","_seopress_titles_title":"Tea Packaging Machine, Tea Packing Machine - Levapack","_seopress_titles_desc":"Looking for Tea Packaging Machine for your applications? Levapack supplies the best can filling machines for sale. Choose the right one for you!","_seopress_robots_index":"","footnotes":""},"class_list":["post-1426","page","type-page","status-publish","hentry"],"acf":[],"_links":{"self":[{"href":"https:\/\/www.levapack.com\/it\/wp-json\/wp\/v2\/pages\/1426","targetHints":{"allow":["GET"]}}],"collection":[{"href":"https:\/\/www.levapack.com\/it\/wp-json\/wp\/v2\/pages"}],"about":[{"href":"https:\/\/www.levapack.com\/it\/wp-json\/wp\/v2\/types\/page"}],"author":[{"embeddable":true,"href":"https:\/\/www.levapack.com\/it\/wp-json\/wp\/v2\/users\/1"}],"replies":[{"embeddable":true,"href":"https:\/\/www.levapack.com\/it\/wp-json\/wp\/v2\/comments?post=1426"}],"version-history":[{"count":11,"href":"https:\/\/www.levapack.com\/it\/wp-json\/wp\/v2\/pages\/1426\/revisions"}],"predecessor-version":[{"id":11849,"href":"https:\/\/www.levapack.com\/it\/wp-json\/wp\/v2\/pages\/1426\/revisions\/11849"}],"wp:attachment":[{"href":"https:\/\/www.levapack.com\/it\/wp-json\/wp\/v2\/media?parent=1426"}],"curies":[{"name":"wp","href":"https:\/\/api.w.org\/{rel}","templated":true}]}}