{"id":2548,"date":"2020-05-06T10:49:38","date_gmt":"2020-05-06T10:49:38","guid":{"rendered":"https:\/\/www.levapack.com\/?page_id=2548"},"modified":"2022-10-11T14:07:18","modified_gmt":"2022-10-11T14:07:18","slug":"machine-demballage-de-lait-en-poudre","status":"publish","type":"page","link":"https:\/\/www.levapack.com\/fr\/machine-demballage-de-lait-en-poudre\/","title":{"rendered":"Machine \u00e0 emballer le lait en poudre"},"content":{"rendered":"<div data-elementor-type=\"wp-page\" data-elementor-id=\"2548\" class=\"elementor elementor-2548\" data-elementor-post-type=\"page\">\n\t\t\t\t\t\t<section class=\"elementor-section elementor-top-section elementor-element elementor-element-73c5c227 elementor-section-stretched elementor-section-full_width elementor-section-height-min-height elementor-section-height-default elementor-section-items-middle\" data-id=\"73c5c227\" data-element_type=\"section\" data-settings=\"{&quot;stretch_section&quot;:&quot;section-stretched&quot;,&quot;background_background&quot;:&quot;slideshow&quot;,&quot;background_slideshow_gallery&quot;:[{&quot;id&quot;:888,&quot;url&quot;:&quot;https:\\\/\\\/www.levapack.com\\\/wp-content\\\/uploads\\\/2020\\\/01\\\/359099cbad1234a8dcee2c681d24807.jpg&quot;}],&quot;background_slideshow_loop&quot;:&quot;yes&quot;,&quot;background_slideshow_slide_duration&quot;:5000,&quot;background_slideshow_slide_transition&quot;:&quot;fade&quot;,&quot;background_slideshow_transition_duration&quot;:500}\">\n\t\t\t\t\t\t<div class=\"elementor-container elementor-column-gap-default\">\n\t\t\t\t\t<div class=\"elementor-column elementor-col-100 elementor-top-column elementor-element elementor-element-95f5d0c\" data-id=\"95f5d0c\" data-element_type=\"column\">\n\t\t\t<div class=\"elementor-widget-wrap elementor-element-populated\">\n\t\t\t\t\t\t<section class=\"elementor-section elementor-inner-section elementor-element elementor-element-27d35081 elementor-section-full_width elementor-section-height-default elementor-section-height-default\" data-id=\"27d35081\" data-element_type=\"section\">\n\t\t\t\t\t\t<div class=\"elementor-container elementor-column-gap-default\">\n\t\t\t\t\t<div class=\"elementor-column elementor-col-50 elementor-inner-column elementor-element elementor-element-4a5ab4d\" data-id=\"4a5ab4d\" data-element_type=\"column\">\n\t\t\t<div class=\"elementor-widget-wrap elementor-element-populated\">\n\t\t\t\t\t\t<div class=\"elementor-element elementor-element-443257a0 elementor-widget elementor-widget-heading\" data-id=\"443257a0\" data-element_type=\"widget\" data-widget_type=\"heading.default\">\n\t\t\t\t<div class=\"elementor-widget-container\">\n\t\t\t<h1 class=\"elementor-heading-title elementor-size-default\">Machine \u00e0 emballer le lait en poudre<\/h1>\t\t<\/div>\n\t\t\t\t<\/div>\n\t\t\t\t\t<\/div>\n\t\t<\/div>\n\t\t\t\t<div class=\"elementor-column elementor-col-50 elementor-inner-column elementor-element elementor-element-57de6a2a\" data-id=\"57de6a2a\" data-element_type=\"column\">\n\t\t\t<div class=\"elementor-widget-wrap elementor-element-populated\">\n\t\t\t\t\t\t<div class=\"elementor-element elementor-element-18888429 elementor-align-justify elementor-widget__width-initial quote-btn elementor-widget elementor-widget-button\" data-id=\"18888429\" data-element_type=\"widget\" data-widget_type=\"button.default\">\n\t\t\t\t<div class=\"elementor-widget-container\">\n\t\t\t\t\t<div class=\"elementor-button-wrapper\">\n\t\t\t<a class=\"elementor-button elementor-button-link elementor-size-md\" href=\"#elementor-action%3Aaction%3Dpopup%3Aopen%26settings%3DeyJpZCI6IjExMjMiLCJ0b2dnbGUiOmZhbHNlfQ%3D%3D\" rel=\"nofollow\">\n\t\t\t\t\t\t<span class=\"elementor-button-content-wrapper\">\n\t\t\t\t\t\t\t\t\t<span class=\"elementor-button-text\"><b> Demande de devis &gt; <\/b><\/span>\n\t\t\t\t\t<\/span>\n\t\t\t\t\t<\/a>\n\t\t<\/div>\n\t\t\t\t<\/div>\n\t\t\t\t<\/div>\n\t\t\t\t\t<\/div>\n\t\t<\/div>\n\t\t\t\t\t<\/div>\n\t\t<\/section>\n\t\t\t\t\t<\/div>\n\t\t<\/div>\n\t\t\t\t\t<\/div>\n\t\t<\/section>\n\t\t\t\t<section class=\"elementor-section elementor-top-section elementor-element elementor-element-6f6279d5 elementor-section-boxed elementor-section-height-default elementor-section-height-default\" data-id=\"6f6279d5\" data-element_type=\"section\">\n\t\t\t\t\t\t<div class=\"elementor-container elementor-column-gap-default\">\n\t\t\t\t\t<div class=\"elementor-column elementor-col-100 elementor-top-column elementor-element elementor-element-347d24a1\" data-id=\"347d24a1\" data-element_type=\"column\">\n\t\t\t<div class=\"elementor-widget-wrap elementor-element-populated\">\n\t\t\t\t\t\t<div class=\"elementor-element elementor-element-6d3ebf48 elementor-widget elementor-widget-heading\" data-id=\"6d3ebf48\" data-element_type=\"widget\" data-widget_type=\"heading.default\">\n\t\t\t\t<div class=\"elementor-widget-container\">\n\t\t\t<h2 class=\"elementor-heading-title elementor-size-default\">Machines d'emballage et lignes de remplissage de lait en poudre<\/h2>\t\t<\/div>\n\t\t\t\t<\/div>\n\t\t\t\t<div class=\"elementor-element elementor-element-1bfbc23b elementor-widget-divider--view-line elementor-widget elementor-widget-divider\" data-id=\"1bfbc23b\" data-element_type=\"widget\" data-widget_type=\"divider.default\">\n\t\t\t\t<div class=\"elementor-widget-container\">\n\t\t\t\t\t<div class=\"elementor-divider\">\n\t\t\t<span class=\"elementor-divider-separator\">\n\t\t\t\t\t\t<\/span>\n\t\t<\/div>\n\t\t\t\t<\/div>\n\t\t\t\t<\/div>\n\t\t\t\t<section class=\"elementor-section elementor-inner-section elementor-element elementor-element-9c62d2d elementor-section-boxed elementor-section-height-default elementor-section-height-default\" data-id=\"9c62d2d\" data-element_type=\"section\">\n\t\t\t\t\t\t<div class=\"elementor-container elementor-column-gap-default\">\n\t\t\t\t\t<div class=\"elementor-column elementor-col-50 elementor-inner-column elementor-element elementor-element-f55a839\" data-id=\"f55a839\" data-element_type=\"column\">\n\t\t\t<div class=\"elementor-widget-wrap elementor-element-populated\">\n\t\t\t\t\t\t<div class=\"elementor-element elementor-element-5abcf0da elementor-widget elementor-widget-text-editor\" data-id=\"5abcf0da\" data-element_type=\"widget\" data-widget_type=\"text-editor.default\">\n\t\t\t\t<div class=\"elementor-widget-container\">\n\t\t\t\t\t\t\t<p style=\"text-align: center;\"><style type=\"text\/css\"><!--td {border: 1px solid #ccc;}br {mso-data-placement:same-cell;}--><\/style><\/p><p><span data-sheets-value=\"{\" data-sheets-userformat=\"{\">Vous \u00eates \u00e0 la recherche d'un <a href=\"https:\/\/www.levapack.com\/fr\/categorie-de-produits\/machines-a-sceller-les-boites-de-conserve\/\">machine automatique d'emballage de lait en poudre<\/a>\u00a0ou un <a href=\"https:\/\/www.levapack.com\/fr\/categorie-de-produits\/lignes-de-mise-en-conserve\/\">ligne de remplissage de lait<\/a>? Levapack propose des machines de mise en bo\u00eete tr\u00e8s pr\u00e9cises et stables, ainsi que des lignes de conditionnement en bo\u00eete compl\u00e8tes, adapt\u00e9es \u00e0 divers produits en poudre. Nous vous garantissons un processus de conditionnement propre et efficace pour votre lait en poudre. <\/span><\/p><p><span data-sheets-value=\"{\" data-sheets-userformat=\"{\">Nos machines d'emballage de bo\u00eetes sont \u00e9quip\u00e9es de tables d'alimentation rotatives, de rinceuses de bo\u00eetes, de remplisseuses de lait en poudre, de scelleuses sous vide \u00e0 l'azote, d'\u00e9tiqueteuses, de codeuses et de tables d'alimentation de bo\u00eetes. Pour plus d'informations et de conseils <a href=\"https:\/\/www.levapack.com\/fr\/categorie-de-produits\/machines-a-boucher-les-boites-de-conserve\/\">solutions d'emballage sur mesure pour les bo\u00eetes de conserve<\/a>vous pouvez contacter Levapack directement.<\/span><\/p>\t\t\t\t\t\t<\/div>\n\t\t\t\t<\/div>\n\t\t\t\t\t<\/div>\n\t\t<\/div>\n\t\t\t\t<div class=\"elementor-column elementor-col-50 elementor-inner-column elementor-element elementor-element-b19777b\" data-id=\"b19777b\" data-element_type=\"column\">\n\t\t\t<div class=\"elementor-widget-wrap elementor-element-populated\">\n\t\t\t\t\t\t<div class=\"elementor-element elementor-element-4074649 elementor-widget elementor-widget-image\" data-id=\"4074649\" data-element_type=\"widget\" data-widget_type=\"image.default\">\n\t\t\t\t<div class=\"elementor-widget-container\">\n\t\t\t\t\t\t\t\t\t\t\t\t\t<img fetchpriority=\"high\" decoding=\"async\" width=\"950\" height=\"595\" src=\"https:\/\/www.levapack.com\/wp-content\/uploads\/2021\/05\/Can-seamer-machine.jpg\" class=\"attachment-large size-large wp-image-5167\" alt=\"Machine \u00e0 sertir les bo\u00eetes de conserve pour le lait en poudre\" srcset=\"https:\/\/www.levapack.com\/wp-content\/uploads\/2021\/05\/Can-seamer-machine.jpg 950w, https:\/\/www.levapack.com\/wp-content\/uploads\/2021\/05\/Can-seamer-machine-300x188.jpg 300w, https:\/\/www.levapack.com\/wp-content\/uploads\/2021\/05\/Can-seamer-machine-768x481.jpg 768w, https:\/\/www.levapack.com\/wp-content\/uploads\/2021\/05\/Can-seamer-machine-233x146.jpg 233w, https:\/\/www.levapack.com\/wp-content\/uploads\/2021\/05\/Can-seamer-machine-50x31.jpg 50w, https:\/\/www.levapack.com\/wp-content\/uploads\/2021\/05\/Can-seamer-machine-120x75.jpg 120w\" sizes=\"(max-width: 950px) 100vw, 950px\" \/>\t\t\t\t\t\t\t\t\t\t\t\t\t<\/div>\n\t\t\t\t<\/div>\n\t\t\t\t\t<\/div>\n\t\t<\/div>\n\t\t\t\t\t<\/div>\n\t\t<\/section>\n\t\t\t\t\t<\/div>\n\t\t<\/div>\n\t\t\t\t\t<\/div>\n\t\t<\/section>\n\t\t\t\t<section class=\"elementor-section elementor-top-section elementor-element elementor-element-395a2e3e elementor-section-stretched elementor-section-full_width elementor-section-height-default elementor-section-height-default\" data-id=\"395a2e3e\" data-element_type=\"section\" data-settings=\"{&quot;stretch_section&quot;:&quot;section-stretched&quot;,&quot;background_background&quot;:&quot;classic&quot;}\">\n\t\t\t\t\t\t<div class=\"elementor-container elementor-column-gap-default\">\n\t\t\t\t\t<div class=\"elementor-column elementor-col-100 elementor-top-column elementor-element elementor-element-57c52c22\" data-id=\"57c52c22\" data-element_type=\"column\">\n\t\t\t<div class=\"elementor-widget-wrap elementor-element-populated\">\n\t\t\t\t\t\t<section class=\"elementor-section elementor-inner-section elementor-element elementor-element-64ffe8c7 elementor-section-boxed elementor-section-height-default elementor-section-height-default\" data-id=\"64ffe8c7\" data-element_type=\"section\">\n\t\t\t\t\t\t<div class=\"elementor-container elementor-column-gap-default\">\n\t\t\t\t\t<div class=\"elementor-column elementor-col-50 elementor-inner-column elementor-element elementor-element-16fdda80\" data-id=\"16fdda80\" data-element_type=\"column\">\n\t\t\t<div class=\"elementor-widget-wrap elementor-element-populated\">\n\t\t\t\t\t\t<div class=\"elementor-element elementor-element-2cc5b7d3 elementor-widget elementor-widget-image\" data-id=\"2cc5b7d3\" data-element_type=\"widget\" data-widget_type=\"image.default\">\n\t\t\t\t<div class=\"elementor-widget-container\">\n\t\t\t\t\t\t\t\t\t\t\t\t\t\t<a href=\"https:\/\/www.levapack.com\/fr\/article-du-produit\/machine-de-remplissage-de-poudres-a-double-tete\/\">\n\t\t\t\t\t\t\t<img decoding=\"async\" width=\"532\" height=\"411\" src=\"https:\/\/www.levapack.com\/wp-content\/uploads\/2020\/02\/\u53cc\u5934\u7c89\u5242\u704c\u88c5\u673a.jpg\" class=\"attachment-large size-large wp-image-1113\" alt=\"Machine de remplissage de poudre Levapack\" srcset=\"https:\/\/www.levapack.com\/wp-content\/uploads\/2020\/02\/\u53cc\u5934\u7c89\u5242\u704c\u88c5\u673a.jpg 532w, https:\/\/www.levapack.com\/wp-content\/uploads\/2020\/02\/\u53cc\u5934\u7c89\u5242\u704c\u88c5\u673a-300x232.jpg 300w, https:\/\/www.levapack.com\/wp-content\/uploads\/2020\/02\/\u53cc\u5934\u7c89\u5242\u704c\u88c5\u673a-189x146.jpg 189w, https:\/\/www.levapack.com\/wp-content\/uploads\/2020\/02\/\u53cc\u5934\u7c89\u5242\u704c\u88c5\u673a-50x39.jpg 50w, https:\/\/www.levapack.com\/wp-content\/uploads\/2020\/02\/\u53cc\u5934\u7c89\u5242\u704c\u88c5\u673a-97x75.jpg 97w\" sizes=\"(max-width: 532px) 100vw, 532px\" \/>\t\t\t\t\t\t\t\t<\/a>\n\t\t\t\t\t\t\t\t\t\t\t\t\t<\/div>\n\t\t\t\t<\/div>\n\t\t\t\t\t<\/div>\n\t\t<\/div>\n\t\t\t\t<div class=\"elementor-column elementor-col-50 elementor-inner-column elementor-element elementor-element-3420f2ff\" data-id=\"3420f2ff\" data-element_type=\"column\">\n\t\t\t<div class=\"elementor-widget-wrap elementor-element-populated\">\n\t\t\t\t\t\t<div class=\"elementor-element elementor-element-7fff35bb elementor-widget elementor-widget-heading\" data-id=\"7fff35bb\" data-element_type=\"widget\" data-widget_type=\"heading.default\">\n\t\t\t\t<div class=\"elementor-widget-container\">\n\t\t\t<h2 class=\"elementor-heading-title elementor-size-default\"><a href=\"https:\/\/www.levapack.com\/fr\/article-du-produit\/machine-de-remplissage-de-poudres-a-double-tete\/\">Machine de remplissage de poudre \u00e0 double t\u00eate<\/a><\/h2>\t\t<\/div>\n\t\t\t\t<\/div>\n\t\t\t\t<div class=\"elementor-element elementor-element-3ff5c33 elementor-widget-divider--view-line elementor-widget elementor-widget-divider\" data-id=\"3ff5c33\" data-element_type=\"widget\" data-widget_type=\"divider.default\">\n\t\t\t\t<div class=\"elementor-widget-container\">\n\t\t\t\t\t<div class=\"elementor-divider\">\n\t\t\t<span class=\"elementor-divider-separator\">\n\t\t\t\t\t\t<\/span>\n\t\t<\/div>\n\t\t\t\t<\/div>\n\t\t\t\t<\/div>\n\t\t\t\t<div class=\"elementor-element elementor-element-361f7109 elementor-widget elementor-widget-text-editor\" data-id=\"361f7109\" data-element_type=\"widget\" data-widget_type=\"text-editor.default\">\n\t\t\t\t<div class=\"elementor-widget-container\">\n\t\t\t\t\t\t\t<p class=\"ql-long-22683834\"><span class=\"ql-author-22683834\">LevaPack fabrique une machine de remplissage de poudre \u00e0 double t\u00eate. La t\u00eate de remplissage de la machine de remplissage de poudre est \u00e9quip\u00e9e d'un volant pour ajuster la hauteur, il est facile de r\u00e9aliser le remplissage de diff\u00e9rents types de bo\u00eetes.<\/span><\/p><ul><li>Mod\u00e8le:LPE-PFM002<\/li><li>Remplissage droit \u00e0 double t\u00eate, remplissage principal et remplissage ult\u00e9rieur pour assurer un remplissage de haute pr\u00e9cision.<\/li><li>Les syst\u00e8mes servo et pneumatiques contr\u00f4lent le maintien de la bo\u00eete et les courses horizontales de la bo\u00eete, le positionnement est pr\u00e9cis et la vitesse est rapide.<\/li><li>Servomoteur et vis de commande servo, performances stables et haute pr\u00e9cision.<\/li><\/ul>\t\t\t\t\t\t<\/div>\n\t\t\t\t<\/div>\n\t\t\t\t<div class=\"elementor-element elementor-element-6c5068ec elementor-widget__width-initial quote-btn elementor-widget elementor-widget-button\" data-id=\"6c5068ec\" data-element_type=\"widget\" data-widget_type=\"button.default\">\n\t\t\t\t<div class=\"elementor-widget-container\">\n\t\t\t\t\t<div class=\"elementor-button-wrapper\">\n\t\t\t<a class=\"elementor-button elementor-button-link elementor-size-sm\" href=\"#elementor-action%3Aaction%3Dpopup%3Aopen%26settings%3DeyJpZCI6IjExMjQiLCJ0b2dnbGUiOmZhbHNlfQ%3D%3D\" rel=\"nofollow\">\n\t\t\t\t\t\t<span class=\"elementor-button-content-wrapper\">\n\t\t\t\t\t\t\t\t\t<span class=\"elementor-button-text\">Demande de renseignements<\/span>\n\t\t\t\t\t<\/span>\n\t\t\t\t\t<\/a>\n\t\t<\/div>\n\t\t\t\t<\/div>\n\t\t\t\t<\/div>\n\t\t\t\t<div class=\"elementor-element elementor-element-50166c1a elementor-widget__width-auto elementor-widget elementor-widget-button\" data-id=\"50166c1a\" data-element_type=\"widget\" data-widget_type=\"button.default\">\n\t\t\t\t<div class=\"elementor-widget-container\">\n\t\t\t\t\t<div class=\"elementor-button-wrapper\">\n\t\t\t<a class=\"elementor-button elementor-button-link elementor-size-sm\" href=\"https:\/\/www.levapack.com\/fr\/article-du-produit\/machine-de-remplissage-de-poudres-a-double-tete\/\">\n\t\t\t\t\t\t<span class=\"elementor-button-content-wrapper\">\n\t\t\t\t\t\t\t\t\t<span class=\"elementor-button-text\">Voir plus<\/span>\n\t\t\t\t\t<\/span>\n\t\t\t\t\t<\/a>\n\t\t<\/div>\n\t\t\t\t<\/div>\n\t\t\t\t<\/div>\n\t\t\t\t\t<\/div>\n\t\t<\/div>\n\t\t\t\t\t<\/div>\n\t\t<\/section>\n\t\t\t\t\t<\/div>\n\t\t<\/div>\n\t\t\t\t\t<\/div>\n\t\t<\/section>\n\t\t\t\t<section class=\"elementor-section elementor-top-section elementor-element elementor-element-420ae0ae elementor-section-stretched elementor-section-full_width elementor-section-height-default elementor-section-height-default\" data-id=\"420ae0ae\" data-element_type=\"section\" data-settings=\"{&quot;stretch_section&quot;:&quot;section-stretched&quot;,&quot;background_background&quot;:&quot;classic&quot;}\">\n\t\t\t\t\t\t<div class=\"elementor-container elementor-column-gap-default\">\n\t\t\t\t\t<div class=\"elementor-column elementor-col-100 elementor-top-column elementor-element elementor-element-154bdb6e\" data-id=\"154bdb6e\" data-element_type=\"column\">\n\t\t\t<div class=\"elementor-widget-wrap elementor-element-populated\">\n\t\t\t\t\t\t<section class=\"elementor-section elementor-inner-section elementor-element elementor-element-4da9b51 elementor-section-boxed elementor-section-height-default elementor-section-height-default\" data-id=\"4da9b51\" data-element_type=\"section\">\n\t\t\t\t\t\t<div class=\"elementor-container elementor-column-gap-default\">\n\t\t\t\t\t<div class=\"elementor-column elementor-col-50 elementor-inner-column elementor-element elementor-element-165b00cb\" data-id=\"165b00cb\" data-element_type=\"column\">\n\t\t\t<div class=\"elementor-widget-wrap elementor-element-populated\">\n\t\t\t\t\t\t<div class=\"elementor-element elementor-element-c71f394 elementor-widget elementor-widget-heading\" data-id=\"c71f394\" data-element_type=\"widget\" data-widget_type=\"heading.default\">\n\t\t\t\t<div class=\"elementor-widget-container\">\n\t\t\t<h2 class=\"elementor-heading-title elementor-size-default\"><a href=\"https:\/\/www.levapack.com\/fr\/article-du-produit\/machine-de-remplissage-de-poudre\/\">Machine de remplissage de poudre<\/a><\/h2>\t\t<\/div>\n\t\t\t\t<\/div>\n\t\t\t\t<div class=\"elementor-element elementor-element-6adf57af elementor-widget-divider--view-line elementor-widget elementor-widget-divider\" data-id=\"6adf57af\" data-element_type=\"widget\" data-widget_type=\"divider.default\">\n\t\t\t\t<div class=\"elementor-widget-container\">\n\t\t\t\t\t<div class=\"elementor-divider\">\n\t\t\t<span class=\"elementor-divider-separator\">\n\t\t\t\t\t\t<\/span>\n\t\t<\/div>\n\t\t\t\t<\/div>\n\t\t\t\t<\/div>\n\t\t\t\t<div class=\"elementor-element elementor-element-2520164a elementor-widget elementor-widget-text-editor\" data-id=\"2520164a\" data-element_type=\"widget\" data-widget_type=\"text-editor.default\">\n\t\t\t\t<div class=\"elementor-widget-container\">\n\t\t\t\t\t\t\t<p class=\"ql-long-22683834\"><span class=\"ql-author-22683834\">Haute efficacit\u00e9 <a href=\"https:\/\/www.levapack.com\/fr\/categorie-de-produits\/machines-de-remplissage-de-boites-de-conserve\/\">machine de remplissage automatique de poudres<\/a> fabriqu\u00e9 par LevaPack. Convient \u00e0 diff\u00e9rents types de bo\u00eetes rondes, telles que les bo\u00eetes de conserve, les bo\u00eetes en PET et les tubes en papier.<\/span><\/p><ul class=\"circle-list\"><li>Mod\u00e8le : LPE-PFM001<\/li><li>Alimentation automatique compl\u00e8te en poudre, distribution quantitative.<\/li><li>Le silo peut \u00eatre facilement ouvert et nettoy\u00e9 sans outils.<\/li><li>Le servomoteur, les vis et les mat\u00e9riaux ext\u00e9rieurs sont tous en acier inoxydable.<\/li><li>La vis sans fin est interchangeable pour une distribution pr\u00e9cise d'une vari\u00e9t\u00e9 de mat\u00e9riaux en poudre.<\/li><\/ul>\t\t\t\t\t\t<\/div>\n\t\t\t\t<\/div>\n\t\t\t\t<div class=\"elementor-element elementor-element-52e75865 elementor-widget__width-initial quote-btn elementor-widget elementor-widget-button\" data-id=\"52e75865\" data-element_type=\"widget\" data-widget_type=\"button.default\">\n\t\t\t\t<div class=\"elementor-widget-container\">\n\t\t\t\t\t<div class=\"elementor-button-wrapper\">\n\t\t\t<a class=\"elementor-button elementor-button-link elementor-size-sm\" href=\"#elementor-action%3Aaction%3Dpopup%3Aopen%26settings%3DeyJpZCI6IjExMjMiLCJ0b2dnbGUiOmZhbHNlfQ%3D%3D\" rel=\"nofollow\">\n\t\t\t\t\t\t<span class=\"elementor-button-content-wrapper\">\n\t\t\t\t\t\t\t\t\t<span class=\"elementor-button-text\">Demande de renseignements<\/span>\n\t\t\t\t\t<\/span>\n\t\t\t\t\t<\/a>\n\t\t<\/div>\n\t\t\t\t<\/div>\n\t\t\t\t<\/div>\n\t\t\t\t<div class=\"elementor-element elementor-element-38e36138 elementor-widget__width-auto elementor-widget elementor-widget-button\" data-id=\"38e36138\" data-element_type=\"widget\" data-widget_type=\"button.default\">\n\t\t\t\t<div class=\"elementor-widget-container\">\n\t\t\t\t\t<div class=\"elementor-button-wrapper\">\n\t\t\t<a class=\"elementor-button elementor-button-link elementor-size-sm\" href=\"https:\/\/www.levapack.com\/fr\/article-du-produit\/machine-de-remplissage-de-poudre\/\">\n\t\t\t\t\t\t<span class=\"elementor-button-content-wrapper\">\n\t\t\t\t\t\t\t\t\t<span class=\"elementor-button-text\">Voir plus<\/span>\n\t\t\t\t\t<\/span>\n\t\t\t\t\t<\/a>\n\t\t<\/div>\n\t\t\t\t<\/div>\n\t\t\t\t<\/div>\n\t\t\t\t\t<\/div>\n\t\t<\/div>\n\t\t\t\t<div class=\"elementor-column elementor-col-50 elementor-inner-column elementor-element elementor-element-4f27694b\" data-id=\"4f27694b\" data-element_type=\"column\">\n\t\t\t<div class=\"elementor-widget-wrap elementor-element-populated\">\n\t\t\t\t\t\t<div class=\"elementor-element elementor-element-47d033ec elementor-widget elementor-widget-image\" data-id=\"47d033ec\" data-element_type=\"widget\" data-widget_type=\"image.default\">\n\t\t\t\t<div class=\"elementor-widget-container\">\n\t\t\t\t\t\t\t\t\t\t\t\t\t\t<a href=\"https:\/\/www.levapack.com\/fr\/article-du-produit\/machine-de-remplissage-de-poudre\/\">\n\t\t\t\t\t\t\t<img decoding=\"async\" width=\"579\" height=\"465\" src=\"https:\/\/www.levapack.com\/wp-content\/uploads\/2020\/02\/1-Powder-filling-machine-1.jpg\" class=\"attachment-large size-large wp-image-1119\" alt=\"Image compl\u00e8te d&#039;une machine de remplissage de poudres\" srcset=\"https:\/\/www.levapack.com\/wp-content\/uploads\/2020\/02\/1-Powder-filling-machine-1.jpg 579w, https:\/\/www.levapack.com\/wp-content\/uploads\/2020\/02\/1-Powder-filling-machine-1-300x241.jpg 300w, https:\/\/www.levapack.com\/wp-content\/uploads\/2020\/02\/1-Powder-filling-machine-1-182x146.jpg 182w, https:\/\/www.levapack.com\/wp-content\/uploads\/2020\/02\/1-Powder-filling-machine-1-50x40.jpg 50w, https:\/\/www.levapack.com\/wp-content\/uploads\/2020\/02\/1-Powder-filling-machine-1-93x75.jpg 93w\" sizes=\"(max-width: 579px) 100vw, 579px\" \/>\t\t\t\t\t\t\t\t<\/a>\n\t\t\t\t\t\t\t\t\t\t\t\t\t<\/div>\n\t\t\t\t<\/div>\n\t\t\t\t\t<\/div>\n\t\t<\/div>\n\t\t\t\t\t<\/div>\n\t\t<\/section>\n\t\t\t\t\t<\/div>\n\t\t<\/div>\n\t\t\t\t\t<\/div>\n\t\t<\/section>\n\t\t\t\t<\/div>","protected":false},"excerpt":{"rendered":"<p>Machine d'emballage de lait en poudre Demande de devis &gt; Accueil Machines d'emballage de lait en poudre et lignes de remplissage Vous recherchez une machine d'emballage de lait en poudre automatique ou une machine de remplissage de lait en poudre automatique ?<span class=\"excerpt-hellip\"> [...]<\/span><\/p>","protected":false},"author":3,"featured_media":0,"parent":0,"menu_order":0,"comment_status":"closed","ping_status":"closed","template":"","meta":{"_seopress_robots_primary_cat":"","_seopress_titles_title":"Milk powder packaging machine - Levapack","_seopress_titles_desc":"Find high-quality Milk powder packaging machinefrom a trustworthy manufacturer. Customize the whole packaging line for your application.","_seopress_robots_index":"","footnotes":""},"class_list":["post-2548","page","type-page","status-publish","hentry"],"acf":[],"_links":{"self":[{"href":"https:\/\/www.levapack.com\/fr\/wp-json\/wp\/v2\/pages\/2548","targetHints":{"allow":["GET"]}}],"collection":[{"href":"https:\/\/www.levapack.com\/fr\/wp-json\/wp\/v2\/pages"}],"about":[{"href":"https:\/\/www.levapack.com\/fr\/wp-json\/wp\/v2\/types\/page"}],"author":[{"embeddable":true,"href":"https:\/\/www.levapack.com\/fr\/wp-json\/wp\/v2\/users\/3"}],"replies":[{"embeddable":true,"href":"https:\/\/www.levapack.com\/fr\/wp-json\/wp\/v2\/comments?post=2548"}],"version-history":[{"count":11,"href":"https:\/\/www.levapack.com\/fr\/wp-json\/wp\/v2\/pages\/2548\/revisions"}],"predecessor-version":[{"id":11888,"href":"https:\/\/www.levapack.com\/fr\/wp-json\/wp\/v2\/pages\/2548\/revisions\/11888"}],"wp:attachment":[{"href":"https:\/\/www.levapack.com\/fr\/wp-json\/wp\/v2\/media?parent=2548"}],"curies":[{"name":"wp","href":"https:\/\/api.w.org\/{rel}","templated":true}]}}