{"id":2494,"date":"2020-05-06T10:15:07","date_gmt":"2020-05-06T10:15:07","guid":{"rendered":"https:\/\/www.levapack.com\/?page_id=2494"},"modified":"2022-10-11T14:09:02","modified_gmt":"2022-10-11T14:09:02","slug":"machine-a-emballer-la-gelee","status":"publish","type":"page","link":"https:\/\/www.levapack.com\/fr\/machine-a-emballer-la-gelee\/","title":{"rendered":"Machine d'emballage de gel\u00e9e"},"content":{"rendered":"<div data-elementor-type=\"wp-page\" data-elementor-id=\"2494\" class=\"elementor elementor-2494\" data-elementor-post-type=\"page\">\n\t\t\t\t\t\t<section class=\"elementor-section elementor-top-section elementor-element elementor-element-6594a2ce elementor-section-stretched elementor-section-full_width elementor-section-height-min-height elementor-section-height-default elementor-section-items-middle\" data-id=\"6594a2ce\" data-element_type=\"section\" data-settings=\"{&quot;stretch_section&quot;:&quot;section-stretched&quot;,&quot;background_background&quot;:&quot;slideshow&quot;,&quot;background_slideshow_gallery&quot;:[{&quot;id&quot;:888,&quot;url&quot;:&quot;https:\\\/\\\/www.levapack.com\\\/wp-content\\\/uploads\\\/2020\\\/01\\\/359099cbad1234a8dcee2c681d24807.jpg&quot;}],&quot;background_slideshow_loop&quot;:&quot;yes&quot;,&quot;background_slideshow_slide_duration&quot;:5000,&quot;background_slideshow_slide_transition&quot;:&quot;fade&quot;,&quot;background_slideshow_transition_duration&quot;:500}\">\n\t\t\t\t\t\t<div class=\"elementor-container elementor-column-gap-default\">\n\t\t\t\t\t<div class=\"elementor-column elementor-col-100 elementor-top-column elementor-element elementor-element-48bcebec\" data-id=\"48bcebec\" data-element_type=\"column\">\n\t\t\t<div class=\"elementor-widget-wrap elementor-element-populated\">\n\t\t\t\t\t\t<section class=\"elementor-section elementor-inner-section elementor-element elementor-element-6e2e5d34 elementor-section-full_width elementor-section-height-default elementor-section-height-default\" data-id=\"6e2e5d34\" data-element_type=\"section\">\n\t\t\t\t\t\t<div class=\"elementor-container elementor-column-gap-default\">\n\t\t\t\t\t<div class=\"elementor-column elementor-col-50 elementor-inner-column elementor-element elementor-element-738223ca\" data-id=\"738223ca\" data-element_type=\"column\">\n\t\t\t<div class=\"elementor-widget-wrap elementor-element-populated\">\n\t\t\t\t\t\t<div class=\"elementor-element elementor-element-2c7ba05f elementor-widget elementor-widget-heading\" data-id=\"2c7ba05f\" data-element_type=\"widget\" data-widget_type=\"heading.default\">\n\t\t\t\t<div class=\"elementor-widget-container\">\n\t\t\t<h1 class=\"elementor-heading-title elementor-size-default\">Machine d'emballage de gel\u00e9e<\/h1>\t\t<\/div>\n\t\t\t\t<\/div>\n\t\t\t\t\t<\/div>\n\t\t<\/div>\n\t\t\t\t<div class=\"elementor-column elementor-col-50 elementor-inner-column elementor-element elementor-element-6778b2\" data-id=\"6778b2\" data-element_type=\"column\">\n\t\t\t<div class=\"elementor-widget-wrap elementor-element-populated\">\n\t\t\t\t\t\t<div class=\"elementor-element elementor-element-4fa34756 elementor-align-justify elementor-widget__width-initial quote-btn elementor-widget elementor-widget-button\" data-id=\"4fa34756\" data-element_type=\"widget\" data-widget_type=\"button.default\">\n\t\t\t\t<div class=\"elementor-widget-container\">\n\t\t\t\t\t<div class=\"elementor-button-wrapper\">\n\t\t\t<a class=\"elementor-button elementor-button-link elementor-size-md\" href=\"#elementor-action%3Aaction%3Dpopup%3Aopen%26settings%3DeyJpZCI6IjExMjQiLCJ0b2dnbGUiOmZhbHNlfQ%3D%3D\" rel=\"nofollow\">\n\t\t\t\t\t\t<span class=\"elementor-button-content-wrapper\">\n\t\t\t\t\t\t\t\t\t<span class=\"elementor-button-text\"><b> Demande de devis &gt; <\/b><\/span>\n\t\t\t\t\t<\/span>\n\t\t\t\t\t<\/a>\n\t\t<\/div>\n\t\t\t\t<\/div>\n\t\t\t\t<\/div>\n\t\t\t\t\t<\/div>\n\t\t<\/div>\n\t\t\t\t\t<\/div>\n\t\t<\/section>\n\t\t\t\t\t<\/div>\n\t\t<\/div>\n\t\t\t\t\t<\/div>\n\t\t<\/section>\n\t\t\t\t<section class=\"elementor-section elementor-top-section elementor-element elementor-element-1f6ad7c2 elementor-section-boxed elementor-section-height-default elementor-section-height-default\" data-id=\"1f6ad7c2\" data-element_type=\"section\">\n\t\t\t\t\t\t<div class=\"elementor-container elementor-column-gap-default\">\n\t\t\t\t\t<div class=\"elementor-column elementor-col-100 elementor-top-column elementor-element elementor-element-32859ad1\" data-id=\"32859ad1\" data-element_type=\"column\">\n\t\t\t<div class=\"elementor-widget-wrap elementor-element-populated\">\n\t\t\t\t\t\t<div class=\"elementor-element elementor-element-33cbc5c6 elementor-widget elementor-widget-heading\" data-id=\"33cbc5c6\" data-element_type=\"widget\" data-widget_type=\"heading.default\">\n\t\t\t\t<div class=\"elementor-widget-container\">\n\t\t\t<h2 class=\"elementor-heading-title elementor-size-default\">Machine d'emballage de gel\u00e9e \u00e0 Levapack<\/h2>\t\t<\/div>\n\t\t\t\t<\/div>\n\t\t\t\t<div class=\"elementor-element elementor-element-e819cc elementor-widget-divider--view-line elementor-widget elementor-widget-divider\" data-id=\"e819cc\" data-element_type=\"widget\" data-widget_type=\"divider.default\">\n\t\t\t\t<div class=\"elementor-widget-container\">\n\t\t\t\t\t<div class=\"elementor-divider\">\n\t\t\t<span class=\"elementor-divider-separator\">\n\t\t\t\t\t\t<\/span>\n\t\t<\/div>\n\t\t\t\t<\/div>\n\t\t\t\t<\/div>\n\t\t\t\t<div class=\"elementor-element elementor-element-325fa0f1 elementor-widget elementor-widget-text-editor\" data-id=\"325fa0f1\" data-element_type=\"widget\" data-widget_type=\"text-editor.default\">\n\t\t\t\t<div class=\"elementor-widget-container\">\n\t\t\t\t\t\t\t<p style=\"text-align: center;\"><style type=\"text\/css\"><!--td {border: 1px solid #ccc;}br {mso-data-placement:same-cell;}--><\/style><\/p><p><span data-sheets-value=\"{\" data-sheets-userformat=\"{\"><a href=\"https:\/\/www.levapack.com\/fr\/\">Levapack<\/a> offre un service fiable <a href=\"https:\/\/www.levapack.com\/fr\/categorie-de-produits\/machines-a-sceller-les-boites-de-conserve\/\">machine \u00e0 emballer la gel\u00e9e<\/a> qui peut emballer efficacement des produits tr\u00e8s visqueux. Il peut s\u00e9curiser automatiquement les scell\u00e9s et les bouchons personnalisables de diff\u00e9rentes tailles de conteneurs. De plus, le <a href=\"https:\/\/www.levapack.com\/fr\/categorie-de-produits\/machines-a-boucher-les-boites-de-conserve\/\">solution d'emballage<\/a> est hautement personnalisable. Vous pouvez demander \u00e0 notre \u00e9quipe de vous conseiller et de r\u00e9pondre \u00e0 vos besoins de personnalisation. <a href=\"https:\/\/www.levapack.com\/fr\/contact\/\">Contactez-nous d\u00e8s aujourd'hui<\/a> pour plus d'informations !<\/span><\/p>\t\t\t\t\t\t<\/div>\n\t\t\t\t<\/div>\n\t\t\t\t\t<\/div>\n\t\t<\/div>\n\t\t\t\t\t<\/div>\n\t\t<\/section>\n\t\t\t\t<section class=\"elementor-section elementor-top-section elementor-element elementor-element-557d16e4 elementor-section-stretched elementor-section-full_width elementor-section-height-default elementor-section-height-default\" data-id=\"557d16e4\" data-element_type=\"section\" data-settings=\"{&quot;stretch_section&quot;:&quot;section-stretched&quot;,&quot;background_background&quot;:&quot;classic&quot;}\">\n\t\t\t\t\t\t<div class=\"elementor-container elementor-column-gap-default\">\n\t\t\t\t\t<div class=\"elementor-column elementor-col-100 elementor-top-column elementor-element elementor-element-2ed649f2\" data-id=\"2ed649f2\" data-element_type=\"column\">\n\t\t\t<div class=\"elementor-widget-wrap elementor-element-populated\">\n\t\t\t\t\t\t<section class=\"elementor-section elementor-inner-section elementor-element elementor-element-3901f20e elementor-section-boxed elementor-section-height-default elementor-section-height-default\" data-id=\"3901f20e\" data-element_type=\"section\">\n\t\t\t\t\t\t<div class=\"elementor-container elementor-column-gap-default\">\n\t\t\t\t\t<div class=\"elementor-column elementor-col-50 elementor-inner-column elementor-element elementor-element-737352fe\" data-id=\"737352fe\" data-element_type=\"column\">\n\t\t\t<div class=\"elementor-widget-wrap elementor-element-populated\">\n\t\t\t\t\t\t<div class=\"elementor-element elementor-element-47aeafc9 elementor-widget elementor-widget-heading\" data-id=\"47aeafc9\" data-element_type=\"widget\" data-widget_type=\"heading.default\">\n\t\t\t\t<div class=\"elementor-widget-container\">\n\t\t\t<h2 class=\"elementor-heading-title elementor-size-default\"><a href=\"https:\/\/www.levapack.com\/fr\/article-du-produit\/machine-de-remplissage-de-liquides\/\">Machine de remplissage de liquides<\/a><\/h2>\t\t<\/div>\n\t\t\t\t<\/div>\n\t\t\t\t<div class=\"elementor-element elementor-element-3b3ff650 elementor-widget-divider--view-line elementor-widget elementor-widget-divider\" data-id=\"3b3ff650\" data-element_type=\"widget\" data-widget_type=\"divider.default\">\n\t\t\t\t<div class=\"elementor-widget-container\">\n\t\t\t\t\t<div class=\"elementor-divider\">\n\t\t\t<span class=\"elementor-divider-separator\">\n\t\t\t\t\t\t<\/span>\n\t\t<\/div>\n\t\t\t\t<\/div>\n\t\t\t\t<\/div>\n\t\t\t\t<div class=\"elementor-element elementor-element-156473e3 elementor-widget elementor-widget-text-editor\" data-id=\"156473e3\" data-element_type=\"widget\" data-widget_type=\"text-editor.default\">\n\t\t\t\t<div class=\"elementor-widget-container\">\n\t\t\t\t\t\t\t<p class=\"ql-long-22683834\"><span class=\"ql-author-22683834\">En tant que professionnel <a href=\"https:\/\/www.levapack.com\/fr\/categorie-de-produits\/machines-de-remplissage-de-boites-de-conserve\/\">machine de remplissage de liquides<\/a> Nous proposons \u00e9galement cette remplisseuse automatique en acier inoxydable r\u00e9sistant \u00e0 la corrosion. La machine de remplissage de canettes et de bouteilles id\u00e9ale pour l'industrie des boissons.<\/span><\/p><ul class=\"circle-list\"><li>Mod\u00e8le : LPE-LFM006<\/li><li>Cette machine de remplissage de liquides est \u00e9quip\u00e9e de 6 buses volum\u00e9triques pour un emballage efficace et pr\u00e9cis.<\/li><li>Convient au remplissage de boissons et d'autres liquides non gazeux \u00e0 \u00e9coulement libre dans les bo\u00eetes rondes en fer-blanc, en aluminium et en PET.<\/li><li>Adoptant la technologie de l'automatisation, l'importation de PLC, de capteurs et de composants pneumatiques, la machine est efficace, intelligente, largement adaptable et d'une bonne stabilit\u00e9.<\/li><\/ul>\t\t\t\t\t\t<\/div>\n\t\t\t\t<\/div>\n\t\t\t\t<div class=\"elementor-element elementor-element-3a9cbbff elementor-widget__width-initial quote-btn elementor-widget elementor-widget-button\" data-id=\"3a9cbbff\" data-element_type=\"widget\" data-widget_type=\"button.default\">\n\t\t\t\t<div class=\"elementor-widget-container\">\n\t\t\t\t\t<div class=\"elementor-button-wrapper\">\n\t\t\t<a class=\"elementor-button elementor-button-link elementor-size-sm\" href=\"#elementor-action%3Aaction%3Dpopup%3Aopen%26settings%3DeyJpZCI6IjExMjMiLCJ0b2dnbGUiOmZhbHNlfQ%3D%3D\" rel=\"nofollow\">\n\t\t\t\t\t\t<span class=\"elementor-button-content-wrapper\">\n\t\t\t\t\t\t\t\t\t<span class=\"elementor-button-text\">Demande de renseignements<\/span>\n\t\t\t\t\t<\/span>\n\t\t\t\t\t<\/a>\n\t\t<\/div>\n\t\t\t\t<\/div>\n\t\t\t\t<\/div>\n\t\t\t\t<div class=\"elementor-element elementor-element-7efed255 elementor-widget__width-auto elementor-widget elementor-widget-button\" data-id=\"7efed255\" data-element_type=\"widget\" data-widget_type=\"button.default\">\n\t\t\t\t<div class=\"elementor-widget-container\">\n\t\t\t\t\t<div class=\"elementor-button-wrapper\">\n\t\t\t<a class=\"elementor-button elementor-button-link elementor-size-sm\" href=\"https:\/\/www.levapack.com\/fr\/article-du-produit\/machine-de-remplissage-de-liquides\/\">\n\t\t\t\t\t\t<span class=\"elementor-button-content-wrapper\">\n\t\t\t\t\t\t\t\t\t<span class=\"elementor-button-text\">Voir plus<\/span>\n\t\t\t\t\t<\/span>\n\t\t\t\t\t<\/a>\n\t\t<\/div>\n\t\t\t\t<\/div>\n\t\t\t\t<\/div>\n\t\t\t\t\t<\/div>\n\t\t<\/div>\n\t\t\t\t<div class=\"elementor-column elementor-col-50 elementor-inner-column elementor-element elementor-element-3c19b015\" data-id=\"3c19b015\" data-element_type=\"column\">\n\t\t\t<div class=\"elementor-widget-wrap elementor-element-populated\">\n\t\t\t\t\t\t<div class=\"elementor-element elementor-element-7b1dff3 elementor-widget elementor-widget-image\" data-id=\"7b1dff3\" data-element_type=\"widget\" data-widget_type=\"image.default\">\n\t\t\t\t<div class=\"elementor-widget-container\">\n\t\t\t\t\t\t\t\t\t\t\t\t\t\t<a href=\"https:\/\/www.levapack.com\/fr\/article-du-produit\/machine-de-remplissage-de-liquides\/\">\n\t\t\t\t\t\t\t<img fetchpriority=\"high\" decoding=\"async\" width=\"579\" height=\"465\" src=\"https:\/\/www.levapack.com\/wp-content\/uploads\/2020\/02\/Liquid-filling-machine.jpg\" class=\"attachment-large size-large wp-image-1114\" alt=\"Machine de remplissage de liquides\" srcset=\"https:\/\/www.levapack.com\/wp-content\/uploads\/2020\/02\/Liquid-filling-machine.jpg 579w, https:\/\/www.levapack.com\/wp-content\/uploads\/2020\/02\/Liquid-filling-machine-300x241.jpg 300w, https:\/\/www.levapack.com\/wp-content\/uploads\/2020\/02\/Liquid-filling-machine-182x146.jpg 182w, https:\/\/www.levapack.com\/wp-content\/uploads\/2020\/02\/Liquid-filling-machine-50x40.jpg 50w, https:\/\/www.levapack.com\/wp-content\/uploads\/2020\/02\/Liquid-filling-machine-93x75.jpg 93w\" sizes=\"(max-width: 579px) 100vw, 579px\" \/>\t\t\t\t\t\t\t\t<\/a>\n\t\t\t\t\t\t\t\t\t\t\t\t\t<\/div>\n\t\t\t\t<\/div>\n\t\t\t\t\t<\/div>\n\t\t<\/div>\n\t\t\t\t\t<\/div>\n\t\t<\/section>\n\t\t\t\t\t<\/div>\n\t\t<\/div>\n\t\t\t\t\t<\/div>\n\t\t<\/section>\n\t\t\t\t<section class=\"elementor-section elementor-top-section elementor-element elementor-element-2863fdd9 elementor-section-stretched elementor-section-full_width elementor-section-height-default elementor-section-height-default\" data-id=\"2863fdd9\" data-element_type=\"section\" data-settings=\"{&quot;stretch_section&quot;:&quot;section-stretched&quot;,&quot;background_background&quot;:&quot;classic&quot;}\">\n\t\t\t\t\t\t<div class=\"elementor-container elementor-column-gap-default\">\n\t\t\t\t\t<div class=\"elementor-column elementor-col-100 elementor-top-column elementor-element elementor-element-49ce63ec\" data-id=\"49ce63ec\" data-element_type=\"column\">\n\t\t\t<div class=\"elementor-widget-wrap elementor-element-populated\">\n\t\t\t\t\t\t<section class=\"elementor-section elementor-inner-section elementor-element elementor-element-6d3de207 elementor-section-boxed elementor-section-height-default elementor-section-height-default\" data-id=\"6d3de207\" data-element_type=\"section\">\n\t\t\t\t\t\t<div class=\"elementor-container elementor-column-gap-default\">\n\t\t\t\t\t<div class=\"elementor-column elementor-col-50 elementor-inner-column elementor-element elementor-element-37eda232\" data-id=\"37eda232\" data-element_type=\"column\">\n\t\t\t<div class=\"elementor-widget-wrap elementor-element-populated\">\n\t\t\t\t\t\t<div class=\"elementor-element elementor-element-2900915a elementor-widget elementor-widget-image\" data-id=\"2900915a\" data-element_type=\"widget\" data-widget_type=\"image.default\">\n\t\t\t\t<div class=\"elementor-widget-container\">\n\t\t\t\t\t\t\t\t\t\t\t\t\t\t<a href=\"https:\/\/www.levapack.com\/fr\/article-du-produit\/machine-de-remplissage-de-liquides-visqueux\/\">\n\t\t\t\t\t\t\t<img decoding=\"async\" width=\"579\" height=\"465\" src=\"https:\/\/www.levapack.com\/wp-content\/uploads\/2020\/02\/Viscous-liquid-filling-machine.jpg\" class=\"attachment-large size-large wp-image-1115\" alt=\"Machine de remplissage de liquides visqueux\" srcset=\"https:\/\/www.levapack.com\/wp-content\/uploads\/2020\/02\/Viscous-liquid-filling-machine.jpg 579w, https:\/\/www.levapack.com\/wp-content\/uploads\/2020\/02\/Viscous-liquid-filling-machine-300x241.jpg 300w, https:\/\/www.levapack.com\/wp-content\/uploads\/2020\/02\/Viscous-liquid-filling-machine-182x146.jpg 182w, https:\/\/www.levapack.com\/wp-content\/uploads\/2020\/02\/Viscous-liquid-filling-machine-50x40.jpg 50w, https:\/\/www.levapack.com\/wp-content\/uploads\/2020\/02\/Viscous-liquid-filling-machine-93x75.jpg 93w\" sizes=\"(max-width: 579px) 100vw, 579px\" \/>\t\t\t\t\t\t\t\t<\/a>\n\t\t\t\t\t\t\t\t\t\t\t\t\t<\/div>\n\t\t\t\t<\/div>\n\t\t\t\t\t<\/div>\n\t\t<\/div>\n\t\t\t\t<div class=\"elementor-column elementor-col-50 elementor-inner-column elementor-element elementor-element-5806b758\" data-id=\"5806b758\" data-element_type=\"column\">\n\t\t\t<div class=\"elementor-widget-wrap elementor-element-populated\">\n\t\t\t\t\t\t<div class=\"elementor-element elementor-element-efa1fab elementor-widget elementor-widget-heading\" data-id=\"efa1fab\" data-element_type=\"widget\" data-widget_type=\"heading.default\">\n\t\t\t\t<div class=\"elementor-widget-container\">\n\t\t\t<h2 class=\"elementor-heading-title elementor-size-default\"><a href=\"https:\/\/www.levapack.com\/fr\/article-du-produit\/machine-de-remplissage-de-liquides-visqueux\/\">Machine de remplissage de liquides visqueux<\/a><\/h2>\t\t<\/div>\n\t\t\t\t<\/div>\n\t\t\t\t<div class=\"elementor-element elementor-element-3b10a402 elementor-widget-divider--view-line elementor-widget elementor-widget-divider\" data-id=\"3b10a402\" data-element_type=\"widget\" data-widget_type=\"divider.default\">\n\t\t\t\t<div class=\"elementor-widget-container\">\n\t\t\t\t\t<div class=\"elementor-divider\">\n\t\t\t<span class=\"elementor-divider-separator\">\n\t\t\t\t\t\t<\/span>\n\t\t<\/div>\n\t\t\t\t<\/div>\n\t\t\t\t<\/div>\n\t\t\t\t<div class=\"elementor-element elementor-element-4940a05c elementor-widget elementor-widget-text-editor\" data-id=\"4940a05c\" data-element_type=\"widget\" data-widget_type=\"text-editor.default\">\n\t\t\t\t<div class=\"elementor-widget-container\">\n\t\t\t\t\t\t\t<p class=\"ql-long-22683834\"><span class=\"ql-author-22683834\">La machine de remplissage de liquides est la plus performante pour les liquides sp\u00e9ciaux. Largement utilis\u00e9e dans l'alimentation, l'huile comestible, la m\u00e9decine, les produits chimiques quotidiens, les pesticides et d'autres industries.<\/span><\/p><ul class=\"circle-list\"><li>Mod\u00e8le : LPE-VFM006<\/li><li>Type de remplissage \u00e0 piston, cylindre \u00e0 piston avec cylindre de dosage \u00e0 faible usure, joint de piston auto-compensateur \u00e0 longue dur\u00e9e de vie, sans entretien pendant toute la dur\u00e9e de vie.<\/li><li>PLC import\u00e9 avec interface homme-machine, adapt\u00e9 au remplissage de divers produits de viscosit\u00e9 allant de l'eau \u00e0 la cr\u00e8me, largement utilis\u00e9 dans la p\u00e2te de tomate, la sauce chili, la sauce de viande, le miel et d'autres mat\u00e9riaux p\u00e2teux et mat\u00e9riaux \u00e0 faible fluidit\u00e9.<\/li><\/ul><p class=\"ql-long-22683834\">\u00a0<\/p>\t\t\t\t\t\t<\/div>\n\t\t\t\t<\/div>\n\t\t\t\t<div class=\"elementor-element elementor-element-4c48deeb elementor-widget__width-initial quote-btn elementor-widget elementor-widget-button\" data-id=\"4c48deeb\" data-element_type=\"widget\" data-widget_type=\"button.default\">\n\t\t\t\t<div class=\"elementor-widget-container\">\n\t\t\t\t\t<div class=\"elementor-button-wrapper\">\n\t\t\t<a class=\"elementor-button elementor-button-link elementor-size-sm\" href=\"#elementor-action%3Aaction%3Dpopup%3Aopen%26settings%3DeyJpZCI6IjExMjMiLCJ0b2dnbGUiOmZhbHNlfQ%3D%3D\" rel=\"nofollow\">\n\t\t\t\t\t\t<span class=\"elementor-button-content-wrapper\">\n\t\t\t\t\t\t\t\t\t<span class=\"elementor-button-text\">Demande de renseignements<\/span>\n\t\t\t\t\t<\/span>\n\t\t\t\t\t<\/a>\n\t\t<\/div>\n\t\t\t\t<\/div>\n\t\t\t\t<\/div>\n\t\t\t\t<div class=\"elementor-element elementor-element-3e20f42b elementor-widget__width-auto elementor-widget elementor-widget-button\" data-id=\"3e20f42b\" data-element_type=\"widget\" data-widget_type=\"button.default\">\n\t\t\t\t<div class=\"elementor-widget-container\">\n\t\t\t\t\t<div class=\"elementor-button-wrapper\">\n\t\t\t<a class=\"elementor-button elementor-button-link elementor-size-sm\" href=\"https:\/\/www.levapack.com\/fr\/article-du-produit\/machine-de-remplissage-de-liquides-visqueux\/\">\n\t\t\t\t\t\t<span class=\"elementor-button-content-wrapper\">\n\t\t\t\t\t\t\t\t\t<span class=\"elementor-button-text\">Voir plus<\/span>\n\t\t\t\t\t<\/span>\n\t\t\t\t\t<\/a>\n\t\t<\/div>\n\t\t\t\t<\/div>\n\t\t\t\t<\/div>\n\t\t\t\t\t<\/div>\n\t\t<\/div>\n\t\t\t\t\t<\/div>\n\t\t<\/section>\n\t\t\t\t\t<\/div>\n\t\t<\/div>\n\t\t\t\t\t<\/div>\n\t\t<\/section>\n\t\t\t\t<\/div>","protected":false},"excerpt":{"rendered":"<p>Machine d'emballage de gel\u00e9e Demande de devis &gt; Accueil Machine d'emballage de gel\u00e9e Levapack Levapack propose une machine d'emballage de gel\u00e9e fiable qui peut emballer efficacement des produits \u00e0 haute viscosit\u00e9.<span class=\"excerpt-hellip\"> [...]<\/span><\/p>","protected":false},"author":3,"featured_media":0,"parent":0,"menu_order":0,"comment_status":"closed","ping_status":"closed","template":"","meta":{"_seopress_robots_primary_cat":"","_seopress_titles_title":"Jelly packaging machine, jelly packing machine - Levapack","_seopress_titles_desc":"Find high-quality Jelly packaging machinefrom a trustworthy manufacturer. Customize the whole packaging line for your application.","_seopress_robots_index":"","footnotes":""},"class_list":["post-2494","page","type-page","status-publish","hentry"],"acf":[],"_links":{"self":[{"href":"https:\/\/www.levapack.com\/fr\/wp-json\/wp\/v2\/pages\/2494","targetHints":{"allow":["GET"]}}],"collection":[{"href":"https:\/\/www.levapack.com\/fr\/wp-json\/wp\/v2\/pages"}],"about":[{"href":"https:\/\/www.levapack.com\/fr\/wp-json\/wp\/v2\/types\/page"}],"author":[{"embeddable":true,"href":"https:\/\/www.levapack.com\/fr\/wp-json\/wp\/v2\/users\/3"}],"replies":[{"embeddable":true,"href":"https:\/\/www.levapack.com\/fr\/wp-json\/wp\/v2\/comments?post=2494"}],"version-history":[{"count":7,"href":"https:\/\/www.levapack.com\/fr\/wp-json\/wp\/v2\/pages\/2494\/revisions"}],"predecessor-version":[{"id":11896,"href":"https:\/\/www.levapack.com\/fr\/wp-json\/wp\/v2\/pages\/2494\/revisions\/11896"}],"wp:attachment":[{"href":"https:\/\/www.levapack.com\/fr\/wp-json\/wp\/v2\/media?parent=2494"}],"curies":[{"name":"wp","href":"https:\/\/api.w.org\/{rel}","templated":true}]}}