{"id":2484,"date":"2020-05-06T10:03:40","date_gmt":"2020-05-06T10:03:40","guid":{"rendered":"https:\/\/www.levapack.com\/?page_id=2484"},"modified":"2025-06-26T14:31:18","modified_gmt":"2025-06-26T06:31:18","slug":"machine-a-emballer-le-ketchup","status":"publish","type":"page","link":"https:\/\/www.levapack.com\/fr\/machine-a-emballer-le-ketchup\/","title":{"rendered":"Machine \u00e0 emballer le ketchup"},"content":{"rendered":"<div data-elementor-type=\"wp-page\" data-elementor-id=\"2484\" class=\"elementor elementor-2484\" data-elementor-post-type=\"page\">\n\t\t\t\t\t\t<section class=\"elementor-section elementor-top-section elementor-element elementor-element-3e4759f3 elementor-section-stretched elementor-section-full_width elementor-section-height-min-height elementor-section-height-default elementor-section-items-middle\" data-id=\"3e4759f3\" data-element_type=\"section\" data-settings=\"{&quot;stretch_section&quot;:&quot;section-stretched&quot;,&quot;background_background&quot;:&quot;slideshow&quot;,&quot;background_slideshow_gallery&quot;:[{&quot;id&quot;:888,&quot;url&quot;:&quot;https:\\\/\\\/www.levapack.com\\\/wp-content\\\/uploads\\\/2020\\\/01\\\/359099cbad1234a8dcee2c681d24807.jpg&quot;}],&quot;background_slideshow_loop&quot;:&quot;yes&quot;,&quot;background_slideshow_slide_duration&quot;:5000,&quot;background_slideshow_slide_transition&quot;:&quot;fade&quot;,&quot;background_slideshow_transition_duration&quot;:500}\">\n\t\t\t\t\t\t<div class=\"elementor-container elementor-column-gap-default\">\n\t\t\t\t\t<div class=\"elementor-column elementor-col-100 elementor-top-column elementor-element elementor-element-74c28645\" data-id=\"74c28645\" data-element_type=\"column\">\n\t\t\t<div class=\"elementor-widget-wrap elementor-element-populated\">\n\t\t\t\t\t\t<section class=\"elementor-section elementor-inner-section elementor-element elementor-element-943d411 elementor-section-full_width elementor-section-height-default elementor-section-height-default\" data-id=\"943d411\" data-element_type=\"section\">\n\t\t\t\t\t\t<div class=\"elementor-container elementor-column-gap-default\">\n\t\t\t\t\t<div class=\"elementor-column elementor-col-50 elementor-inner-column elementor-element elementor-element-414fa87f\" data-id=\"414fa87f\" data-element_type=\"column\">\n\t\t\t<div class=\"elementor-widget-wrap elementor-element-populated\">\n\t\t\t\t\t\t<div class=\"elementor-element elementor-element-6994b7f9 elementor-widget elementor-widget-heading\" data-id=\"6994b7f9\" data-element_type=\"widget\" data-widget_type=\"heading.default\">\n\t\t\t\t<div class=\"elementor-widget-container\">\n\t\t\t<h1 class=\"elementor-heading-title elementor-size-default\">Machine \u00e0 emballer le ketchup<\/h1>\t\t<\/div>\n\t\t\t\t<\/div>\n\t\t\t\t\t<\/div>\n\t\t<\/div>\n\t\t\t\t<div class=\"elementor-column elementor-col-50 elementor-inner-column elementor-element elementor-element-27468d9d\" data-id=\"27468d9d\" data-element_type=\"column\">\n\t\t\t<div class=\"elementor-widget-wrap elementor-element-populated\">\n\t\t\t\t\t\t<div class=\"elementor-element elementor-element-44d62cc elementor-align-justify elementor-widget__width-initial quote-btn elementor-widget elementor-widget-button\" data-id=\"44d62cc\" data-element_type=\"widget\" data-widget_type=\"button.default\">\n\t\t\t\t<div class=\"elementor-widget-container\">\n\t\t\t\t\t<div class=\"elementor-button-wrapper\">\n\t\t\t<a class=\"elementor-button elementor-button-link elementor-size-md\" href=\"#elementor-action%3Aaction%3Dpopup%3Aopen%26settings%3DeyJpZCI6IjExMjQiLCJ0b2dnbGUiOmZhbHNlfQ%3D%3D\" rel=\"nofollow\">\n\t\t\t\t\t\t<span class=\"elementor-button-content-wrapper\">\n\t\t\t\t\t\t\t\t\t<span class=\"elementor-button-text\"><b> Demande de devis &gt; <\/b><\/span>\n\t\t\t\t\t<\/span>\n\t\t\t\t\t<\/a>\n\t\t<\/div>\n\t\t\t\t<\/div>\n\t\t\t\t<\/div>\n\t\t\t\t\t<\/div>\n\t\t<\/div>\n\t\t\t\t\t<\/div>\n\t\t<\/section>\n\t\t\t\t\t<\/div>\n\t\t<\/div>\n\t\t\t\t\t<\/div>\n\t\t<\/section>\n\t\t\t\t<section class=\"elementor-section elementor-top-section elementor-element elementor-element-63a931e4 elementor-section-boxed elementor-section-height-default elementor-section-height-default\" data-id=\"63a931e4\" data-element_type=\"section\">\n\t\t\t\t\t\t<div class=\"elementor-container elementor-column-gap-default\">\n\t\t\t\t\t<div class=\"elementor-column elementor-col-100 elementor-top-column elementor-element elementor-element-ec6ea63\" data-id=\"ec6ea63\" data-element_type=\"column\">\n\t\t\t<div class=\"elementor-widget-wrap elementor-element-populated\">\n\t\t\t\t\t\t<div class=\"elementor-element elementor-element-3cd7f9e3 elementor-widget elementor-widget-heading\" data-id=\"3cd7f9e3\" data-element_type=\"widget\" data-widget_type=\"heading.default\">\n\t\t\t\t<div class=\"elementor-widget-container\">\n\t\t\t<h2 class=\"elementor-heading-title elementor-size-default\">Machine \u00e0 emballer le ketchup dans Levapack<\/h2>\t\t<\/div>\n\t\t\t\t<\/div>\n\t\t\t\t<div class=\"elementor-element elementor-element-dcb5464 elementor-widget-divider--view-line elementor-widget elementor-widget-divider\" data-id=\"dcb5464\" data-element_type=\"widget\" data-widget_type=\"divider.default\">\n\t\t\t\t<div class=\"elementor-widget-container\">\n\t\t\t\t\t<div class=\"elementor-divider\">\n\t\t\t<span class=\"elementor-divider-separator\">\n\t\t\t\t\t\t<\/span>\n\t\t<\/div>\n\t\t\t\t<\/div>\n\t\t\t\t<\/div>\n\t\t\t\t<section class=\"elementor-section elementor-inner-section elementor-element elementor-element-1bad7bf elementor-section-boxed elementor-section-height-default elementor-section-height-default\" data-id=\"1bad7bf\" data-element_type=\"section\">\n\t\t\t\t\t\t<div class=\"elementor-container elementor-column-gap-default\">\n\t\t\t\t\t<div class=\"elementor-column elementor-col-50 elementor-inner-column elementor-element elementor-element-c98af29\" data-id=\"c98af29\" data-element_type=\"column\">\n\t\t\t<div class=\"elementor-widget-wrap elementor-element-populated\">\n\t\t\t\t\t\t<div class=\"elementor-element elementor-element-5d4c5811 elementor-widget elementor-widget-text-editor\" data-id=\"5d4c5811\" data-element_type=\"widget\" data-widget_type=\"text-editor.default\">\n\t\t\t\t<div class=\"elementor-widget-container\">\n\t\t\t\t\t\t\t<p><style type=\"text\/css\"><!--td {border: 1px solid #ccc;}br {mso-data-placement:same-cell;}--><\/style><\/p><p><span data-sheets-value=\"{\" data-sheets-userformat=\"{\"><a href=\"https:\/\/www.levapack.com\/fr\/\">Levapack<\/a> offre une technologie d'automatisation avanc\u00e9e pour toutes ses machines d'emballage, y compris notre syst\u00e8me de gestion de la qualit\u00e9. <strong data-start=\"338\" data-end=\"366\">machines de remplissage de ketchup<\/strong>. <\/span><span data-sheets-value=\"{\" data-sheets-userformat=\"{\">Nous fournissons un ketchup <a href=\"https:\/\/www.levapack.com\/fr\/categorie-de-produits\/machines-a-sceller-les-boites-de-conserve\/\">machine d'emballage<\/a> qui fournit des solutions de remplissage et d'emballage efficaces pour r\u00e9pondre aux besoins de la ligne de production et aux exigences de l'industrie alimentaire. Vous pouvez modifier la configuration des machines. Contactez-nous et trouvez le <a href=\"https:\/\/www.levapack.com\/fr\/categorie-de-produits\/machines-a-boucher-les-boites-de-conserve\/\">solutions d'emballage id\u00e9ales<\/a> pour votre candidature d\u00e8s aujourd'hui !<br \/><\/span><\/p>\t\t\t\t\t\t<\/div>\n\t\t\t\t<\/div>\n\t\t\t\t\t<\/div>\n\t\t<\/div>\n\t\t\t\t<div class=\"elementor-column elementor-col-50 elementor-inner-column elementor-element elementor-element-ee53967\" data-id=\"ee53967\" data-element_type=\"column\">\n\t\t\t<div class=\"elementor-widget-wrap elementor-element-populated\">\n\t\t\t\t\t\t<div class=\"elementor-element elementor-element-5ff0e06 elementor-widget elementor-widget-image\" data-id=\"5ff0e06\" data-element_type=\"widget\" data-widget_type=\"image.default\">\n\t\t\t\t<div class=\"elementor-widget-container\">\n\t\t\t\t\t\t\t\t\t\t\t\t\t<img fetchpriority=\"high\" decoding=\"async\" width=\"700\" height=\"467\" src=\"https:\/\/www.levapack.com\/wp-content\/uploads\/2021\/05\/shutterstock_1710102646-1.jpg\" class=\"attachment-large size-large wp-image-5550\" alt=\"machine \u00e0 faire des conserves de sauce\" srcset=\"https:\/\/www.levapack.com\/wp-content\/uploads\/2021\/05\/shutterstock_1710102646-1.jpg 700w, https:\/\/www.levapack.com\/wp-content\/uploads\/2021\/05\/shutterstock_1710102646-1-300x200.jpg 300w, https:\/\/www.levapack.com\/wp-content\/uploads\/2021\/05\/shutterstock_1710102646-1-219x146.jpg 219w, https:\/\/www.levapack.com\/wp-content\/uploads\/2021\/05\/shutterstock_1710102646-1-50x33.jpg 50w, https:\/\/www.levapack.com\/wp-content\/uploads\/2021\/05\/shutterstock_1710102646-1-112x75.jpg 112w\" sizes=\"(max-width: 700px) 100vw, 700px\" \/>\t\t\t\t\t\t\t\t\t\t\t\t\t<\/div>\n\t\t\t\t<\/div>\n\t\t\t\t\t<\/div>\n\t\t<\/div>\n\t\t\t\t\t<\/div>\n\t\t<\/section>\n\t\t\t\t\t<\/div>\n\t\t<\/div>\n\t\t\t\t\t<\/div>\n\t\t<\/section>\n\t\t\t\t<section class=\"elementor-section elementor-top-section elementor-element elementor-element-70be5558 elementor-section-stretched elementor-section-full_width elementor-section-height-default elementor-section-height-default\" data-id=\"70be5558\" data-element_type=\"section\" data-settings=\"{&quot;stretch_section&quot;:&quot;section-stretched&quot;,&quot;background_background&quot;:&quot;classic&quot;}\">\n\t\t\t\t\t\t<div class=\"elementor-container elementor-column-gap-default\">\n\t\t\t\t\t<div class=\"elementor-column elementor-col-100 elementor-top-column elementor-element elementor-element-1a43a2d9\" data-id=\"1a43a2d9\" data-element_type=\"column\">\n\t\t\t<div class=\"elementor-widget-wrap elementor-element-populated\">\n\t\t\t\t\t\t<section class=\"elementor-section elementor-inner-section elementor-element elementor-element-63a7f9cc elementor-section-boxed elementor-section-height-default elementor-section-height-default\" data-id=\"63a7f9cc\" data-element_type=\"section\">\n\t\t\t\t\t\t<div class=\"elementor-container elementor-column-gap-default\">\n\t\t\t\t\t<div class=\"elementor-column elementor-col-50 elementor-inner-column elementor-element elementor-element-3d94ec23\" data-id=\"3d94ec23\" data-element_type=\"column\">\n\t\t\t<div class=\"elementor-widget-wrap elementor-element-populated\">\n\t\t\t\t\t\t<div class=\"elementor-element elementor-element-5cda5bb3 elementor-widget elementor-widget-heading\" data-id=\"5cda5bb3\" data-element_type=\"widget\" data-widget_type=\"heading.default\">\n\t\t\t\t<div class=\"elementor-widget-container\">\n\t\t\t<h2 class=\"elementor-heading-title elementor-size-default\"><a href=\"https:\/\/www.levapack.com\/fr\/article-du-produit\/machine-de-remplissage-de-liquides\/\">Machine de remplissage de liquides<\/a><\/h2>\t\t<\/div>\n\t\t\t\t<\/div>\n\t\t\t\t<div class=\"elementor-element elementor-element-606f91d3 elementor-widget-divider--view-line elementor-widget elementor-widget-divider\" data-id=\"606f91d3\" data-element_type=\"widget\" data-widget_type=\"divider.default\">\n\t\t\t\t<div class=\"elementor-widget-container\">\n\t\t\t\t\t<div class=\"elementor-divider\">\n\t\t\t<span class=\"elementor-divider-separator\">\n\t\t\t\t\t\t<\/span>\n\t\t<\/div>\n\t\t\t\t<\/div>\n\t\t\t\t<\/div>\n\t\t\t\t<div class=\"elementor-element elementor-element-23a55aca elementor-widget elementor-widget-text-editor\" data-id=\"23a55aca\" data-element_type=\"widget\" data-widget_type=\"text-editor.default\">\n\t\t\t\t<div class=\"elementor-widget-container\">\n\t\t\t\t\t\t\t<p class=\"ql-long-22683834\"><span class=\"ql-author-22683834\">En tant que professionnel <a href=\"https:\/\/www.levapack.com\/fr\/categorie-de-produits\/machines-de-remplissage-de-boites-de-conserve\/\">machine de remplissage de liquides<\/a> Nous proposons \u00e9galement cette remplisseuse automatique en acier inoxydable r\u00e9sistant \u00e0 la corrosion. La machine de remplissage de canettes et de bouteilles id\u00e9ale pour l'industrie des boissons.<\/span><\/p><ul class=\"circle-list\"><li>Mod\u00e8le : LPE-LFM006<\/li><li>Cette machine de remplissage de liquides est \u00e9quip\u00e9e de 6 buses volum\u00e9triques pour un emballage efficace et pr\u00e9cis.<\/li><li>Convient au remplissage de boissons et d'autres liquides non gazeux \u00e0 \u00e9coulement libre dans les bo\u00eetes rondes en fer-blanc, en aluminium et en PET.<\/li><li>Adoptant la technologie de l'automatisation, l'importation de PLC, de capteurs et de composants pneumatiques, la machine est efficace, intelligente, largement adaptable et d'une bonne stabilit\u00e9.<\/li><\/ul>\t\t\t\t\t\t<\/div>\n\t\t\t\t<\/div>\n\t\t\t\t<div class=\"elementor-element elementor-element-e227618 elementor-widget__width-initial quote-btn elementor-widget elementor-widget-button\" data-id=\"e227618\" data-element_type=\"widget\" data-widget_type=\"button.default\">\n\t\t\t\t<div class=\"elementor-widget-container\">\n\t\t\t\t\t<div class=\"elementor-button-wrapper\">\n\t\t\t<a class=\"elementor-button elementor-button-link elementor-size-sm\" href=\"#elementor-action%3Aaction%3Dpopup%3Aopen%26settings%3DeyJpZCI6IjExMjMiLCJ0b2dnbGUiOmZhbHNlfQ%3D%3D\" rel=\"nofollow\">\n\t\t\t\t\t\t<span class=\"elementor-button-content-wrapper\">\n\t\t\t\t\t\t\t\t\t<span class=\"elementor-button-text\">Demande de renseignements<\/span>\n\t\t\t\t\t<\/span>\n\t\t\t\t\t<\/a>\n\t\t<\/div>\n\t\t\t\t<\/div>\n\t\t\t\t<\/div>\n\t\t\t\t<div class=\"elementor-element elementor-element-5bb9f866 elementor-widget__width-auto elementor-widget elementor-widget-button\" data-id=\"5bb9f866\" data-element_type=\"widget\" data-widget_type=\"button.default\">\n\t\t\t\t<div class=\"elementor-widget-container\">\n\t\t\t\t\t<div class=\"elementor-button-wrapper\">\n\t\t\t<a class=\"elementor-button elementor-button-link elementor-size-sm\" href=\"https:\/\/www.levapack.com\/fr\/article-du-produit\/machine-de-remplissage-de-liquides\/\">\n\t\t\t\t\t\t<span class=\"elementor-button-content-wrapper\">\n\t\t\t\t\t\t\t\t\t<span class=\"elementor-button-text\">Voir plus<\/span>\n\t\t\t\t\t<\/span>\n\t\t\t\t\t<\/a>\n\t\t<\/div>\n\t\t\t\t<\/div>\n\t\t\t\t<\/div>\n\t\t\t\t\t<\/div>\n\t\t<\/div>\n\t\t\t\t<div class=\"elementor-column elementor-col-50 elementor-inner-column elementor-element elementor-element-5aea5c8d\" data-id=\"5aea5c8d\" data-element_type=\"column\">\n\t\t\t<div class=\"elementor-widget-wrap elementor-element-populated\">\n\t\t\t\t\t\t<div class=\"elementor-element elementor-element-1a600492 elementor-widget elementor-widget-image\" data-id=\"1a600492\" data-element_type=\"widget\" data-widget_type=\"image.default\">\n\t\t\t\t<div class=\"elementor-widget-container\">\n\t\t\t\t\t\t\t\t\t\t\t\t\t\t<a href=\"https:\/\/www.levapack.com\/fr\/article-du-produit\/machine-de-remplissage-de-liquides\/\">\n\t\t\t\t\t\t\t<img decoding=\"async\" width=\"579\" height=\"465\" src=\"https:\/\/www.levapack.com\/wp-content\/uploads\/2020\/02\/Liquid-filling-machine.jpg\" class=\"attachment-large size-large wp-image-1114\" alt=\"Machine de remplissage de liquides\" srcset=\"https:\/\/www.levapack.com\/wp-content\/uploads\/2020\/02\/Liquid-filling-machine.jpg 579w, https:\/\/www.levapack.com\/wp-content\/uploads\/2020\/02\/Liquid-filling-machine-300x241.jpg 300w, https:\/\/www.levapack.com\/wp-content\/uploads\/2020\/02\/Liquid-filling-machine-182x146.jpg 182w, https:\/\/www.levapack.com\/wp-content\/uploads\/2020\/02\/Liquid-filling-machine-50x40.jpg 50w, https:\/\/www.levapack.com\/wp-content\/uploads\/2020\/02\/Liquid-filling-machine-93x75.jpg 93w\" sizes=\"(max-width: 579px) 100vw, 579px\" \/>\t\t\t\t\t\t\t\t<\/a>\n\t\t\t\t\t\t\t\t\t\t\t\t\t<\/div>\n\t\t\t\t<\/div>\n\t\t\t\t\t<\/div>\n\t\t<\/div>\n\t\t\t\t\t<\/div>\n\t\t<\/section>\n\t\t\t\t\t<\/div>\n\t\t<\/div>\n\t\t\t\t\t<\/div>\n\t\t<\/section>\n\t\t\t\t<section class=\"elementor-section elementor-top-section elementor-element elementor-element-5c670b1e elementor-section-stretched elementor-section-full_width elementor-section-height-default elementor-section-height-default\" data-id=\"5c670b1e\" data-element_type=\"section\" data-settings=\"{&quot;stretch_section&quot;:&quot;section-stretched&quot;,&quot;background_background&quot;:&quot;classic&quot;}\">\n\t\t\t\t\t\t<div class=\"elementor-container elementor-column-gap-default\">\n\t\t\t\t\t<div class=\"elementor-column elementor-col-100 elementor-top-column elementor-element elementor-element-49cf7027\" data-id=\"49cf7027\" data-element_type=\"column\">\n\t\t\t<div class=\"elementor-widget-wrap elementor-element-populated\">\n\t\t\t\t\t\t<section class=\"elementor-section elementor-inner-section elementor-element elementor-element-73aca583 elementor-section-boxed elementor-section-height-default elementor-section-height-default\" data-id=\"73aca583\" data-element_type=\"section\">\n\t\t\t\t\t\t<div class=\"elementor-container elementor-column-gap-default\">\n\t\t\t\t\t<div class=\"elementor-column elementor-col-50 elementor-inner-column elementor-element elementor-element-dacffc2\" data-id=\"dacffc2\" data-element_type=\"column\">\n\t\t\t<div class=\"elementor-widget-wrap elementor-element-populated\">\n\t\t\t\t\t\t<div class=\"elementor-element elementor-element-ccf6515 elementor-widget elementor-widget-image\" data-id=\"ccf6515\" data-element_type=\"widget\" data-widget_type=\"image.default\">\n\t\t\t\t<div class=\"elementor-widget-container\">\n\t\t\t\t\t\t\t\t\t\t\t\t\t\t<a href=\"https:\/\/www.levapack.com\/fr\/article-du-produit\/machine-de-remplissage-de-liquides-visqueux\/\">\n\t\t\t\t\t\t\t<img decoding=\"async\" width=\"579\" height=\"465\" src=\"https:\/\/www.levapack.com\/wp-content\/uploads\/2020\/02\/Viscous-liquid-filling-machine.jpg\" class=\"attachment-large size-large wp-image-1115\" alt=\"Machine de remplissage de liquides visqueux\" srcset=\"https:\/\/www.levapack.com\/wp-content\/uploads\/2020\/02\/Viscous-liquid-filling-machine.jpg 579w, https:\/\/www.levapack.com\/wp-content\/uploads\/2020\/02\/Viscous-liquid-filling-machine-300x241.jpg 300w, https:\/\/www.levapack.com\/wp-content\/uploads\/2020\/02\/Viscous-liquid-filling-machine-182x146.jpg 182w, https:\/\/www.levapack.com\/wp-content\/uploads\/2020\/02\/Viscous-liquid-filling-machine-50x40.jpg 50w, https:\/\/www.levapack.com\/wp-content\/uploads\/2020\/02\/Viscous-liquid-filling-machine-93x75.jpg 93w\" sizes=\"(max-width: 579px) 100vw, 579px\" \/>\t\t\t\t\t\t\t\t<\/a>\n\t\t\t\t\t\t\t\t\t\t\t\t\t<\/div>\n\t\t\t\t<\/div>\n\t\t\t\t\t<\/div>\n\t\t<\/div>\n\t\t\t\t<div class=\"elementor-column elementor-col-50 elementor-inner-column elementor-element elementor-element-6eb48460\" data-id=\"6eb48460\" data-element_type=\"column\">\n\t\t\t<div class=\"elementor-widget-wrap elementor-element-populated\">\n\t\t\t\t\t\t<div class=\"elementor-element elementor-element-1a309d36 elementor-widget elementor-widget-heading\" data-id=\"1a309d36\" data-element_type=\"widget\" data-widget_type=\"heading.default\">\n\t\t\t\t<div class=\"elementor-widget-container\">\n\t\t\t<h2 class=\"elementor-heading-title elementor-size-default\"><a href=\"https:\/\/www.levapack.com\/fr\/article-du-produit\/machine-de-remplissage-de-liquides-visqueux\/\">Machine de remplissage de liquides visqueux<\/a><\/h2>\t\t<\/div>\n\t\t\t\t<\/div>\n\t\t\t\t<div class=\"elementor-element elementor-element-c6dd55 elementor-widget-divider--view-line elementor-widget elementor-widget-divider\" data-id=\"c6dd55\" data-element_type=\"widget\" data-widget_type=\"divider.default\">\n\t\t\t\t<div class=\"elementor-widget-container\">\n\t\t\t\t\t<div class=\"elementor-divider\">\n\t\t\t<span class=\"elementor-divider-separator\">\n\t\t\t\t\t\t<\/span>\n\t\t<\/div>\n\t\t\t\t<\/div>\n\t\t\t\t<\/div>\n\t\t\t\t<div class=\"elementor-element elementor-element-31f65075 elementor-widget elementor-widget-text-editor\" data-id=\"31f65075\" data-element_type=\"widget\" data-widget_type=\"text-editor.default\">\n\t\t\t\t<div class=\"elementor-widget-container\">\n\t\t\t\t\t\t\t<p class=\"ql-long-22683834\"><span class=\"ql-author-22683834\">La machine de remplissage de liquides est la plus performante pour les liquides sp\u00e9ciaux. Largement utilis\u00e9e dans l'alimentation, l'huile comestible, la m\u00e9decine, les produits chimiques quotidiens, les pesticides et d'autres industries.<\/span><\/p><ul class=\"circle-list\"><li>Mod\u00e8le : LPE-VFM006<\/li><li>Type de remplissage \u00e0 piston, cylindre \u00e0 piston avec cylindre de dosage \u00e0 faible usure, joint de piston auto-compensateur \u00e0 longue dur\u00e9e de vie, sans entretien pendant toute la dur\u00e9e de vie.<\/li><li>PLC import\u00e9 avec interface homme-machine, adapt\u00e9 au remplissage de divers produits de viscosit\u00e9 allant de l'eau \u00e0 la cr\u00e8me, largement utilis\u00e9 dans la p\u00e2te de tomate, la sauce chili, la sauce de viande, le miel et d'autres mat\u00e9riaux p\u00e2teux et mat\u00e9riaux \u00e0 faible fluidit\u00e9.<\/li><\/ul><p class=\"ql-long-22683834\">\u00a0<\/p>\t\t\t\t\t\t<\/div>\n\t\t\t\t<\/div>\n\t\t\t\t<div class=\"elementor-element elementor-element-1dd4d6b6 elementor-widget__width-initial quote-btn elementor-widget elementor-widget-button\" data-id=\"1dd4d6b6\" data-element_type=\"widget\" data-widget_type=\"button.default\">\n\t\t\t\t<div class=\"elementor-widget-container\">\n\t\t\t\t\t<div class=\"elementor-button-wrapper\">\n\t\t\t<a class=\"elementor-button elementor-button-link elementor-size-sm\" href=\"#elementor-action%3Aaction%3Dpopup%3Aopen%26settings%3DeyJpZCI6IjExMjMiLCJ0b2dnbGUiOmZhbHNlfQ%3D%3D\" rel=\"nofollow\">\n\t\t\t\t\t\t<span class=\"elementor-button-content-wrapper\">\n\t\t\t\t\t\t\t\t\t<span class=\"elementor-button-text\">Demande de renseignements<\/span>\n\t\t\t\t\t<\/span>\n\t\t\t\t\t<\/a>\n\t\t<\/div>\n\t\t\t\t<\/div>\n\t\t\t\t<\/div>\n\t\t\t\t<div class=\"elementor-element elementor-element-4b7c4657 elementor-widget__width-auto elementor-widget elementor-widget-button\" data-id=\"4b7c4657\" data-element_type=\"widget\" data-widget_type=\"button.default\">\n\t\t\t\t<div class=\"elementor-widget-container\">\n\t\t\t\t\t<div class=\"elementor-button-wrapper\">\n\t\t\t<a class=\"elementor-button elementor-button-link elementor-size-sm\" href=\"https:\/\/www.levapack.com\/fr\/article-du-produit\/machine-de-remplissage-de-liquides-visqueux\/\">\n\t\t\t\t\t\t<span class=\"elementor-button-content-wrapper\">\n\t\t\t\t\t\t\t\t\t<span class=\"elementor-button-text\">Voir plus<\/span>\n\t\t\t\t\t<\/span>\n\t\t\t\t\t<\/a>\n\t\t<\/div>\n\t\t\t\t<\/div>\n\t\t\t\t<\/div>\n\t\t\t\t\t<\/div>\n\t\t<\/div>\n\t\t\t\t\t<\/div>\n\t\t<\/section>\n\t\t\t\t\t<\/div>\n\t\t<\/div>\n\t\t\t\t\t<\/div>\n\t\t<\/section>\n\t\t\t\t<\/div>","protected":false},"excerpt":{"rendered":"<p>Machine d'emballage de ketchup Demande de devis &gt; Machine d'emballage de ketchup Levapack propose une technologie d'automatisation avanc\u00e9e pour toutes ses machines d'emballage, y compris nos machines d'emballage de ketchup.<span class=\"excerpt-hellip\"> [...]<\/span><\/p>","protected":false},"author":3,"featured_media":0,"parent":0,"menu_order":0,"comment_status":"closed","ping_status":"closed","template":"","meta":{"_seopress_robots_primary_cat":"","_seopress_titles_title":"Ketchup packaging machine, ketchup packing machine - Levapack","_seopress_titles_desc":"Find high-quality Ketchup packaging machinefrom a trustworthy manufacturer. Customize the whole packaging line for your application.","_seopress_robots_index":"","footnotes":""},"class_list":["post-2484","page","type-page","status-publish","hentry"],"acf":[],"_links":{"self":[{"href":"https:\/\/www.levapack.com\/fr\/wp-json\/wp\/v2\/pages\/2484","targetHints":{"allow":["GET"]}}],"collection":[{"href":"https:\/\/www.levapack.com\/fr\/wp-json\/wp\/v2\/pages"}],"about":[{"href":"https:\/\/www.levapack.com\/fr\/wp-json\/wp\/v2\/types\/page"}],"author":[{"embeddable":true,"href":"https:\/\/www.levapack.com\/fr\/wp-json\/wp\/v2\/users\/3"}],"replies":[{"embeddable":true,"href":"https:\/\/www.levapack.com\/fr\/wp-json\/wp\/v2\/comments?post=2484"}],"version-history":[{"count":11,"href":"https:\/\/www.levapack.com\/fr\/wp-json\/wp\/v2\/pages\/2484\/revisions"}],"predecessor-version":[{"id":53095,"href":"https:\/\/www.levapack.com\/fr\/wp-json\/wp\/v2\/pages\/2484\/revisions\/53095"}],"wp:attachment":[{"href":"https:\/\/www.levapack.com\/fr\/wp-json\/wp\/v2\/media?parent=2484"}],"curies":[{"name":"wp","href":"https:\/\/api.w.org\/{rel}","templated":true}]}}