{"id":1562,"date":"2020-03-06T07:06:55","date_gmt":"2020-03-06T07:06:55","guid":{"rendered":"https:\/\/www.levapack.com\/?page_id=1562"},"modified":"2022-10-11T14:03:33","modified_gmt":"2022-10-11T14:03:33","slug":"machine-a-capsuler-les-pilules","status":"publish","type":"page","link":"https:\/\/www.levapack.com\/fr\/machine-a-capsuler-les-pilules\/","title":{"rendered":"Machine \u00e0 capsuler les pilules"},"content":{"rendered":"<div data-elementor-type=\"wp-page\" data-elementor-id=\"1562\" class=\"elementor elementor-1562\" data-elementor-post-type=\"page\">\n\t\t\t\t\t\t<section class=\"elementor-section elementor-top-section elementor-element elementor-element-509e058f elementor-section-stretched elementor-section-full_width elementor-section-height-min-height elementor-section-height-default elementor-section-items-middle\" data-id=\"509e058f\" data-element_type=\"section\" data-settings=\"{&quot;stretch_section&quot;:&quot;section-stretched&quot;,&quot;background_background&quot;:&quot;slideshow&quot;,&quot;background_slideshow_gallery&quot;:[{&quot;id&quot;:888,&quot;url&quot;:&quot;https:\\\/\\\/www.levapack.com\\\/wp-content\\\/uploads\\\/2020\\\/01\\\/359099cbad1234a8dcee2c681d24807.jpg&quot;}],&quot;background_slideshow_loop&quot;:&quot;yes&quot;,&quot;background_slideshow_slide_duration&quot;:5000,&quot;background_slideshow_slide_transition&quot;:&quot;fade&quot;,&quot;background_slideshow_transition_duration&quot;:500}\">\n\t\t\t\t\t\t<div class=\"elementor-container elementor-column-gap-default\">\n\t\t\t\t\t<div class=\"elementor-column elementor-col-100 elementor-top-column elementor-element elementor-element-49c07bd9\" data-id=\"49c07bd9\" data-element_type=\"column\">\n\t\t\t<div class=\"elementor-widget-wrap elementor-element-populated\">\n\t\t\t\t\t\t<section class=\"elementor-section elementor-inner-section elementor-element elementor-element-19e1f6ad elementor-section-full_width elementor-section-height-default elementor-section-height-default\" data-id=\"19e1f6ad\" data-element_type=\"section\">\n\t\t\t\t\t\t<div class=\"elementor-container elementor-column-gap-default\">\n\t\t\t\t\t<div class=\"elementor-column elementor-col-50 elementor-inner-column elementor-element elementor-element-2928b46d\" data-id=\"2928b46d\" data-element_type=\"column\">\n\t\t\t<div class=\"elementor-widget-wrap elementor-element-populated\">\n\t\t\t\t\t\t<div class=\"elementor-element elementor-element-60de69df elementor-widget elementor-widget-heading\" data-id=\"60de69df\" data-element_type=\"widget\" data-widget_type=\"heading.default\">\n\t\t\t\t<div class=\"elementor-widget-container\">\n\t\t\t<h1 class=\"elementor-heading-title elementor-size-default\">Machine \u00e0 capsuler les pilules<\/h1>\t\t<\/div>\n\t\t\t\t<\/div>\n\t\t\t\t\t<\/div>\n\t\t<\/div>\n\t\t\t\t<div class=\"elementor-column elementor-col-50 elementor-inner-column elementor-element elementor-element-6a754596\" data-id=\"6a754596\" data-element_type=\"column\">\n\t\t\t<div class=\"elementor-widget-wrap elementor-element-populated\">\n\t\t\t\t\t\t<div class=\"elementor-element elementor-element-5194f1af elementor-align-justify elementor-widget__width-initial quote-btn elementor-widget elementor-widget-button\" data-id=\"5194f1af\" data-element_type=\"widget\" data-widget_type=\"button.default\">\n\t\t\t\t<div class=\"elementor-widget-container\">\n\t\t\t\t\t<div class=\"elementor-button-wrapper\">\n\t\t\t<a class=\"elementor-button elementor-button-link elementor-size-md\" href=\"#elementor-action%3Aaction%3Dpopup%3Aopen%26settings%3DeyJpZCI6IjExMjQiLCJ0b2dnbGUiOmZhbHNlfQ%3D%3D\" rel=\"nofollow\">\n\t\t\t\t\t\t<span class=\"elementor-button-content-wrapper\">\n\t\t\t\t\t\t\t\t\t<span class=\"elementor-button-text\"><b> Demande de devis &gt; <\/b><\/span>\n\t\t\t\t\t<\/span>\n\t\t\t\t\t<\/a>\n\t\t<\/div>\n\t\t\t\t<\/div>\n\t\t\t\t<\/div>\n\t\t\t\t\t<\/div>\n\t\t<\/div>\n\t\t\t\t\t<\/div>\n\t\t<\/section>\n\t\t\t\t\t<\/div>\n\t\t<\/div>\n\t\t\t\t\t<\/div>\n\t\t<\/section>\n\t\t\t\t<section class=\"elementor-section elementor-top-section elementor-element elementor-element-3cfea446 elementor-section-boxed elementor-section-height-default elementor-section-height-default\" data-id=\"3cfea446\" data-element_type=\"section\">\n\t\t\t\t\t\t<div class=\"elementor-container elementor-column-gap-default\">\n\t\t\t\t\t<div class=\"elementor-column elementor-col-100 elementor-top-column elementor-element elementor-element-79c6baa8\" data-id=\"79c6baa8\" data-element_type=\"column\">\n\t\t\t<div class=\"elementor-widget-wrap elementor-element-populated\">\n\t\t\t\t\t\t<div class=\"elementor-element elementor-element-2c2a705c elementor-widget elementor-widget-heading\" data-id=\"2c2a705c\" data-element_type=\"widget\" data-widget_type=\"heading.default\">\n\t\t\t\t<div class=\"elementor-widget-container\">\n\t\t\t<h2 class=\"elementor-heading-title elementor-size-default\">Machine \u00e0 capsuler les pilules dans Levapack<\/h2>\t\t<\/div>\n\t\t\t\t<\/div>\n\t\t\t\t<div class=\"elementor-element elementor-element-705c076 elementor-widget-divider--view-line elementor-widget elementor-widget-divider\" data-id=\"705c076\" data-element_type=\"widget\" data-widget_type=\"divider.default\">\n\t\t\t\t<div class=\"elementor-widget-container\">\n\t\t\t\t\t<div class=\"elementor-divider\">\n\t\t\t<span class=\"elementor-divider-separator\">\n\t\t\t\t\t\t<\/span>\n\t\t<\/div>\n\t\t\t\t<\/div>\n\t\t\t\t<\/div>\n\t\t\t\t<section class=\"elementor-section elementor-inner-section elementor-element elementor-element-6b98d6e elementor-section-boxed elementor-section-height-default elementor-section-height-default\" data-id=\"6b98d6e\" data-element_type=\"section\">\n\t\t\t\t\t\t<div class=\"elementor-container elementor-column-gap-default\">\n\t\t\t\t\t<div class=\"elementor-column elementor-col-50 elementor-inner-column elementor-element elementor-element-2816be1\" data-id=\"2816be1\" data-element_type=\"column\">\n\t\t\t<div class=\"elementor-widget-wrap elementor-element-populated\">\n\t\t\t\t\t\t<div class=\"elementor-element elementor-element-787a193a elementor-widget elementor-widget-text-editor\" data-id=\"787a193a\" data-element_type=\"widget\" data-widget_type=\"text-editor.default\">\n\t\t\t\t<div class=\"elementor-widget-container\">\n\t\t\t\t\t\t\t<p><span data-sheets-value=\"{\" data-sheets-userformat=\"{\">L'industrie pharmaceutique a des exigences strictes en mati\u00e8re d'emballage des produits. L'emballage doit prot\u00e9ger le produit contre les influences ext\u00e9rieures (lumi\u00e8re, humidit\u00e9, oxyg\u00e8ne, etc.) qui peuvent modifier les propri\u00e9t\u00e9s du produit. De plus, il doit \u00eatre \u00e0 l'\u00e9preuve des enfants afin d'\u00e9viter toute consommation accidentelle. C'est pourquoi il est n\u00e9cessaire de disposer d'un <a href=\"https:\/\/www.levapack.com\/fr\/categorie-de-produits\/machines-a-boucher-les-boites-de-conserve\/\">machine \u00e0 boucher fiable<\/a> qui peut sceller efficacement vos bo\u00eetes de pilules.<br \/><\/span><\/p><p><span data-sheets-value=\"{\" data-sheets-userformat=\"{\"><a href=\"https:\/\/www.levapack.com\/fr\/\">Levapack<\/a>, a <a href=\"https:\/\/www.levapack.com\/fr\/categorie-de-produits\/machines-a-sceller-les-boites-de-conserve\/\">machine d'emballage<\/a> fabricant en Chine, peut vous fournir des machines de capsulage de pilules personnalisables \u00e0 des prix raisonnables. Notre soci\u00e9t\u00e9 propose des capsuleuses \u00e0 pression et des capsuleuses \u00e0 vis de haute qualit\u00e9 (disponibles en version \u00e0 mandrin et \u00e0 broche) pour vous aider \u00e0 fermer herm\u00e9tiquement vos conteneurs de pilules. Nous pouvons nous adapter \u00e0 n'importe quel type de fermeture en modifiant la conception de nos machines pour qu'elles r\u00e9pondent aux exigences de votre entreprise.<br \/><\/span><\/p><p><span data-sheets-value=\"{\" data-sheets-userformat=\"{\">Atteindre un haut degr\u00e9 d'automatisation avec le syst\u00e8me Levapack <a href=\"https:\/\/www.levapack.com\/fr\/categorie-de-produits\/machines-de-remplissage-de-boites-de-conserve\/\">des solutions d'emballage innovantes<\/a> et de rationaliser vos lignes de production de mani\u00e8re rentable. Nos machines peuvent vous offrir des vitesses de bouchage rapides et des remplacements de contenants faciles pour un processus d'emballage plus efficace. Contactez-nous d\u00e8s maintenant et laissez-nous adapter vos machines aux besoins sp\u00e9cifiques de votre entreprise !<\/span><\/p><p>\u00a0<\/p>\t\t\t\t\t\t<\/div>\n\t\t\t\t<\/div>\n\t\t\t\t\t<\/div>\n\t\t<\/div>\n\t\t\t\t<div class=\"elementor-column elementor-col-50 elementor-inner-column elementor-element elementor-element-2bea1ad\" data-id=\"2bea1ad\" data-element_type=\"column\">\n\t\t\t<div class=\"elementor-widget-wrap elementor-element-populated\">\n\t\t\t\t\t\t<div class=\"elementor-element elementor-element-19cc17a elementor-widget elementor-widget-image\" data-id=\"19cc17a\" data-element_type=\"widget\" data-widget_type=\"image.default\">\n\t\t\t\t<div class=\"elementor-widget-container\">\n\t\t\t\t\t\t\t\t\t\t\t\t\t<img fetchpriority=\"high\" decoding=\"async\" width=\"640\" height=\"426\" src=\"https:\/\/www.levapack.com\/wp-content\/uploads\/2021\/05\/jar-2338584_640.jpg\" class=\"attachment-large size-large wp-image-5032\" alt=\"pilule\" srcset=\"https:\/\/www.levapack.com\/wp-content\/uploads\/2021\/05\/jar-2338584_640.jpg 640w, https:\/\/www.levapack.com\/wp-content\/uploads\/2021\/05\/jar-2338584_640-300x200.jpg 300w, https:\/\/www.levapack.com\/wp-content\/uploads\/2021\/05\/jar-2338584_640-219x146.jpg 219w, https:\/\/www.levapack.com\/wp-content\/uploads\/2021\/05\/jar-2338584_640-50x33.jpg 50w, https:\/\/www.levapack.com\/wp-content\/uploads\/2021\/05\/jar-2338584_640-113x75.jpg 113w\" sizes=\"(max-width: 640px) 100vw, 640px\" \/>\t\t\t\t\t\t\t\t\t\t\t\t\t<\/div>\n\t\t\t\t<\/div>\n\t\t\t\t\t<\/div>\n\t\t<\/div>\n\t\t\t\t\t<\/div>\n\t\t<\/section>\n\t\t\t\t\t<\/div>\n\t\t<\/div>\n\t\t\t\t\t<\/div>\n\t\t<\/section>\n\t\t\t\t<section class=\"elementor-section elementor-top-section elementor-element elementor-element-3a17860b elementor-section-stretched elementor-section-full_width elementor-section-height-default elementor-section-height-default\" data-id=\"3a17860b\" data-element_type=\"section\" data-settings=\"{&quot;stretch_section&quot;:&quot;section-stretched&quot;,&quot;background_background&quot;:&quot;classic&quot;}\">\n\t\t\t\t\t\t<div class=\"elementor-container elementor-column-gap-default\">\n\t\t\t\t\t<div class=\"elementor-column elementor-col-100 elementor-top-column elementor-element elementor-element-e6272a7\" data-id=\"e6272a7\" data-element_type=\"column\">\n\t\t\t<div class=\"elementor-widget-wrap elementor-element-populated\">\n\t\t\t\t\t\t<section class=\"elementor-section elementor-inner-section elementor-element elementor-element-6de9866f elementor-section-boxed elementor-section-height-default elementor-section-height-default\" data-id=\"6de9866f\" data-element_type=\"section\">\n\t\t\t\t\t\t<div class=\"elementor-container elementor-column-gap-default\">\n\t\t\t\t\t<div class=\"elementor-column elementor-col-50 elementor-inner-column elementor-element elementor-element-7a6c20f9\" data-id=\"7a6c20f9\" data-element_type=\"column\">\n\t\t\t<div class=\"elementor-widget-wrap elementor-element-populated\">\n\t\t\t\t\t\t<div class=\"elementor-element elementor-element-16e0cc14 elementor-widget elementor-widget-heading\" data-id=\"16e0cc14\" data-element_type=\"widget\" data-widget_type=\"heading.default\">\n\t\t\t\t<div class=\"elementor-widget-container\">\n\t\t\t<h2 class=\"elementor-heading-title elementor-size-default\"><a href=\"https:\/\/www.levapack.com\/fr\/article-du-produit\/boucheuse-a-vis-rotative-pour-bouteilles-en-verre\/\">Boucheuse \u00e0 vis rotative pour bouteilles en verre<\/a><\/h2>\t\t<\/div>\n\t\t\t\t<\/div>\n\t\t\t\t<div class=\"elementor-element elementor-element-36c429f8 elementor-widget-divider--view-line elementor-widget elementor-widget-divider\" data-id=\"36c429f8\" data-element_type=\"widget\" data-widget_type=\"divider.default\">\n\t\t\t\t<div class=\"elementor-widget-container\">\n\t\t\t\t\t<div class=\"elementor-divider\">\n\t\t\t<span class=\"elementor-divider-separator\">\n\t\t\t\t\t\t<\/span>\n\t\t<\/div>\n\t\t\t\t<\/div>\n\t\t\t\t<\/div>\n\t\t\t\t<div class=\"elementor-element elementor-element-2cbf391d elementor-widget elementor-widget-text-editor\" data-id=\"2cbf391d\" data-element_type=\"widget\" data-widget_type=\"text-editor.default\">\n\t\t\t\t<div class=\"elementor-widget-container\">\n\t\t\t\t\t\t\t<p>La machine \u00e0 boucher les couvercles en aluminium enti\u00e8rement automatique est largement utilis\u00e9e dans toutes sortes de boissons non gazeuses, de jus, de couvertures antivol pour le vin, de caves, d'usines de condiments, d'usines de boissons et d'autres fabricants d'\u00e9quipements id\u00e9aux.<\/p><ul class=\"circle-list\"><li>Mod\u00e8le : LPE-RVS040<\/li><li>Un certain degr\u00e9 d'automatisation est atteint, le prix est mod\u00e9r\u00e9 et un dispositif de protection automatique est pr\u00e9vu au niveau des roues d'entr\u00e9e et de sortie pour garantir la s\u00e9curit\u00e9.<\/li><li>Cette machine est principalement utilis\u00e9e pour le scellement du couvercle en aluminium.<\/li><\/ul><p>\u00a0<\/p>\t\t\t\t\t\t<\/div>\n\t\t\t\t<\/div>\n\t\t\t\t<div class=\"elementor-element elementor-element-304def77 elementor-widget__width-initial quote-btn elementor-widget elementor-widget-button\" data-id=\"304def77\" data-element_type=\"widget\" data-widget_type=\"button.default\">\n\t\t\t\t<div class=\"elementor-widget-container\">\n\t\t\t\t\t<div class=\"elementor-button-wrapper\">\n\t\t\t<a class=\"elementor-button elementor-button-link elementor-size-sm\" href=\"#elementor-action%3Aaction%3Dpopup%3Aopen%26settings%3DeyJpZCI6IjExMjMiLCJ0b2dnbGUiOmZhbHNlfQ%3D%3D\" rel=\"nofollow\">\n\t\t\t\t\t\t<span class=\"elementor-button-content-wrapper\">\n\t\t\t\t\t\t\t\t\t<span class=\"elementor-button-text\">Demande de renseignements<\/span>\n\t\t\t\t\t<\/span>\n\t\t\t\t\t<\/a>\n\t\t<\/div>\n\t\t\t\t<\/div>\n\t\t\t\t<\/div>\n\t\t\t\t<div class=\"elementor-element elementor-element-6668be1d elementor-widget__width-auto elementor-widget elementor-widget-button\" data-id=\"6668be1d\" data-element_type=\"widget\" data-widget_type=\"button.default\">\n\t\t\t\t<div class=\"elementor-widget-container\">\n\t\t\t\t\t<div class=\"elementor-button-wrapper\">\n\t\t\t<a class=\"elementor-button elementor-button-link elementor-size-sm\" href=\"https:\/\/www.levapack.com\/fr\/article-du-produit\/boucheuse-a-vis-rotative-pour-bouteilles-en-verre\/\">\n\t\t\t\t\t\t<span class=\"elementor-button-content-wrapper\">\n\t\t\t\t\t\t\t\t\t<span class=\"elementor-button-text\">Voir plus<\/span>\n\t\t\t\t\t<\/span>\n\t\t\t\t\t<\/a>\n\t\t<\/div>\n\t\t\t\t<\/div>\n\t\t\t\t<\/div>\n\t\t\t\t\t<\/div>\n\t\t<\/div>\n\t\t\t\t<div class=\"elementor-column elementor-col-50 elementor-inner-column elementor-element elementor-element-5359c018\" data-id=\"5359c018\" data-element_type=\"column\">\n\t\t\t<div class=\"elementor-widget-wrap elementor-element-populated\">\n\t\t\t\t\t\t<div class=\"elementor-element elementor-element-75961678 elementor-widget elementor-widget-image\" data-id=\"75961678\" data-element_type=\"widget\" data-widget_type=\"image.default\">\n\t\t\t\t<div class=\"elementor-widget-container\">\n\t\t\t\t\t\t\t\t\t\t\t\t\t\t<a href=\"https:\/\/www.levapack.com\/fr\/article-du-produit\/boucheuse-a-vis-rotative-pour-bouteilles-en-verre\/\">\n\t\t\t\t\t\t\t<img decoding=\"async\" width=\"500\" height=\"380\" src=\"https:\/\/www.levapack.com\/wp-content\/uploads\/2018\/09\/s02-img-01-02-1-e1569832133799.jpg\" class=\"attachment-large size-large wp-image-426\" alt=\"Capsuleuse rotative \u00e0 vis sous vide pour bo\u00eetes en verre\" \/>\t\t\t\t\t\t\t\t<\/a>\n\t\t\t\t\t\t\t\t\t\t\t\t\t<\/div>\n\t\t\t\t<\/div>\n\t\t\t\t\t<\/div>\n\t\t<\/div>\n\t\t\t\t\t<\/div>\n\t\t<\/section>\n\t\t\t\t\t<\/div>\n\t\t<\/div>\n\t\t\t\t\t<\/div>\n\t\t<\/section>\n\t\t\t\t<section class=\"elementor-section elementor-top-section elementor-element elementor-element-57297dca elementor-section-stretched elementor-section-full_width elementor-section-height-default elementor-section-height-default\" data-id=\"57297dca\" data-element_type=\"section\" data-settings=\"{&quot;stretch_section&quot;:&quot;section-stretched&quot;,&quot;background_background&quot;:&quot;classic&quot;}\">\n\t\t\t\t\t\t<div class=\"elementor-container elementor-column-gap-default\">\n\t\t\t\t\t<div class=\"elementor-column elementor-col-100 elementor-top-column elementor-element elementor-element-2f450976\" data-id=\"2f450976\" data-element_type=\"column\">\n\t\t\t<div class=\"elementor-widget-wrap elementor-element-populated\">\n\t\t\t\t\t\t<section class=\"elementor-section elementor-inner-section elementor-element elementor-element-3e96ed64 elementor-section-boxed elementor-section-height-default elementor-section-height-default\" data-id=\"3e96ed64\" data-element_type=\"section\">\n\t\t\t\t\t\t<div class=\"elementor-container elementor-column-gap-default\">\n\t\t\t\t\t<div class=\"elementor-column elementor-col-50 elementor-inner-column elementor-element elementor-element-416a8be\" data-id=\"416a8be\" data-element_type=\"column\">\n\t\t\t<div class=\"elementor-widget-wrap elementor-element-populated\">\n\t\t\t\t\t\t<div class=\"elementor-element elementor-element-75dbcba6 elementor-widget elementor-widget-image\" data-id=\"75dbcba6\" data-element_type=\"widget\" data-widget_type=\"image.default\">\n\t\t\t\t<div class=\"elementor-widget-container\">\n\t\t\t\t\t\t\t\t\t\t\t\t\t\t<a href=\"https:\/\/www.levapack.com\/fr\/article-du-produit\/machine-a-boucher-a-vis\/\">\n\t\t\t\t\t\t\t<img decoding=\"async\" width=\"500\" height=\"380\" src=\"https:\/\/www.levapack.com\/wp-content\/uploads\/2018\/09\/s02-img-02-02-3.jpg\" class=\"attachment-large size-large wp-image-430\" alt=\"Machine \u00e0 capsuler \u00e0 vis\" srcset=\"https:\/\/www.levapack.com\/wp-content\/uploads\/2018\/09\/s02-img-02-02-3.jpg 500w, https:\/\/www.levapack.com\/wp-content\/uploads\/2018\/09\/s02-img-02-02-3-300x228.jpg 300w, https:\/\/www.levapack.com\/wp-content\/uploads\/2018\/09\/s02-img-02-02-3-192x146.jpg 192w, https:\/\/www.levapack.com\/wp-content\/uploads\/2018\/09\/s02-img-02-02-3-50x38.jpg 50w, https:\/\/www.levapack.com\/wp-content\/uploads\/2018\/09\/s02-img-02-02-3-99x75.jpg 99w\" sizes=\"(max-width: 500px) 100vw, 500px\" \/>\t\t\t\t\t\t\t\t<\/a>\n\t\t\t\t\t\t\t\t\t\t\t\t\t<\/div>\n\t\t\t\t<\/div>\n\t\t\t\t\t<\/div>\n\t\t<\/div>\n\t\t\t\t<div class=\"elementor-column elementor-col-50 elementor-inner-column elementor-element elementor-element-3a9f66ca\" data-id=\"3a9f66ca\" data-element_type=\"column\">\n\t\t\t<div class=\"elementor-widget-wrap elementor-element-populated\">\n\t\t\t\t\t\t<div class=\"elementor-element elementor-element-793129ce elementor-widget elementor-widget-heading\" data-id=\"793129ce\" data-element_type=\"widget\" data-widget_type=\"heading.default\">\n\t\t\t\t<div class=\"elementor-widget-container\">\n\t\t\t<h2 class=\"elementor-heading-title elementor-size-default\"><a href=\"https:\/\/www.levapack.com\/fr\/article-du-produit\/machine-a-boucher-a-vis\/\">Machine \u00e0 capsuler \u00e0 vis<\/a><\/h2>\t\t<\/div>\n\t\t\t\t<\/div>\n\t\t\t\t<div class=\"elementor-element elementor-element-7c998954 elementor-widget-divider--view-line elementor-widget elementor-widget-divider\" data-id=\"7c998954\" data-element_type=\"widget\" data-widget_type=\"divider.default\">\n\t\t\t\t<div class=\"elementor-widget-container\">\n\t\t\t\t\t<div class=\"elementor-divider\">\n\t\t\t<span class=\"elementor-divider-separator\">\n\t\t\t\t\t\t<\/span>\n\t\t<\/div>\n\t\t\t\t<\/div>\n\t\t\t\t<\/div>\n\t\t\t\t<div class=\"elementor-element elementor-element-300d7031 elementor-widget elementor-widget-text-editor\" data-id=\"300d7031\" data-element_type=\"widget\" data-widget_type=\"text-editor.default\">\n\t\t\t\t<div class=\"elementor-widget-container\">\n\t\t\t\t\t\t\t<p>Notre usine fabrique cette capsuleuse \u00e0 vis enti\u00e8rement automatique au meilleur prix. Le taux de capsulage est \u00e9lev\u00e9, la vitesse est rapide, etc. Convient pour le capsulage des bo\u00eetes de conserve PET avec des bouchons dans l'industrie alimentaire, l'industrie des boissons et plus encore.<\/p><ul class=\"circle-list\"><li>Mod\u00e8le : LPE-SCM008<\/li><li>Syst\u00e8me d'exploitation \u00e0 interface homme-machine avanc\u00e9e, les param\u00e8tres d'exploitation peuvent \u00eatre stock\u00e9s et ajust\u00e9s, les messages d'erreur sont faciles \u00e0 utiliser.<\/li><li>Le capuchon \u00e0 huit roues est en mouvement, la vitesse de capsulage est rapide et permet d'\u00e9viter efficacement que le capuchon antivol ne se brise et ne soit endommag\u00e9.<\/li><\/ul><p class=\"ql-long-22683834\">\u00a0<\/p>\t\t\t\t\t\t<\/div>\n\t\t\t\t<\/div>\n\t\t\t\t<div class=\"elementor-element elementor-element-10e8d9d9 elementor-widget__width-initial quote-btn elementor-widget elementor-widget-button\" data-id=\"10e8d9d9\" data-element_type=\"widget\" data-widget_type=\"button.default\">\n\t\t\t\t<div class=\"elementor-widget-container\">\n\t\t\t\t\t<div class=\"elementor-button-wrapper\">\n\t\t\t<a class=\"elementor-button elementor-button-link elementor-size-sm\" href=\"#elementor-action%3Aaction%3Dpopup%3Aopen%26settings%3DeyJpZCI6IjExMjMiLCJ0b2dnbGUiOmZhbHNlfQ%3D%3D\" rel=\"nofollow\">\n\t\t\t\t\t\t<span class=\"elementor-button-content-wrapper\">\n\t\t\t\t\t\t\t\t\t<span class=\"elementor-button-text\">Demande de renseignements<\/span>\n\t\t\t\t\t<\/span>\n\t\t\t\t\t<\/a>\n\t\t<\/div>\n\t\t\t\t<\/div>\n\t\t\t\t<\/div>\n\t\t\t\t<div class=\"elementor-element elementor-element-2ddcd034 elementor-widget__width-auto elementor-widget elementor-widget-button\" data-id=\"2ddcd034\" data-element_type=\"widget\" data-widget_type=\"button.default\">\n\t\t\t\t<div class=\"elementor-widget-container\">\n\t\t\t\t\t<div class=\"elementor-button-wrapper\">\n\t\t\t<a class=\"elementor-button elementor-button-link elementor-size-sm\" href=\"https:\/\/www.levapack.com\/fr\/article-du-produit\/machine-a-boucher-a-vis\/\">\n\t\t\t\t\t\t<span class=\"elementor-button-content-wrapper\">\n\t\t\t\t\t\t\t\t\t<span class=\"elementor-button-text\">Voir plus<\/span>\n\t\t\t\t\t<\/span>\n\t\t\t\t\t<\/a>\n\t\t<\/div>\n\t\t\t\t<\/div>\n\t\t\t\t<\/div>\n\t\t\t\t\t<\/div>\n\t\t<\/div>\n\t\t\t\t\t<\/div>\n\t\t<\/section>\n\t\t\t\t\t<\/div>\n\t\t<\/div>\n\t\t\t\t\t<\/div>\n\t\t<\/section>\n\t\t\t\t<\/div>","protected":false},"excerpt":{"rendered":"<p>Machine \u00e0 boucher les pilules Demande de devis &gt; Accueil Machine \u00e0 boucher les pilules en Levapack L'industrie pharmaceutique a des exigences strictes en mati\u00e8re d'emballage des produits. L'industrie pharmaceutique a des exigences strictes en mati\u00e8re d'emballage des produits.<span class=\"excerpt-hellip\"> [...]<\/span><\/p>","protected":false},"author":3,"featured_media":0,"parent":0,"menu_order":0,"comment_status":"closed","ping_status":"closed","template":"","meta":{"_seopress_robots_primary_cat":"","_seopress_titles_title":"Pill Capping Machine - Levapack","_seopress_titles_desc":"Looking for Pill capping machine for your applications? Levapack supplies the best capper machines for sale. Choose the right one for you!","_seopress_robots_index":"","footnotes":""},"class_list":["post-1562","page","type-page","status-publish","hentry"],"acf":[],"_links":{"self":[{"href":"https:\/\/www.levapack.com\/fr\/wp-json\/wp\/v2\/pages\/1562","targetHints":{"allow":["GET"]}}],"collection":[{"href":"https:\/\/www.levapack.com\/fr\/wp-json\/wp\/v2\/pages"}],"about":[{"href":"https:\/\/www.levapack.com\/fr\/wp-json\/wp\/v2\/types\/page"}],"author":[{"embeddable":true,"href":"https:\/\/www.levapack.com\/fr\/wp-json\/wp\/v2\/users\/3"}],"replies":[{"embeddable":true,"href":"https:\/\/www.levapack.com\/fr\/wp-json\/wp\/v2\/comments?post=1562"}],"version-history":[{"count":12,"href":"https:\/\/www.levapack.com\/fr\/wp-json\/wp\/v2\/pages\/1562\/revisions"}],"predecessor-version":[{"id":11867,"href":"https:\/\/www.levapack.com\/fr\/wp-json\/wp\/v2\/pages\/1562\/revisions\/11867"}],"wp:attachment":[{"href":"https:\/\/www.levapack.com\/fr\/wp-json\/wp\/v2\/media?parent=1562"}],"curies":[{"name":"wp","href":"https:\/\/api.w.org\/{rel}","templated":true}]}}