{"id":1459,"date":"2020-02-24T06:17:13","date_gmt":"2020-02-24T06:17:13","guid":{"rendered":"https:\/\/www.levapack.com\/?page_id=1459"},"modified":"2022-10-11T14:12:28","modified_gmt":"2022-10-11T14:12:28","slug":"machine-a-sceller-la-creme","status":"publish","type":"page","link":"https:\/\/www.levapack.com\/fr\/machine-a-sceller-la-creme\/","title":{"rendered":"Machine \u00e0 sceller les cr\u00e8mes"},"content":{"rendered":"<div data-elementor-type=\"wp-page\" data-elementor-id=\"1459\" class=\"elementor elementor-1459\" data-elementor-post-type=\"page\">\n\t\t\t\t\t\t<section class=\"elementor-section elementor-top-section elementor-element elementor-element-45b399ed elementor-section-stretched elementor-section-full_width elementor-section-height-min-height elementor-section-height-default elementor-section-items-middle\" data-id=\"45b399ed\" data-element_type=\"section\" data-settings=\"{&quot;stretch_section&quot;:&quot;section-stretched&quot;,&quot;background_background&quot;:&quot;slideshow&quot;,&quot;background_slideshow_gallery&quot;:[{&quot;id&quot;:888,&quot;url&quot;:&quot;https:\\\/\\\/www.levapack.com\\\/wp-content\\\/uploads\\\/2020\\\/01\\\/359099cbad1234a8dcee2c681d24807.jpg&quot;}],&quot;background_slideshow_loop&quot;:&quot;yes&quot;,&quot;background_slideshow_slide_duration&quot;:5000,&quot;background_slideshow_slide_transition&quot;:&quot;fade&quot;,&quot;background_slideshow_transition_duration&quot;:500}\">\n\t\t\t\t\t\t<div class=\"elementor-container elementor-column-gap-default\">\n\t\t\t\t\t<div class=\"elementor-column elementor-col-100 elementor-top-column elementor-element elementor-element-643e214e\" data-id=\"643e214e\" data-element_type=\"column\">\n\t\t\t<div class=\"elementor-widget-wrap elementor-element-populated\">\n\t\t\t\t\t\t<section class=\"elementor-section elementor-inner-section elementor-element elementor-element-292593ab elementor-section-full_width elementor-section-height-default elementor-section-height-default\" data-id=\"292593ab\" data-element_type=\"section\">\n\t\t\t\t\t\t<div class=\"elementor-container elementor-column-gap-default\">\n\t\t\t\t\t<div class=\"elementor-column elementor-col-50 elementor-inner-column elementor-element elementor-element-5ca78127\" data-id=\"5ca78127\" data-element_type=\"column\">\n\t\t\t<div class=\"elementor-widget-wrap elementor-element-populated\">\n\t\t\t\t\t\t<div class=\"elementor-element elementor-element-672933d4 elementor-widget elementor-widget-heading\" data-id=\"672933d4\" data-element_type=\"widget\" data-widget_type=\"heading.default\">\n\t\t\t\t<div class=\"elementor-widget-container\">\n\t\t\t<h1 class=\"elementor-heading-title elementor-size-default\">Machine \u00e0 sceller les cr\u00e8mes<\/h1>\t\t<\/div>\n\t\t\t\t<\/div>\n\t\t\t\t\t<\/div>\n\t\t<\/div>\n\t\t\t\t<div class=\"elementor-column elementor-col-50 elementor-inner-column elementor-element elementor-element-25de18c0\" data-id=\"25de18c0\" data-element_type=\"column\">\n\t\t\t<div class=\"elementor-widget-wrap elementor-element-populated\">\n\t\t\t\t\t\t<div class=\"elementor-element elementor-element-382c33b1 elementor-align-justify elementor-widget__width-initial quote-btn elementor-widget elementor-widget-button\" data-id=\"382c33b1\" data-element_type=\"widget\" data-widget_type=\"button.default\">\n\t\t\t\t<div class=\"elementor-widget-container\">\n\t\t\t\t\t<div class=\"elementor-button-wrapper\">\n\t\t\t<a class=\"elementor-button elementor-button-link elementor-size-md\" href=\"#elementor-action%3Aaction%3Dpopup%3Aopen%26settings%3DeyJpZCI6IjExMjMiLCJ0b2dnbGUiOmZhbHNlfQ%3D%3D\" rel=\"nofollow\">\n\t\t\t\t\t\t<span class=\"elementor-button-content-wrapper\">\n\t\t\t\t\t\t\t\t\t<span class=\"elementor-button-text\"><b> Demande de devis &gt; <\/b><\/span>\n\t\t\t\t\t<\/span>\n\t\t\t\t\t<\/a>\n\t\t<\/div>\n\t\t\t\t<\/div>\n\t\t\t\t<\/div>\n\t\t\t\t\t<\/div>\n\t\t<\/div>\n\t\t\t\t\t<\/div>\n\t\t<\/section>\n\t\t\t\t\t<\/div>\n\t\t<\/div>\n\t\t\t\t\t<\/div>\n\t\t<\/section>\n\t\t\t\t<section class=\"elementor-section elementor-top-section elementor-element elementor-element-1131d930 elementor-section-boxed elementor-section-height-default elementor-section-height-default\" data-id=\"1131d930\" data-element_type=\"section\">\n\t\t\t\t\t\t<div class=\"elementor-container elementor-column-gap-default\">\n\t\t\t\t\t<div class=\"elementor-column elementor-col-100 elementor-top-column elementor-element elementor-element-6c979380\" data-id=\"6c979380\" data-element_type=\"column\">\n\t\t\t<div class=\"elementor-widget-wrap elementor-element-populated\">\n\t\t\t\t\t\t<div class=\"elementor-element elementor-element-4d52ae44 elementor-widget elementor-widget-heading\" data-id=\"4d52ae44\" data-element_type=\"widget\" data-widget_type=\"heading.default\">\n\t\t\t\t<div class=\"elementor-widget-container\">\n\t\t\t<h2 class=\"elementor-heading-title elementor-size-default\">Machine \u00e0 sceller les cr\u00e8mes dans Levapack<\/h2>\t\t<\/div>\n\t\t\t\t<\/div>\n\t\t\t\t<div class=\"elementor-element elementor-element-1d6f7ad7 elementor-widget-divider--view-line elementor-widget elementor-widget-divider\" data-id=\"1d6f7ad7\" data-element_type=\"widget\" data-widget_type=\"divider.default\">\n\t\t\t\t<div class=\"elementor-widget-container\">\n\t\t\t\t\t<div class=\"elementor-divider\">\n\t\t\t<span class=\"elementor-divider-separator\">\n\t\t\t\t\t\t<\/span>\n\t\t<\/div>\n\t\t\t\t<\/div>\n\t\t\t\t<\/div>\n\t\t\t\t<div class=\"elementor-element elementor-element-7ebc7a63 elementor-widget elementor-widget-text-editor\" data-id=\"7ebc7a63\" data-element_type=\"widget\" data-widget_type=\"text-editor.default\">\n\t\t\t\t<div class=\"elementor-widget-container\">\n\t\t\t\t\t\t\t<p><span data-sheets-value=\"{\" data-sheets-userformat=\"{\">De nombreux consommateurs utilisent des produits cosm\u00e9tiques \u00e0 base de cr\u00e8me, en particulier dans les pays asiatiques, ce qui a entra\u00een\u00e9 une croissance rapide du secteur. \u00c9tant donn\u00e9 que de nombreuses marques se disputent une place dans les rayons, le seul moyen pour votre marque de les surpasser est de cr\u00e9er un emballage attrayant et herm\u00e9tique pour le produit. Les machines \u00e0 sceller les bo\u00eetes de cr\u00e8me peuvent vous aider \u00e0 accomplir cette t\u00e2che facilement.<br \/><\/span><\/p><p><span data-sheets-value=\"{\" data-sheets-userformat=\"{\">En tant que cr\u00e8me bien connue <a href=\"https:\/\/www.levapack.com\/fr\/categorie-de-produits\/machines-de-remplissage-de-boites-de-conserve\/\">machine d'emballage de bo\u00eetes de conserve<\/a>\u00a0en Chine, <a href=\"https:\/\/www.levapack.com\/fr\/\">Levapack<\/a> peut vous fournir des solutions d'emballage de bo\u00eetes de conserve \u00e0 prix raisonnable pour votre application sp\u00e9cifique. Les sertisseuses de bo\u00eetes de cr\u00e8me de notre soci\u00e9t\u00e9 sont \u00e9quip\u00e9es des derni\u00e8res technologies d'automatisation pour rationaliser efficacement vos lignes de production. Elles peuvent sceller vos bo\u00eetes de mani\u00e8re coh\u00e9rente et efficace pour produire des joints \u00e9tanches. Elles garantissent ainsi la qualit\u00e9 de vos produits.<br \/><\/span><\/p><p><span data-sheets-value=\"{\" data-sheets-userformat=\"{\">Laissez-nous vous aider \u00e0 mettre en place une cha\u00eene de production plus intelligente et plus rentable en choisissant nos produits durables.<a href=\"https:\/\/www.levapack.com\/fr\/categorie-de-produits\/machines-a-sceller-les-boites-de-conserve\/\" target=\"_blank\" rel=\"noopener\"> machines \u00e0 sceller les bo\u00eetes de conserve<\/a> pour la cr\u00e8me. Nous avons test\u00e9 nos machines d'emballage sur diff\u00e9rents param\u00e8tres de qualit\u00e9 afin de garantir leur efficacit\u00e9. Prenez contact avec nous d\u00e8s maintenant et laissez-nous vous aider \u00e0 mettre au point une solution de conditionnement id\u00e9ale. <a href=\"https:\/\/www.levapack.com\/fr\/categorie-de-produits\/machines-a-boucher-les-boites-de-conserve\/\">solution d'emballage<\/a> pour les besoins sp\u00e9cifiques de votre entreprise !<br \/><\/span><\/p>\t\t\t\t\t\t<\/div>\n\t\t\t\t<\/div>\n\t\t\t\t\t<\/div>\n\t\t<\/div>\n\t\t\t\t\t<\/div>\n\t\t<\/section>\n\t\t\t\t<section class=\"elementor-section elementor-top-section elementor-element elementor-element-a70d036 elementor-section-stretched elementor-section-full_width elementor-section-height-default elementor-section-height-default\" data-id=\"a70d036\" data-element_type=\"section\" data-settings=\"{&quot;stretch_section&quot;:&quot;section-stretched&quot;,&quot;background_background&quot;:&quot;classic&quot;}\">\n\t\t\t\t\t\t<div class=\"elementor-container elementor-column-gap-default\">\n\t\t\t\t\t<div class=\"elementor-column elementor-col-100 elementor-top-column elementor-element elementor-element-71d86ad5\" data-id=\"71d86ad5\" data-element_type=\"column\">\n\t\t\t<div class=\"elementor-widget-wrap elementor-element-populated\">\n\t\t\t\t\t\t<section class=\"elementor-section elementor-inner-section elementor-element elementor-element-5841f010 elementor-section-boxed elementor-section-height-default elementor-section-height-default\" data-id=\"5841f010\" data-element_type=\"section\">\n\t\t\t\t\t\t<div class=\"elementor-container elementor-column-gap-default\">\n\t\t\t\t\t<div class=\"elementor-column elementor-col-50 elementor-inner-column elementor-element elementor-element-5ced8bf5\" data-id=\"5ced8bf5\" data-element_type=\"column\">\n\t\t\t<div class=\"elementor-widget-wrap elementor-element-populated\">\n\t\t\t\t\t\t<div class=\"elementor-element elementor-element-3a3f0035 elementor-widget elementor-widget-image\" data-id=\"3a3f0035\" data-element_type=\"widget\" data-widget_type=\"image.default\">\n\t\t\t\t<div class=\"elementor-widget-container\">\n\t\t\t\t\t\t\t\t\t\t\t\t\t\t<a href=\"https:\/\/www.levapack.com\/fr\/article-du-produit\/machine-a-sceller-par-induction-des-feuilles-daluminium-pour-bouchons-a-vis\/\">\n\t\t\t\t\t\t\t<img fetchpriority=\"high\" decoding=\"async\" width=\"400\" height=\"316\" src=\"https:\/\/www.levapack.com\/wp-content\/uploads\/2018\/09\/s03-img-03.png\" class=\"attachment-large size-large wp-image-349\" alt=\"Machine \u00e0 sceller par induction des feuilles d&#039;aluminium pour bouchons \u00e0 vis\" srcset=\"https:\/\/www.levapack.com\/wp-content\/uploads\/2018\/09\/s03-img-03.png 400w, https:\/\/www.levapack.com\/wp-content\/uploads\/2018\/09\/s03-img-03-300x237.png 300w, https:\/\/www.levapack.com\/wp-content\/uploads\/2018\/09\/s03-img-03-185x146.png 185w, https:\/\/www.levapack.com\/wp-content\/uploads\/2018\/09\/s03-img-03-50x40.png 50w, https:\/\/www.levapack.com\/wp-content\/uploads\/2018\/09\/s03-img-03-95x75.png 95w\" sizes=\"(max-width: 400px) 100vw, 400px\" \/>\t\t\t\t\t\t\t\t<\/a>\n\t\t\t\t\t\t\t\t\t\t\t\t\t<\/div>\n\t\t\t\t<\/div>\n\t\t\t\t\t<\/div>\n\t\t<\/div>\n\t\t\t\t<div class=\"elementor-column elementor-col-50 elementor-inner-column elementor-element elementor-element-1f0e2610\" data-id=\"1f0e2610\" data-element_type=\"column\">\n\t\t\t<div class=\"elementor-widget-wrap elementor-element-populated\">\n\t\t\t\t\t\t<div class=\"elementor-element elementor-element-2bc63674 elementor-widget elementor-widget-heading\" data-id=\"2bc63674\" data-element_type=\"widget\" data-widget_type=\"heading.default\">\n\t\t\t\t<div class=\"elementor-widget-container\">\n\t\t\t<h2 class=\"elementor-heading-title elementor-size-default\"><a href=\"https:\/\/www.levapack.com\/fr\/article-du-produit\/machine-a-sceller-par-induction-des-feuilles-daluminium-pour-bouchons-a-vis\/\">Machine \u00e0 sceller par induction des feuilles d'aluminium pour bouchons \u00e0 vis<\/a><\/h2>\t\t<\/div>\n\t\t\t\t<\/div>\n\t\t\t\t<div class=\"elementor-element elementor-element-722bf914 elementor-widget-divider--view-line elementor-widget elementor-widget-divider\" data-id=\"722bf914\" data-element_type=\"widget\" data-widget_type=\"divider.default\">\n\t\t\t\t<div class=\"elementor-widget-container\">\n\t\t\t\t\t<div class=\"elementor-divider\">\n\t\t\t<span class=\"elementor-divider-separator\">\n\t\t\t\t\t\t<\/span>\n\t\t<\/div>\n\t\t\t\t<\/div>\n\t\t\t\t<\/div>\n\t\t\t\t<div class=\"elementor-element elementor-element-331bb124 elementor-widget elementor-widget-text-editor\" data-id=\"331bb124\" data-element_type=\"widget\" data-widget_type=\"text-editor.default\">\n\t\t\t\t<div class=\"elementor-widget-container\">\n\t\t\t\t\t\t\t<p>Notre usine fabrique \u00e9galement la machine \u00e0 sceller les bouchons \u00e0 vis la plus efficace. Vitesse de scellage rapide, adapt\u00e9e \u00e0 la production de grands volumes pour diff\u00e9rentes industries. Le style de la t\u00eate de scellage peut \u00eatre personnalis\u00e9 en fonction de l'\u00e9chantillon de bouteille du client.<\/p><ul class=\"circle-list\"><li>Mod\u00e8le : LPE-FIS100<\/li><li>Affichage num\u00e9rique de la tension et du courant de travail, intuitif et clair.<\/li><li>R\u00e9glage par bouton, interrupteur \u00e0 bouton, facile \u00e0 utiliser.<\/li><li>Protection automatique contre les surintensit\u00e9s et les surtensions, s\u00fbre et fiable.<\/li><li>La t\u00eate d'\u00e9tanch\u00e9it\u00e9 adopte un r\u00e9glage de levage par volant, qui est facile \u00e0 utiliser.<\/li><\/ul><p>\u00a0<\/p>\t\t\t\t\t\t<\/div>\n\t\t\t\t<\/div>\n\t\t\t\t<div class=\"elementor-element elementor-element-419457a9 elementor-widget__width-initial quote-btn elementor-widget elementor-widget-button\" data-id=\"419457a9\" data-element_type=\"widget\" data-widget_type=\"button.default\">\n\t\t\t\t<div class=\"elementor-widget-container\">\n\t\t\t\t\t<div class=\"elementor-button-wrapper\">\n\t\t\t<a class=\"elementor-button elementor-button-link elementor-size-sm\" href=\"#elementor-action%3Aaction%3Dpopup%3Aopen%26settings%3DeyJpZCI6IjExMjQiLCJ0b2dnbGUiOmZhbHNlfQ%3D%3D\" rel=\"nofollow\">\n\t\t\t\t\t\t<span class=\"elementor-button-content-wrapper\">\n\t\t\t\t\t\t\t\t\t<span class=\"elementor-button-text\">Demande de renseignements<\/span>\n\t\t\t\t\t<\/span>\n\t\t\t\t\t<\/a>\n\t\t<\/div>\n\t\t\t\t<\/div>\n\t\t\t\t<\/div>\n\t\t\t\t<div class=\"elementor-element elementor-element-51beeeba elementor-widget__width-auto elementor-widget elementor-widget-button\" data-id=\"51beeeba\" data-element_type=\"widget\" data-widget_type=\"button.default\">\n\t\t\t\t<div class=\"elementor-widget-container\">\n\t\t\t\t\t<div class=\"elementor-button-wrapper\">\n\t\t\t<a class=\"elementor-button elementor-button-link elementor-size-sm\" href=\"https:\/\/www.levapack.com\/fr\/article-du-produit\/machine-a-sceller-par-induction-des-feuilles-daluminium-pour-bouchons-a-vis\/\">\n\t\t\t\t\t\t<span class=\"elementor-button-content-wrapper\">\n\t\t\t\t\t\t\t\t\t<span class=\"elementor-button-text\">Voir plus<\/span>\n\t\t\t\t\t<\/span>\n\t\t\t\t\t<\/a>\n\t\t<\/div>\n\t\t\t\t<\/div>\n\t\t\t\t<\/div>\n\t\t\t\t\t<\/div>\n\t\t<\/div>\n\t\t\t\t\t<\/div>\n\t\t<\/section>\n\t\t\t\t\t<\/div>\n\t\t<\/div>\n\t\t\t\t\t<\/div>\n\t\t<\/section>\n\t\t\t\t<\/div>","protected":false},"excerpt":{"rendered":"<p>Machine \u00e0 sceller les cr\u00e8mes Demande de devis &gt; Accueil Machine \u00e0 sceller les cr\u00e8mes en Levapack De nombreux consommateurs utilisent des produits cosm\u00e9tiques \u00e0 base de cr\u00e8me, en particulier dans les pays asiatiques.<span class=\"excerpt-hellip\"> [...]<\/span><\/p>","protected":false},"author":1,"featured_media":0,"parent":0,"menu_order":0,"comment_status":"closed","ping_status":"closed","template":"","meta":{"_seopress_robots_primary_cat":"","_seopress_titles_title":"Cream Sealing Machine, Cosmetic Seaming Machine - Levapack","_seopress_titles_desc":"Looking for Cream sealing machine for your applications? Levapack supplies the best can seamer machines for sale. Choose the right one for you!","_seopress_robots_index":"","footnotes":""},"class_list":["post-1459","page","type-page","status-publish","hentry"],"acf":[],"_links":{"self":[{"href":"https:\/\/www.levapack.com\/fr\/wp-json\/wp\/v2\/pages\/1459","targetHints":{"allow":["GET"]}}],"collection":[{"href":"https:\/\/www.levapack.com\/fr\/wp-json\/wp\/v2\/pages"}],"about":[{"href":"https:\/\/www.levapack.com\/fr\/wp-json\/wp\/v2\/types\/page"}],"author":[{"embeddable":true,"href":"https:\/\/www.levapack.com\/fr\/wp-json\/wp\/v2\/users\/1"}],"replies":[{"embeddable":true,"href":"https:\/\/www.levapack.com\/fr\/wp-json\/wp\/v2\/comments?post=1459"}],"version-history":[{"count":12,"href":"https:\/\/www.levapack.com\/fr\/wp-json\/wp\/v2\/pages\/1459\/revisions"}],"predecessor-version":[{"id":11913,"href":"https:\/\/www.levapack.com\/fr\/wp-json\/wp\/v2\/pages\/1459\/revisions\/11913"}],"wp:attachment":[{"href":"https:\/\/www.levapack.com\/fr\/wp-json\/wp\/v2\/media?parent=1459"}],"curies":[{"name":"wp","href":"https:\/\/api.w.org\/{rel}","templated":true}]}}