{"id":1459,"date":"2020-02-24T06:17:13","date_gmt":"2020-02-24T06:17:13","guid":{"rendered":"https:\/\/www.levapack.com\/?page_id=1459"},"modified":"2022-10-11T14:12:28","modified_gmt":"2022-10-11T14:12:28","slug":"selladora-de-nata","status":"publish","type":"page","link":"https:\/\/www.levapack.com\/es\/selladora-de-nata\/","title":{"rendered":"M\u00e1quina selladora de crema"},"content":{"rendered":"<div data-elementor-type=\"wp-page\" data-elementor-id=\"1459\" class=\"elementor elementor-1459\" data-elementor-post-type=\"page\">\n\t\t\t\t\t\t<section class=\"elementor-section elementor-top-section elementor-element elementor-element-45b399ed elementor-section-stretched elementor-section-full_width elementor-section-height-min-height elementor-section-height-default elementor-section-items-middle\" data-id=\"45b399ed\" data-element_type=\"section\" data-settings=\"{&quot;stretch_section&quot;:&quot;section-stretched&quot;,&quot;background_background&quot;:&quot;slideshow&quot;,&quot;background_slideshow_gallery&quot;:[{&quot;id&quot;:888,&quot;url&quot;:&quot;https:\\\/\\\/www.levapack.com\\\/wp-content\\\/uploads\\\/2020\\\/01\\\/359099cbad1234a8dcee2c681d24807.jpg&quot;}],&quot;background_slideshow_loop&quot;:&quot;yes&quot;,&quot;background_slideshow_slide_duration&quot;:5000,&quot;background_slideshow_slide_transition&quot;:&quot;fade&quot;,&quot;background_slideshow_transition_duration&quot;:500}\">\n\t\t\t\t\t\t<div class=\"elementor-container elementor-column-gap-default\">\n\t\t\t\t\t<div class=\"elementor-column elementor-col-100 elementor-top-column elementor-element elementor-element-643e214e\" data-id=\"643e214e\" data-element_type=\"column\">\n\t\t\t<div class=\"elementor-widget-wrap elementor-element-populated\">\n\t\t\t\t\t\t<section class=\"elementor-section elementor-inner-section elementor-element elementor-element-292593ab elementor-section-full_width elementor-section-height-default elementor-section-height-default\" data-id=\"292593ab\" data-element_type=\"section\">\n\t\t\t\t\t\t<div class=\"elementor-container elementor-column-gap-default\">\n\t\t\t\t\t<div class=\"elementor-column elementor-col-50 elementor-inner-column elementor-element elementor-element-5ca78127\" data-id=\"5ca78127\" data-element_type=\"column\">\n\t\t\t<div class=\"elementor-widget-wrap elementor-element-populated\">\n\t\t\t\t\t\t<div class=\"elementor-element elementor-element-672933d4 elementor-widget elementor-widget-heading\" data-id=\"672933d4\" data-element_type=\"widget\" data-widget_type=\"heading.default\">\n\t\t\t\t<div class=\"elementor-widget-container\">\n\t\t\t<h1 class=\"elementor-heading-title elementor-size-default\">M\u00e1quina selladora de crema<\/h1>\t\t<\/div>\n\t\t\t\t<\/div>\n\t\t\t\t\t<\/div>\n\t\t<\/div>\n\t\t\t\t<div class=\"elementor-column elementor-col-50 elementor-inner-column elementor-element elementor-element-25de18c0\" data-id=\"25de18c0\" data-element_type=\"column\">\n\t\t\t<div class=\"elementor-widget-wrap elementor-element-populated\">\n\t\t\t\t\t\t<div class=\"elementor-element elementor-element-382c33b1 elementor-align-justify elementor-widget__width-initial quote-btn elementor-widget elementor-widget-button\" data-id=\"382c33b1\" data-element_type=\"widget\" data-widget_type=\"button.default\">\n\t\t\t\t<div class=\"elementor-widget-container\">\n\t\t\t\t\t<div class=\"elementor-button-wrapper\">\n\t\t\t<a class=\"elementor-button elementor-button-link elementor-size-md\" href=\"#elementor-action%3Aaction%3Dpopup%3Aopen%26settings%3DeyJpZCI6IjExMjMiLCJ0b2dnbGUiOmZhbHNlfQ%3D%3D\" rel=\"nofollow\">\n\t\t\t\t\t\t<span class=\"elementor-button-content-wrapper\">\n\t\t\t\t\t\t\t\t\t<span class=\"elementor-button-text\"><b> Solicitar presupuesto &gt; <\/b><\/span>\n\t\t\t\t\t<\/span>\n\t\t\t\t\t<\/a>\n\t\t<\/div>\n\t\t\t\t<\/div>\n\t\t\t\t<\/div>\n\t\t\t\t\t<\/div>\n\t\t<\/div>\n\t\t\t\t\t<\/div>\n\t\t<\/section>\n\t\t\t\t\t<\/div>\n\t\t<\/div>\n\t\t\t\t\t<\/div>\n\t\t<\/section>\n\t\t\t\t<section class=\"elementor-section elementor-top-section elementor-element elementor-element-1131d930 elementor-section-boxed elementor-section-height-default elementor-section-height-default\" data-id=\"1131d930\" data-element_type=\"section\">\n\t\t\t\t\t\t<div class=\"elementor-container elementor-column-gap-default\">\n\t\t\t\t\t<div class=\"elementor-column elementor-col-100 elementor-top-column elementor-element elementor-element-6c979380\" data-id=\"6c979380\" data-element_type=\"column\">\n\t\t\t<div class=\"elementor-widget-wrap elementor-element-populated\">\n\t\t\t\t\t\t<div class=\"elementor-element elementor-element-4d52ae44 elementor-widget elementor-widget-heading\" data-id=\"4d52ae44\" data-element_type=\"widget\" data-widget_type=\"heading.default\">\n\t\t\t\t<div class=\"elementor-widget-container\">\n\t\t\t<h2 class=\"elementor-heading-title elementor-size-default\">M\u00e1quina selladora de cremas en Levapack<\/h2>\t\t<\/div>\n\t\t\t\t<\/div>\n\t\t\t\t<div class=\"elementor-element elementor-element-1d6f7ad7 elementor-widget-divider--view-line elementor-widget elementor-widget-divider\" data-id=\"1d6f7ad7\" data-element_type=\"widget\" data-widget_type=\"divider.default\">\n\t\t\t\t<div class=\"elementor-widget-container\">\n\t\t\t\t\t<div class=\"elementor-divider\">\n\t\t\t<span class=\"elementor-divider-separator\">\n\t\t\t\t\t\t<\/span>\n\t\t<\/div>\n\t\t\t\t<\/div>\n\t\t\t\t<\/div>\n\t\t\t\t<div class=\"elementor-element elementor-element-7ebc7a63 elementor-widget elementor-widget-text-editor\" data-id=\"7ebc7a63\" data-element_type=\"widget\" data-widget_type=\"text-editor.default\">\n\t\t\t\t<div class=\"elementor-widget-container\">\n\t\t\t\t\t\t\t<p><span data-sheets-value=\"{\" data-sheets-userformat=\"{\">Muchos consumidores utilizan productos cosm\u00e9ticos en crema, sobre todo en los pa\u00edses asi\u00e1ticos, lo que ha provocado un r\u00e1pido crecimiento del sector. Dado que hay muchas marcas que compiten por un lugar en las estanter\u00edas, la \u00fanica forma de que su marca las eclipse es creando un envase atractivo y herm\u00e9tico para el producto. Las selladoras de latas de crema pueden ayudarle a realizar esta tarea f\u00e1cilmente.<br \/><\/span><\/p><p><span data-sheets-value=\"{\" data-sheets-userformat=\"{\">Como crema conocida <a href=\"https:\/\/www.levapack.com\/es\/categoria-de-productos\/maquinas-llenadoras-de-latas\/\">envasadora de latas<\/a>\u00a0fabricante en China, <a href=\"https:\/\/www.levapack.com\/es\/\">Levapack<\/a> puede suministrarle soluciones de envasado de latas en venta a precios razonables para su aplicaci\u00f3n concreta. Las cerradoras de latas de crema de nuestra empresa est\u00e1n equipadas con la \u00faltima tecnolog\u00eda de automatizaci\u00f3n para agilizar eficazmente sus l\u00edneas de producci\u00f3n. Pueden sellar sus latas de forma consistente y eficiente para producir costuras a prueba de fugas. De este modo, se garantiza la calidad de sus productos.<br \/><\/span><\/p><p><span data-sheets-value=\"{\" data-sheets-userformat=\"{\">Perm\u00edtanos ayudarle a conseguir una l\u00ednea de producci\u00f3n m\u00e1s inteligente y rentable eligiendo nuestros duraderos<a href=\"https:\/\/www.levapack.com\/es\/categoria-de-productos\/selladoras-de-latas\/\" target=\"_blank\" rel=\"noopener\"> selladoras de latas<\/a> para nata. Hemos probado nuestras envasadoras en varios par\u00e1metros de calidad para garantizar su eficacia. P\u00f3ngase en contacto con nosotros ahora y perm\u00edtanos ayudarle a desarrollar un sistema de envasado ideal. <a href=\"https:\/\/www.levapack.com\/es\/categoria-de-productos\/tapadoras-de-latas\/\">soluci\u00f3n de envasado<\/a> para las necesidades espec\u00edficas de su empresa.<br \/><\/span><\/p>\t\t\t\t\t\t<\/div>\n\t\t\t\t<\/div>\n\t\t\t\t\t<\/div>\n\t\t<\/div>\n\t\t\t\t\t<\/div>\n\t\t<\/section>\n\t\t\t\t<section class=\"elementor-section elementor-top-section elementor-element elementor-element-a70d036 elementor-section-stretched elementor-section-full_width elementor-section-height-default elementor-section-height-default\" data-id=\"a70d036\" data-element_type=\"section\" data-settings=\"{&quot;stretch_section&quot;:&quot;section-stretched&quot;,&quot;background_background&quot;:&quot;classic&quot;}\">\n\t\t\t\t\t\t<div class=\"elementor-container elementor-column-gap-default\">\n\t\t\t\t\t<div class=\"elementor-column elementor-col-100 elementor-top-column elementor-element elementor-element-71d86ad5\" data-id=\"71d86ad5\" data-element_type=\"column\">\n\t\t\t<div class=\"elementor-widget-wrap elementor-element-populated\">\n\t\t\t\t\t\t<section class=\"elementor-section elementor-inner-section elementor-element elementor-element-5841f010 elementor-section-boxed elementor-section-height-default elementor-section-height-default\" data-id=\"5841f010\" data-element_type=\"section\">\n\t\t\t\t\t\t<div class=\"elementor-container elementor-column-gap-default\">\n\t\t\t\t\t<div class=\"elementor-column elementor-col-50 elementor-inner-column elementor-element elementor-element-5ced8bf5\" data-id=\"5ced8bf5\" data-element_type=\"column\">\n\t\t\t<div class=\"elementor-widget-wrap elementor-element-populated\">\n\t\t\t\t\t\t<div class=\"elementor-element elementor-element-3a3f0035 elementor-widget elementor-widget-image\" data-id=\"3a3f0035\" data-element_type=\"widget\" data-widget_type=\"image.default\">\n\t\t\t\t<div class=\"elementor-widget-container\">\n\t\t\t\t\t\t\t\t\t\t\t\t\t\t<a href=\"https:\/\/www.levapack.com\/es\/articulo-del-producto\/maquina-de-sellado-por-induccion-de-papel-de-aluminio-para-tapon-de-rosca\/\">\n\t\t\t\t\t\t\t<img fetchpriority=\"high\" decoding=\"async\" width=\"400\" height=\"316\" src=\"https:\/\/www.levapack.com\/wp-content\/uploads\/2018\/09\/s03-img-03.png\" class=\"attachment-large size-large wp-image-349\" alt=\"M\u00e1quina de sellado por inducci\u00f3n de papel de aluminio para tapones de rosca\" srcset=\"https:\/\/www.levapack.com\/wp-content\/uploads\/2018\/09\/s03-img-03.png 400w, https:\/\/www.levapack.com\/wp-content\/uploads\/2018\/09\/s03-img-03-300x237.png 300w, https:\/\/www.levapack.com\/wp-content\/uploads\/2018\/09\/s03-img-03-185x146.png 185w, https:\/\/www.levapack.com\/wp-content\/uploads\/2018\/09\/s03-img-03-50x40.png 50w, https:\/\/www.levapack.com\/wp-content\/uploads\/2018\/09\/s03-img-03-95x75.png 95w\" sizes=\"(max-width: 400px) 100vw, 400px\" \/>\t\t\t\t\t\t\t\t<\/a>\n\t\t\t\t\t\t\t\t\t\t\t\t\t<\/div>\n\t\t\t\t<\/div>\n\t\t\t\t\t<\/div>\n\t\t<\/div>\n\t\t\t\t<div class=\"elementor-column elementor-col-50 elementor-inner-column elementor-element elementor-element-1f0e2610\" data-id=\"1f0e2610\" data-element_type=\"column\">\n\t\t\t<div class=\"elementor-widget-wrap elementor-element-populated\">\n\t\t\t\t\t\t<div class=\"elementor-element elementor-element-2bc63674 elementor-widget elementor-widget-heading\" data-id=\"2bc63674\" data-element_type=\"widget\" data-widget_type=\"heading.default\">\n\t\t\t\t<div class=\"elementor-widget-container\">\n\t\t\t<h2 class=\"elementor-heading-title elementor-size-default\"><a href=\"https:\/\/www.levapack.com\/es\/articulo-del-producto\/maquina-de-sellado-por-induccion-de-papel-de-aluminio-para-tapon-de-rosca\/\">M\u00e1quina de sellado por inducci\u00f3n de papel de aluminio para tapones de rosca<\/a><\/h2>\t\t<\/div>\n\t\t\t\t<\/div>\n\t\t\t\t<div class=\"elementor-element elementor-element-722bf914 elementor-widget-divider--view-line elementor-widget elementor-widget-divider\" data-id=\"722bf914\" data-element_type=\"widget\" data-widget_type=\"divider.default\">\n\t\t\t\t<div class=\"elementor-widget-container\">\n\t\t\t\t\t<div class=\"elementor-divider\">\n\t\t\t<span class=\"elementor-divider-separator\">\n\t\t\t\t\t\t<\/span>\n\t\t<\/div>\n\t\t\t\t<\/div>\n\t\t\t\t<\/div>\n\t\t\t\t<div class=\"elementor-element elementor-element-331bb124 elementor-widget elementor-widget-text-editor\" data-id=\"331bb124\" data-element_type=\"widget\" data-widget_type=\"text-editor.default\">\n\t\t\t\t<div class=\"elementor-widget-container\">\n\t\t\t\t\t\t\t<p>Nuestra f\u00e1brica tambi\u00e9n fabrica la m\u00e1quina de sellado de tapones de rosca m\u00e1s eficiente. R\u00e1pida velocidad de sellado, adecuado para la producci\u00f3n de gran volumen para diferentes industrias. El estilo de la cabeza del lacre se puede modificar para requisitos particulares seg\u00fan la botella de la muestra del cliente.<\/p><ul class=\"circle-list\"><li>Modelo: LPE-FIS100<\/li><li>Pantalla digital de tensi\u00f3n y corriente de trabajo, intuitiva y clara.<\/li><li>Ajuste de perilla, interruptor de bot\u00f3n, f\u00e1cil de usar.<\/li><li>Sobrecorriente y sobretensi\u00f3n, protecci\u00f3n autom\u00e1tica, segura y fiable.<\/li><li>El cabezal de sellado adopta el ajuste de elevaci\u00f3n de tipo volante, que es f\u00e1cil de usar.<\/li><\/ul><p>\u00a0<\/p>\t\t\t\t\t\t<\/div>\n\t\t\t\t<\/div>\n\t\t\t\t<div class=\"elementor-element elementor-element-419457a9 elementor-widget__width-initial quote-btn elementor-widget elementor-widget-button\" data-id=\"419457a9\" data-element_type=\"widget\" data-widget_type=\"button.default\">\n\t\t\t\t<div class=\"elementor-widget-container\">\n\t\t\t\t\t<div class=\"elementor-button-wrapper\">\n\t\t\t<a class=\"elementor-button elementor-button-link elementor-size-sm\" href=\"#elementor-action%3Aaction%3Dpopup%3Aopen%26settings%3DeyJpZCI6IjExMjQiLCJ0b2dnbGUiOmZhbHNlfQ%3D%3D\" rel=\"nofollow\">\n\t\t\t\t\t\t<span class=\"elementor-button-content-wrapper\">\n\t\t\t\t\t\t\t\t\t<span class=\"elementor-button-text\">Consulta<\/span>\n\t\t\t\t\t<\/span>\n\t\t\t\t\t<\/a>\n\t\t<\/div>\n\t\t\t\t<\/div>\n\t\t\t\t<\/div>\n\t\t\t\t<div class=\"elementor-element elementor-element-51beeeba elementor-widget__width-auto elementor-widget elementor-widget-button\" data-id=\"51beeeba\" data-element_type=\"widget\" data-widget_type=\"button.default\">\n\t\t\t\t<div class=\"elementor-widget-container\">\n\t\t\t\t\t<div class=\"elementor-button-wrapper\">\n\t\t\t<a class=\"elementor-button elementor-button-link elementor-size-sm\" href=\"https:\/\/www.levapack.com\/es\/articulo-del-producto\/maquina-de-sellado-por-induccion-de-papel-de-aluminio-para-tapon-de-rosca\/\">\n\t\t\t\t\t\t<span class=\"elementor-button-content-wrapper\">\n\t\t\t\t\t\t\t\t\t<span class=\"elementor-button-text\">Ver m\u00e1s<\/span>\n\t\t\t\t\t<\/span>\n\t\t\t\t\t<\/a>\n\t\t<\/div>\n\t\t\t\t<\/div>\n\t\t\t\t<\/div>\n\t\t\t\t\t<\/div>\n\t\t<\/div>\n\t\t\t\t\t<\/div>\n\t\t<\/section>\n\t\t\t\t\t<\/div>\n\t\t<\/div>\n\t\t\t\t\t<\/div>\n\t\t<\/section>\n\t\t\t\t<\/div>","protected":false},"excerpt":{"rendered":"<p>M\u00e1quina de sellado de cremas Solicitar presupuesto &gt; Inicio M\u00e1quina de sellado de cremas en Levapack Muchos consumidores utilizan productos cosm\u00e9ticos a base de cremas, especialmente en los pa\u00edses asi\u00e1ticos.<span class=\"excerpt-hellip\"> [...]<\/span><\/p>","protected":false},"author":1,"featured_media":0,"parent":0,"menu_order":0,"comment_status":"closed","ping_status":"closed","template":"","meta":{"_seopress_robots_primary_cat":"","_seopress_titles_title":"Cream Sealing Machine, Cosmetic Seaming Machine - Levapack","_seopress_titles_desc":"Looking for Cream sealing machine for your applications? Levapack supplies the best can seamer machines for sale. Choose the right one for you!","_seopress_robots_index":"","footnotes":""},"class_list":["post-1459","page","type-page","status-publish","hentry"],"acf":[],"_links":{"self":[{"href":"https:\/\/www.levapack.com\/es\/wp-json\/wp\/v2\/pages\/1459","targetHints":{"allow":["GET"]}}],"collection":[{"href":"https:\/\/www.levapack.com\/es\/wp-json\/wp\/v2\/pages"}],"about":[{"href":"https:\/\/www.levapack.com\/es\/wp-json\/wp\/v2\/types\/page"}],"author":[{"embeddable":true,"href":"https:\/\/www.levapack.com\/es\/wp-json\/wp\/v2\/users\/1"}],"replies":[{"embeddable":true,"href":"https:\/\/www.levapack.com\/es\/wp-json\/wp\/v2\/comments?post=1459"}],"version-history":[{"count":12,"href":"https:\/\/www.levapack.com\/es\/wp-json\/wp\/v2\/pages\/1459\/revisions"}],"predecessor-version":[{"id":11913,"href":"https:\/\/www.levapack.com\/es\/wp-json\/wp\/v2\/pages\/1459\/revisions\/11913"}],"wp:attachment":[{"href":"https:\/\/www.levapack.com\/es\/wp-json\/wp\/v2\/media?parent=1459"}],"curies":[{"name":"wp","href":"https:\/\/api.w.org\/{rel}","templated":true}]}}