{"id":54435,"date":"2025-07-09T13:57:02","date_gmt":"2025-07-09T05:57:02","guid":{"rendered":"https:\/\/www.levapack.com\/?page_id=54435"},"modified":"2025-07-09T16:55:15","modified_gmt":"2025-07-09T08:55:15","slug":"fallstudien","status":"publish","type":"page","link":"https:\/\/www.levapack.com\/de\/fallstudien\/","title":{"rendered":"Fallstudien"},"content":{"rendered":"<div data-elementor-type=\"wp-page\" data-elementor-id=\"54435\" class=\"elementor elementor-54435\" data-elementor-post-type=\"page\">\n\t\t\t\t\t\t<section class=\"elementor-section elementor-top-section elementor-element elementor-element-b536114 elementor-section-boxed elementor-section-height-default elementor-section-height-default\" data-id=\"b536114\" data-element_type=\"section\">\n\t\t\t\t\t\t<div class=\"elementor-container elementor-column-gap-default\">\n\t\t\t\t\t<div class=\"elementor-column elementor-col-100 elementor-top-column elementor-element elementor-element-87a8eef\" data-id=\"87a8eef\" data-element_type=\"column\">\n\t\t\t<div class=\"elementor-widget-wrap elementor-element-populated\">\n\t\t\t\t\t\t<div class=\"elementor-element elementor-element-68dac20 elementor-widget elementor-widget-heading\" data-id=\"68dac20\" data-element_type=\"widget\" data-widget_type=\"heading.default\">\n\t\t\t\t<div class=\"elementor-widget-container\">\n\t\t\t<h2 class=\"elementor-heading-title elementor-size-default\">Erfolg mit unseren Verpackungsmaschinenl\u00f6sungen<\/h2>\t\t<\/div>\n\t\t\t\t<\/div>\n\t\t\t\t<div class=\"elementor-element elementor-element-251a46d elementor-widget elementor-widget-text-editor\" data-id=\"251a46d\" data-element_type=\"widget\" data-widget_type=\"text-editor.default\">\n\t\t\t\t<div class=\"elementor-widget-container\">\n\t\t\t\t\t\t\t<p>Auf dem hart umk\u00e4mpften Lebensmittelmarkt sind Produktionseffizienz und Verpackungsqualit\u00e4t zu Kernelementen der Gesch\u00e4ftsentwicklung geworden. Wir sind bestrebt, stabile und zuverl\u00e4ssige L\u00f6sungen f\u00fcr automatisierte Verpackungsmaschinen anzubieten, um die realen Herausforderungen unserer Kunden in verschiedenen Marktsegmenten zu meistern. Die folgenden Fallstudien dokumentieren objektiv, wie wir unseren Kunden geholfen haben, ihre Produktionsprozesse zu optimieren, den Produktwert zu steigern und letztendlich ein nachhaltiges Gesch\u00e4ftswachstum zu erzielen.<\/p>\t\t\t\t\t\t<\/div>\n\t\t\t\t<\/div>\n\t\t\t\t<div class=\"elementor-element elementor-element-0a1089e elementor-grid-3 elementor-grid-tablet-2 elementor-grid-mobile-1 elementor-widget elementor-widget-pp-posts\" data-id=\"0a1089e\" data-element_type=\"widget\" data-widget_type=\"pp-posts.classic\">\n\t\t\t\t<div class=\"elementor-widget-container\">\n\t\t\t\t\t<div class=\"pp-posts-container\">\n\t\t\t\n\t\t\t\t\t\t\t\t\t\t\n\t\t\t<div class=\"pp-posts pp-posts-skin-classic elementor-grid pp-posts-grid\" data-query-type=\"custom\" data-layout=\"grid\" data-page=\"54435\" data-skin=\"classic\">\n\t\t\t\t\t\t\t\t\t\t\t<div class=\"pp-post-wrap pp-grid-item-wrap elementor-grid-item post-56532 case type-case status-publish has-post-thumbnail hentry\">\n\t\t\t\t\t\t<div class=\"pp-post pp-grid-item\">\n\t\t\t\t\t\t<div class=\"pp-post-thumbnail\">\n\t\t\t<a class=\"pp-post-thumbnail-wrap\" href=\"https:\/\/www.levapack.com\/de\/fall\/verpackungslinie-fur-pistazien-nach-mas\/\" title=\"Kundenspezifische Verpackungslinie f\u00fcr Pistazien\">\n\t\t\t\t<img fetchpriority=\"high\" decoding=\"async\" width=\"1024\" height=\"768\" src=\"https:\/\/www.levapack.com\/wp-content\/uploads\/2025\/07\/Custom-Pistachio-Packaging-Line.webp\" class=\"attachment-large size-large wp-image-56943\" alt=\"Kundenspezifische Verpackungslinie f\u00fcr Pistazien\" srcset=\"https:\/\/www.levapack.com\/wp-content\/uploads\/2025\/07\/Custom-Pistachio-Packaging-Line.webp 1024w, https:\/\/www.levapack.com\/wp-content\/uploads\/2025\/07\/Custom-Pistachio-Packaging-Line-300x225.webp 300w, https:\/\/www.levapack.com\/wp-content\/uploads\/2025\/07\/Custom-Pistachio-Packaging-Line-768x576.webp 768w, https:\/\/www.levapack.com\/wp-content\/uploads\/2025\/07\/Custom-Pistachio-Packaging-Line-16x12.webp 16w, https:\/\/www.levapack.com\/wp-content\/uploads\/2025\/07\/Custom-Pistachio-Packaging-Line-195x146.webp 195w, https:\/\/www.levapack.com\/wp-content\/uploads\/2025\/07\/Custom-Pistachio-Packaging-Line-50x38.webp 50w, https:\/\/www.levapack.com\/wp-content\/uploads\/2025\/07\/Custom-Pistachio-Packaging-Line-100x75.webp 100w, https:\/\/www.levapack.com\/wp-content\/uploads\/2025\/07\/Custom-Pistachio-Packaging-Line-960x720.webp 960w\" sizes=\"(max-width: 1024px) 100vw, 1024px\" \/>\t\t\t<\/a>\n\t\t<\/div>\n\t\t\n\t\t\t\t\n\t\t\t\t<div class=\"pp-post-content-wrap\">\n\t\t\t\t\t<div class=\"pp-post-content\">\n\t\t\t\t\t\t\t\t\t\t\t\t<h3 class=\"pp-post-title\">\n\t\t\t\t<a href=\"https:\/\/www.levapack.com\/de\/fall\/verpackungslinie-fur-pistazien-nach-mas\/\">Kundenspezifische Verpackungslinie f\u00fcr Pistazien<\/a>\t\t\t<\/h3>\n\t\t\t\t\t\t\t\t<\/div>\n\t\t\t\t\t\t\t\t\t<\/div>\n\n\t\t\t\t\t\t\t<\/div>\n\t\t\t\t\t<\/div>\n\t\t\t\t<div class=\"pp-post-wrap pp-grid-item-wrap elementor-grid-item post-56409 case type-case status-publish has-post-thumbnail hentry\">\n\t\t\t\t\t\t<div class=\"pp-post pp-grid-item\">\n\t\t\t\t\t\t<div class=\"pp-post-thumbnail\">\n\t\t\t<a class=\"pp-post-thumbnail-wrap\" href=\"https:\/\/www.levapack.com\/de\/fall\/kundenspezifische-verpackungslinie-fur-kaffeepulver\/\" title=\"Kundenspezifische Verpackungslinie f\u00fcr Kaffeepulver\">\n\t\t\t\t<img decoding=\"async\" width=\"1024\" height=\"768\" src=\"https:\/\/www.levapack.com\/wp-content\/uploads\/2025\/07\/Custom-Coffee-Powder-Packaging-Line.webp\" class=\"attachment-large size-large wp-image-56944\" alt=\"Kundenspezifische Verpackungslinie f\u00fcr Kaffeepulver\" srcset=\"https:\/\/www.levapack.com\/wp-content\/uploads\/2025\/07\/Custom-Coffee-Powder-Packaging-Line.webp 1024w, https:\/\/www.levapack.com\/wp-content\/uploads\/2025\/07\/Custom-Coffee-Powder-Packaging-Line-300x225.webp 300w, https:\/\/www.levapack.com\/wp-content\/uploads\/2025\/07\/Custom-Coffee-Powder-Packaging-Line-768x576.webp 768w, https:\/\/www.levapack.com\/wp-content\/uploads\/2025\/07\/Custom-Coffee-Powder-Packaging-Line-16x12.webp 16w, https:\/\/www.levapack.com\/wp-content\/uploads\/2025\/07\/Custom-Coffee-Powder-Packaging-Line-195x146.webp 195w, https:\/\/www.levapack.com\/wp-content\/uploads\/2025\/07\/Custom-Coffee-Powder-Packaging-Line-50x38.webp 50w, https:\/\/www.levapack.com\/wp-content\/uploads\/2025\/07\/Custom-Coffee-Powder-Packaging-Line-100x75.webp 100w, https:\/\/www.levapack.com\/wp-content\/uploads\/2025\/07\/Custom-Coffee-Powder-Packaging-Line-960x720.webp 960w\" sizes=\"(max-width: 1024px) 100vw, 1024px\" \/>\t\t\t<\/a>\n\t\t<\/div>\n\t\t\n\t\t\t\t\n\t\t\t\t<div class=\"pp-post-content-wrap\">\n\t\t\t\t\t<div class=\"pp-post-content\">\n\t\t\t\t\t\t\t\t\t\t\t\t<h3 class=\"pp-post-title\">\n\t\t\t\t<a href=\"https:\/\/www.levapack.com\/de\/fall\/kundenspezifische-verpackungslinie-fur-kaffeepulver\/\">Kundenspezifische Verpackungslinie f\u00fcr Kaffeepulver<\/a>\t\t\t<\/h3>\n\t\t\t\t\t\t\t\t<\/div>\n\t\t\t\t\t\t\t\t\t<\/div>\n\n\t\t\t\t\t\t\t<\/div>\n\t\t\t\t\t<\/div>\n\t\t\t\t<div class=\"pp-post-wrap pp-grid-item-wrap elementor-grid-item post-56401 case type-case status-publish has-post-thumbnail hentry\">\n\t\t\t\t\t\t<div class=\"pp-post pp-grid-item\">\n\t\t\t\t\t\t<div class=\"pp-post-thumbnail\">\n\t\t\t<a class=\"pp-post-thumbnail-wrap\" href=\"https:\/\/www.levapack.com\/de\/fall\/kundenspezifische-verpackungslinien-fur-essiggurken\/\" title=\"Kundenspezifische Lebensmittelverpackungslinien f\u00fcr Essiggurken\">\n\t\t\t\t<img decoding=\"async\" width=\"1024\" height=\"768\" src=\"https:\/\/www.levapack.com\/wp-content\/uploads\/2025\/07\/Custom-Pickle-Packaging-Line.webp\" class=\"attachment-large size-large wp-image-56945\" alt=\"Kundenspezifische Gurkenverpackungslinie\" srcset=\"https:\/\/www.levapack.com\/wp-content\/uploads\/2025\/07\/Custom-Pickle-Packaging-Line.webp 1024w, https:\/\/www.levapack.com\/wp-content\/uploads\/2025\/07\/Custom-Pickle-Packaging-Line-300x225.webp 300w, https:\/\/www.levapack.com\/wp-content\/uploads\/2025\/07\/Custom-Pickle-Packaging-Line-768x576.webp 768w, https:\/\/www.levapack.com\/wp-content\/uploads\/2025\/07\/Custom-Pickle-Packaging-Line-16x12.webp 16w, https:\/\/www.levapack.com\/wp-content\/uploads\/2025\/07\/Custom-Pickle-Packaging-Line-195x146.webp 195w, https:\/\/www.levapack.com\/wp-content\/uploads\/2025\/07\/Custom-Pickle-Packaging-Line-50x38.webp 50w, https:\/\/www.levapack.com\/wp-content\/uploads\/2025\/07\/Custom-Pickle-Packaging-Line-100x75.webp 100w, https:\/\/www.levapack.com\/wp-content\/uploads\/2025\/07\/Custom-Pickle-Packaging-Line-960x720.webp 960w\" sizes=\"(max-width: 1024px) 100vw, 1024px\" \/>\t\t\t<\/a>\n\t\t<\/div>\n\t\t\n\t\t\t\t\n\t\t\t\t<div class=\"pp-post-content-wrap\">\n\t\t\t\t\t<div class=\"pp-post-content\">\n\t\t\t\t\t\t\t\t\t\t\t\t<h3 class=\"pp-post-title\">\n\t\t\t\t<a href=\"https:\/\/www.levapack.com\/de\/fall\/kundenspezifische-verpackungslinien-fur-essiggurken\/\">Kundenspezifische Lebensmittelverpackungslinien f\u00fcr Essiggurken<\/a>\t\t\t<\/h3>\n\t\t\t\t\t\t\t\t<\/div>\n\t\t\t\t\t\t\t\t\t<\/div>\n\n\t\t\t\t\t\t\t<\/div>\n\t\t\t\t\t<\/div>\n\t\t\t\t<div class=\"pp-post-wrap pp-grid-item-wrap elementor-grid-item post-56394 case type-case status-publish has-post-thumbnail hentry\">\n\t\t\t\t\t\t<div class=\"pp-post pp-grid-item\">\n\t\t\t\t\t\t<div class=\"pp-post-thumbnail\">\n\t\t\t<a class=\"pp-post-thumbnail-wrap\" href=\"https:\/\/www.levapack.com\/de\/fall\/verpackungslinie-fur-pralinen-mit-bonbonuberzug\/\" title=\"Kundenspezifische Verpackungslinie f\u00fcr Pralinen mit Schokoladen\u00fcberzug\">\n\t\t\t\t<img loading=\"lazy\" decoding=\"async\" width=\"1024\" height=\"768\" src=\"https:\/\/www.levapack.com\/wp-content\/uploads\/2025\/07\/Custom-Candy-Packaging-Line.webp\" class=\"attachment-large size-large wp-image-56948\" alt=\"Kundenspezifische Verpackungslinie f\u00fcr S\u00fc\u00dfigkeiten\" srcset=\"https:\/\/www.levapack.com\/wp-content\/uploads\/2025\/07\/Custom-Candy-Packaging-Line.webp 1024w, https:\/\/www.levapack.com\/wp-content\/uploads\/2025\/07\/Custom-Candy-Packaging-Line-300x225.webp 300w, https:\/\/www.levapack.com\/wp-content\/uploads\/2025\/07\/Custom-Candy-Packaging-Line-768x576.webp 768w, https:\/\/www.levapack.com\/wp-content\/uploads\/2025\/07\/Custom-Candy-Packaging-Line-16x12.webp 16w, https:\/\/www.levapack.com\/wp-content\/uploads\/2025\/07\/Custom-Candy-Packaging-Line-195x146.webp 195w, https:\/\/www.levapack.com\/wp-content\/uploads\/2025\/07\/Custom-Candy-Packaging-Line-50x38.webp 50w, https:\/\/www.levapack.com\/wp-content\/uploads\/2025\/07\/Custom-Candy-Packaging-Line-100x75.webp 100w, https:\/\/www.levapack.com\/wp-content\/uploads\/2025\/07\/Custom-Candy-Packaging-Line-960x720.webp 960w\" sizes=\"(max-width: 1024px) 100vw, 1024px\" \/>\t\t\t<\/a>\n\t\t<\/div>\n\t\t\n\t\t\t\t\n\t\t\t\t<div class=\"pp-post-content-wrap\">\n\t\t\t\t\t<div class=\"pp-post-content\">\n\t\t\t\t\t\t\t\t\t\t\t\t<h3 class=\"pp-post-title\">\n\t\t\t\t<a href=\"https:\/\/www.levapack.com\/de\/fall\/verpackungslinie-fur-pralinen-mit-bonbonuberzug\/\">Kundenspezifische Verpackungslinie f\u00fcr Pralinen mit Schokoladen\u00fcberzug<\/a>\t\t\t<\/h3>\n\t\t\t\t\t\t\t\t<\/div>\n\t\t\t\t\t\t\t\t\t<\/div>\n\n\t\t\t\t\t\t\t<\/div>\n\t\t\t\t\t<\/div>\n\t\t\t\t<div class=\"pp-post-wrap pp-grid-item-wrap elementor-grid-item post-56384 case type-case status-publish has-post-thumbnail hentry\">\n\t\t\t\t\t\t<div class=\"pp-post pp-grid-item\">\n\t\t\t\t\t\t<div class=\"pp-post-thumbnail\">\n\t\t\t<a class=\"pp-post-thumbnail-wrap\" href=\"https:\/\/www.levapack.com\/de\/fall\/verpackungslinie-fur-nusse-nach-mas\/\" title=\"Kundenspezifische Nuss-Verpackungslinie\">\n\t\t\t\t<img loading=\"lazy\" decoding=\"async\" width=\"1024\" height=\"768\" src=\"https:\/\/www.levapack.com\/wp-content\/uploads\/2025\/07\/Custom-Nuts-Packaging-Line.webp\" class=\"attachment-large size-large wp-image-56946\" alt=\"Kundenspezifische Nuss-Verpackungslinie\" srcset=\"https:\/\/www.levapack.com\/wp-content\/uploads\/2025\/07\/Custom-Nuts-Packaging-Line.webp 1024w, https:\/\/www.levapack.com\/wp-content\/uploads\/2025\/07\/Custom-Nuts-Packaging-Line-300x225.webp 300w, https:\/\/www.levapack.com\/wp-content\/uploads\/2025\/07\/Custom-Nuts-Packaging-Line-768x576.webp 768w, https:\/\/www.levapack.com\/wp-content\/uploads\/2025\/07\/Custom-Nuts-Packaging-Line-16x12.webp 16w, https:\/\/www.levapack.com\/wp-content\/uploads\/2025\/07\/Custom-Nuts-Packaging-Line-195x146.webp 195w, https:\/\/www.levapack.com\/wp-content\/uploads\/2025\/07\/Custom-Nuts-Packaging-Line-50x38.webp 50w, https:\/\/www.levapack.com\/wp-content\/uploads\/2025\/07\/Custom-Nuts-Packaging-Line-100x75.webp 100w, https:\/\/www.levapack.com\/wp-content\/uploads\/2025\/07\/Custom-Nuts-Packaging-Line-960x720.webp 960w\" sizes=\"(max-width: 1024px) 100vw, 1024px\" \/>\t\t\t<\/a>\n\t\t<\/div>\n\t\t\n\t\t\t\t\n\t\t\t\t<div class=\"pp-post-content-wrap\">\n\t\t\t\t\t<div class=\"pp-post-content\">\n\t\t\t\t\t\t\t\t\t\t\t\t<h3 class=\"pp-post-title\">\n\t\t\t\t<a href=\"https:\/\/www.levapack.com\/de\/fall\/verpackungslinie-fur-nusse-nach-mas\/\">Kundenspezifische Nuss-Verpackungslinie<\/a>\t\t\t<\/h3>\n\t\t\t\t\t\t\t\t<\/div>\n\t\t\t\t\t\t\t\t\t<\/div>\n\n\t\t\t\t\t\t\t<\/div>\n\t\t\t\t\t<\/div>\n\t\t\t\t<div class=\"pp-post-wrap pp-grid-item-wrap elementor-grid-item post-56369 case type-case status-publish has-post-thumbnail hentry\">\n\t\t\t\t\t\t<div class=\"pp-post pp-grid-item\">\n\t\t\t\t\t\t<div class=\"pp-post-thumbnail\">\n\t\t\t<a class=\"pp-post-thumbnail-wrap\" href=\"https:\/\/www.levapack.com\/de\/fall\/kundenspezifische-losungen-fur-fleischkonserven-verpackungslinien-kundenprojekte-anwendungen\/\" title=\"Kundenspezifische Verpackungslinie f\u00fcr Dosenfleisch\">\n\t\t\t\t<img loading=\"lazy\" decoding=\"async\" width=\"1024\" height=\"768\" src=\"https:\/\/www.levapack.com\/wp-content\/uploads\/2025\/07\/Customized-Canned-Meat-Packaging-Line.webp\" class=\"attachment-large size-large wp-image-56947\" alt=\"Kundenspezifische Verpackungslinie f\u00fcr Dosenfleisch\" srcset=\"https:\/\/www.levapack.com\/wp-content\/uploads\/2025\/07\/Customized-Canned-Meat-Packaging-Line.webp 1024w, https:\/\/www.levapack.com\/wp-content\/uploads\/2025\/07\/Customized-Canned-Meat-Packaging-Line-300x225.webp 300w, https:\/\/www.levapack.com\/wp-content\/uploads\/2025\/07\/Customized-Canned-Meat-Packaging-Line-768x576.webp 768w, https:\/\/www.levapack.com\/wp-content\/uploads\/2025\/07\/Customized-Canned-Meat-Packaging-Line-16x12.webp 16w, https:\/\/www.levapack.com\/wp-content\/uploads\/2025\/07\/Customized-Canned-Meat-Packaging-Line-195x146.webp 195w, https:\/\/www.levapack.com\/wp-content\/uploads\/2025\/07\/Customized-Canned-Meat-Packaging-Line-50x38.webp 50w, https:\/\/www.levapack.com\/wp-content\/uploads\/2025\/07\/Customized-Canned-Meat-Packaging-Line-100x75.webp 100w, https:\/\/www.levapack.com\/wp-content\/uploads\/2025\/07\/Customized-Canned-Meat-Packaging-Line-960x720.webp 960w\" sizes=\"(max-width: 1024px) 100vw, 1024px\" \/>\t\t\t<\/a>\n\t\t<\/div>\n\t\t\n\t\t\t\t\n\t\t\t\t<div class=\"pp-post-content-wrap\">\n\t\t\t\t\t<div class=\"pp-post-content\">\n\t\t\t\t\t\t\t\t\t\t\t\t<h3 class=\"pp-post-title\">\n\t\t\t\t<a href=\"https:\/\/www.levapack.com\/de\/fall\/kundenspezifische-losungen-fur-fleischkonserven-verpackungslinien-kundenprojekte-anwendungen\/\">Kundenspezifische Verpackungslinie f\u00fcr Dosenfleisch<\/a>\t\t\t<\/h3>\n\t\t\t\t\t\t\t\t<\/div>\n\t\t\t\t\t\t\t\t\t<\/div>\n\n\t\t\t\t\t\t\t<\/div>\n\t\t\t\t\t<\/div>\n\t\t\t\t\t\t\t\t\t<\/div>\n\t\t\t\n\t\t\t\n\t\t\t\n\t\t\t\n\t\t\t\t\t\t\t\t\t\t\t\t<\/div>\n\n\t\t\n\t\t\t\t<\/div>\n\t\t\t\t<\/div>\n\t\t\t\t\t<\/div>\n\t\t<\/div>\n\t\t\t\t\t<\/div>\n\t\t<\/section>\n\t\t\t\t<\/div>","protected":false},"excerpt":{"rendered":"<p>Erfolg mit unseren Verpackungsmaschinenl\u00f6sungen Auf dem hart umk\u00e4mpften Lebensmittelmarkt sind Produktionseffizienz und Verpackungsqualit\u00e4t zu Kernelementen der Gesch\u00e4ftsentwicklung geworden. Wir sind<span class=\"excerpt-hellip\"> [...]<\/span><\/p>","protected":false},"author":1,"featured_media":41185,"parent":0,"menu_order":0,"comment_status":"closed","ping_status":"closed","template":"","meta":{"_seopress_robots_primary_cat":"","_seopress_titles_title":"","_seopress_titles_desc":"","_seopress_robots_index":"","footnotes":""},"class_list":["post-54435","page","type-page","status-publish","has-post-thumbnail","hentry"],"acf":[],"_links":{"self":[{"href":"https:\/\/www.levapack.com\/de\/wp-json\/wp\/v2\/pages\/54435","targetHints":{"allow":["GET"]}}],"collection":[{"href":"https:\/\/www.levapack.com\/de\/wp-json\/wp\/v2\/pages"}],"about":[{"href":"https:\/\/www.levapack.com\/de\/wp-json\/wp\/v2\/types\/page"}],"author":[{"embeddable":true,"href":"https:\/\/www.levapack.com\/de\/wp-json\/wp\/v2\/users\/1"}],"replies":[{"embeddable":true,"href":"https:\/\/www.levapack.com\/de\/wp-json\/wp\/v2\/comments?post=54435"}],"version-history":[{"count":11,"href":"https:\/\/www.levapack.com\/de\/wp-json\/wp\/v2\/pages\/54435\/revisions"}],"predecessor-version":[{"id":54547,"href":"https:\/\/www.levapack.com\/de\/wp-json\/wp\/v2\/pages\/54435\/revisions\/54547"}],"wp:featuredmedia":[{"embeddable":true,"href":"https:\/\/www.levapack.com\/de\/wp-json\/wp\/v2\/media\/41185"}],"wp:attachment":[{"href":"https:\/\/www.levapack.com\/de\/wp-json\/wp\/v2\/media?parent=54435"}],"curies":[{"name":"wp","href":"https:\/\/api.w.org\/{rel}","templated":true}]}}