{"id":1459,"date":"2020-02-24T06:17:13","date_gmt":"2020-02-24T06:17:13","guid":{"rendered":"https:\/\/www.levapack.com\/?page_id=1459"},"modified":"2022-10-11T14:12:28","modified_gmt":"2022-10-11T14:12:28","slug":"sahneversiegelungsmaschine","status":"publish","type":"page","link":"https:\/\/www.levapack.com\/de\/sahneversiegelungsmaschine\/","title":{"rendered":"Sahneversiegelungsmaschine"},"content":{"rendered":"<div data-elementor-type=\"wp-page\" data-elementor-id=\"1459\" class=\"elementor elementor-1459\" data-elementor-post-type=\"page\">\n\t\t\t\t\t\t<section class=\"elementor-section elementor-top-section elementor-element elementor-element-45b399ed elementor-section-stretched elementor-section-full_width elementor-section-height-min-height elementor-section-height-default elementor-section-items-middle\" data-id=\"45b399ed\" data-element_type=\"section\" data-settings=\"{&quot;stretch_section&quot;:&quot;section-stretched&quot;,&quot;background_background&quot;:&quot;slideshow&quot;,&quot;background_slideshow_gallery&quot;:[{&quot;id&quot;:888,&quot;url&quot;:&quot;https:\\\/\\\/www.levapack.com\\\/wp-content\\\/uploads\\\/2020\\\/01\\\/359099cbad1234a8dcee2c681d24807.jpg&quot;}],&quot;background_slideshow_loop&quot;:&quot;yes&quot;,&quot;background_slideshow_slide_duration&quot;:5000,&quot;background_slideshow_slide_transition&quot;:&quot;fade&quot;,&quot;background_slideshow_transition_duration&quot;:500}\">\n\t\t\t\t\t\t<div class=\"elementor-container elementor-column-gap-default\">\n\t\t\t\t\t<div class=\"elementor-column elementor-col-100 elementor-top-column elementor-element elementor-element-643e214e\" data-id=\"643e214e\" data-element_type=\"column\">\n\t\t\t<div class=\"elementor-widget-wrap elementor-element-populated\">\n\t\t\t\t\t\t<section class=\"elementor-section elementor-inner-section elementor-element elementor-element-292593ab elementor-section-full_width elementor-section-height-default elementor-section-height-default\" data-id=\"292593ab\" data-element_type=\"section\">\n\t\t\t\t\t\t<div class=\"elementor-container elementor-column-gap-default\">\n\t\t\t\t\t<div class=\"elementor-column elementor-col-50 elementor-inner-column elementor-element elementor-element-5ca78127\" data-id=\"5ca78127\" data-element_type=\"column\">\n\t\t\t<div class=\"elementor-widget-wrap elementor-element-populated\">\n\t\t\t\t\t\t<div class=\"elementor-element elementor-element-672933d4 elementor-widget elementor-widget-heading\" data-id=\"672933d4\" data-element_type=\"widget\" data-widget_type=\"heading.default\">\n\t\t\t\t<div class=\"elementor-widget-container\">\n\t\t\t<h1 class=\"elementor-heading-title elementor-size-default\">Sahneversiegelungsmaschine<\/h1>\t\t<\/div>\n\t\t\t\t<\/div>\n\t\t\t\t\t<\/div>\n\t\t<\/div>\n\t\t\t\t<div class=\"elementor-column elementor-col-50 elementor-inner-column elementor-element elementor-element-25de18c0\" data-id=\"25de18c0\" data-element_type=\"column\">\n\t\t\t<div class=\"elementor-widget-wrap elementor-element-populated\">\n\t\t\t\t\t\t<div class=\"elementor-element elementor-element-382c33b1 elementor-align-justify elementor-widget__width-initial quote-btn elementor-widget elementor-widget-button\" data-id=\"382c33b1\" data-element_type=\"widget\" data-widget_type=\"button.default\">\n\t\t\t\t<div class=\"elementor-widget-container\">\n\t\t\t\t\t<div class=\"elementor-button-wrapper\">\n\t\t\t<a class=\"elementor-button elementor-button-link elementor-size-md\" href=\"#elementor-action%3Aaction%3Dpopup%3Aopen%26settings%3DeyJpZCI6IjExMjMiLCJ0b2dnbGUiOmZhbHNlfQ%3D%3D\" rel=\"nofollow\">\n\t\t\t\t\t\t<span class=\"elementor-button-content-wrapper\">\n\t\t\t\t\t\t\t\t\t<span class=\"elementor-button-text\"><b> Angebot anfordern &gt; <\/b><\/span>\n\t\t\t\t\t<\/span>\n\t\t\t\t\t<\/a>\n\t\t<\/div>\n\t\t\t\t<\/div>\n\t\t\t\t<\/div>\n\t\t\t\t\t<\/div>\n\t\t<\/div>\n\t\t\t\t\t<\/div>\n\t\t<\/section>\n\t\t\t\t\t<\/div>\n\t\t<\/div>\n\t\t\t\t\t<\/div>\n\t\t<\/section>\n\t\t\t\t<section class=\"elementor-section elementor-top-section elementor-element elementor-element-1131d930 elementor-section-boxed elementor-section-height-default elementor-section-height-default\" data-id=\"1131d930\" data-element_type=\"section\">\n\t\t\t\t\t\t<div class=\"elementor-container elementor-column-gap-default\">\n\t\t\t\t\t<div class=\"elementor-column elementor-col-100 elementor-top-column elementor-element elementor-element-6c979380\" data-id=\"6c979380\" data-element_type=\"column\">\n\t\t\t<div class=\"elementor-widget-wrap elementor-element-populated\">\n\t\t\t\t\t\t<div class=\"elementor-element elementor-element-4d52ae44 elementor-widget elementor-widget-heading\" data-id=\"4d52ae44\" data-element_type=\"widget\" data-widget_type=\"heading.default\">\n\t\t\t\t<div class=\"elementor-widget-container\">\n\t\t\t<h2 class=\"elementor-heading-title elementor-size-default\">Sahneversiegelungsmaschine in Levapack<\/h2>\t\t<\/div>\n\t\t\t\t<\/div>\n\t\t\t\t<div class=\"elementor-element elementor-element-1d6f7ad7 elementor-widget-divider--view-line elementor-widget elementor-widget-divider\" data-id=\"1d6f7ad7\" data-element_type=\"widget\" data-widget_type=\"divider.default\">\n\t\t\t\t<div class=\"elementor-widget-container\">\n\t\t\t\t\t<div class=\"elementor-divider\">\n\t\t\t<span class=\"elementor-divider-separator\">\n\t\t\t\t\t\t<\/span>\n\t\t<\/div>\n\t\t\t\t<\/div>\n\t\t\t\t<\/div>\n\t\t\t\t<div class=\"elementor-element elementor-element-7ebc7a63 elementor-widget elementor-widget-text-editor\" data-id=\"7ebc7a63\" data-element_type=\"widget\" data-widget_type=\"text-editor.default\">\n\t\t\t\t<div class=\"elementor-widget-container\">\n\t\t\t\t\t\t\t<p><span data-sheets-value=\"{\" data-sheets-userformat=\"{\">Viele Verbraucher verwenden Kosmetikprodukte auf Cremebasis, insbesondere in den asiatischen L\u00e4ndern, was zu einem raschen Wachstum der Branche gef\u00fchrt hat. Da es viele Marken gibt, die um einen Platz in den Regalen konkurrieren, ist die einzige M\u00f6glichkeit, wie Ihre Marke diese in den Schatten stellen kann, die Herstellung einer ansprechenden und luftdichten Produktverpackung. Cremedosen-Verschlie\u00dfmaschinen k\u00f6nnen Ihnen dabei helfen, diese Aufgabe leicht zu bew\u00e4ltigen.<br \/><\/span><\/p><p><span data-sheets-value=\"{\" data-sheets-userformat=\"{\">Als bekannte Creme <a href=\"https:\/\/www.levapack.com\/de\/produktkategorie\/dosenabfullmaschinen\/\">Dosenverpackungsmaschine<\/a>\u00a0Hersteller in China, <a href=\"https:\/\/www.levapack.com\/de\/\">Levapack<\/a> kann Ihnen preisg\u00fcnstige Dosenverpackungsl\u00f6sungen f\u00fcr Ihre spezielle Anwendung zum Kauf anbieten. Die Verschlie\u00dfmaschinen f\u00fcr Cremedosen unseres Unternehmens sind mit der neuesten Automatisierungstechnik ausgestattet, um Ihre Produktionslinien effektiv zu rationalisieren. Sie sind in der Lage, Ihre Dosen konsistent und effizient zu verschlie\u00dfen und dichte Fugen zu erzeugen. So sichern Sie die Qualit\u00e4t Ihrer Produkte.<br \/><\/span><\/p><p><span data-sheets-value=\"{\" data-sheets-userformat=\"{\">Lassen Sie uns Ihnen helfen, eine intelligentere und kosteneffektivere Produktionslinie zu erreichen, indem Sie sich f\u00fcr unsere langlebigen<a href=\"https:\/\/www.levapack.com\/de\/produktkategorie\/dosenverschliesmaschinen\/\" target=\"_blank\" rel=\"noopener\"> Dosenverschlie\u00dfmaschinen<\/a> f\u00fcr Sahne. Wir haben unsere Verpackungsmaschinen auf verschiedene Qualit\u00e4tsparameter getestet, um ihre Effizienz zu gew\u00e4hrleisten. Wenden Sie sich jetzt an uns und lassen Sie sich von uns bei der Entwicklung einer idealen <a href=\"https:\/\/www.levapack.com\/de\/produktkategorie\/dosenverschliesmaschinen-2\/\">Verpackungsl\u00f6sung<\/a> f\u00fcr die spezifischen Bed\u00fcrfnisse Ihres Unternehmens!<br \/><\/span><\/p>\t\t\t\t\t\t<\/div>\n\t\t\t\t<\/div>\n\t\t\t\t\t<\/div>\n\t\t<\/div>\n\t\t\t\t\t<\/div>\n\t\t<\/section>\n\t\t\t\t<section class=\"elementor-section elementor-top-section elementor-element elementor-element-a70d036 elementor-section-stretched elementor-section-full_width elementor-section-height-default elementor-section-height-default\" data-id=\"a70d036\" data-element_type=\"section\" data-settings=\"{&quot;stretch_section&quot;:&quot;section-stretched&quot;,&quot;background_background&quot;:&quot;classic&quot;}\">\n\t\t\t\t\t\t<div class=\"elementor-container elementor-column-gap-default\">\n\t\t\t\t\t<div class=\"elementor-column elementor-col-100 elementor-top-column elementor-element elementor-element-71d86ad5\" data-id=\"71d86ad5\" data-element_type=\"column\">\n\t\t\t<div class=\"elementor-widget-wrap elementor-element-populated\">\n\t\t\t\t\t\t<section class=\"elementor-section elementor-inner-section elementor-element elementor-element-5841f010 elementor-section-boxed elementor-section-height-default elementor-section-height-default\" data-id=\"5841f010\" data-element_type=\"section\">\n\t\t\t\t\t\t<div class=\"elementor-container elementor-column-gap-default\">\n\t\t\t\t\t<div class=\"elementor-column elementor-col-50 elementor-inner-column elementor-element elementor-element-5ced8bf5\" data-id=\"5ced8bf5\" data-element_type=\"column\">\n\t\t\t<div class=\"elementor-widget-wrap elementor-element-populated\">\n\t\t\t\t\t\t<div class=\"elementor-element elementor-element-3a3f0035 elementor-widget elementor-widget-image\" data-id=\"3a3f0035\" data-element_type=\"widget\" data-widget_type=\"image.default\">\n\t\t\t\t<div class=\"elementor-widget-container\">\n\t\t\t\t\t\t\t\t\t\t\t\t\t\t<a href=\"https:\/\/www.levapack.com\/de\/produktartikel\/aluminiumfolien-induktionssiegelmaschine-fur-schraubverschlusse\/\">\n\t\t\t\t\t\t\t<img fetchpriority=\"high\" decoding=\"async\" width=\"400\" height=\"316\" src=\"https:\/\/www.levapack.com\/wp-content\/uploads\/2018\/09\/s03-img-03.png\" class=\"attachment-large size-large wp-image-349\" alt=\"Aluminiumfolien-Induktionsversiegelungsmaschine f\u00fcr Schraubkappen\" srcset=\"https:\/\/www.levapack.com\/wp-content\/uploads\/2018\/09\/s03-img-03.png 400w, https:\/\/www.levapack.com\/wp-content\/uploads\/2018\/09\/s03-img-03-300x237.png 300w, https:\/\/www.levapack.com\/wp-content\/uploads\/2018\/09\/s03-img-03-185x146.png 185w, https:\/\/www.levapack.com\/wp-content\/uploads\/2018\/09\/s03-img-03-50x40.png 50w, https:\/\/www.levapack.com\/wp-content\/uploads\/2018\/09\/s03-img-03-95x75.png 95w\" sizes=\"(max-width: 400px) 100vw, 400px\" \/>\t\t\t\t\t\t\t\t<\/a>\n\t\t\t\t\t\t\t\t\t\t\t\t\t<\/div>\n\t\t\t\t<\/div>\n\t\t\t\t\t<\/div>\n\t\t<\/div>\n\t\t\t\t<div class=\"elementor-column elementor-col-50 elementor-inner-column elementor-element elementor-element-1f0e2610\" data-id=\"1f0e2610\" data-element_type=\"column\">\n\t\t\t<div class=\"elementor-widget-wrap elementor-element-populated\">\n\t\t\t\t\t\t<div class=\"elementor-element elementor-element-2bc63674 elementor-widget elementor-widget-heading\" data-id=\"2bc63674\" data-element_type=\"widget\" data-widget_type=\"heading.default\">\n\t\t\t\t<div class=\"elementor-widget-container\">\n\t\t\t<h2 class=\"elementor-heading-title elementor-size-default\"><a href=\"https:\/\/www.levapack.com\/de\/produktartikel\/aluminiumfolien-induktionssiegelmaschine-fur-schraubverschlusse\/\">Aluminiumfolien-Induktionsversiegelungsmaschine f\u00fcr Schraubkappen<\/a><\/h2>\t\t<\/div>\n\t\t\t\t<\/div>\n\t\t\t\t<div class=\"elementor-element elementor-element-722bf914 elementor-widget-divider--view-line elementor-widget elementor-widget-divider\" data-id=\"722bf914\" data-element_type=\"widget\" data-widget_type=\"divider.default\">\n\t\t\t\t<div class=\"elementor-widget-container\">\n\t\t\t\t\t<div class=\"elementor-divider\">\n\t\t\t<span class=\"elementor-divider-separator\">\n\t\t\t\t\t\t<\/span>\n\t\t<\/div>\n\t\t\t\t<\/div>\n\t\t\t\t<\/div>\n\t\t\t\t<div class=\"elementor-element elementor-element-331bb124 elementor-widget elementor-widget-text-editor\" data-id=\"331bb124\" data-element_type=\"widget\" data-widget_type=\"text-editor.default\">\n\t\t\t\t<div class=\"elementor-widget-container\">\n\t\t\t\t\t\t\t<p>Unser Werk stellt auch die leistungsf\u00e4higste Schraubkappenverschlie\u00dfmaschine her. Schnelle Siegelgeschwindigkeit, geeignet f\u00fcr gro\u00dfvolumige Produktion f\u00fcr verschiedene Branchen. Der Verschlusskopf Stil kann nach der Kundenprobe Flasche angepasst werden.<\/p><ul class=\"circle-list\"><li>Modell: LPE-FIS100<\/li><li>Digitale Anzeige von Betriebsspannung und Stromst\u00e4rke, intuitiv und \u00fcbersichtlich.<\/li><li>Drehknopf-Einstellung, Tastenschalter, einfach zu bedienen.<\/li><li>\u00dcberstrom und \u00dcberspannung, automatischer Schutz, sicher und zuverl\u00e4ssig.<\/li><li>Der Siegelkopf ist mit einem Handrad verstellbar, das einfach zu bedienen ist.<\/li><\/ul><p>\u00a0<\/p>\t\t\t\t\t\t<\/div>\n\t\t\t\t<\/div>\n\t\t\t\t<div class=\"elementor-element elementor-element-419457a9 elementor-widget__width-initial quote-btn elementor-widget elementor-widget-button\" data-id=\"419457a9\" data-element_type=\"widget\" data-widget_type=\"button.default\">\n\t\t\t\t<div class=\"elementor-widget-container\">\n\t\t\t\t\t<div class=\"elementor-button-wrapper\">\n\t\t\t<a class=\"elementor-button elementor-button-link elementor-size-sm\" href=\"#elementor-action%3Aaction%3Dpopup%3Aopen%26settings%3DeyJpZCI6IjExMjQiLCJ0b2dnbGUiOmZhbHNlfQ%3D%3D\" rel=\"nofollow\">\n\t\t\t\t\t\t<span class=\"elementor-button-content-wrapper\">\n\t\t\t\t\t\t\t\t\t<span class=\"elementor-button-text\">Anfrage<\/span>\n\t\t\t\t\t<\/span>\n\t\t\t\t\t<\/a>\n\t\t<\/div>\n\t\t\t\t<\/div>\n\t\t\t\t<\/div>\n\t\t\t\t<div class=\"elementor-element elementor-element-51beeeba elementor-widget__width-auto elementor-widget elementor-widget-button\" data-id=\"51beeeba\" data-element_type=\"widget\" data-widget_type=\"button.default\">\n\t\t\t\t<div class=\"elementor-widget-container\">\n\t\t\t\t\t<div class=\"elementor-button-wrapper\">\n\t\t\t<a class=\"elementor-button elementor-button-link elementor-size-sm\" href=\"https:\/\/www.levapack.com\/de\/produktartikel\/aluminiumfolien-induktionssiegelmaschine-fur-schraubverschlusse\/\">\n\t\t\t\t\t\t<span class=\"elementor-button-content-wrapper\">\n\t\t\t\t\t\t\t\t\t<span class=\"elementor-button-text\">Mehr sehen<\/span>\n\t\t\t\t\t<\/span>\n\t\t\t\t\t<\/a>\n\t\t<\/div>\n\t\t\t\t<\/div>\n\t\t\t\t<\/div>\n\t\t\t\t\t<\/div>\n\t\t<\/div>\n\t\t\t\t\t<\/div>\n\t\t<\/section>\n\t\t\t\t\t<\/div>\n\t\t<\/div>\n\t\t\t\t\t<\/div>\n\t\t<\/section>\n\t\t\t\t<\/div>","protected":false},"excerpt":{"rendered":"<p>Cremeversiegelungsmaschine Angebot anfordern &gt; Home Cremeversiegelungsmaschine in Levapack Viele Verbraucher verwenden Kosmetikprodukte auf Cremebasis, vor allem in den asiatischen<span class=\"excerpt-hellip\"> [...]<\/span><\/p>","protected":false},"author":1,"featured_media":0,"parent":0,"menu_order":0,"comment_status":"closed","ping_status":"closed","template":"","meta":{"_seopress_robots_primary_cat":"","_seopress_titles_title":"Cream Sealing Machine, Cosmetic Seaming Machine - Levapack","_seopress_titles_desc":"Looking for Cream sealing machine for your applications? Levapack supplies the best can seamer machines for sale. Choose the right one for you!","_seopress_robots_index":"","footnotes":""},"class_list":["post-1459","page","type-page","status-publish","hentry"],"acf":[],"_links":{"self":[{"href":"https:\/\/www.levapack.com\/de\/wp-json\/wp\/v2\/pages\/1459","targetHints":{"allow":["GET"]}}],"collection":[{"href":"https:\/\/www.levapack.com\/de\/wp-json\/wp\/v2\/pages"}],"about":[{"href":"https:\/\/www.levapack.com\/de\/wp-json\/wp\/v2\/types\/page"}],"author":[{"embeddable":true,"href":"https:\/\/www.levapack.com\/de\/wp-json\/wp\/v2\/users\/1"}],"replies":[{"embeddable":true,"href":"https:\/\/www.levapack.com\/de\/wp-json\/wp\/v2\/comments?post=1459"}],"version-history":[{"count":12,"href":"https:\/\/www.levapack.com\/de\/wp-json\/wp\/v2\/pages\/1459\/revisions"}],"predecessor-version":[{"id":11913,"href":"https:\/\/www.levapack.com\/de\/wp-json\/wp\/v2\/pages\/1459\/revisions\/11913"}],"wp:attachment":[{"href":"https:\/\/www.levapack.com\/de\/wp-json\/wp\/v2\/media?parent=1459"}],"curies":[{"name":"wp","href":"https:\/\/api.w.org\/{rel}","templated":true}]}}