{"id":1455,"date":"2020-02-24T06:14:49","date_gmt":"2020-02-24T06:14:49","guid":{"rendered":"https:\/\/www.levapack.com\/?page_id=1455"},"modified":"2022-10-11T14:07:11","modified_gmt":"2022-10-11T14:07:11","slug":"milchpulver-verschliesmaschine","status":"publish","type":"page","link":"https:\/\/www.levapack.com\/de\/milchpulver-verschliesmaschine\/","title":{"rendered":"Milchpulversiegelungsmaschine"},"content":{"rendered":"<div data-elementor-type=\"wp-page\" data-elementor-id=\"1455\" class=\"elementor elementor-1455\" data-elementor-post-type=\"page\">\n\t\t\t\t\t\t<section class=\"elementor-section elementor-top-section elementor-element elementor-element-28a0f9b8 elementor-section-stretched elementor-section-full_width elementor-section-height-min-height elementor-section-height-default elementor-section-items-middle\" data-id=\"28a0f9b8\" data-element_type=\"section\" data-settings=\"{&quot;stretch_section&quot;:&quot;section-stretched&quot;,&quot;background_background&quot;:&quot;slideshow&quot;,&quot;background_slideshow_gallery&quot;:[{&quot;id&quot;:888,&quot;url&quot;:&quot;https:\\\/\\\/www.levapack.com\\\/wp-content\\\/uploads\\\/2020\\\/01\\\/359099cbad1234a8dcee2c681d24807.jpg&quot;}],&quot;background_slideshow_loop&quot;:&quot;yes&quot;,&quot;background_slideshow_slide_duration&quot;:5000,&quot;background_slideshow_slide_transition&quot;:&quot;fade&quot;,&quot;background_slideshow_transition_duration&quot;:500}\">\n\t\t\t\t\t\t<div class=\"elementor-container elementor-column-gap-default\">\n\t\t\t\t\t<div class=\"elementor-column elementor-col-100 elementor-top-column elementor-element elementor-element-2f46b655\" data-id=\"2f46b655\" data-element_type=\"column\">\n\t\t\t<div class=\"elementor-widget-wrap elementor-element-populated\">\n\t\t\t\t\t\t<section class=\"elementor-section elementor-inner-section elementor-element elementor-element-4c411853 elementor-section-full_width elementor-section-height-default elementor-section-height-default\" data-id=\"4c411853\" data-element_type=\"section\">\n\t\t\t\t\t\t<div class=\"elementor-container elementor-column-gap-default\">\n\t\t\t\t\t<div class=\"elementor-column elementor-col-50 elementor-inner-column elementor-element elementor-element-4b8d2a0b\" data-id=\"4b8d2a0b\" data-element_type=\"column\">\n\t\t\t<div class=\"elementor-widget-wrap elementor-element-populated\">\n\t\t\t\t\t\t<div class=\"elementor-element elementor-element-110c117d elementor-widget elementor-widget-heading\" data-id=\"110c117d\" data-element_type=\"widget\" data-widget_type=\"heading.default\">\n\t\t\t\t<div class=\"elementor-widget-container\">\n\t\t\t<h1 class=\"elementor-heading-title elementor-size-default\">Milchpulversiegelungsmaschine<\/h1>\t\t<\/div>\n\t\t\t\t<\/div>\n\t\t\t\t\t<\/div>\n\t\t<\/div>\n\t\t\t\t<div class=\"elementor-column elementor-col-50 elementor-inner-column elementor-element elementor-element-6034bf25\" data-id=\"6034bf25\" data-element_type=\"column\">\n\t\t\t<div class=\"elementor-widget-wrap elementor-element-populated\">\n\t\t\t\t\t\t<div class=\"elementor-element elementor-element-53687740 elementor-align-justify elementor-widget__width-initial quote-btn elementor-widget elementor-widget-button\" data-id=\"53687740\" data-element_type=\"widget\" data-widget_type=\"button.default\">\n\t\t\t\t<div class=\"elementor-widget-container\">\n\t\t\t\t\t<div class=\"elementor-button-wrapper\">\n\t\t\t<a class=\"elementor-button elementor-button-link elementor-size-md\" href=\"#elementor-action%3Aaction%3Dpopup%3Aopen%26settings%3DeyJpZCI6IjExMjMiLCJ0b2dnbGUiOmZhbHNlfQ%3D%3D\" rel=\"nofollow\">\n\t\t\t\t\t\t<span class=\"elementor-button-content-wrapper\">\n\t\t\t\t\t\t\t\t\t<span class=\"elementor-button-text\"><b> Angebot anfordern &gt; <\/b><\/span>\n\t\t\t\t\t<\/span>\n\t\t\t\t\t<\/a>\n\t\t<\/div>\n\t\t\t\t<\/div>\n\t\t\t\t<\/div>\n\t\t\t\t\t<\/div>\n\t\t<\/div>\n\t\t\t\t\t<\/div>\n\t\t<\/section>\n\t\t\t\t\t<\/div>\n\t\t<\/div>\n\t\t\t\t\t<\/div>\n\t\t<\/section>\n\t\t\t\t<section class=\"elementor-section elementor-top-section elementor-element elementor-element-6dceee8c elementor-section-boxed elementor-section-height-default elementor-section-height-default\" data-id=\"6dceee8c\" data-element_type=\"section\">\n\t\t\t\t\t\t<div class=\"elementor-container elementor-column-gap-default\">\n\t\t\t\t\t<div class=\"elementor-column elementor-col-100 elementor-top-column elementor-element elementor-element-6be55f7e\" data-id=\"6be55f7e\" data-element_type=\"column\">\n\t\t\t<div class=\"elementor-widget-wrap elementor-element-populated\">\n\t\t\t\t\t\t<div class=\"elementor-element elementor-element-5b0b1d0 elementor-widget elementor-widget-heading\" data-id=\"5b0b1d0\" data-element_type=\"widget\" data-widget_type=\"heading.default\">\n\t\t\t\t<div class=\"elementor-widget-container\">\n\t\t\t<h2 class=\"elementor-heading-title elementor-size-default\">Milchpulver-Verschlie\u00dfmaschine in Levapack<\/h2>\t\t<\/div>\n\t\t\t\t<\/div>\n\t\t\t\t<div class=\"elementor-element elementor-element-63dd1183 elementor-widget-divider--view-line elementor-widget elementor-widget-divider\" data-id=\"63dd1183\" data-element_type=\"widget\" data-widget_type=\"divider.default\">\n\t\t\t\t<div class=\"elementor-widget-container\">\n\t\t\t\t\t<div class=\"elementor-divider\">\n\t\t\t<span class=\"elementor-divider-separator\">\n\t\t\t\t\t\t<\/span>\n\t\t<\/div>\n\t\t\t\t<\/div>\n\t\t\t\t<\/div>\n\t\t\t\t<section class=\"elementor-section elementor-inner-section elementor-element elementor-element-ca58029 elementor-section-boxed elementor-section-height-default elementor-section-height-default\" data-id=\"ca58029\" data-element_type=\"section\">\n\t\t\t\t\t\t<div class=\"elementor-container elementor-column-gap-default\">\n\t\t\t\t\t<div class=\"elementor-column elementor-col-50 elementor-inner-column elementor-element elementor-element-29aaed3\" data-id=\"29aaed3\" data-element_type=\"column\">\n\t\t\t<div class=\"elementor-widget-wrap elementor-element-populated\">\n\t\t\t\t\t\t<div class=\"elementor-element elementor-element-92a2e8a elementor-widget elementor-widget-text-editor\" data-id=\"92a2e8a\" data-element_type=\"widget\" data-widget_type=\"text-editor.default\">\n\t\t\t\t<div class=\"elementor-widget-container\">\n\t\t\t\t\t\t\t<p><span data-sheets-value=\"{\" data-sheets-userformat=\"{\">Die Nachfrage nach Milch hat allm\u00e4hlich zugenommen, da viele Regionen weltweit die steigende Nachfrage nach Milch in ihren eigenen L\u00e4ndern nicht decken k\u00f6nnen. Milchpulver ist auch deshalb so beliebt, weil es sowohl in der Lebensmittel- als auch in der Getr\u00e4nkeindustrie f\u00fcr verschiedene Zwecke verwendet wird. Diese Nachfrage hat zu einem starken Wettbewerb auf dem Milchpulvermarkt gef\u00fchrt. Wenn Sie wollen, dass Ihre Marke Ihre Konkurrenten in den Schatten stellt, brauchen Sie eine zuverl\u00e4ssige Milchpulverdosen-Verschlie\u00dfmaschine, um Ihre Produktivit\u00e4t zu steigern.<br \/><\/span><\/p><p><span data-sheets-value=\"{\" data-sheets-userformat=\"{\"><a href=\"https:\/\/www.levapack.com\/de\/\">Levapack<\/a> kann Ihnen Folgendes bieten <a href=\"https:\/\/www.levapack.com\/de\/produktkategorie\/dosenabfullmaschinen\/\">anpassbare Verpackungsl\u00f6sungen<\/a> einschlie\u00dflich Milchpulver-Dosenverschlie\u00dfmaschinen zum Verkauf zu erschwinglichen Preisen. Als f\u00fchrender Hersteller von Verpackungsl\u00f6sungen in China kann unser Unternehmen Sie mit intelligenten Dosenverschlie\u00dfern beliefern, die Ihnen helfen, konsistente und auslaufsichere Verschl\u00fcsse herzustellen. So sichern Sie die Qualit\u00e4t Ihres Produkts und verl\u00e4ngern seine Haltbarkeit. Mit unserem Milchpulver <a href=\"https:\/\/www.levapack.com\/de\/produktkategorie\/dosenverschliesmaschinen\/\">Dosenverschlie\u00dfmaschinen<\/a> mit modernster Automatisierungstechnik konzipiert, k\u00f6nnen wir Ihnen eine hocheffektive Produktionslinie garantieren.<\/span><\/p><p><span data-sheets-value=\"{\" data-sheets-userformat=\"{\">Entscheiden Sie sich f\u00fcr Levapacks langlebige Verschlie\u00dfmaschinen f\u00fcr Milchpulver, um Ihre Verpackungslinien zu rationalisieren, und wir helfen Ihnen, eine starke Marke aufzubauen. Sprechen Sie uns jetzt an und lassen Sie uns Ihre <a href=\"https:\/\/www.levapack.com\/de\/produktkategorie\/dosenverschliesmaschinen-2\/\">Maschinen nach den spezifischen Bed\u00fcrfnissen Ihres Unternehmens<\/a>!<br \/><\/span><\/p>\t\t\t\t\t\t<\/div>\n\t\t\t\t<\/div>\n\t\t\t\t\t<\/div>\n\t\t<\/div>\n\t\t\t\t<div class=\"elementor-column elementor-col-50 elementor-inner-column elementor-element elementor-element-add48a9\" data-id=\"add48a9\" data-element_type=\"column\">\n\t\t\t<div class=\"elementor-widget-wrap elementor-element-populated\">\n\t\t\t\t\t\t<div class=\"elementor-element elementor-element-2b58e24 elementor-widget elementor-widget-image\" data-id=\"2b58e24\" data-element_type=\"widget\" data-widget_type=\"image.default\">\n\t\t\t\t<div class=\"elementor-widget-container\">\n\t\t\t\t\t\t\t\t\t\t\t\t\t<img fetchpriority=\"high\" decoding=\"async\" width=\"950\" height=\"595\" src=\"https:\/\/www.levapack.com\/wp-content\/uploads\/2021\/05\/Can-seamer-machine.jpg\" class=\"attachment-large size-large wp-image-5167\" alt=\"Dosenverschlie\u00dfmaschine f\u00fcr Milchpulver\" srcset=\"https:\/\/www.levapack.com\/wp-content\/uploads\/2021\/05\/Can-seamer-machine.jpg 950w, https:\/\/www.levapack.com\/wp-content\/uploads\/2021\/05\/Can-seamer-machine-300x188.jpg 300w, https:\/\/www.levapack.com\/wp-content\/uploads\/2021\/05\/Can-seamer-machine-768x481.jpg 768w, https:\/\/www.levapack.com\/wp-content\/uploads\/2021\/05\/Can-seamer-machine-233x146.jpg 233w, https:\/\/www.levapack.com\/wp-content\/uploads\/2021\/05\/Can-seamer-machine-50x31.jpg 50w, https:\/\/www.levapack.com\/wp-content\/uploads\/2021\/05\/Can-seamer-machine-120x75.jpg 120w\" sizes=\"(max-width: 950px) 100vw, 950px\" \/>\t\t\t\t\t\t\t\t\t\t\t\t\t<\/div>\n\t\t\t\t<\/div>\n\t\t\t\t\t<\/div>\n\t\t<\/div>\n\t\t\t\t\t<\/div>\n\t\t<\/section>\n\t\t\t\t\t<\/div>\n\t\t<\/div>\n\t\t\t\t\t<\/div>\n\t\t<\/section>\n\t\t\t\t<section class=\"elementor-section elementor-top-section elementor-element elementor-element-3483dcfd elementor-section-stretched elementor-section-full_width elementor-section-height-default elementor-section-height-default\" data-id=\"3483dcfd\" data-element_type=\"section\" data-settings=\"{&quot;stretch_section&quot;:&quot;section-stretched&quot;,&quot;background_background&quot;:&quot;classic&quot;}\">\n\t\t\t\t\t\t<div class=\"elementor-container elementor-column-gap-default\">\n\t\t\t\t\t<div class=\"elementor-column elementor-col-100 elementor-top-column elementor-element elementor-element-276bd387\" data-id=\"276bd387\" data-element_type=\"column\">\n\t\t\t<div class=\"elementor-widget-wrap elementor-element-populated\">\n\t\t\t\t\t\t<section class=\"elementor-section elementor-inner-section elementor-element elementor-element-6f25424b elementor-section-boxed elementor-section-height-default elementor-section-height-default\" data-id=\"6f25424b\" data-element_type=\"section\">\n\t\t\t\t\t\t<div class=\"elementor-container elementor-column-gap-default\">\n\t\t\t\t\t<div class=\"elementor-column elementor-col-50 elementor-inner-column elementor-element elementor-element-4cdd6730\" data-id=\"4cdd6730\" data-element_type=\"column\">\n\t\t\t<div class=\"elementor-widget-wrap elementor-element-populated\">\n\t\t\t\t\t\t<div class=\"elementor-element elementor-element-5d6eae16 elementor-widget elementor-widget-image\" data-id=\"5d6eae16\" data-element_type=\"widget\" data-widget_type=\"image.default\">\n\t\t\t\t<div class=\"elementor-widget-container\">\n\t\t\t\t\t\t\t\t\t\t\t\t\t\t<a href=\"https:\/\/www.levapack.com\/de\/produktartikel\/halbautomatische-vakuum-und-gas-stickstoff-spulmaschine-fur-runde-dosen\/\">\n\t\t\t\t\t\t\t<img decoding=\"async\" width=\"500\" height=\"380\" src=\"https:\/\/www.levapack.com\/wp-content\/uploads\/2018\/10\/Semi-Auto-Vacuum-and-Gas-Nitrogen-Flushing-Round-Can-Sealing-Machine.jpg\" class=\"attachment-large size-large wp-image-4981\" alt=\"Halbautomatische Vakuum- und Gas-Stickstoffsp\u00fcl-Runddosenverschlie\u00dfmaschine\" srcset=\"https:\/\/www.levapack.com\/wp-content\/uploads\/2018\/10\/Semi-Auto-Vacuum-and-Gas-Nitrogen-Flushing-Round-Can-Sealing-Machine.jpg 500w, https:\/\/www.levapack.com\/wp-content\/uploads\/2018\/10\/Semi-Auto-Vacuum-and-Gas-Nitrogen-Flushing-Round-Can-Sealing-Machine-300x228.jpg 300w, https:\/\/www.levapack.com\/wp-content\/uploads\/2018\/10\/Semi-Auto-Vacuum-and-Gas-Nitrogen-Flushing-Round-Can-Sealing-Machine-192x146.jpg 192w, https:\/\/www.levapack.com\/wp-content\/uploads\/2018\/10\/Semi-Auto-Vacuum-and-Gas-Nitrogen-Flushing-Round-Can-Sealing-Machine-50x38.jpg 50w, https:\/\/www.levapack.com\/wp-content\/uploads\/2018\/10\/Semi-Auto-Vacuum-and-Gas-Nitrogen-Flushing-Round-Can-Sealing-Machine-99x75.jpg 99w\" sizes=\"(max-width: 500px) 100vw, 500px\" \/>\t\t\t\t\t\t\t\t<\/a>\n\t\t\t\t\t\t\t\t\t\t\t\t\t<\/div>\n\t\t\t\t<\/div>\n\t\t\t\t\t<\/div>\n\t\t<\/div>\n\t\t\t\t<div class=\"elementor-column elementor-col-50 elementor-inner-column elementor-element elementor-element-2173dafc\" data-id=\"2173dafc\" data-element_type=\"column\">\n\t\t\t<div class=\"elementor-widget-wrap elementor-element-populated\">\n\t\t\t\t\t\t<div class=\"elementor-element elementor-element-5ca0e1f4 elementor-widget elementor-widget-heading\" data-id=\"5ca0e1f4\" data-element_type=\"widget\" data-widget_type=\"heading.default\">\n\t\t\t\t<div class=\"elementor-widget-container\">\n\t\t\t<h2 class=\"elementor-heading-title elementor-size-default\"><a href=\"https:\/\/www.levapack.com\/de\/produktartikel\/halbautomatische-vakuum-und-gas-stickstoff-spulmaschine-fur-runde-dosen\/\">Halbautomatische Vakuum- und Gas-Stickstoffsp\u00fcl-Runddosenverschlie\u00dfmaschine<\/a><\/h2>\t\t<\/div>\n\t\t\t\t<\/div>\n\t\t\t\t<div class=\"elementor-element elementor-element-1992cc44 elementor-widget-divider--view-line elementor-widget elementor-widget-divider\" data-id=\"1992cc44\" data-element_type=\"widget\" data-widget_type=\"divider.default\">\n\t\t\t\t<div class=\"elementor-widget-container\">\n\t\t\t\t\t<div class=\"elementor-divider\">\n\t\t\t<span class=\"elementor-divider-separator\">\n\t\t\t\t\t\t<\/span>\n\t\t<\/div>\n\t\t\t\t<\/div>\n\t\t\t\t<\/div>\n\t\t\t\t<div class=\"elementor-element elementor-element-6efd517 elementor-widget elementor-widget-text-editor\" data-id=\"6efd517\" data-element_type=\"widget\" data-widget_type=\"text-editor.default\">\n\t\t\t\t<div class=\"elementor-widget-container\">\n\t\t\t\t\t\t\t<p>Es ist ein perfektes halbautomatisches Dosenverschlie\u00dfger\u00e4t, das f\u00fcr alle Arten von Dosen geeignet ist und mit einem Kopf und einer Doppelkammer arbeitet. Es macht die Dose Verpackungsprozess sicherer und h\u00f6her effizient.<\/p><ul class=\"circle-list\"><li>Modell: LPE-SVC10<\/li><li>Die Falzrollen und das Spannfutter sind aus Cr12-Stahl gefertigt, der langlebig ist und eine gute Dichtungsleistung aufweist.<\/li><li>Die \u00e4u\u00dfere Abdeckung und die Hauptteile der Maschine sind aus rostfreiem Stahl SUS304 gefertigt.<\/li><li>Das Dichtungsmaterial des Vakuumsystems besteht aus Silikagel.<\/li><\/ul><p>\u00a0<\/p>\t\t\t\t\t\t<\/div>\n\t\t\t\t<\/div>\n\t\t\t\t<div class=\"elementor-element elementor-element-300bc0d3 elementor-widget__width-initial quote-btn elementor-widget elementor-widget-button\" data-id=\"300bc0d3\" data-element_type=\"widget\" data-widget_type=\"button.default\">\n\t\t\t\t<div class=\"elementor-widget-container\">\n\t\t\t\t\t<div class=\"elementor-button-wrapper\">\n\t\t\t<a class=\"elementor-button elementor-button-link elementor-size-sm\" href=\"#elementor-action%3Aaction%3Dpopup%3Aopen%26settings%3DeyJpZCI6IjExMjQiLCJ0b2dnbGUiOmZhbHNlfQ%3D%3D\" rel=\"nofollow\">\n\t\t\t\t\t\t<span class=\"elementor-button-content-wrapper\">\n\t\t\t\t\t\t\t\t\t<span class=\"elementor-button-text\">Anfrage<\/span>\n\t\t\t\t\t<\/span>\n\t\t\t\t\t<\/a>\n\t\t<\/div>\n\t\t\t\t<\/div>\n\t\t\t\t<\/div>\n\t\t\t\t<div class=\"elementor-element elementor-element-59d1b140 elementor-widget__width-auto elementor-widget elementor-widget-button\" data-id=\"59d1b140\" data-element_type=\"widget\" data-widget_type=\"button.default\">\n\t\t\t\t<div class=\"elementor-widget-container\">\n\t\t\t\t\t<div class=\"elementor-button-wrapper\">\n\t\t\t<a class=\"elementor-button elementor-button-link elementor-size-sm\" href=\"https:\/\/www.levapack.com\/de\/produktartikel\/halbautomatische-vakuum-und-gas-stickstoff-spulmaschine-fur-runde-dosen\/\">\n\t\t\t\t\t\t<span class=\"elementor-button-content-wrapper\">\n\t\t\t\t\t\t\t\t\t<span class=\"elementor-button-text\">Mehr sehen<\/span>\n\t\t\t\t\t<\/span>\n\t\t\t\t\t<\/a>\n\t\t<\/div>\n\t\t\t\t<\/div>\n\t\t\t\t<\/div>\n\t\t\t\t\t<\/div>\n\t\t<\/div>\n\t\t\t\t\t<\/div>\n\t\t<\/section>\n\t\t\t\t\t<\/div>\n\t\t<\/div>\n\t\t\t\t\t<\/div>\n\t\t<\/section>\n\t\t\t\t<section class=\"elementor-section elementor-top-section elementor-element elementor-element-1c0b43ea elementor-section-stretched elementor-section-full_width elementor-section-height-default elementor-section-height-default\" data-id=\"1c0b43ea\" data-element_type=\"section\" data-settings=\"{&quot;stretch_section&quot;:&quot;section-stretched&quot;,&quot;background_background&quot;:&quot;classic&quot;}\">\n\t\t\t\t\t\t<div class=\"elementor-container elementor-column-gap-default\">\n\t\t\t\t\t<div class=\"elementor-column elementor-col-100 elementor-top-column elementor-element elementor-element-4f8d5d27\" data-id=\"4f8d5d27\" data-element_type=\"column\">\n\t\t\t<div class=\"elementor-widget-wrap elementor-element-populated\">\n\t\t\t\t\t\t<section class=\"elementor-section elementor-inner-section elementor-element elementor-element-17767ca4 elementor-section-boxed elementor-section-height-default elementor-section-height-default\" data-id=\"17767ca4\" data-element_type=\"section\">\n\t\t\t\t\t\t<div class=\"elementor-container elementor-column-gap-default\">\n\t\t\t\t\t<div class=\"elementor-column elementor-col-50 elementor-inner-column elementor-element elementor-element-61b82e87\" data-id=\"61b82e87\" data-element_type=\"column\">\n\t\t\t<div class=\"elementor-widget-wrap elementor-element-populated\">\n\t\t\t\t\t\t<div class=\"elementor-element elementor-element-6973092f elementor-widget elementor-widget-heading\" data-id=\"6973092f\" data-element_type=\"widget\" data-widget_type=\"heading.default\">\n\t\t\t\t<div class=\"elementor-widget-container\">\n\t\t\t<h2 class=\"elementor-heading-title elementor-size-default\"><a href=\"https:\/\/www.levapack.com\/de\/produktartikel\/vollautomatische-stickstoff-full-vakuum-versiegelungsmaschine\/\">Vollautomatische Stickstoff-F\u00fcll-Vakuum-Versiegelungsmaschine<\/a><\/h2>\t\t<\/div>\n\t\t\t\t<\/div>\n\t\t\t\t<div class=\"elementor-element elementor-element-5ddd230f elementor-widget-divider--view-line elementor-widget elementor-widget-divider\" data-id=\"5ddd230f\" data-element_type=\"widget\" data-widget_type=\"divider.default\">\n\t\t\t\t<div class=\"elementor-widget-container\">\n\t\t\t\t\t<div class=\"elementor-divider\">\n\t\t\t<span class=\"elementor-divider-separator\">\n\t\t\t\t\t\t<\/span>\n\t\t<\/div>\n\t\t\t\t<\/div>\n\t\t\t\t<\/div>\n\t\t\t\t<div class=\"elementor-element elementor-element-2e6f641 elementor-widget elementor-widget-text-editor\" data-id=\"2e6f641\" data-element_type=\"widget\" data-widget_type=\"text-editor.default\">\n\t\t\t\t<div class=\"elementor-widget-container\">\n\t\t\t\t\t\t\t<p>Dies ist eine ideale Maschine zum Verschlie\u00dfen von Dosen f\u00fcr die Lebensmittel-, Getr\u00e4nke-, Pharma-, Chemieindustrie usw. Der gesamte Prozess findet in einer versiegelten Kammer statt, was das Verpacken von Dosen sehr erleichtert.<\/p><ul class=\"circle-list\"><li>Modell:LPE-FVC06<\/li><li>Geeignet f\u00fcr alle Arten von Blechdosen, Aluminiumdosen, Kunststoffdosen, Papierdosen und andere runde Dosen.<\/li><li>Die Dosen werden zun\u00e4chst vakuumiert, dann mit Stickstoff gef\u00fcllt und schlie\u00dflich versiegelt. Der Restsauerstoff in der Dose ist niedriger als 3%.<\/li><\/ul>\t\t\t\t\t\t<\/div>\n\t\t\t\t<\/div>\n\t\t\t\t<div class=\"elementor-element elementor-element-73f145c9 elementor-widget__width-initial quote-btn elementor-widget elementor-widget-button\" data-id=\"73f145c9\" data-element_type=\"widget\" data-widget_type=\"button.default\">\n\t\t\t\t<div class=\"elementor-widget-container\">\n\t\t\t\t\t<div class=\"elementor-button-wrapper\">\n\t\t\t<a class=\"elementor-button elementor-button-link elementor-size-sm\" href=\"#elementor-action%3Aaction%3Dpopup%3Aopen%26settings%3DeyJpZCI6IjExMjQiLCJ0b2dnbGUiOmZhbHNlfQ%3D%3D\" rel=\"nofollow\">\n\t\t\t\t\t\t<span class=\"elementor-button-content-wrapper\">\n\t\t\t\t\t\t\t\t\t<span class=\"elementor-button-text\">Anfrage<\/span>\n\t\t\t\t\t<\/span>\n\t\t\t\t\t<\/a>\n\t\t<\/div>\n\t\t\t\t<\/div>\n\t\t\t\t<\/div>\n\t\t\t\t<div class=\"elementor-element elementor-element-6fa88740 elementor-widget__width-auto elementor-widget elementor-widget-button\" data-id=\"6fa88740\" data-element_type=\"widget\" data-widget_type=\"button.default\">\n\t\t\t\t<div class=\"elementor-widget-container\">\n\t\t\t\t\t<div class=\"elementor-button-wrapper\">\n\t\t\t<a class=\"elementor-button elementor-button-link elementor-size-sm\" href=\"https:\/\/www.levapack.com\/de\/produktartikel\/vollautomatische-stickstoff-full-vakuum-versiegelungsmaschine\/\">\n\t\t\t\t\t\t<span class=\"elementor-button-content-wrapper\">\n\t\t\t\t\t\t\t\t\t<span class=\"elementor-button-text\">Mehr sehen<\/span>\n\t\t\t\t\t<\/span>\n\t\t\t\t\t<\/a>\n\t\t<\/div>\n\t\t\t\t<\/div>\n\t\t\t\t<\/div>\n\t\t\t\t\t<\/div>\n\t\t<\/div>\n\t\t\t\t<div class=\"elementor-column elementor-col-50 elementor-inner-column elementor-element elementor-element-4d956bc8\" data-id=\"4d956bc8\" data-element_type=\"column\">\n\t\t\t<div class=\"elementor-widget-wrap elementor-element-populated\">\n\t\t\t\t\t\t<div class=\"elementor-element elementor-element-32b67e32 elementor-widget elementor-widget-image\" data-id=\"32b67e32\" data-element_type=\"widget\" data-widget_type=\"image.default\">\n\t\t\t\t<div class=\"elementor-widget-container\">\n\t\t\t\t\t\t\t\t\t\t\t\t\t\t<a href=\"https:\/\/www.levapack.com\/de\/produktartikel\/vollautomatische-stickstoff-full-vakuum-versiegelungsmaschine\/\">\n\t\t\t\t\t\t\t<img decoding=\"async\" width=\"500\" height=\"380\" src=\"https:\/\/www.levapack.com\/wp-content\/uploads\/2018\/12\/Fully-Auto-Nitrogen-Filling-Vacuum-Sealing-Machine-1.jpg\" class=\"attachment-large size-large wp-image-4976\" alt=\"Vollautomatische Stickstoff-F\u00fcll-Vakuum-Versiegelungsmaschine\" srcset=\"https:\/\/www.levapack.com\/wp-content\/uploads\/2018\/12\/Fully-Auto-Nitrogen-Filling-Vacuum-Sealing-Machine-1.jpg 500w, https:\/\/www.levapack.com\/wp-content\/uploads\/2018\/12\/Fully-Auto-Nitrogen-Filling-Vacuum-Sealing-Machine-1-300x228.jpg 300w, https:\/\/www.levapack.com\/wp-content\/uploads\/2018\/12\/Fully-Auto-Nitrogen-Filling-Vacuum-Sealing-Machine-1-192x146.jpg 192w, https:\/\/www.levapack.com\/wp-content\/uploads\/2018\/12\/Fully-Auto-Nitrogen-Filling-Vacuum-Sealing-Machine-1-50x38.jpg 50w, https:\/\/www.levapack.com\/wp-content\/uploads\/2018\/12\/Fully-Auto-Nitrogen-Filling-Vacuum-Sealing-Machine-1-99x75.jpg 99w\" sizes=\"(max-width: 500px) 100vw, 500px\" \/>\t\t\t\t\t\t\t\t<\/a>\n\t\t\t\t\t\t\t\t\t\t\t\t\t<\/div>\n\t\t\t\t<\/div>\n\t\t\t\t\t<\/div>\n\t\t<\/div>\n\t\t\t\t\t<\/div>\n\t\t<\/section>\n\t\t\t\t\t<\/div>\n\t\t<\/div>\n\t\t\t\t\t<\/div>\n\t\t<\/section>\n\t\t\t\t<\/div>","protected":false},"excerpt":{"rendered":"<p>Milchpulver-Versiegelungsmaschine Angebot anfordern &gt; Home Milchpulver-Versiegelungsmaschine in Levapack Die Nachfrage nach Milch ist aufgrund der zunehmenden<span class=\"excerpt-hellip\"> [...]<\/span><\/p>","protected":false},"author":1,"featured_media":0,"parent":0,"menu_order":0,"comment_status":"closed","ping_status":"closed","template":"","meta":{"_seopress_robots_primary_cat":"","_seopress_titles_title":"Milk Powder Sealing Machine, Milk Powder Sealer - Levapack","_seopress_titles_desc":"Looking for Milk powder can sealer for your applications? Levapack supplies the best can seaming machines for sale. Choose the right one for you!","_seopress_robots_index":"","footnotes":""},"class_list":["post-1455","page","type-page","status-publish","hentry"],"acf":[],"_links":{"self":[{"href":"https:\/\/www.levapack.com\/de\/wp-json\/wp\/v2\/pages\/1455","targetHints":{"allow":["GET"]}}],"collection":[{"href":"https:\/\/www.levapack.com\/de\/wp-json\/wp\/v2\/pages"}],"about":[{"href":"https:\/\/www.levapack.com\/de\/wp-json\/wp\/v2\/types\/page"}],"author":[{"embeddable":true,"href":"https:\/\/www.levapack.com\/de\/wp-json\/wp\/v2\/users\/1"}],"replies":[{"embeddable":true,"href":"https:\/\/www.levapack.com\/de\/wp-json\/wp\/v2\/comments?post=1455"}],"version-history":[{"count":13,"href":"https:\/\/www.levapack.com\/de\/wp-json\/wp\/v2\/pages\/1455\/revisions"}],"predecessor-version":[{"id":33589,"href":"https:\/\/www.levapack.com\/de\/wp-json\/wp\/v2\/pages\/1455\/revisions\/33589"}],"wp:attachment":[{"href":"https:\/\/www.levapack.com\/de\/wp-json\/wp\/v2\/media?parent=1455"}],"curies":[{"name":"wp","href":"https:\/\/api.w.org\/{rel}","templated":true}]}}