{"id":1423,"date":"2020-02-20T08:33:33","date_gmt":"2020-02-20T08:33:33","guid":{"rendered":"https:\/\/www.levapack.com\/?page_id=1423"},"modified":"2022-10-11T14:12:50","modified_gmt":"2022-10-11T14:12:50","slug":"kaffee-abfullmaschine","status":"publish","type":"page","link":"https:\/\/www.levapack.com\/de\/kaffee-abfullmaschine\/","title":{"rendered":"Kaffee-Abf\u00fcllmaschine"},"content":{"rendered":"<div data-elementor-type=\"wp-page\" data-elementor-id=\"1423\" class=\"elementor elementor-1423\" data-elementor-post-type=\"page\">\n\t\t\t\t\t\t<section class=\"elementor-section elementor-top-section elementor-element elementor-element-6d74f55b elementor-section-stretched elementor-section-full_width elementor-section-height-min-height elementor-section-height-default elementor-section-items-middle\" data-id=\"6d74f55b\" data-element_type=\"section\" data-settings=\"{&quot;stretch_section&quot;:&quot;section-stretched&quot;,&quot;background_background&quot;:&quot;slideshow&quot;,&quot;background_slideshow_gallery&quot;:[{&quot;id&quot;:888,&quot;url&quot;:&quot;https:\\\/\\\/www.levapack.com\\\/wp-content\\\/uploads\\\/2020\\\/01\\\/359099cbad1234a8dcee2c681d24807.jpg&quot;}],&quot;background_slideshow_loop&quot;:&quot;yes&quot;,&quot;background_slideshow_slide_duration&quot;:5000,&quot;background_slideshow_slide_transition&quot;:&quot;fade&quot;,&quot;background_slideshow_transition_duration&quot;:500}\">\n\t\t\t\t\t\t<div class=\"elementor-container elementor-column-gap-default\">\n\t\t\t\t\t<div class=\"elementor-column elementor-col-100 elementor-top-column elementor-element elementor-element-6f17d1eb\" data-id=\"6f17d1eb\" data-element_type=\"column\">\n\t\t\t<div class=\"elementor-widget-wrap elementor-element-populated\">\n\t\t\t\t\t\t<section class=\"elementor-section elementor-inner-section elementor-element elementor-element-1a781786 elementor-section-full_width elementor-section-height-default elementor-section-height-default\" data-id=\"1a781786\" data-element_type=\"section\">\n\t\t\t\t\t\t<div class=\"elementor-container elementor-column-gap-default\">\n\t\t\t\t\t<div class=\"elementor-column elementor-col-50 elementor-inner-column elementor-element elementor-element-13bfdfb1\" data-id=\"13bfdfb1\" data-element_type=\"column\">\n\t\t\t<div class=\"elementor-widget-wrap elementor-element-populated\">\n\t\t\t\t\t\t<div class=\"elementor-element elementor-element-8f738f5 elementor-widget elementor-widget-heading\" data-id=\"8f738f5\" data-element_type=\"widget\" data-widget_type=\"heading.default\">\n\t\t\t\t<div class=\"elementor-widget-container\">\n\t\t\t<h1 class=\"elementor-heading-title elementor-size-default\">Kaffee-Abf\u00fcllmaschine<\/h1>\t\t<\/div>\n\t\t\t\t<\/div>\n\t\t\t\t\t<\/div>\n\t\t<\/div>\n\t\t\t\t<div class=\"elementor-column elementor-col-50 elementor-inner-column elementor-element elementor-element-102d85df\" data-id=\"102d85df\" data-element_type=\"column\">\n\t\t\t<div class=\"elementor-widget-wrap elementor-element-populated\">\n\t\t\t\t\t\t<div class=\"elementor-element elementor-element-263d42e0 elementor-align-justify elementor-widget__width-initial quote-btn elementor-widget elementor-widget-button\" data-id=\"263d42e0\" data-element_type=\"widget\" data-widget_type=\"button.default\">\n\t\t\t\t<div class=\"elementor-widget-container\">\n\t\t\t\t\t<div class=\"elementor-button-wrapper\">\n\t\t\t<a class=\"elementor-button elementor-button-link elementor-size-md\" href=\"#elementor-action%3Aaction%3Dpopup%3Aopen%26settings%3DeyJpZCI6IjExMjMiLCJ0b2dnbGUiOmZhbHNlfQ%3D%3D\" rel=\"nofollow\">\n\t\t\t\t\t\t<span class=\"elementor-button-content-wrapper\">\n\t\t\t\t\t\t\t\t\t<span class=\"elementor-button-text\"><b> Angebot anfordern &gt; <\/b><\/span>\n\t\t\t\t\t<\/span>\n\t\t\t\t\t<\/a>\n\t\t<\/div>\n\t\t\t\t<\/div>\n\t\t\t\t<\/div>\n\t\t\t\t\t<\/div>\n\t\t<\/div>\n\t\t\t\t\t<\/div>\n\t\t<\/section>\n\t\t\t\t\t<\/div>\n\t\t<\/div>\n\t\t\t\t\t<\/div>\n\t\t<\/section>\n\t\t\t\t<section class=\"elementor-section elementor-top-section elementor-element elementor-element-195d4d65 elementor-section-boxed elementor-section-height-default elementor-section-height-default\" data-id=\"195d4d65\" data-element_type=\"section\">\n\t\t\t\t\t\t<div class=\"elementor-container elementor-column-gap-default\">\n\t\t\t\t\t<div class=\"elementor-column elementor-col-100 elementor-top-column elementor-element elementor-element-3f861a37\" data-id=\"3f861a37\" data-element_type=\"column\">\n\t\t\t<div class=\"elementor-widget-wrap elementor-element-populated\">\n\t\t\t\t\t\t<div class=\"elementor-element elementor-element-2cc066c5 elementor-widget elementor-widget-heading\" data-id=\"2cc066c5\" data-element_type=\"widget\" data-widget_type=\"heading.default\">\n\t\t\t\t<div class=\"elementor-widget-container\">\n\t\t\t<h2 class=\"elementor-heading-title elementor-size-default\">Kaffee-Abf\u00fcllmaschine in Levapack<\/h2>\t\t<\/div>\n\t\t\t\t<\/div>\n\t\t\t\t<div class=\"elementor-element elementor-element-780263e4 elementor-widget-divider--view-line elementor-widget elementor-widget-divider\" data-id=\"780263e4\" data-element_type=\"widget\" data-widget_type=\"divider.default\">\n\t\t\t\t<div class=\"elementor-widget-container\">\n\t\t\t\t\t<div class=\"elementor-divider\">\n\t\t\t<span class=\"elementor-divider-separator\">\n\t\t\t\t\t\t<\/span>\n\t\t<\/div>\n\t\t\t\t<\/div>\n\t\t\t\t<\/div>\n\t\t\t\t<div class=\"elementor-element elementor-element-31769f33 elementor-widget elementor-widget-text-editor\" data-id=\"31769f33\" data-element_type=\"widget\" data-widget_type=\"text-editor.default\">\n\t\t\t\t<div class=\"elementor-widget-container\">\n\t\t\t\t\t\t\t<p><span data-sheets-value=\"{\" data-sheets-userformat=\"{\">Sie suchen nach Kaffeebohnen <a href=\"https:\/\/www.levapack.com\/de\/produktkategorie\/dosenverschliesmaschinen\/\">Verpackungsmaschinen zum Verkauf<\/a> zu vern\u00fcnftigen Preisen? Levapack ist ein Unternehmen, das innovative\u00a0<a href=\"https:\/\/www.levapack.com\/de\/produktkategorie\/dosenabfullmaschinen\/\" target=\"_blank\" rel=\"noopener\">Dosenabf\u00fcllmaschinen<\/a>\u00a0f\u00fcr Kaffee, damit Sie Ihre Verpackungslinien rationalisieren und Ihre t\u00e4glichen Produktionsziele erreichen k\u00f6nnen. Wir bieten verschiedene Verpackungsl\u00f6sungen, die den unterschiedlichen Anforderungen unserer Kunden gerecht werden, unabh\u00e4ngig davon, welche Produkte Sie verpacken.<br \/><\/span><\/p><p><span data-sheets-value=\"{\" data-sheets-userformat=\"{\">Als bekannter Kaffee <a href=\"https:\/\/www.levapack.com\/de\/\">Verpackungshersteller in China<\/a>bieten wir auch anpassbare Dosenabf\u00fcllmaschinen f\u00fcr Kaffee an. Ganz gleich, ob Sie ganzen Bohnenkaffee oder gemahlenen Kaffee verpacken, Sie k\u00f6nnen sich auf unsere Verpackungsl\u00f6sungen f\u00fcr die effiziente und pr\u00e4zise Abf\u00fcllung Ihrer Kaffeeprodukte verlassen. Wir verwenden die modernsten Automatisierungstechnologien und hochwertige Komponenten, um sicherzustellen, dass Sie langlebige Maschinen erhalten, die den Industriestandards entsprechen.<br \/><\/span><\/p><p><span data-sheets-value=\"{\" data-sheets-userformat=\"{\">Ganz gleich, ob Sie bereits ein wachsendes Unternehmen haben oder gerade Ihr eigenes Kaffeegesch\u00e4ft gr\u00fcnden, wir k\u00f6nnen die von Ihnen gew\u00fcnschten Maschinen auf die spezifischen Anforderungen Ihrer Produktionslinie abstimmen. Erzielen Sie einen effektiveren Verpackungsprozess mit den Verpackungsmaschinen von Levapack. Sprechen Sie uns jetzt an und erhalten Sie Ihre <a href=\"https:\/\/www.levapack.com\/de\/produktkategorie\/dosenverschliesmaschinen-2\/\">ideale Verpackungsl\u00f6sungen<\/a>!<br \/><\/span><\/p>\t\t\t\t\t\t<\/div>\n\t\t\t\t<\/div>\n\t\t\t\t\t<\/div>\n\t\t<\/div>\n\t\t\t\t\t<\/div>\n\t\t<\/section>\n\t\t\t\t<section class=\"elementor-section elementor-top-section elementor-element elementor-element-2dc818c6 elementor-section-stretched elementor-section-full_width elementor-section-height-default elementor-section-height-default\" data-id=\"2dc818c6\" data-element_type=\"section\" data-settings=\"{&quot;stretch_section&quot;:&quot;section-stretched&quot;,&quot;background_background&quot;:&quot;classic&quot;}\">\n\t\t\t\t\t\t<div class=\"elementor-container elementor-column-gap-default\">\n\t\t\t\t\t<div class=\"elementor-column elementor-col-100 elementor-top-column elementor-element elementor-element-2c08844\" data-id=\"2c08844\" data-element_type=\"column\">\n\t\t\t<div class=\"elementor-widget-wrap elementor-element-populated\">\n\t\t\t\t\t\t<section class=\"elementor-section elementor-inner-section elementor-element elementor-element-391244b0 elementor-section-boxed elementor-section-height-default elementor-section-height-default\" data-id=\"391244b0\" data-element_type=\"section\">\n\t\t\t\t\t\t<div class=\"elementor-container elementor-column-gap-default\">\n\t\t\t\t\t<div class=\"elementor-column elementor-col-50 elementor-inner-column elementor-element elementor-element-5eaf24fd\" data-id=\"5eaf24fd\" data-element_type=\"column\">\n\t\t\t<div class=\"elementor-widget-wrap elementor-element-populated\">\n\t\t\t\t\t\t<div class=\"elementor-element elementor-element-23cf28e1 elementor-widget elementor-widget-image\" data-id=\"23cf28e1\" data-element_type=\"widget\" data-widget_type=\"image.default\">\n\t\t\t\t<div class=\"elementor-widget-container\">\n\t\t\t\t\t\t\t\t\t\t\t\t\t\t<a href=\"https:\/\/www.levapack.com\/de\/produktartikel\/doppelkopf-pulverabfullmaschine\/\">\n\t\t\t\t\t\t\t<img fetchpriority=\"high\" decoding=\"async\" width=\"532\" height=\"411\" src=\"https:\/\/www.levapack.com\/wp-content\/uploads\/2020\/02\/\u53cc\u5934\u7c89\u5242\u704c\u88c5\u673a.jpg\" class=\"attachment-large size-large wp-image-1113\" alt=\"Levapack-Pulverabf\u00fcllmaschine\" srcset=\"https:\/\/www.levapack.com\/wp-content\/uploads\/2020\/02\/\u53cc\u5934\u7c89\u5242\u704c\u88c5\u673a.jpg 532w, https:\/\/www.levapack.com\/wp-content\/uploads\/2020\/02\/\u53cc\u5934\u7c89\u5242\u704c\u88c5\u673a-300x232.jpg 300w, https:\/\/www.levapack.com\/wp-content\/uploads\/2020\/02\/\u53cc\u5934\u7c89\u5242\u704c\u88c5\u673a-189x146.jpg 189w, https:\/\/www.levapack.com\/wp-content\/uploads\/2020\/02\/\u53cc\u5934\u7c89\u5242\u704c\u88c5\u673a-50x39.jpg 50w, https:\/\/www.levapack.com\/wp-content\/uploads\/2020\/02\/\u53cc\u5934\u7c89\u5242\u704c\u88c5\u673a-97x75.jpg 97w\" sizes=\"(max-width: 532px) 100vw, 532px\" \/>\t\t\t\t\t\t\t\t<\/a>\n\t\t\t\t\t\t\t\t\t\t\t\t\t<\/div>\n\t\t\t\t<\/div>\n\t\t\t\t\t<\/div>\n\t\t<\/div>\n\t\t\t\t<div class=\"elementor-column elementor-col-50 elementor-inner-column elementor-element elementor-element-5a89cd74\" data-id=\"5a89cd74\" data-element_type=\"column\">\n\t\t\t<div class=\"elementor-widget-wrap elementor-element-populated\">\n\t\t\t\t\t\t<div class=\"elementor-element elementor-element-21d6766b elementor-widget elementor-widget-heading\" data-id=\"21d6766b\" data-element_type=\"widget\" data-widget_type=\"heading.default\">\n\t\t\t\t<div class=\"elementor-widget-container\">\n\t\t\t<h2 class=\"elementor-heading-title elementor-size-default\"><a href=\"https:\/\/www.levapack.com\/de\/produktartikel\/doppelkopf-pulverabfullmaschine\/\">Doppelk\u00f6pfige Pulverabf\u00fcllmaschine<\/a><\/h2>\t\t<\/div>\n\t\t\t\t<\/div>\n\t\t\t\t<div class=\"elementor-element elementor-element-4f9fa261 elementor-widget-divider--view-line elementor-widget elementor-widget-divider\" data-id=\"4f9fa261\" data-element_type=\"widget\" data-widget_type=\"divider.default\">\n\t\t\t\t<div class=\"elementor-widget-container\">\n\t\t\t\t\t<div class=\"elementor-divider\">\n\t\t\t<span class=\"elementor-divider-separator\">\n\t\t\t\t\t\t<\/span>\n\t\t<\/div>\n\t\t\t\t<\/div>\n\t\t\t\t<\/div>\n\t\t\t\t<div class=\"elementor-element elementor-element-5fdca2f4 elementor-widget elementor-widget-text-editor\" data-id=\"5fdca2f4\" data-element_type=\"widget\" data-widget_type=\"text-editor.default\">\n\t\t\t\t<div class=\"elementor-widget-container\">\n\t\t\t\t\t\t\t<p class=\"ql-long-22683834\"><span class=\"ql-author-22683834\">LevaPack stellt eine Pulverabf\u00fcllmaschine mit Doppelk\u00f6pfen her. Der F\u00fcllkopf der Pulverabf\u00fcllmaschine ist mit einem Handrad ausgestattet, um die H\u00f6he einzustellen, es ist einfach, die Bef\u00fcllung von verschiedenen Arten von Dosen zu realisieren.<\/span><\/p><ul><li>Modell:LPE-PFM002<\/li><li>Geradlinige Doppelkopfbef\u00fcllung, Hauptbef\u00fcllung und Nachf\u00fcllung zur Gew\u00e4hrleistung einer hohen F\u00fcllgenauigkeit.<\/li><li>Das Servo- und Pneumatiksystem steuert den Dosenhalt und den horizontalen Dosenlauf, die Positionierung ist genau und die Geschwindigkeit ist schnell.<\/li><li>Servomotor und Servoantriebssteuerungsschraube, stabile Leistung und hohe Pr\u00e4zision.<\/li><\/ul>\t\t\t\t\t\t<\/div>\n\t\t\t\t<\/div>\n\t\t\t\t<div class=\"elementor-element elementor-element-6044f684 elementor-widget__width-initial quote-btn elementor-widget elementor-widget-button\" data-id=\"6044f684\" data-element_type=\"widget\" data-widget_type=\"button.default\">\n\t\t\t\t<div class=\"elementor-widget-container\">\n\t\t\t\t\t<div class=\"elementor-button-wrapper\">\n\t\t\t<a class=\"elementor-button elementor-button-link elementor-size-sm\" href=\"#elementor-action%3Aaction%3Dpopup%3Aopen%26settings%3DeyJpZCI6IjExMjQiLCJ0b2dnbGUiOmZhbHNlfQ%3D%3D\" rel=\"nofollow\">\n\t\t\t\t\t\t<span class=\"elementor-button-content-wrapper\">\n\t\t\t\t\t\t\t\t\t<span class=\"elementor-button-text\">Anfrage<\/span>\n\t\t\t\t\t<\/span>\n\t\t\t\t\t<\/a>\n\t\t<\/div>\n\t\t\t\t<\/div>\n\t\t\t\t<\/div>\n\t\t\t\t<div class=\"elementor-element elementor-element-cc8e6df elementor-widget__width-auto elementor-widget elementor-widget-button\" data-id=\"cc8e6df\" data-element_type=\"widget\" data-widget_type=\"button.default\">\n\t\t\t\t<div class=\"elementor-widget-container\">\n\t\t\t\t\t<div class=\"elementor-button-wrapper\">\n\t\t\t<a class=\"elementor-button elementor-button-link elementor-size-sm\" href=\"https:\/\/www.levapack.com\/de\/produktartikel\/doppelkopf-pulverabfullmaschine\/\">\n\t\t\t\t\t\t<span class=\"elementor-button-content-wrapper\">\n\t\t\t\t\t\t\t\t\t<span class=\"elementor-button-text\">Mehr sehen<\/span>\n\t\t\t\t\t<\/span>\n\t\t\t\t\t<\/a>\n\t\t<\/div>\n\t\t\t\t<\/div>\n\t\t\t\t<\/div>\n\t\t\t\t\t<\/div>\n\t\t<\/div>\n\t\t\t\t\t<\/div>\n\t\t<\/section>\n\t\t\t\t\t<\/div>\n\t\t<\/div>\n\t\t\t\t\t<\/div>\n\t\t<\/section>\n\t\t\t\t<section class=\"elementor-section elementor-top-section elementor-element elementor-element-2e05f1b4 elementor-section-stretched elementor-section-full_width elementor-section-height-default elementor-section-height-default\" data-id=\"2e05f1b4\" data-element_type=\"section\" data-settings=\"{&quot;stretch_section&quot;:&quot;section-stretched&quot;,&quot;background_background&quot;:&quot;classic&quot;}\">\n\t\t\t\t\t\t<div class=\"elementor-container elementor-column-gap-default\">\n\t\t\t\t\t<div class=\"elementor-column elementor-col-100 elementor-top-column elementor-element elementor-element-33cf7792\" data-id=\"33cf7792\" data-element_type=\"column\">\n\t\t\t<div class=\"elementor-widget-wrap elementor-element-populated\">\n\t\t\t\t\t\t<section class=\"elementor-section elementor-inner-section elementor-element elementor-element-580718e2 elementor-section-boxed elementor-section-height-default elementor-section-height-default\" data-id=\"580718e2\" data-element_type=\"section\">\n\t\t\t\t\t\t<div class=\"elementor-container elementor-column-gap-default\">\n\t\t\t\t\t<div class=\"elementor-column elementor-col-50 elementor-inner-column elementor-element elementor-element-584b9305\" data-id=\"584b9305\" data-element_type=\"column\">\n\t\t\t<div class=\"elementor-widget-wrap elementor-element-populated\">\n\t\t\t\t\t\t<div class=\"elementor-element elementor-element-3d108963 elementor-widget elementor-widget-heading\" data-id=\"3d108963\" data-element_type=\"widget\" data-widget_type=\"heading.default\">\n\t\t\t\t<div class=\"elementor-widget-container\">\n\t\t\t<h2 class=\"elementor-heading-title elementor-size-default\"><a href=\"https:\/\/www.levapack.com\/de\/produktartikel\/pulverabfullmaschine\/\">Pulver-Abf\u00fcllmaschine<\/a><\/h2>\t\t<\/div>\n\t\t\t\t<\/div>\n\t\t\t\t<div class=\"elementor-element elementor-element-258b42bf elementor-widget-divider--view-line elementor-widget elementor-widget-divider\" data-id=\"258b42bf\" data-element_type=\"widget\" data-widget_type=\"divider.default\">\n\t\t\t\t<div class=\"elementor-widget-container\">\n\t\t\t\t\t<div class=\"elementor-divider\">\n\t\t\t<span class=\"elementor-divider-separator\">\n\t\t\t\t\t\t<\/span>\n\t\t<\/div>\n\t\t\t\t<\/div>\n\t\t\t\t<\/div>\n\t\t\t\t<div class=\"elementor-element elementor-element-72231029 elementor-widget elementor-widget-text-editor\" data-id=\"72231029\" data-element_type=\"widget\" data-widget_type=\"text-editor.default\">\n\t\t\t\t<div class=\"elementor-widget-container\">\n\t\t\t\t\t\t\t<p class=\"ql-long-22683834\"><span class=\"ql-author-22683834\">Hocheffiziente automatische Pulverabf\u00fcllmaschine, hergestellt von LevaPack. Geeignet f\u00fcr verschiedene Arten von runden Dosen, wie Blechdosen, PET-Dosen und Papierh\u00fclsen.<\/span><\/p><ul class=\"circle-list\"><li>Modell: LPE-PFM001<\/li><li>Automatisch vollst\u00e4ndige Pulverzufuhr, quantitative Dosierung.<\/li><li>Das Silo l\u00e4sst sich leicht und ohne Werkzeug \u00f6ffnen und reinigen.<\/li><li>Der Servomotor, die Schrauben und die Au\u00dfenmaterialien sind alle aus Edelstahl gefertigt.<\/li><li>Die Schnecke ist austauschbar und erm\u00f6glicht die pr\u00e4zise Dosierung einer Vielzahl von Pulvermaterialien.<\/li><\/ul>\t\t\t\t\t\t<\/div>\n\t\t\t\t<\/div>\n\t\t\t\t<div class=\"elementor-element elementor-element-77945876 elementor-widget__width-initial quote-btn elementor-widget elementor-widget-button\" data-id=\"77945876\" data-element_type=\"widget\" data-widget_type=\"button.default\">\n\t\t\t\t<div class=\"elementor-widget-container\">\n\t\t\t\t\t<div class=\"elementor-button-wrapper\">\n\t\t\t<a class=\"elementor-button elementor-button-link elementor-size-sm\" href=\"#elementor-action%3Aaction%3Dpopup%3Aopen%26settings%3DeyJpZCI6IjExMjMiLCJ0b2dnbGUiOmZhbHNlfQ%3D%3D\" rel=\"nofollow\">\n\t\t\t\t\t\t<span class=\"elementor-button-content-wrapper\">\n\t\t\t\t\t\t\t\t\t<span class=\"elementor-button-text\">Anfrage<\/span>\n\t\t\t\t\t<\/span>\n\t\t\t\t\t<\/a>\n\t\t<\/div>\n\t\t\t\t<\/div>\n\t\t\t\t<\/div>\n\t\t\t\t<div class=\"elementor-element elementor-element-7199383f elementor-widget__width-auto elementor-widget elementor-widget-button\" data-id=\"7199383f\" data-element_type=\"widget\" data-widget_type=\"button.default\">\n\t\t\t\t<div class=\"elementor-widget-container\">\n\t\t\t\t\t<div class=\"elementor-button-wrapper\">\n\t\t\t<a class=\"elementor-button elementor-button-link elementor-size-sm\" href=\"https:\/\/www.levapack.com\/de\/produktartikel\/pulverabfullmaschine\/\">\n\t\t\t\t\t\t<span class=\"elementor-button-content-wrapper\">\n\t\t\t\t\t\t\t\t\t<span class=\"elementor-button-text\">Mehr sehen<\/span>\n\t\t\t\t\t<\/span>\n\t\t\t\t\t<\/a>\n\t\t<\/div>\n\t\t\t\t<\/div>\n\t\t\t\t<\/div>\n\t\t\t\t\t<\/div>\n\t\t<\/div>\n\t\t\t\t<div class=\"elementor-column elementor-col-50 elementor-inner-column elementor-element elementor-element-44254676\" data-id=\"44254676\" data-element_type=\"column\">\n\t\t\t<div class=\"elementor-widget-wrap elementor-element-populated\">\n\t\t\t\t\t\t<div class=\"elementor-element elementor-element-63813dbd elementor-widget elementor-widget-image\" data-id=\"63813dbd\" data-element_type=\"widget\" data-widget_type=\"image.default\">\n\t\t\t\t<div class=\"elementor-widget-container\">\n\t\t\t\t\t\t\t\t\t\t\t\t\t\t<a href=\"https:\/\/www.levapack.com\/de\/produktartikel\/pulverabfullmaschine\/\">\n\t\t\t\t\t\t\t<img decoding=\"async\" width=\"579\" height=\"465\" src=\"https:\/\/www.levapack.com\/wp-content\/uploads\/2020\/02\/1-Powder-filling-machine-1.jpg\" class=\"attachment-large size-large wp-image-1119\" alt=\"Vollbild einer Pulverabf\u00fcllmaschine\" srcset=\"https:\/\/www.levapack.com\/wp-content\/uploads\/2020\/02\/1-Powder-filling-machine-1.jpg 579w, https:\/\/www.levapack.com\/wp-content\/uploads\/2020\/02\/1-Powder-filling-machine-1-300x241.jpg 300w, https:\/\/www.levapack.com\/wp-content\/uploads\/2020\/02\/1-Powder-filling-machine-1-182x146.jpg 182w, https:\/\/www.levapack.com\/wp-content\/uploads\/2020\/02\/1-Powder-filling-machine-1-50x40.jpg 50w, https:\/\/www.levapack.com\/wp-content\/uploads\/2020\/02\/1-Powder-filling-machine-1-93x75.jpg 93w\" sizes=\"(max-width: 579px) 100vw, 579px\" \/>\t\t\t\t\t\t\t\t<\/a>\n\t\t\t\t\t\t\t\t\t\t\t\t\t<\/div>\n\t\t\t\t<\/div>\n\t\t\t\t\t<\/div>\n\t\t<\/div>\n\t\t\t\t\t<\/div>\n\t\t<\/section>\n\t\t\t\t\t<\/div>\n\t\t<\/div>\n\t\t\t\t\t<\/div>\n\t\t<\/section>\n\t\t\t\t<\/div>","protected":false},"excerpt":{"rendered":"<p>Kaffeeabf\u00fcllmaschine Angebot anfordern &gt; Home Kaffeeabf\u00fcllmaschine in Levapack Suchen Sie nach Verpackungsmaschinen f\u00fcr Kaffeebohnen zu g\u00fcnstigen Preisen?<span class=\"excerpt-hellip\"> [...]<\/span><\/p>","protected":false},"author":1,"featured_media":0,"parent":0,"menu_order":0,"comment_status":"closed","ping_status":"closed","template":"","meta":{"_seopress_robots_primary_cat":"","_seopress_titles_title":"Coffee Filling Machine, Coffee Packaging Machine - Levapack","_seopress_titles_desc":"Looking for Coffee filling machine for your applications? Levapack supplies the best can filling machines for sale. Choose the right one for you!","_seopress_robots_index":"","footnotes":""},"class_list":["post-1423","page","type-page","status-publish","hentry"],"acf":[],"_links":{"self":[{"href":"https:\/\/www.levapack.com\/de\/wp-json\/wp\/v2\/pages\/1423","targetHints":{"allow":["GET"]}}],"collection":[{"href":"https:\/\/www.levapack.com\/de\/wp-json\/wp\/v2\/pages"}],"about":[{"href":"https:\/\/www.levapack.com\/de\/wp-json\/wp\/v2\/types\/page"}],"author":[{"embeddable":true,"href":"https:\/\/www.levapack.com\/de\/wp-json\/wp\/v2\/users\/1"}],"replies":[{"embeddable":true,"href":"https:\/\/www.levapack.com\/de\/wp-json\/wp\/v2\/comments?post=1423"}],"version-history":[{"count":11,"href":"https:\/\/www.levapack.com\/de\/wp-json\/wp\/v2\/pages\/1423\/revisions"}],"predecessor-version":[{"id":11907,"href":"https:\/\/www.levapack.com\/de\/wp-json\/wp\/v2\/pages\/1423\/revisions\/11907"}],"wp:attachment":[{"href":"https:\/\/www.levapack.com\/de\/wp-json\/wp\/v2\/media?parent=1423"}],"curies":[{"name":"wp","href":"https:\/\/api.w.org\/{rel}","templated":true}]}}