{"id":1394,"date":"2020-02-19T05:49:24","date_gmt":"2020-02-19T05:49:24","guid":{"rendered":"https:\/\/www.levapack.com\/?page_id=1394"},"modified":"2022-10-11T14:02:00","modified_gmt":"2022-10-11T14:02:00","slug":"sosenfullung-maichine","status":"publish","type":"page","link":"https:\/\/www.levapack.com\/de\/sosenfullung-maichine\/","title":{"rendered":"Sauce F\u00fcllung Maichine"},"content":{"rendered":"<div data-elementor-type=\"wp-page\" data-elementor-id=\"1394\" class=\"elementor elementor-1394\" data-elementor-post-type=\"page\">\n\t\t\t\t\t\t<section class=\"elementor-section elementor-top-section elementor-element elementor-element-5a2915c6 elementor-section-stretched elementor-section-full_width elementor-section-height-min-height elementor-section-height-default elementor-section-items-middle\" data-id=\"5a2915c6\" data-element_type=\"section\" data-settings=\"{&quot;stretch_section&quot;:&quot;section-stretched&quot;,&quot;background_background&quot;:&quot;slideshow&quot;,&quot;background_slideshow_gallery&quot;:[{&quot;id&quot;:888,&quot;url&quot;:&quot;https:\\\/\\\/www.levapack.com\\\/wp-content\\\/uploads\\\/2020\\\/01\\\/359099cbad1234a8dcee2c681d24807.jpg&quot;}],&quot;background_slideshow_loop&quot;:&quot;yes&quot;,&quot;background_slideshow_slide_duration&quot;:5000,&quot;background_slideshow_slide_transition&quot;:&quot;fade&quot;,&quot;background_slideshow_transition_duration&quot;:500}\">\n\t\t\t\t\t\t<div class=\"elementor-container elementor-column-gap-default\">\n\t\t\t\t\t<div class=\"elementor-column elementor-col-100 elementor-top-column elementor-element elementor-element-10cac017\" data-id=\"10cac017\" data-element_type=\"column\">\n\t\t\t<div class=\"elementor-widget-wrap elementor-element-populated\">\n\t\t\t\t\t\t<section class=\"elementor-section elementor-inner-section elementor-element elementor-element-44277fb6 elementor-section-full_width elementor-section-height-default elementor-section-height-default\" data-id=\"44277fb6\" data-element_type=\"section\">\n\t\t\t\t\t\t<div class=\"elementor-container elementor-column-gap-default\">\n\t\t\t\t\t<div class=\"elementor-column elementor-col-50 elementor-inner-column elementor-element elementor-element-329f12d7\" data-id=\"329f12d7\" data-element_type=\"column\">\n\t\t\t<div class=\"elementor-widget-wrap elementor-element-populated\">\n\t\t\t\t\t\t<div class=\"elementor-element elementor-element-22ca4950 elementor-widget elementor-widget-heading\" data-id=\"22ca4950\" data-element_type=\"widget\" data-widget_type=\"heading.default\">\n\t\t\t\t<div class=\"elementor-widget-container\">\n\t\t\t<h1 class=\"elementor-heading-title elementor-size-default\">So\u00dfenabf\u00fcllmaschine<\/h1>\t\t<\/div>\n\t\t\t\t<\/div>\n\t\t\t\t\t<\/div>\n\t\t<\/div>\n\t\t\t\t<div class=\"elementor-column elementor-col-50 elementor-inner-column elementor-element elementor-element-5aa421e2\" data-id=\"5aa421e2\" data-element_type=\"column\">\n\t\t\t<div class=\"elementor-widget-wrap elementor-element-populated\">\n\t\t\t\t\t\t<div class=\"elementor-element elementor-element-77484afe elementor-align-justify elementor-widget__width-initial quote-btn elementor-widget elementor-widget-button\" data-id=\"77484afe\" data-element_type=\"widget\" data-widget_type=\"button.default\">\n\t\t\t\t<div class=\"elementor-widget-container\">\n\t\t\t\t\t<div class=\"elementor-button-wrapper\">\n\t\t\t<a class=\"elementor-button elementor-button-link elementor-size-md\" href=\"#elementor-action%3Aaction%3Dpopup%3Aopen%26settings%3DeyJpZCI6IjExMjQiLCJ0b2dnbGUiOmZhbHNlfQ%3D%3D\" rel=\"nofollow\">\n\t\t\t\t\t\t<span class=\"elementor-button-content-wrapper\">\n\t\t\t\t\t\t\t\t\t<span class=\"elementor-button-text\"><b> Angebot anfordern &gt; <\/b><\/span>\n\t\t\t\t\t<\/span>\n\t\t\t\t\t<\/a>\n\t\t<\/div>\n\t\t\t\t<\/div>\n\t\t\t\t<\/div>\n\t\t\t\t\t<\/div>\n\t\t<\/div>\n\t\t\t\t\t<\/div>\n\t\t<\/section>\n\t\t\t\t\t<\/div>\n\t\t<\/div>\n\t\t\t\t\t<\/div>\n\t\t<\/section>\n\t\t\t\t<section class=\"elementor-section elementor-top-section elementor-element elementor-element-17911e68 elementor-section-boxed elementor-section-height-default elementor-section-height-default\" data-id=\"17911e68\" data-element_type=\"section\">\n\t\t\t\t\t\t<div class=\"elementor-container elementor-column-gap-default\">\n\t\t\t\t\t<div class=\"elementor-column elementor-col-100 elementor-top-column elementor-element elementor-element-570b541\" data-id=\"570b541\" data-element_type=\"column\">\n\t\t\t<div class=\"elementor-widget-wrap elementor-element-populated\">\n\t\t\t\t\t\t<div class=\"elementor-element elementor-element-63bb761d elementor-widget elementor-widget-heading\" data-id=\"63bb761d\" data-element_type=\"widget\" data-widget_type=\"heading.default\">\n\t\t\t\t<div class=\"elementor-widget-container\">\n\t\t\t<h2 class=\"elementor-heading-title elementor-size-default\">So\u00dfenabf\u00fcllmaschine in Levapack<\/h2>\t\t<\/div>\n\t\t\t\t<\/div>\n\t\t\t\t<div class=\"elementor-element elementor-element-bf44c62 elementor-widget-divider--view-line elementor-widget elementor-widget-divider\" data-id=\"bf44c62\" data-element_type=\"widget\" data-widget_type=\"divider.default\">\n\t\t\t\t<div class=\"elementor-widget-container\">\n\t\t\t\t\t<div class=\"elementor-divider\">\n\t\t\t<span class=\"elementor-divider-separator\">\n\t\t\t\t\t\t<\/span>\n\t\t<\/div>\n\t\t\t\t<\/div>\n\t\t\t\t<\/div>\n\t\t\t\t<section class=\"elementor-section elementor-inner-section elementor-element elementor-element-c9bd5f9 elementor-section-boxed elementor-section-height-default elementor-section-height-default\" data-id=\"c9bd5f9\" data-element_type=\"section\">\n\t\t\t\t\t\t<div class=\"elementor-container elementor-column-gap-default\">\n\t\t\t\t\t<div class=\"elementor-column elementor-col-50 elementor-inner-column elementor-element elementor-element-c51be2f\" data-id=\"c51be2f\" data-element_type=\"column\">\n\t\t\t<div class=\"elementor-widget-wrap elementor-element-populated\">\n\t\t\t\t\t\t<div class=\"elementor-element elementor-element-43a92aaa elementor-widget elementor-widget-text-editor\" data-id=\"43a92aaa\" data-element_type=\"widget\" data-widget_type=\"text-editor.default\">\n\t\t\t\t<div class=\"elementor-widget-container\">\n\t\t\t\t\t\t\t<p><span data-sheets-value=\"{\" data-sheets-userformat=\"{\">So\u00dfen k\u00f6nnen je nach den f\u00fcr ihre Herstellung verwendeten Zutaten unterschiedlich dickfl\u00fcssig sein. Daher brauchen Sie die richtige Saucenverpackungsmaschine, die den Herausforderungen beim Abf\u00fcllen viskoser Fl\u00fcssigkeiten gewachsen ist, um unn\u00f6tige Kosten in Ihrer Produktionslinie zu vermeiden.<br \/><\/span><\/p><p><span data-sheets-value=\"{\" data-sheets-userformat=\"{\"><a href=\"https:\/\/www.levapack.com\/de\/\">Levapack<\/a> ist eine f\u00fchrende Sauce <a href=\"https:\/\/www.levapack.com\/de\/produktkategorie\/dosenverschliesmaschinen\/\">Dosenverpackungsmaschine<\/a> Hersteller in China, der Ihnen innovative L\u00f6sungen f\u00fcr die effiziente Verpackung Ihrer So\u00dfenprodukte bieten kann. Egal, ob Sie eine So\u00dfenabf\u00fcllmaschine f\u00fcr die Abf\u00fcllung von Tomatenmark, Fleischsauce, Chilisauce und anderen Produkten ben\u00f6tigen, unser Unternehmen kann Ihnen das, was Sie suchen, zu erschwinglichen Preisen liefern.<\/span><\/p>\t\t\t\t\t\t<\/div>\n\t\t\t\t<\/div>\n\t\t\t\t\t<\/div>\n\t\t<\/div>\n\t\t\t\t<div class=\"elementor-column elementor-col-50 elementor-inner-column elementor-element elementor-element-b8e0276\" data-id=\"b8e0276\" data-element_type=\"column\">\n\t\t\t<div class=\"elementor-widget-wrap elementor-element-populated\">\n\t\t\t\t\t\t<div class=\"elementor-element elementor-element-5305481 elementor-widget elementor-widget-image\" data-id=\"5305481\" data-element_type=\"widget\" data-widget_type=\"image.default\">\n\t\t\t\t<div class=\"elementor-widget-container\">\n\t\t\t\t\t\t\t\t\t\t\t\t\t<img fetchpriority=\"high\" decoding=\"async\" width=\"700\" height=\"467\" src=\"https:\/\/www.levapack.com\/wp-content\/uploads\/2021\/05\/sauce-canning.jpg\" class=\"attachment-large size-large wp-image-5589\" alt=\"Saucenkonservierung\" srcset=\"https:\/\/www.levapack.com\/wp-content\/uploads\/2021\/05\/sauce-canning.jpg 700w, https:\/\/www.levapack.com\/wp-content\/uploads\/2021\/05\/sauce-canning-300x200.jpg 300w, https:\/\/www.levapack.com\/wp-content\/uploads\/2021\/05\/sauce-canning-219x146.jpg 219w, https:\/\/www.levapack.com\/wp-content\/uploads\/2021\/05\/sauce-canning-50x33.jpg 50w, https:\/\/www.levapack.com\/wp-content\/uploads\/2021\/05\/sauce-canning-112x75.jpg 112w\" sizes=\"(max-width: 700px) 100vw, 700px\" \/>\t\t\t\t\t\t\t\t\t\t\t\t\t<\/div>\n\t\t\t\t<\/div>\n\t\t\t\t\t<\/div>\n\t\t<\/div>\n\t\t\t\t\t<\/div>\n\t\t<\/section>\n\t\t\t\t<div class=\"elementor-element elementor-element-1d8f729 elementor-widget elementor-widget-text-editor\" data-id=\"1d8f729\" data-element_type=\"widget\" data-widget_type=\"text-editor.default\">\n\t\t\t\t<div class=\"elementor-widget-container\">\n\t\t\t\t\t\t\t<p><span style=\"background-color: #fcfcfc; letter-spacing: 0px;\">Unsere z\u00e4hfl\u00fcssige Fl\u00fcssigkeit <\/span><a style=\"background-color: #fcfcfc; letter-spacing: 0px;\" href=\"https:\/\/www.levapack.com\/de\/produktkategorie\/dosenverschliesmaschinen-2\/\">Verpackungsmaschinen zum Verkauf<\/a><span style=\"background-color: #fcfcfc; letter-spacing: 0px;\"> k\u00f6nnen sogar Saucen abf\u00fcllen, die Gem\u00fcse- oder Fleischst\u00fcckchen enthalten. Diese Maschinen arbeiten nach dem Kolbenf\u00fcllprinzip, um selbst hochviskose Saucen mit festen Partikeln effizient abzuf\u00fcllen. Dar\u00fcber hinaus werden sie unter Verwendung der neuesten Automatisierungstechnik und hochwertiger Materialien entwickelt, um Ihnen eine intelligente und langlebige Produktionslinie zu bieten.<\/span><\/p><p><span data-sheets-value=\"{\" data-sheets-userformat=\"{\">Optimieren Sie Ihren Verpackungsprozess mit unserem\u00a0<a href=\"https:\/\/www.levapack.com\/de\/produktkategorie\/dosenabfullmaschinen\/\" target=\"_blank\" rel=\"noopener\">anpassbare Dosenabf\u00fcllmaschinen<\/a>\u00a0f\u00fcr Sauce und beobachten Sie, wie Ihr Umsatz steigt. Wir bieten die besten Dienstleistungen f\u00fcr unsere Kunden. Wenden Sie sich jetzt an uns und erhalten Sie Ihre ideale Verpackungsl\u00f6sung!<\/span><\/p>\t\t\t\t\t\t<\/div>\n\t\t\t\t<\/div>\n\t\t\t\t\t<\/div>\n\t\t<\/div>\n\t\t\t\t\t<\/div>\n\t\t<\/section>\n\t\t\t\t<section class=\"elementor-section elementor-top-section elementor-element elementor-element-46f506c3 elementor-section-stretched elementor-section-full_width elementor-section-height-default elementor-section-height-default\" data-id=\"46f506c3\" data-element_type=\"section\" data-settings=\"{&quot;stretch_section&quot;:&quot;section-stretched&quot;,&quot;background_background&quot;:&quot;classic&quot;}\">\n\t\t\t\t\t\t<div class=\"elementor-container elementor-column-gap-default\">\n\t\t\t\t\t<div class=\"elementor-column elementor-col-100 elementor-top-column elementor-element elementor-element-7b4b8ed5\" data-id=\"7b4b8ed5\" data-element_type=\"column\">\n\t\t\t<div class=\"elementor-widget-wrap elementor-element-populated\">\n\t\t\t\t\t\t<section class=\"elementor-section elementor-inner-section elementor-element elementor-element-716e8a65 elementor-section-boxed elementor-section-height-default elementor-section-height-default\" data-id=\"716e8a65\" data-element_type=\"section\">\n\t\t\t\t\t\t<div class=\"elementor-container elementor-column-gap-default\">\n\t\t\t\t\t<div class=\"elementor-column elementor-col-50 elementor-inner-column elementor-element elementor-element-1e2572a7\" data-id=\"1e2572a7\" data-element_type=\"column\">\n\t\t\t<div class=\"elementor-widget-wrap elementor-element-populated\">\n\t\t\t\t\t\t<div class=\"elementor-element elementor-element-60107359 elementor-widget elementor-widget-heading\" data-id=\"60107359\" data-element_type=\"widget\" data-widget_type=\"heading.default\">\n\t\t\t\t<div class=\"elementor-widget-container\">\n\t\t\t<h2 class=\"elementor-heading-title elementor-size-default\"><a href=\"https:\/\/www.levapack.com\/de\/produktartikel\/flussigkeitsabfullmaschine\/\">Abf\u00fcllmaschine f\u00fcr Fl\u00fcssigkeiten<\/a><\/h2>\t\t<\/div>\n\t\t\t\t<\/div>\n\t\t\t\t<div class=\"elementor-element elementor-element-77782e33 elementor-widget-divider--view-line elementor-widget elementor-widget-divider\" data-id=\"77782e33\" data-element_type=\"widget\" data-widget_type=\"divider.default\">\n\t\t\t\t<div class=\"elementor-widget-container\">\n\t\t\t\t\t<div class=\"elementor-divider\">\n\t\t\t<span class=\"elementor-divider-separator\">\n\t\t\t\t\t\t<\/span>\n\t\t<\/div>\n\t\t\t\t<\/div>\n\t\t\t\t<\/div>\n\t\t\t\t<div class=\"elementor-element elementor-element-70bb14d2 elementor-widget elementor-widget-text-editor\" data-id=\"70bb14d2\" data-element_type=\"widget\" data-widget_type=\"text-editor.default\">\n\t\t\t\t<div class=\"elementor-widget-container\">\n\t\t\t\t\t\t\t<p class=\"ql-long-22683834\"><span class=\"ql-author-22683834\">Als professioneller Hersteller von Fl\u00fcssigkeitsabf\u00fcllmaschinen bieten wir auch diese automatische Abf\u00fcllmaschine aus korrosionsbest\u00e4ndigem Edelstahl an. Die perfekte Dosen- und Flaschenabf\u00fcllmaschine f\u00fcr die Getr\u00e4nkeindustrie.<\/span><\/p><ul class=\"circle-list\"><li>Modell: LPE-LFM006<\/li><li>Diese Fl\u00fcssigkeitsabf\u00fcllmaschine verf\u00fcgt \u00fcber 6 volumetrische D\u00fcsen f\u00fcr eine effiziente und pr\u00e4zise Verpackung.<\/li><li>Geeignet zum Abf\u00fcllen von Getr\u00e4nken und anderen frei flie\u00dfenden Fl\u00fcssigkeiten ohne Kohlens\u00e4ure in runde Dosen aus Blech, Aluminium und PET.<\/li><li>Durch den Einsatz von Automatisierungstechnik, SPS, Sensoren und pneumatischen Komponenten ist die Maschine effizient, intelligent, anpassungsf\u00e4hig und sehr stabil.<\/li><\/ul><p>\u00a0<\/p>\t\t\t\t\t\t<\/div>\n\t\t\t\t<\/div>\n\t\t\t\t<div class=\"elementor-element elementor-element-672b5beb elementor-widget__width-initial quote-btn elementor-widget elementor-widget-button\" data-id=\"672b5beb\" data-element_type=\"widget\" data-widget_type=\"button.default\">\n\t\t\t\t<div class=\"elementor-widget-container\">\n\t\t\t\t\t<div class=\"elementor-button-wrapper\">\n\t\t\t<a class=\"elementor-button elementor-button-link elementor-size-sm\" href=\"#elementor-action%3Aaction%3Dpopup%3Aopen%26settings%3DeyJpZCI6IjExMjMiLCJ0b2dnbGUiOmZhbHNlfQ%3D%3D\" rel=\"nofollow\">\n\t\t\t\t\t\t<span class=\"elementor-button-content-wrapper\">\n\t\t\t\t\t\t\t\t\t<span class=\"elementor-button-text\">Anfrage<\/span>\n\t\t\t\t\t<\/span>\n\t\t\t\t\t<\/a>\n\t\t<\/div>\n\t\t\t\t<\/div>\n\t\t\t\t<\/div>\n\t\t\t\t<div class=\"elementor-element elementor-element-35bca424 elementor-widget__width-auto elementor-widget elementor-widget-button\" data-id=\"35bca424\" data-element_type=\"widget\" data-widget_type=\"button.default\">\n\t\t\t\t<div class=\"elementor-widget-container\">\n\t\t\t\t\t<div class=\"elementor-button-wrapper\">\n\t\t\t<a class=\"elementor-button elementor-button-link elementor-size-sm\" href=\"https:\/\/www.levapack.com\/de\/produktartikel\/flussigkeitsabfullmaschine\/\">\n\t\t\t\t\t\t<span class=\"elementor-button-content-wrapper\">\n\t\t\t\t\t\t\t\t\t<span class=\"elementor-button-text\">Mehr sehen<\/span>\n\t\t\t\t\t<\/span>\n\t\t\t\t\t<\/a>\n\t\t<\/div>\n\t\t\t\t<\/div>\n\t\t\t\t<\/div>\n\t\t\t\t\t<\/div>\n\t\t<\/div>\n\t\t\t\t<div class=\"elementor-column elementor-col-50 elementor-inner-column elementor-element elementor-element-781cad9a\" data-id=\"781cad9a\" data-element_type=\"column\">\n\t\t\t<div class=\"elementor-widget-wrap elementor-element-populated\">\n\t\t\t\t\t\t<div class=\"elementor-element elementor-element-539f721b elementor-widget elementor-widget-image\" data-id=\"539f721b\" data-element_type=\"widget\" data-widget_type=\"image.default\">\n\t\t\t\t<div class=\"elementor-widget-container\">\n\t\t\t\t\t\t\t\t\t\t\t\t\t\t<a href=\"https:\/\/www.levapack.com\/de\/produktartikel\/flussigkeitsabfullmaschine\/\">\n\t\t\t\t\t\t\t<img decoding=\"async\" width=\"579\" height=\"465\" src=\"https:\/\/www.levapack.com\/wp-content\/uploads\/2020\/02\/Liquid-filling-machine.jpg\" class=\"attachment-large size-large wp-image-1114\" alt=\"Abf\u00fcllmaschine f\u00fcr Fl\u00fcssigkeiten\" srcset=\"https:\/\/www.levapack.com\/wp-content\/uploads\/2020\/02\/Liquid-filling-machine.jpg 579w, https:\/\/www.levapack.com\/wp-content\/uploads\/2020\/02\/Liquid-filling-machine-300x241.jpg 300w, https:\/\/www.levapack.com\/wp-content\/uploads\/2020\/02\/Liquid-filling-machine-182x146.jpg 182w, https:\/\/www.levapack.com\/wp-content\/uploads\/2020\/02\/Liquid-filling-machine-50x40.jpg 50w, https:\/\/www.levapack.com\/wp-content\/uploads\/2020\/02\/Liquid-filling-machine-93x75.jpg 93w\" sizes=\"(max-width: 579px) 100vw, 579px\" \/>\t\t\t\t\t\t\t\t<\/a>\n\t\t\t\t\t\t\t\t\t\t\t\t\t<\/div>\n\t\t\t\t<\/div>\n\t\t\t\t\t<\/div>\n\t\t<\/div>\n\t\t\t\t\t<\/div>\n\t\t<\/section>\n\t\t\t\t\t<\/div>\n\t\t<\/div>\n\t\t\t\t\t<\/div>\n\t\t<\/section>\n\t\t\t\t<section class=\"elementor-section elementor-top-section elementor-element elementor-element-3159334a elementor-section-stretched elementor-section-full_width elementor-section-height-default elementor-section-height-default\" data-id=\"3159334a\" data-element_type=\"section\" data-settings=\"{&quot;stretch_section&quot;:&quot;section-stretched&quot;,&quot;background_background&quot;:&quot;classic&quot;}\">\n\t\t\t\t\t\t<div class=\"elementor-container elementor-column-gap-default\">\n\t\t\t\t\t<div class=\"elementor-column elementor-col-100 elementor-top-column elementor-element elementor-element-30450dae\" data-id=\"30450dae\" data-element_type=\"column\">\n\t\t\t<div class=\"elementor-widget-wrap elementor-element-populated\">\n\t\t\t\t\t\t<section class=\"elementor-section elementor-inner-section elementor-element elementor-element-23617e6 elementor-section-boxed elementor-section-height-default elementor-section-height-default\" data-id=\"23617e6\" data-element_type=\"section\">\n\t\t\t\t\t\t<div class=\"elementor-container elementor-column-gap-default\">\n\t\t\t\t\t<div class=\"elementor-column elementor-col-50 elementor-inner-column elementor-element elementor-element-33419439\" data-id=\"33419439\" data-element_type=\"column\">\n\t\t\t<div class=\"elementor-widget-wrap elementor-element-populated\">\n\t\t\t\t\t\t<div class=\"elementor-element elementor-element-36d62357 elementor-widget elementor-widget-image\" data-id=\"36d62357\" data-element_type=\"widget\" data-widget_type=\"image.default\">\n\t\t\t\t<div class=\"elementor-widget-container\">\n\t\t\t\t\t\t\t\t\t\t\t\t\t\t<a href=\"https:\/\/www.levapack.com\/de\/produktartikel\/abfullmaschine-fur-viskose-flussigkeiten\/\">\n\t\t\t\t\t\t\t<img decoding=\"async\" width=\"579\" height=\"465\" src=\"https:\/\/www.levapack.com\/wp-content\/uploads\/2020\/02\/Viscous-liquid-filling-machine.jpg\" class=\"attachment-large size-large wp-image-1115\" alt=\"Abf\u00fcllmaschine f\u00fcr viskose Fl\u00fcssigkeiten\" srcset=\"https:\/\/www.levapack.com\/wp-content\/uploads\/2020\/02\/Viscous-liquid-filling-machine.jpg 579w, https:\/\/www.levapack.com\/wp-content\/uploads\/2020\/02\/Viscous-liquid-filling-machine-300x241.jpg 300w, https:\/\/www.levapack.com\/wp-content\/uploads\/2020\/02\/Viscous-liquid-filling-machine-182x146.jpg 182w, https:\/\/www.levapack.com\/wp-content\/uploads\/2020\/02\/Viscous-liquid-filling-machine-50x40.jpg 50w, https:\/\/www.levapack.com\/wp-content\/uploads\/2020\/02\/Viscous-liquid-filling-machine-93x75.jpg 93w\" sizes=\"(max-width: 579px) 100vw, 579px\" \/>\t\t\t\t\t\t\t\t<\/a>\n\t\t\t\t\t\t\t\t\t\t\t\t\t<\/div>\n\t\t\t\t<\/div>\n\t\t\t\t\t<\/div>\n\t\t<\/div>\n\t\t\t\t<div class=\"elementor-column elementor-col-50 elementor-inner-column elementor-element elementor-element-4bf1cafc\" data-id=\"4bf1cafc\" data-element_type=\"column\">\n\t\t\t<div class=\"elementor-widget-wrap elementor-element-populated\">\n\t\t\t\t\t\t<div class=\"elementor-element elementor-element-d7d0250 elementor-widget elementor-widget-heading\" data-id=\"d7d0250\" data-element_type=\"widget\" data-widget_type=\"heading.default\">\n\t\t\t\t<div class=\"elementor-widget-container\">\n\t\t\t<h2 class=\"elementor-heading-title elementor-size-default\"><a href=\"https:\/\/www.levapack.com\/de\/produktartikel\/abfullmaschine-fur-viskose-flussigkeiten\/\">Abf\u00fcllmaschine f\u00fcr viskose Fl\u00fcssigkeiten<\/a><\/h2>\t\t<\/div>\n\t\t\t\t<\/div>\n\t\t\t\t<div class=\"elementor-element elementor-element-53291e8d elementor-widget-divider--view-line elementor-widget elementor-widget-divider\" data-id=\"53291e8d\" data-element_type=\"widget\" data-widget_type=\"divider.default\">\n\t\t\t\t<div class=\"elementor-widget-container\">\n\t\t\t\t\t<div class=\"elementor-divider\">\n\t\t\t<span class=\"elementor-divider-separator\">\n\t\t\t\t\t\t<\/span>\n\t\t<\/div>\n\t\t\t\t<\/div>\n\t\t\t\t<\/div>\n\t\t\t\t<div class=\"elementor-element elementor-element-438cb9eb elementor-widget elementor-widget-text-editor\" data-id=\"438cb9eb\" data-element_type=\"widget\" data-widget_type=\"text-editor.default\">\n\t\t\t\t<div class=\"elementor-widget-container\">\n\t\t\t\t\t\t\t<p class=\"ql-long-22683834\"><span class=\"ql-author-22683834\">Die Fl\u00fcssigkeitsabf\u00fcllmaschine, die die beste Leistung f\u00fcr spezielle Fl\u00fcssigkeiten hat. Weit verbreitet in der Lebensmittel-, Speise\u00f6l-, Medizin-, t\u00e4gliche Chemikalien, Pestizide und andere Industrien.<\/span><\/p><ul class=\"circle-list\"><li>Modell: LPE-VFM006<\/li><li>Kolbenf\u00fcllung, Kolbenzylinder mit verschlei\u00dfarmem Dosierzylinder, langlebige selbstkompensierende Kolbendichtung, lebenslang wartungsfrei.<\/li><li>Importierte SPS mit Mensch-Maschine-Schnittstelle, geeignet f\u00fcr die Abf\u00fcllung verschiedener Viskosit\u00e4tsprodukte von Wasser bis Sahne, weit verbreitet in Tomatenmark, Chilisauce, Fleischsauce, Honig und anderen past\u00f6sen Materialien und Materialien mit schlechter Flie\u00dff\u00e4higkeit.<\/li><\/ul><p class=\"ql-long-22683834\">\u00a0<\/p>\t\t\t\t\t\t<\/div>\n\t\t\t\t<\/div>\n\t\t\t\t<div class=\"elementor-element elementor-element-71d0a137 elementor-widget__width-initial quote-btn elementor-widget elementor-widget-button\" data-id=\"71d0a137\" data-element_type=\"widget\" data-widget_type=\"button.default\">\n\t\t\t\t<div class=\"elementor-widget-container\">\n\t\t\t\t\t<div class=\"elementor-button-wrapper\">\n\t\t\t<a class=\"elementor-button elementor-button-link elementor-size-sm\" href=\"#elementor-action%3Aaction%3Dpopup%3Aopen%26settings%3DeyJpZCI6IjExMjMiLCJ0b2dnbGUiOmZhbHNlfQ%3D%3D\" rel=\"nofollow\">\n\t\t\t\t\t\t<span class=\"elementor-button-content-wrapper\">\n\t\t\t\t\t\t\t\t\t<span class=\"elementor-button-text\">Anfrage<\/span>\n\t\t\t\t\t<\/span>\n\t\t\t\t\t<\/a>\n\t\t<\/div>\n\t\t\t\t<\/div>\n\t\t\t\t<\/div>\n\t\t\t\t<div class=\"elementor-element elementor-element-53a5b01e elementor-widget__width-auto elementor-widget elementor-widget-button\" data-id=\"53a5b01e\" data-element_type=\"widget\" data-widget_type=\"button.default\">\n\t\t\t\t<div class=\"elementor-widget-container\">\n\t\t\t\t\t<div class=\"elementor-button-wrapper\">\n\t\t\t<a class=\"elementor-button elementor-button-link elementor-size-sm\" href=\"https:\/\/www.levapack.com\/de\/produktartikel\/abfullmaschine-fur-viskose-flussigkeiten\/\">\n\t\t\t\t\t\t<span class=\"elementor-button-content-wrapper\">\n\t\t\t\t\t\t\t\t\t<span class=\"elementor-button-text\">Mehr sehen<\/span>\n\t\t\t\t\t<\/span>\n\t\t\t\t\t<\/a>\n\t\t<\/div>\n\t\t\t\t<\/div>\n\t\t\t\t<\/div>\n\t\t\t\t\t<\/div>\n\t\t<\/div>\n\t\t\t\t\t<\/div>\n\t\t<\/section>\n\t\t\t\t\t<\/div>\n\t\t<\/div>\n\t\t\t\t\t<\/div>\n\t\t<\/section>\n\t\t\t\t<\/div>","protected":false},"excerpt":{"rendered":"<p>So\u00dfenabf\u00fcllmaschine Angebot anfordern &gt; Home So\u00dfenabf\u00fcllmaschine in Levapack So\u00dfen k\u00f6nnen je nach den f\u00fcr die Herstellung verwendeten Zutaten in verschiedenen Viskosit\u00e4ten vorliegen<span class=\"excerpt-hellip\"> [...]<\/span><\/p>","protected":false},"author":1,"featured_media":0,"parent":0,"menu_order":0,"comment_status":"closed","ping_status":"closed","template":"","meta":{"_seopress_robots_primary_cat":"","_seopress_titles_title":"Sauce Filling Maichine, Sause Packaging Machine - Levapack","_seopress_titles_desc":"Looking for Sauce filling maichine for your applications? Levapack supplies the best can filling machines for sale. Choose the right one for you!","_seopress_robots_index":"","footnotes":""},"class_list":["post-1394","page","type-page","status-publish","hentry"],"acf":[],"_links":{"self":[{"href":"https:\/\/www.levapack.com\/de\/wp-json\/wp\/v2\/pages\/1394","targetHints":{"allow":["GET"]}}],"collection":[{"href":"https:\/\/www.levapack.com\/de\/wp-json\/wp\/v2\/pages"}],"about":[{"href":"https:\/\/www.levapack.com\/de\/wp-json\/wp\/v2\/types\/page"}],"author":[{"embeddable":true,"href":"https:\/\/www.levapack.com\/de\/wp-json\/wp\/v2\/users\/1"}],"replies":[{"embeddable":true,"href":"https:\/\/www.levapack.com\/de\/wp-json\/wp\/v2\/comments?post=1394"}],"version-history":[{"count":12,"href":"https:\/\/www.levapack.com\/de\/wp-json\/wp\/v2\/pages\/1394\/revisions"}],"predecessor-version":[{"id":11862,"href":"https:\/\/www.levapack.com\/de\/wp-json\/wp\/v2\/pages\/1394\/revisions\/11862"}],"wp:attachment":[{"href":"https:\/\/www.levapack.com\/de\/wp-json\/wp\/v2\/media?parent=1394"}],"curies":[{"name":"wp","href":"https:\/\/api.w.org\/{rel}","templated":true}]}}