{"id":1386,"date":"2020-02-19T01:02:12","date_gmt":"2020-02-19T01:02:12","guid":{"rendered":"https:\/\/www.levapack.com\/?page_id=1386"},"modified":"2022-10-11T14:05:48","modified_gmt":"2022-10-11T14:05:48","slug":"olfullmaschine","status":"publish","type":"page","link":"https:\/\/www.levapack.com\/de\/olfullmaschine\/","title":{"rendered":"\u00d6l-Abf\u00fcllmaschine"},"content":{"rendered":"<div data-elementor-type=\"wp-page\" data-elementor-id=\"1386\" class=\"elementor elementor-1386\" data-elementor-post-type=\"page\">\n\t\t\t\t\t\t<section class=\"elementor-section elementor-top-section elementor-element elementor-element-1198662f elementor-section-stretched elementor-section-full_width elementor-section-height-min-height elementor-section-height-default elementor-section-items-middle\" data-id=\"1198662f\" data-element_type=\"section\" data-settings=\"{&quot;stretch_section&quot;:&quot;section-stretched&quot;,&quot;background_background&quot;:&quot;slideshow&quot;,&quot;background_slideshow_gallery&quot;:[{&quot;id&quot;:888,&quot;url&quot;:&quot;https:\\\/\\\/www.levapack.com\\\/wp-content\\\/uploads\\\/2020\\\/01\\\/359099cbad1234a8dcee2c681d24807.jpg&quot;}],&quot;background_slideshow_loop&quot;:&quot;yes&quot;,&quot;background_slideshow_slide_duration&quot;:5000,&quot;background_slideshow_slide_transition&quot;:&quot;fade&quot;,&quot;background_slideshow_transition_duration&quot;:500}\">\n\t\t\t\t\t\t<div class=\"elementor-container elementor-column-gap-default\">\n\t\t\t\t\t<div class=\"elementor-column elementor-col-100 elementor-top-column elementor-element elementor-element-2db506d5\" data-id=\"2db506d5\" data-element_type=\"column\">\n\t\t\t<div class=\"elementor-widget-wrap elementor-element-populated\">\n\t\t\t\t\t\t<section class=\"elementor-section elementor-inner-section elementor-element elementor-element-1bde95b0 elementor-section-full_width elementor-section-height-default elementor-section-height-default\" data-id=\"1bde95b0\" data-element_type=\"section\">\n\t\t\t\t\t\t<div class=\"elementor-container elementor-column-gap-default\">\n\t\t\t\t\t<div class=\"elementor-column elementor-col-50 elementor-inner-column elementor-element elementor-element-7021fcc7\" data-id=\"7021fcc7\" data-element_type=\"column\">\n\t\t\t<div class=\"elementor-widget-wrap elementor-element-populated\">\n\t\t\t\t\t\t<div class=\"elementor-element elementor-element-cc51034 elementor-widget elementor-widget-heading\" data-id=\"cc51034\" data-element_type=\"widget\" data-widget_type=\"heading.default\">\n\t\t\t\t<div class=\"elementor-widget-container\">\n\t\t\t<h1 class=\"elementor-heading-title elementor-size-default\">\u00d6l-Abf\u00fcllmaschine<\/h1>\t\t<\/div>\n\t\t\t\t<\/div>\n\t\t\t\t\t<\/div>\n\t\t<\/div>\n\t\t\t\t<div class=\"elementor-column elementor-col-50 elementor-inner-column elementor-element elementor-element-4a572ef1\" data-id=\"4a572ef1\" data-element_type=\"column\">\n\t\t\t<div class=\"elementor-widget-wrap elementor-element-populated\">\n\t\t\t\t\t\t<div class=\"elementor-element elementor-element-36d71ed1 elementor-align-justify elementor-widget__width-initial quote-btn elementor-widget elementor-widget-button\" data-id=\"36d71ed1\" data-element_type=\"widget\" data-widget_type=\"button.default\">\n\t\t\t\t<div class=\"elementor-widget-container\">\n\t\t\t\t\t<div class=\"elementor-button-wrapper\">\n\t\t\t<a class=\"elementor-button elementor-button-link elementor-size-md\" href=\"#elementor-action%3Aaction%3Dpopup%3Aopen%26settings%3DeyJpZCI6IjExMjQiLCJ0b2dnbGUiOmZhbHNlfQ%3D%3D\" rel=\"nofollow\">\n\t\t\t\t\t\t<span class=\"elementor-button-content-wrapper\">\n\t\t\t\t\t\t\t\t\t<span class=\"elementor-button-text\"><b> Angebot anfordern &gt; <\/b><\/span>\n\t\t\t\t\t<\/span>\n\t\t\t\t\t<\/a>\n\t\t<\/div>\n\t\t\t\t<\/div>\n\t\t\t\t<\/div>\n\t\t\t\t\t<\/div>\n\t\t<\/div>\n\t\t\t\t\t<\/div>\n\t\t<\/section>\n\t\t\t\t\t<\/div>\n\t\t<\/div>\n\t\t\t\t\t<\/div>\n\t\t<\/section>\n\t\t\t\t<section class=\"elementor-section elementor-top-section elementor-element elementor-element-14cf52b7 elementor-section-boxed elementor-section-height-default elementor-section-height-default\" data-id=\"14cf52b7\" data-element_type=\"section\">\n\t\t\t\t\t\t<div class=\"elementor-container elementor-column-gap-default\">\n\t\t\t\t\t<div class=\"elementor-column elementor-col-100 elementor-top-column elementor-element elementor-element-25f045b7\" data-id=\"25f045b7\" data-element_type=\"column\">\n\t\t\t<div class=\"elementor-widget-wrap elementor-element-populated\">\n\t\t\t\t\t\t<div class=\"elementor-element elementor-element-79328e95 elementor-widget elementor-widget-heading\" data-id=\"79328e95\" data-element_type=\"widget\" data-widget_type=\"heading.default\">\n\t\t\t\t<div class=\"elementor-widget-container\">\n\t\t\t<h2 class=\"elementor-heading-title elementor-size-default\">\u00d6l-Abf\u00fcllmaschine in Levapack<\/h2>\t\t<\/div>\n\t\t\t\t<\/div>\n\t\t\t\t<div class=\"elementor-element elementor-element-2352b3e7 elementor-widget-divider--view-line elementor-widget elementor-widget-divider\" data-id=\"2352b3e7\" data-element_type=\"widget\" data-widget_type=\"divider.default\">\n\t\t\t\t<div class=\"elementor-widget-container\">\n\t\t\t\t\t<div class=\"elementor-divider\">\n\t\t\t<span class=\"elementor-divider-separator\">\n\t\t\t\t\t\t<\/span>\n\t\t<\/div>\n\t\t\t\t<\/div>\n\t\t\t\t<\/div>\n\t\t\t\t<div class=\"elementor-element elementor-element-592dda7d elementor-widget elementor-widget-text-editor\" data-id=\"592dda7d\" data-element_type=\"widget\" data-widget_type=\"text-editor.default\">\n\t\t\t\t<div class=\"elementor-widget-container\">\n\t\t\t\t\t\t\t<p><style type=\"text\/css\"><!--td {border: 1px solid #ccc;}br {mso-data-placement:same-cell;}--><\/style><\/p><p><span data-sheets-value=\"{\" data-sheets-userformat=\"{\">Die Verwendung von Dosen in verschiedenen Verpackungsindustrien hat an Beliebtheit zugenommen, von Lebensmitteln und Getr\u00e4nken \u00fcber Arzneimittel bis hin zu Chemikalien. Das gilt auch f\u00fcr die \u00d6lverpackungsindustrie. \u00d6le sind viskose Fl\u00fcssigkeiten und erfordern eine spezielle Verpackungsmaschine, die den vielf\u00e4ltigen Anforderungen an die Verpackung viskoser Fl\u00fcssigkeiten gerecht werden kann.<br \/><\/span><\/p><p><span data-sheets-value=\"{\" data-sheets-userformat=\"{\">Wir sind ein f\u00fchrender Hersteller von Verpackungsl\u00f6sungen in China, <a href=\"https:\/\/www.levapack.com\/de\/\">Levapack<\/a> ist ein Unternehmen, das <a href=\"https:\/\/www.levapack.com\/de\/produktkategorie\/dosenabfullmaschinen\/\">Dosenabf\u00fcllmaschinen<\/a> f\u00fcr \u00d6l, die durch Genauigkeit, schnelle Produktionskapazit\u00e4ten und einfachere Kontrolle p\u00fcnktliche Lieferungen gew\u00e4hrleisten. Unsere erschwinglichen und anpassbaren <a href=\"https:\/\/www.levapack.com\/de\/produktkategorie\/dosenverschliesmaschinen-2\/\">Verpackungsmaschinen zum Verkauf<\/a> sind ideal f\u00fcr die Verpackung von Speise\u00f6len, Schmier\u00f6len und anderen Fl\u00fcssigkeiten auf \u00d6lbasis.<br \/>Wir verf\u00fcgen \u00fcber Kolbenabf\u00fcllmaschinen f\u00fcr Fl\u00fcssigkeiten, die den Herausforderungen der Verpackung viskoser Fl\u00fcssigkeiten wie Ihrer \u00d6lprodukte gewachsen sind. Mit einem Touchscreen <\/span><\/p><p><span data-sheets-value=\"{\" data-sheets-userformat=\"{\">PLC-Steuerung und selbstkompensierender Kolbendichtung stellen wir sicher, dass Sie wartungsfreie Maschinen erhalten, die eine l\u00e4ngere Lebensdauer haben. W\u00e4hlen Sie Levapack's <a href=\"https:\/\/www.levapack.com\/de\/produktkategorie\/dosenverschliesmaschinen\/\">innovative Verpackungsmaschinen\u00a0<\/a>um Ihre Produktionslinien effizient zu rationalisieren. Wenden Sie sich jetzt an uns und erhalten Sie Ihre ideale Verpackungsl\u00f6sung!<br \/><\/span><\/p>\t\t\t\t\t\t<\/div>\n\t\t\t\t<\/div>\n\t\t\t\t\t<\/div>\n\t\t<\/div>\n\t\t\t\t\t<\/div>\n\t\t<\/section>\n\t\t\t\t<section class=\"elementor-section elementor-top-section elementor-element elementor-element-8e485ec elementor-section-stretched elementor-section-full_width elementor-section-height-default elementor-section-height-default\" data-id=\"8e485ec\" data-element_type=\"section\" data-settings=\"{&quot;stretch_section&quot;:&quot;section-stretched&quot;,&quot;background_background&quot;:&quot;classic&quot;}\">\n\t\t\t\t\t\t<div class=\"elementor-container elementor-column-gap-default\">\n\t\t\t\t\t<div class=\"elementor-column elementor-col-100 elementor-top-column elementor-element elementor-element-543b1952\" data-id=\"543b1952\" data-element_type=\"column\">\n\t\t\t<div class=\"elementor-widget-wrap elementor-element-populated\">\n\t\t\t\t\t\t<section class=\"elementor-section elementor-inner-section elementor-element elementor-element-be62e87 elementor-section-boxed elementor-section-height-default elementor-section-height-default\" data-id=\"be62e87\" data-element_type=\"section\">\n\t\t\t\t\t\t<div class=\"elementor-container elementor-column-gap-default\">\n\t\t\t\t\t<div class=\"elementor-column elementor-col-50 elementor-inner-column elementor-element elementor-element-1301cc94\" data-id=\"1301cc94\" data-element_type=\"column\">\n\t\t\t<div class=\"elementor-widget-wrap elementor-element-populated\">\n\t\t\t\t\t\t<div class=\"elementor-element elementor-element-c120734 elementor-widget elementor-widget-heading\" data-id=\"c120734\" data-element_type=\"widget\" data-widget_type=\"heading.default\">\n\t\t\t\t<div class=\"elementor-widget-container\">\n\t\t\t<h2 class=\"elementor-heading-title elementor-size-default\"><a href=\"https:\/\/www.levapack.com\/de\/produktartikel\/flussigkeitsabfullmaschine\/\">Abf\u00fcllmaschine f\u00fcr Fl\u00fcssigkeiten<\/a><\/h2>\t\t<\/div>\n\t\t\t\t<\/div>\n\t\t\t\t<div class=\"elementor-element elementor-element-70c1faae elementor-widget-divider--view-line elementor-widget elementor-widget-divider\" data-id=\"70c1faae\" data-element_type=\"widget\" data-widget_type=\"divider.default\">\n\t\t\t\t<div class=\"elementor-widget-container\">\n\t\t\t\t\t<div class=\"elementor-divider\">\n\t\t\t<span class=\"elementor-divider-separator\">\n\t\t\t\t\t\t<\/span>\n\t\t<\/div>\n\t\t\t\t<\/div>\n\t\t\t\t<\/div>\n\t\t\t\t<div class=\"elementor-element elementor-element-6fb671f9 elementor-widget elementor-widget-text-editor\" data-id=\"6fb671f9\" data-element_type=\"widget\" data-widget_type=\"text-editor.default\">\n\t\t\t\t<div class=\"elementor-widget-container\">\n\t\t\t\t\t\t\t<p class=\"ql-long-22683834\"><span class=\"ql-author-22683834\">Als professioneller Hersteller von Fl\u00fcssigkeitsabf\u00fcllmaschinen bieten wir auch diese automatische Abf\u00fcllmaschine aus korrosionsbest\u00e4ndigem Edelstahl an. Die perfekte Dosen- und Flaschenabf\u00fcllmaschine f\u00fcr die Getr\u00e4nkeindustrie.<\/span><\/p><ul class=\"circle-list\"><li>Modell: LPE-LFM006<\/li><li>Diese Fl\u00fcssigkeitsabf\u00fcllmaschine verf\u00fcgt \u00fcber 6 volumetrische D\u00fcsen f\u00fcr eine effiziente und pr\u00e4zise Verpackung.<\/li><li>Geeignet zum Abf\u00fcllen von Getr\u00e4nken und anderen frei flie\u00dfenden Fl\u00fcssigkeiten ohne Kohlens\u00e4ure in runde Dosen aus Blech, Aluminium und PET.<\/li><li>Durch den Einsatz von Automatisierungstechnik, SPS, Sensoren und pneumatischen Komponenten ist die Maschine effizient, intelligent, anpassungsf\u00e4hig und sehr stabil.<\/li><\/ul><p>\u00a0<\/p>\t\t\t\t\t\t<\/div>\n\t\t\t\t<\/div>\n\t\t\t\t<div class=\"elementor-element elementor-element-3d41fbb4 elementor-widget__width-initial quote-btn elementor-widget elementor-widget-button\" data-id=\"3d41fbb4\" data-element_type=\"widget\" data-widget_type=\"button.default\">\n\t\t\t\t<div class=\"elementor-widget-container\">\n\t\t\t\t\t<div class=\"elementor-button-wrapper\">\n\t\t\t<a class=\"elementor-button elementor-button-link elementor-size-sm\" href=\"#elementor-action%3Aaction%3Dpopup%3Aopen%26settings%3DeyJpZCI6IjExMjMiLCJ0b2dnbGUiOmZhbHNlfQ%3D%3D\" rel=\"nofollow\">\n\t\t\t\t\t\t<span class=\"elementor-button-content-wrapper\">\n\t\t\t\t\t\t\t\t\t<span class=\"elementor-button-text\">Anfrage<\/span>\n\t\t\t\t\t<\/span>\n\t\t\t\t\t<\/a>\n\t\t<\/div>\n\t\t\t\t<\/div>\n\t\t\t\t<\/div>\n\t\t\t\t<div class=\"elementor-element elementor-element-457a9623 elementor-widget__width-auto elementor-widget elementor-widget-button\" data-id=\"457a9623\" data-element_type=\"widget\" data-widget_type=\"button.default\">\n\t\t\t\t<div class=\"elementor-widget-container\">\n\t\t\t\t\t<div class=\"elementor-button-wrapper\">\n\t\t\t<a class=\"elementor-button elementor-button-link elementor-size-sm\" href=\"https:\/\/www.levapack.com\/de\/produktartikel\/flussigkeitsabfullmaschine\/\">\n\t\t\t\t\t\t<span class=\"elementor-button-content-wrapper\">\n\t\t\t\t\t\t\t\t\t<span class=\"elementor-button-text\">Mehr sehen<\/span>\n\t\t\t\t\t<\/span>\n\t\t\t\t\t<\/a>\n\t\t<\/div>\n\t\t\t\t<\/div>\n\t\t\t\t<\/div>\n\t\t\t\t\t<\/div>\n\t\t<\/div>\n\t\t\t\t<div class=\"elementor-column elementor-col-50 elementor-inner-column elementor-element elementor-element-45425eae\" data-id=\"45425eae\" data-element_type=\"column\">\n\t\t\t<div class=\"elementor-widget-wrap elementor-element-populated\">\n\t\t\t\t\t\t<div class=\"elementor-element elementor-element-520d8561 elementor-widget elementor-widget-image\" data-id=\"520d8561\" data-element_type=\"widget\" data-widget_type=\"image.default\">\n\t\t\t\t<div class=\"elementor-widget-container\">\n\t\t\t\t\t\t\t\t\t\t\t\t\t\t<a href=\"https:\/\/www.levapack.com\/de\/produktartikel\/flussigkeitsabfullmaschine\/\">\n\t\t\t\t\t\t\t<img fetchpriority=\"high\" decoding=\"async\" width=\"579\" height=\"465\" src=\"https:\/\/www.levapack.com\/wp-content\/uploads\/2020\/02\/Liquid-filling-machine.jpg\" class=\"attachment-large size-large wp-image-1114\" alt=\"Abf\u00fcllmaschine f\u00fcr Fl\u00fcssigkeiten\" srcset=\"https:\/\/www.levapack.com\/wp-content\/uploads\/2020\/02\/Liquid-filling-machine.jpg 579w, https:\/\/www.levapack.com\/wp-content\/uploads\/2020\/02\/Liquid-filling-machine-300x241.jpg 300w, https:\/\/www.levapack.com\/wp-content\/uploads\/2020\/02\/Liquid-filling-machine-182x146.jpg 182w, https:\/\/www.levapack.com\/wp-content\/uploads\/2020\/02\/Liquid-filling-machine-50x40.jpg 50w, https:\/\/www.levapack.com\/wp-content\/uploads\/2020\/02\/Liquid-filling-machine-93x75.jpg 93w\" sizes=\"(max-width: 579px) 100vw, 579px\" \/>\t\t\t\t\t\t\t\t<\/a>\n\t\t\t\t\t\t\t\t\t\t\t\t\t<\/div>\n\t\t\t\t<\/div>\n\t\t\t\t\t<\/div>\n\t\t<\/div>\n\t\t\t\t\t<\/div>\n\t\t<\/section>\n\t\t\t\t\t<\/div>\n\t\t<\/div>\n\t\t\t\t\t<\/div>\n\t\t<\/section>\n\t\t\t\t<section class=\"elementor-section elementor-top-section elementor-element elementor-element-123f645c elementor-section-stretched elementor-section-full_width elementor-section-height-default elementor-section-height-default\" data-id=\"123f645c\" data-element_type=\"section\" data-settings=\"{&quot;stretch_section&quot;:&quot;section-stretched&quot;,&quot;background_background&quot;:&quot;classic&quot;}\">\n\t\t\t\t\t\t<div class=\"elementor-container elementor-column-gap-default\">\n\t\t\t\t\t<div class=\"elementor-column elementor-col-100 elementor-top-column elementor-element elementor-element-228183c8\" data-id=\"228183c8\" data-element_type=\"column\">\n\t\t\t<div class=\"elementor-widget-wrap elementor-element-populated\">\n\t\t\t\t\t\t<section class=\"elementor-section elementor-inner-section elementor-element elementor-element-2ab34686 elementor-section-boxed elementor-section-height-default elementor-section-height-default\" data-id=\"2ab34686\" data-element_type=\"section\">\n\t\t\t\t\t\t<div class=\"elementor-container elementor-column-gap-default\">\n\t\t\t\t\t<div class=\"elementor-column elementor-col-50 elementor-inner-column elementor-element elementor-element-217ea6e7\" data-id=\"217ea6e7\" data-element_type=\"column\">\n\t\t\t<div class=\"elementor-widget-wrap elementor-element-populated\">\n\t\t\t\t\t\t<div class=\"elementor-element elementor-element-53c2a53 elementor-widget elementor-widget-image\" data-id=\"53c2a53\" data-element_type=\"widget\" data-widget_type=\"image.default\">\n\t\t\t\t<div class=\"elementor-widget-container\">\n\t\t\t\t\t\t\t\t\t\t\t\t\t\t<a href=\"https:\/\/www.levapack.com\/de\/produktartikel\/abfullmaschine-fur-viskose-flussigkeiten\/\">\n\t\t\t\t\t\t\t<img decoding=\"async\" width=\"579\" height=\"465\" src=\"https:\/\/www.levapack.com\/wp-content\/uploads\/2020\/02\/Viscous-liquid-filling-machine.jpg\" class=\"attachment-large size-large wp-image-1115\" alt=\"Abf\u00fcllmaschine f\u00fcr viskose Fl\u00fcssigkeiten\" srcset=\"https:\/\/www.levapack.com\/wp-content\/uploads\/2020\/02\/Viscous-liquid-filling-machine.jpg 579w, https:\/\/www.levapack.com\/wp-content\/uploads\/2020\/02\/Viscous-liquid-filling-machine-300x241.jpg 300w, https:\/\/www.levapack.com\/wp-content\/uploads\/2020\/02\/Viscous-liquid-filling-machine-182x146.jpg 182w, https:\/\/www.levapack.com\/wp-content\/uploads\/2020\/02\/Viscous-liquid-filling-machine-50x40.jpg 50w, https:\/\/www.levapack.com\/wp-content\/uploads\/2020\/02\/Viscous-liquid-filling-machine-93x75.jpg 93w\" sizes=\"(max-width: 579px) 100vw, 579px\" \/>\t\t\t\t\t\t\t\t<\/a>\n\t\t\t\t\t\t\t\t\t\t\t\t\t<\/div>\n\t\t\t\t<\/div>\n\t\t\t\t\t<\/div>\n\t\t<\/div>\n\t\t\t\t<div class=\"elementor-column elementor-col-50 elementor-inner-column elementor-element elementor-element-5ae6dbf1\" data-id=\"5ae6dbf1\" data-element_type=\"column\">\n\t\t\t<div class=\"elementor-widget-wrap elementor-element-populated\">\n\t\t\t\t\t\t<div class=\"elementor-element elementor-element-934906b elementor-widget elementor-widget-heading\" data-id=\"934906b\" data-element_type=\"widget\" data-widget_type=\"heading.default\">\n\t\t\t\t<div class=\"elementor-widget-container\">\n\t\t\t<h2 class=\"elementor-heading-title elementor-size-default\"><a href=\"https:\/\/www.levapack.com\/de\/produktartikel\/abfullmaschine-fur-viskose-flussigkeiten\/\">Abf\u00fcllmaschine f\u00fcr viskose Fl\u00fcssigkeiten<\/a><\/h2>\t\t<\/div>\n\t\t\t\t<\/div>\n\t\t\t\t<div class=\"elementor-element elementor-element-39c033e5 elementor-widget-divider--view-line elementor-widget elementor-widget-divider\" data-id=\"39c033e5\" data-element_type=\"widget\" data-widget_type=\"divider.default\">\n\t\t\t\t<div class=\"elementor-widget-container\">\n\t\t\t\t\t<div class=\"elementor-divider\">\n\t\t\t<span class=\"elementor-divider-separator\">\n\t\t\t\t\t\t<\/span>\n\t\t<\/div>\n\t\t\t\t<\/div>\n\t\t\t\t<\/div>\n\t\t\t\t<div class=\"elementor-element elementor-element-650880ee elementor-widget elementor-widget-text-editor\" data-id=\"650880ee\" data-element_type=\"widget\" data-widget_type=\"text-editor.default\">\n\t\t\t\t<div class=\"elementor-widget-container\">\n\t\t\t\t\t\t\t<p class=\"ql-long-22683834\"><span class=\"ql-author-22683834\">Die Fl\u00fcssigkeitsabf\u00fcllmaschine, die die beste Leistung f\u00fcr spezielle Fl\u00fcssigkeiten hat. Weit verbreitet in der Lebensmittel-, Speise\u00f6l-, Medizin-, t\u00e4gliche Chemikalien, Pestizide und andere Industrien.<\/span><\/p><ul class=\"circle-list\"><li>Modell: LPE-VFM006<\/li><li>Kolbenf\u00fcllung, Kolbenzylinder mit verschlei\u00dfarmem Dosierzylinder, langlebige selbstkompensierende Kolbendichtung, lebenslang wartungsfrei.<\/li><li>Importierte SPS mit Mensch-Maschine-Schnittstelle, geeignet f\u00fcr die Abf\u00fcllung verschiedener Viskosit\u00e4tsprodukte von Wasser bis Sahne, weit verbreitet in Tomatenmark, Chilisauce, Fleischsauce, Honig und anderen past\u00f6sen Materialien und Materialien mit schlechter Flie\u00dff\u00e4higkeit.<\/li><\/ul><p class=\"ql-long-22683834\">\u00a0<\/p>\t\t\t\t\t\t<\/div>\n\t\t\t\t<\/div>\n\t\t\t\t<div class=\"elementor-element elementor-element-7ec8b4b1 elementor-widget__width-initial quote-btn elementor-widget elementor-widget-button\" data-id=\"7ec8b4b1\" data-element_type=\"widget\" data-widget_type=\"button.default\">\n\t\t\t\t<div class=\"elementor-widget-container\">\n\t\t\t\t\t<div class=\"elementor-button-wrapper\">\n\t\t\t<a class=\"elementor-button elementor-button-link elementor-size-sm\" href=\"#elementor-action%3Aaction%3Dpopup%3Aopen%26settings%3DeyJpZCI6IjExMjMiLCJ0b2dnbGUiOmZhbHNlfQ%3D%3D\" rel=\"nofollow\">\n\t\t\t\t\t\t<span class=\"elementor-button-content-wrapper\">\n\t\t\t\t\t\t\t\t\t<span class=\"elementor-button-text\">Anfrage<\/span>\n\t\t\t\t\t<\/span>\n\t\t\t\t\t<\/a>\n\t\t<\/div>\n\t\t\t\t<\/div>\n\t\t\t\t<\/div>\n\t\t\t\t<div class=\"elementor-element elementor-element-24c443a7 elementor-widget__width-auto elementor-widget elementor-widget-button\" data-id=\"24c443a7\" data-element_type=\"widget\" data-widget_type=\"button.default\">\n\t\t\t\t<div class=\"elementor-widget-container\">\n\t\t\t\t\t<div class=\"elementor-button-wrapper\">\n\t\t\t<a class=\"elementor-button elementor-button-link elementor-size-sm\" href=\"https:\/\/www.levapack.com\/de\/produktartikel\/abfullmaschine-fur-viskose-flussigkeiten\/\">\n\t\t\t\t\t\t<span class=\"elementor-button-content-wrapper\">\n\t\t\t\t\t\t\t\t\t<span class=\"elementor-button-text\">Mehr sehen<\/span>\n\t\t\t\t\t<\/span>\n\t\t\t\t\t<\/a>\n\t\t<\/div>\n\t\t\t\t<\/div>\n\t\t\t\t<\/div>\n\t\t\t\t\t<\/div>\n\t\t<\/div>\n\t\t\t\t\t<\/div>\n\t\t<\/section>\n\t\t\t\t\t<\/div>\n\t\t<\/div>\n\t\t\t\t\t<\/div>\n\t\t<\/section>\n\t\t\t\t<\/div>","protected":false},"excerpt":{"rendered":"<p>\u00d6labf\u00fcllmaschine Angebot anfordern &gt; Home \u00d6labf\u00fcllmaschine in Levapack Die Verwendung von Dosen in verschiedenen Verpackungsindustrien hat an Beliebtheit zugenommen<span class=\"excerpt-hellip\"> [...]<\/span><\/p>","protected":false},"author":1,"featured_media":0,"parent":0,"menu_order":0,"comment_status":"closed","ping_status":"closed","template":"","meta":{"_seopress_robots_primary_cat":"","_seopress_titles_title":"Oil Filling Machine, Oil Packaging Machine Manufacturer - Levapack","_seopress_titles_desc":"Looking for Oil filling machine for your applications? Levapack supplies the best filling machines for sale. Choose the right one for you!","_seopress_robots_index":"","footnotes":""},"class_list":["post-1386","page","type-page","status-publish","hentry"],"acf":[],"_links":{"self":[{"href":"https:\/\/www.levapack.com\/de\/wp-json\/wp\/v2\/pages\/1386","targetHints":{"allow":["GET"]}}],"collection":[{"href":"https:\/\/www.levapack.com\/de\/wp-json\/wp\/v2\/pages"}],"about":[{"href":"https:\/\/www.levapack.com\/de\/wp-json\/wp\/v2\/types\/page"}],"author":[{"embeddable":true,"href":"https:\/\/www.levapack.com\/de\/wp-json\/wp\/v2\/users\/1"}],"replies":[{"embeddable":true,"href":"https:\/\/www.levapack.com\/de\/wp-json\/wp\/v2\/comments?post=1386"}],"version-history":[{"count":14,"href":"https:\/\/www.levapack.com\/de\/wp-json\/wp\/v2\/pages\/1386\/revisions"}],"predecessor-version":[{"id":11886,"href":"https:\/\/www.levapack.com\/de\/wp-json\/wp\/v2\/pages\/1386\/revisions\/11886"}],"wp:attachment":[{"href":"https:\/\/www.levapack.com\/de\/wp-json\/wp\/v2\/media?parent=1386"}],"curies":[{"name":"wp","href":"https:\/\/api.w.org\/{rel}","templated":true}]}}